{"id":5540,"date":"2024-09-03T02:04:42","date_gmt":"2024-09-03T02:04:42","guid":{"rendered":"https:\/\/mihoohealth.com\/?post_type=product&#038;p=5540"},"modified":"2024-09-06T03:16:27","modified_gmt":"2024-09-06T03:16:27","slug":"lymphatic-massage-device-mh-a80","status":"publish","type":"product","link":"https:\/\/mihoohealth.com\/es\/product\/lymphatic-massage-device-mh-a80\/","title":{"rendered":"Aparato de masaje linf\u00e1tico MH-A80"},"content":{"rendered":"<p><strong>Descripci\u00f3n del producto<\/strong><\/p>\n<figure id=\"attachment_5541\" aria-describedby=\"caption-attachment-5541\" style=\"width: 300px\" class=\"wp-caption alignnone\"><img fetchpriority=\"high\" decoding=\"async\" class=\"size-medium wp-image-5541\" src=\"https:\/\/mihoohealth.com\/wp-content\/uploads\/2024\/09\/4-300x200.jpg\" alt=\"\" width=\"300\" height=\"200\" srcset=\"https:\/\/mihoohealth.com\/wp-content\/uploads\/2024\/09\/4-300x200.jpg 300w, https:\/\/mihoohealth.com\/wp-content\/uploads\/2024\/09\/4-1024x683.jpg 1024w, https:\/\/mihoohealth.com\/wp-content\/uploads\/2024\/09\/4-768x512.jpg 768w, https:\/\/mihoohealth.com\/wp-content\/uploads\/2024\/09\/4-1536x1024.jpg 1536w, https:\/\/mihoohealth.com\/wp-content\/uploads\/2024\/09\/4-2048x1365.jpg 2048w, https:\/\/mihoohealth.com\/wp-content\/uploads\/2024\/09\/4-18x12.jpg 18w, https:\/\/mihoohealth.com\/wp-content\/uploads\/2024\/09\/4-600x400.jpg 600w\" sizes=\"(max-width: 300px) 100vw, 300px\" \/><figcaption id=\"caption-attachment-5541\" class=\"wp-caption-text\">Fomentar el bienestar de las piernas<\/figcaption><\/figure>\n<p>. Sus 8 airbags y su avanzada tecnolog\u00eda de presi\u00f3n de aire ofrecen un alivio integral para pies, pantorrillas y muslos. El sistema de sensor inteligente garantiza un ajuste perfecto, mientras que los modos personalizables y el temporizador inteligente proporcionan un masaje personalizado. Silencioso y f\u00e1cil de usar, es ideal para favorecer la circulaci\u00f3n y la recuperaci\u00f3n.<\/p>\n<div class=\"J_module\">\n<div id=\"ali-anchor-AliMagic-l41e8o\" class=\"magic-3\" data-section=\"AliMagic-l41e8o\" data-section-title=\"Specification\" data-spm-anchor-id=\"a2700.details.0.i48.332924b1khC9BO\">Especificaci\u00f3n<\/div>\n<\/div>\n<div class=\"J_module\">\n<div class=\"ife-detail-decorate-table\">\n<table class=\"has-title all magic-14\">\n<tbody>\n<tr>\n<td colspan=\"1\" rowspan=\"1\">\n<div class=\"magic-15\">Categor\u00eda de productos<\/div>\n<\/td>\n<td colspan=\"1\" rowspan=\"1\">\n<div class=\"magic-16\">Recuperar botas masajeadoras<\/div>\n<\/td>\n<\/tr>\n<tr>\n<td colspan=\"1\" rowspan=\"1\">\n<div class=\"magic-15\">Par\u00e1metros<\/div>\n<\/td>\n<td colspan=\"1\" rowspan=\"1\">\n<div class=\"magic-16\">220 V, 50 Hz, 18 W<\/div>\n<\/td>\n<\/tr>\n<tr>\n<td colspan=\"1\" rowspan=\"1\">\n<div class=\"magic-15\">Talla<\/div>\n<\/td>\n<td colspan=\"1\" rowspan=\"1\">\n<div class=\"magic-16\">18.4*18.4*8.4cm<\/div>\n<\/td>\n<\/tr>\n<tr>\n<td colspan=\"1\" rowspan=\"1\">\n<div class=\"magic-15\">Funci\u00f3n<\/div>\n<\/td>\n<td colspan=\"1\" rowspan=\"1\">\n<div class=\"magic-16\">circulaci\u00f3n sangu\u00ednea, recuperaci\u00f3n muscular deportiva<\/div>\n<\/td>\n<\/tr>\n<\/tbody>\n<\/table>\n<p><img decoding=\"async\" class=\"alignnone size-medium wp-image-5542\" src=\"https:\/\/mihoohealth.com\/wp-content\/uploads\/2024\/09\/A80\u8be6\u60c5_11-209x300.jpg\" alt=\"\" width=\"209\" height=\"300\" srcset=\"https:\/\/mihoohealth.com\/wp-content\/uploads\/2024\/09\/A80\u8be6\u60c5_11-209x300.jpg 209w, https:\/\/mihoohealth.com\/wp-content\/uploads\/2024\/09\/A80\u8be6\u60c5_11-714x1024.jpg 714w, https:\/\/mihoohealth.com\/wp-content\/uploads\/2024\/09\/A80\u8be6\u60c5_11-768x1101.jpg 768w, https:\/\/mihoohealth.com\/wp-content\/uploads\/2024\/09\/A80\u8be6\u60c5_11-8x12.jpg 8w, https:\/\/mihoohealth.com\/wp-content\/uploads\/2024\/09\/A80\u8be6\u60c5_11-600x861.jpg 600w, https:\/\/mihoohealth.com\/wp-content\/uploads\/2024\/09\/A80\u8be6\u60c5_11.jpg 790w\" sizes=\"(max-width: 209px) 100vw, 209px\" \/><\/p>\n<p><img decoding=\"async\" class=\"alignnone size-medium wp-image-5543\" src=\"https:\/\/mihoohealth.com\/wp-content\/uploads\/2024\/09\/A80\u8be6\u60c5_07-170x300.jpg\" alt=\"\" width=\"170\" height=\"300\" srcset=\"https:\/\/mihoohealth.com\/wp-content\/uploads\/2024\/09\/A80\u8be6\u60c5_07-170x300.jpg 170w, https:\/\/mihoohealth.com\/wp-content\/uploads\/2024\/09\/A80\u8be6\u60c5_07-581x1024.jpg 581w, https:\/\/mihoohealth.com\/wp-content\/uploads\/2024\/09\/A80\u8be6\u60c5_07-768x1353.jpg 768w, https:\/\/mihoohealth.com\/wp-content\/uploads\/2024\/09\/A80\u8be6\u60c5_07-7x12.jpg 7w, https:\/\/mihoohealth.com\/wp-content\/uploads\/2024\/09\/A80\u8be6\u60c5_07-600x1057.jpg 600w, https:\/\/mihoohealth.com\/wp-content\/uploads\/2024\/09\/A80\u8be6\u60c5_07.jpg 790w\" sizes=\"(max-width: 170px) 100vw, 170px\" \/><\/p>\n<p><img decoding=\"async\" src=\"https:\/\/sc04.alicdn.com\/kf\/Ha3a627257b94417b82e14538985275fbX\/273358224\/Ha3a627257b94417b82e14538985275fbX.jpg\" \/><\/p>\n<\/div>\n<\/div>","protected":false},"excerpt":{"rendered":"<div id=\"featurebullets_feature_div\" class=\"celwidget\" data-feature-name=\"featurebullets\" data-csa-c-type=\"widget\" data-csa-c-content-id=\"featurebullets\" data-csa-c-slot-id=\"featurebullets_feature_div\" data-csa-c-asin=\"B0CKLRHHTW\" data-csa-c-is-in-initial-active-row=\"false\" data-csa-c-id=\"mfql3b-ht5u3f-33s8ne-pr8rtb\">\n<div id=\"feature-bullets\" class=\"a-section a-spacing-medium a-spacing-top-small\">\n<p>Acerca de este art\u00edculo<\/p>\n<ul class=\"a-unordered-list a-vertical a-spacing-mini\">\n<li class=\"a-spacing-mini\"><span class=\"a-list-item\">Reduce la hinchaz\u00f3n | 8 intensidades Experimenta la m\u00e1xima relajaci\u00f3n Masajeador de compresi\u00f3n para piernas. Proporciona un alivio completo para pies, pantorrillas y muslos. Disfrute de un masaje de calidad profesional, mejorando la circulaci\u00f3n sangu\u00ednea y la hinchaz\u00f3n del SPI, y favoreciendo una recuperaci\u00f3n m\u00e1s r\u00e1pida de las piernas.<\/span><\/li>\n<li class=\"a-spacing-mini\"><span class=\"a-list-item\">4 Tipos de Masaje | Reduce la Celulitis El masajeador de piernas cuenta con un sistema integrado de sensores inteligentes dise\u00f1ado para adaptarse perfectamente a los contornos \u00fanicos de sus piernas y pies. La m\u00e1quina de circulaci\u00f3n de piernas ajusta din\u00e1micamente la presi\u00f3n y los niveles de inflado para adaptarse a varios tama\u00f1os de piernas, garantizando el m\u00e1ximo confort y seguridad en cada sesi\u00f3n de terapia de presi\u00f3n de aire.<\/span><\/li>\n<li class=\"a-spacing-mini\"><span class=\"a-list-item\">Purifica el cuerpo | Promueve la recuperaci\u00f3n despu\u00e9s de los deportes y las lesiones. masajeador de piernas para la circulaci\u00f3n de aire compresi\u00f3n pantorrilleras envolturas cuenta con un dise\u00f1o de cremallera, eliminando agacharse para Velcros o ajustes de tama\u00f1o. Esto hace que sea f\u00e1cil y c\u00f3modo de poner y quitar para las personas con movilidad limitada. Fabricadas con tejido TBP transpirable e impermeable, son f\u00e1ciles de limpiar y duraderas.<\/span><\/li>\n<li class=\"a-spacing-mini\"><span class=\"a-list-item\">Drenaje linf\u00e1tico | Mejora la circulaci\u00f3n sangu\u00ednea Experimente una relajaci\u00f3n personalizada con el temporizador inteligente que ofrece duraciones de masaje ajustables de 20\/25\/30 minutos, dise\u00f1ado para evitar el uso excesivo y perfecto para usuarios de edad avanzada. Potenciado por una bomba de aire silenciosa, garantiza una experiencia de masaje serena de principio a fin, favoreciendo la circulaci\u00f3n de las piernas y el alivio del dolor<\/span><\/li>\n<li class=\"a-spacing-mini\"><span class=\"a-list-item\">Seguro y muy duradero | Adecuado para personas mayores Imagine su alegr\u00eda con el masaje personalizable de pies, pantorrillas y piernas, que alivia el dolor y la circulaci\u00f3n. Adaptado para la relajaci\u00f3n muscular, edema SPI o co\u00e1gulos sangu\u00edneos, el masajeador garantiza el alivio del dolor de piernas<\/span><\/li>\n<\/ul>\n<\/div>\n<\/div>","protected":false},"featured_media":5956,"template":"","meta":{"_uag_custom_page_level_css":"","site-sidebar-layout":"default","site-content-layout":"","ast-site-content-layout":"default","site-content-style":"default","site-sidebar-style":"default","ast-global-header-display":"","ast-banner-title-visibility":"","ast-main-header-display":"","ast-hfb-above-header-display":"","ast-hfb-below-header-display":"","ast-hfb-mobile-header-display":"","site-post-title":"","ast-breadcrumbs-content":"","ast-featured-img":"","footer-sml-layout":"","theme-transparent-header-meta":"default","adv-header-id-meta":"","stick-header-meta":"","header-above-stick-meta":"","header-main-stick-meta":"","header-below-stick-meta":"","astra-migrate-meta-layouts":"set","ast-page-background-enabled":"default","ast-page-background-meta":{"desktop":{"background-color":"","background-image":"","background-repeat":"repeat","background-position":"center center","background-size":"auto","background-attachment":"scroll","background-type":"","background-media":"","overlay-type":"","overlay-color":"","overlay-opacity":"","overlay-gradient":""},"tablet":{"background-color":"","background-image":"","background-repeat":"repeat","background-position":"center center","background-size":"auto","background-attachment":"scroll","background-type":"","background-media":"","overlay-type":"","overlay-color":"","overlay-opacity":"","overlay-gradient":""},"mobile":{"background-color":"","background-image":"","background-repeat":"repeat","background-position":"center center","background-size":"auto","background-attachment":"scroll","background-type":"","background-media":"","overlay-type":"","overlay-color":"","overlay-opacity":"","overlay-gradient":""}},"ast-content-background-meta":{"desktop":{"background-color":"var(--ast-global-color-5)","background-image":"","background-repeat":"repeat","background-position":"center center","background-size":"auto","background-attachment":"scroll","background-type":"","background-media":"","overlay-type":"","overlay-color":"","overlay-opacity":"","overlay-gradient":""},"tablet":{"background-color":"var(--ast-global-color-5)","background-image":"","background-repeat":"repeat","background-position":"center center","background-size":"auto","background-attachment":"scroll","background-type":"","background-media":"","overlay-type":"","overlay-color":"","overlay-opacity":"","overlay-gradient":""},"mobile":{"background-color":"var(--ast-global-color-5)","background-image":"","background-repeat":"repeat","background-position":"center center","background-size":"auto","background-attachment":"scroll","background-type":"","background-media":"","overlay-type":"","overlay-color":"","overlay-opacity":"","overlay-gradient":""}}},"product_cat":[15,61,56],"product_tag":[569,568,571,570],"class_list":{"0":"post-5540","1":"product","2":"type-product","3":"status-publish","4":"has-post-thumbnail","6":"product_cat-product","7":"product_cat-air-compression-massager","8":"product_cat-see-all-categories","9":"product_tag-comression-leg-and-calf-massager","10":"product_tag-leg-massager","11":"product_tag-lymphatic-massage-device","12":"product_tag-recover-massager","13":"desktop-align-left","14":"tablet-align-left","15":"mobile-align-left","17":"first","18":"instock","19":"shipping-taxable","20":"product-type-simple"},"uagb_featured_image_src":{"full":["https:\/\/mihoohealth.com\/wp-content\/uploads\/2024\/09\/\u672a\u6807\u9898-1.png",1000,1000,false],"thumbnail":["https:\/\/mihoohealth.com\/wp-content\/uploads\/2024\/09\/\u672a\u6807\u9898-1-150x150.png",150,150,true],"medium":["https:\/\/mihoohealth.com\/wp-content\/uploads\/2024\/09\/\u672a\u6807\u9898-1-300x300.png",300,300,true],"medium_large":["https:\/\/mihoohealth.com\/wp-content\/uploads\/2024\/09\/\u672a\u6807\u9898-1-768x768.png",768,768,true],"large":["https:\/\/mihoohealth.com\/wp-content\/uploads\/2024\/09\/\u672a\u6807\u9898-1.png",1000,1000,false],"1536x1536":["https:\/\/mihoohealth.com\/wp-content\/uploads\/2024\/09\/\u672a\u6807\u9898-1.png",1000,1000,false],"2048x2048":["https:\/\/mihoohealth.com\/wp-content\/uploads\/2024\/09\/\u672a\u6807\u9898-1.png",1000,1000,false],"trp-custom-language-flag":["https:\/\/mihoohealth.com\/wp-content\/uploads\/2024\/09\/\u672a\u6807\u9898-1-12x12.png",12,12,true],"woocommerce_thumbnail":["https:\/\/mihoohealth.com\/wp-content\/uploads\/2024\/09\/\u672a\u6807\u9898-1-300x300.png",300,300,true],"woocommerce_single":["https:\/\/mihoohealth.com\/wp-content\/uploads\/2024\/09\/\u672a\u6807\u9898-1-600x600.png",600,600,true],"woocommerce_gallery_thumbnail":["https:\/\/mihoohealth.com\/wp-content\/uploads\/2024\/09\/\u672a\u6807\u9898-1-100x100.png",100,100,true]},"uagb_author_info":{"display_name":"amylau07081@gmail.com","author_link":"https:\/\/mihoohealth.com\/es\/author\/"},"uagb_comment_info":0,"uagb_excerpt":"About this item Reduces swelling | 8 intensities\u00a0 Experience ultimate relaxation Leg Compression Massager. Delivers comprehensive relief for feet, calves, and thighs. Enjoy a professional-grade massage, enhancing blood circulation, and RLS swelling, and promoting faster leg recovery 4 Types of Massage | Reduces Cellulite leg massager features an integrated intelligent sensor system designed to seamlessly&hellip;","_links":{"self":[{"href":"https:\/\/mihoohealth.com\/es\/wp-json\/wp\/v2\/product\/5540","targetHints":{"allow":["GET"]}}],"collection":[{"href":"https:\/\/mihoohealth.com\/es\/wp-json\/wp\/v2\/product"}],"about":[{"href":"https:\/\/mihoohealth.com\/es\/wp-json\/wp\/v2\/types\/product"}],"version-history":[{"count":2,"href":"https:\/\/mihoohealth.com\/es\/wp-json\/wp\/v2\/product\/5540\/revisions"}],"predecessor-version":[{"id":5957,"href":"https:\/\/mihoohealth.com\/es\/wp-json\/wp\/v2\/product\/5540\/revisions\/5957"}],"wp:featuredmedia":[{"embeddable":true,"href":"https:\/\/mihoohealth.com\/es\/wp-json\/wp\/v2\/media\/5956"}],"wp:attachment":[{"href":"https:\/\/mihoohealth.com\/es\/wp-json\/wp\/v2\/media?parent=5540"}],"wp:term":[{"taxonomy":"product_cat","embeddable":true,"href":"https:\/\/mihoohealth.com\/es\/wp-json\/wp\/v2\/product_cat?post=5540"},{"taxonomy":"product_tag","embeddable":true,"href":"https:\/\/mihoohealth.com\/es\/wp-json\/wp\/v2\/product_tag?post=5540"}],"curies":[{"name":"wp","href":"https:\/\/api.w.org\/{rel}","templated":true}]}}