{"id":5398,"date":"2024-09-01T06:54:54","date_gmt":"2024-09-01T06:54:54","guid":{"rendered":"https:\/\/mihoohealth.com\/?post_type=product&#038;p=5398"},"modified":"2024-09-01T06:54:54","modified_gmt":"2024-09-01T06:54:54","slug":"leg-and-foot-massager-mh-918","status":"publish","type":"product","link":"https:\/\/mihoohealth.com\/es\/product\/leg-and-foot-massager-mh-918\/","title":{"rendered":"Masajeador de piernas y pies MH-918"},"content":{"rendered":"<p><strong>Descripci\u00f3n del producto<\/strong><\/p>\n<p><img decoding=\"async\" src=\"https:\/\/sc04.alicdn.com\/kf\/H73399084cd1b43148ceb3f5f78914e055\/273358224\/H73399084cd1b43148ceb3f5f78914e055.jpg\" \/><\/p>\n<div class=\"J_module\">\n<div class=\"detail-decorate-json-renderer-container\">\n<div class=\"magic-4\">\n<div class=\"magic-5\">\n<div class=\"magic-6\">\n<div class=\"magic-7\"><span data-spm-anchor-id=\"a2700.details.0.i69.752349b1CO4T4S\">Tecnolog\u00eda avanzada para el alivio espec\u00edfico, perfecto para la relajaci\u00f3n en el hogar y el alivio del estr\u00e9s, esto ofrece una mejor circulaci\u00f3n, la recuperaci\u00f3n r\u00e1pida de los pies sobre-estresado, y los m\u00fasculos rejuvenecidos despu\u00e9s de largos per\u00edodos de pie, todo en una herramienta de masaje conveniente que usted puede utilizar en casa o en el trabajo. Este producto beneficia enormemente a las personas con.<\/span><\/div>\n<div><\/div>\n<div>\n<div class=\"J_module\">\n<div id=\"ali-anchor-AliMagic-xkg0vo\" class=\"magic-0\" data-section=\"AliMagic-xkg0vo\" data-section-title=\"Specification\" data-spm-anchor-id=\"a2700.details.0.i72.752349b1CO4T4S\"><strong>Especificaci\u00f3n<\/strong><\/div>\n<\/div>\n<div class=\"J_module\">\n<div class=\"ife-detail-decorate-table\">\n<table class=\"has-title all magic-8\">\n<tbody>\n<tr>\n<td colspan=\"1\" rowspan=\"1\">\n<div class=\"magic-9\">Categor\u00eda de productos<\/div>\n<\/td>\n<td colspan=\"1\" rowspan=\"1\">\n<div class=\"magic-10\">Masajeador de pies y pantorrillas<\/div>\n<\/td>\n<\/tr>\n<tr>\n<td colspan=\"1\" rowspan=\"1\">\n<div class=\"magic-9\">Par\u00e1metros<\/div>\n<\/td>\n<td colspan=\"1\" rowspan=\"1\">\n<div class=\"magic-10\">100-240V,45W<\/div>\n<\/td>\n<\/tr>\n<tr>\n<td colspan=\"1\" rowspan=\"1\">\n<div class=\"magic-9\">Peso neto<\/div>\n<\/td>\n<td colspan=\"1\" rowspan=\"1\">\n<div class=\"magic-10\">11KGS<\/div>\n<\/td>\n<\/tr>\n<tr>\n<td colspan=\"1\" rowspan=\"1\">\n<div class=\"magic-9\">Tama\u00f1o del producto<\/div>\n<\/td>\n<td colspan=\"1\" rowspan=\"1\">\n<div class=\"magic-10\">48&amp;37*49cm<\/div>\n<\/td>\n<\/tr>\n<\/tbody>\n<\/table>\n<p><img decoding=\"async\" src=\"https:\/\/sc04.alicdn.com\/kf\/Ha913e0a9cd1e48b880854f350af780c7z\/273358224\/Ha913e0a9cd1e48b880854f350af780c7z.jpg\" \/><\/p>\n<p><img decoding=\"async\" src=\"https:\/\/sc04.alicdn.com\/kf\/H973b27b94c13469d8d411e36573b3427y\/273358224\/H973b27b94c13469d8d411e36573b3427y.jpg\" \/><\/p>\n<h1 id=\"title\" class=\"a-size-large a-spacing-none\"><span id=\"productTitle\" class=\"a-size-large product-title-word-break\">\u00a0Masajeador de pies y pantorrillas con calor<\/span><\/h1>\n<\/div>\n<\/div>\n<\/div>\n<\/div>\n<\/div>\n<\/div>\n<\/div>\n<\/div>\n<div class=\"J_module\"><\/div>","protected":false},"excerpt":{"rendered":"<h5 class=\"a-size-base-plus a-text-bold\">Acerca de este art\u00edculo<\/h5>\n<ul class=\"a-unordered-list a-vertical a-spacing-mini\">\n<li class=\"a-spacing-mini\"><span class=\"a-list-item\">Masajea los pies y las pantorrillas, relaja todo el cuerpo. Nuestra tecnolog\u00eda patentada CirQulation Figura-Ocho, con calor, circula el flujo sangu\u00edneo en el pie y la pantorrilla, ofreciendo un masaje Shiatsu amasamiento profundo del pie, y el alivio de vibraci\u00f3n profundamente penetrante, con lo que su cuerpo de nuevo en su equilibrio natural que promueve el poder curativo natural del cuerpo. Voltaje: AC110-120V 60 Hz. (puede cambiar al adaptador depende de la solicitud 24V 3A )<\/span><\/li>\n<li class=\"a-spacing-mini\"><span class=\"a-list-item\">Un masaje de pies profesional - El dise\u00f1o ergon\u00f3mico proporciona un masaje de pies completo y c\u00f3modo. Se recomienda empezar desde un nivel de intensidad bajo y dejar de usarlo si se siente inc\u00f3modo. Ancho del masaje de pantorrilla-4.5 pulgadas. Altura del masaje de pantorrillas-14 pulgadas<\/span><\/li>\n<\/ul>\n<ul class=\"a-unordered-list a-vertical a-spacing-mini\">\n<li class=\"a-spacing-mini\"><span class=\"a-list-item\">Alivio espec\u00edfico: proporciona una r\u00e1pida recuperaci\u00f3n de los pies estresados y rejuvenece los m\u00fasculos. Los insertos higi\u00e9nicos extra\u00edbles y lavables de las c\u00e1maras de los pies ayudan a mantener un entorno limpio y saludable para usted y su familia.<\/span><\/li>\n<li class=\"a-spacing-mini\"><span class=\"a-list-item\">Se adapta a la mayor\u00eda de las personas: gracias a las cavidades ampliadas para los pies, los masajeadores de pies y pantorrillas Human Touch se adaptan a la mayor\u00eda de las tallas de pie, hasta la talla 12 de caballero.<\/span><\/li>\n<li class=\"a-spacing-mini\"><span class=\"a-list-item\">Relajaci\u00f3n y alivio del estr\u00e9s - El regalo perfecto para hombres o mujeres, que ofrece la oportunidad de relajarse despu\u00e9s de un d\u00eda estresante. Lleve el masaje a su casa y sienta un alivio instant\u00e1neo del estr\u00e9s.<\/span><\/li>\n<\/ul>","protected":false},"featured_media":5399,"template":"","meta":{"_uag_custom_page_level_css":"","site-sidebar-layout":"default","site-content-layout":"","ast-site-content-layout":"default","site-content-style":"default","site-sidebar-style":"default","ast-global-header-display":"","ast-banner-title-visibility":"","ast-main-header-display":"","ast-hfb-above-header-display":"","ast-hfb-below-header-display":"","ast-hfb-mobile-header-display":"","site-post-title":"","ast-breadcrumbs-content":"","ast-featured-img":"","footer-sml-layout":"","theme-transparent-header-meta":"default","adv-header-id-meta":"","stick-header-meta":"","header-above-stick-meta":"","header-main-stick-meta":"","header-below-stick-meta":"","astra-migrate-meta-layouts":"set","ast-page-background-enabled":"default","ast-page-background-meta":{"desktop":{"background-color":"","background-image":"","background-repeat":"repeat","background-position":"center center","background-size":"auto","background-attachment":"scroll","background-type":"","background-media":"","overlay-type":"","overlay-color":"","overlay-opacity":"","overlay-gradient":""},"tablet":{"background-color":"","background-image":"","background-repeat":"repeat","background-position":"center center","background-size":"auto","background-attachment":"scroll","background-type":"","background-media":"","overlay-type":"","overlay-color":"","overlay-opacity":"","overlay-gradient":""},"mobile":{"background-color":"","background-image":"","background-repeat":"repeat","background-position":"center center","background-size":"auto","background-attachment":"scroll","background-type":"","background-media":"","overlay-type":"","overlay-color":"","overlay-opacity":"","overlay-gradient":""}},"ast-content-background-meta":{"desktop":{"background-color":"var(--ast-global-color-5)","background-image":"","background-repeat":"repeat","background-position":"center center","background-size":"auto","background-attachment":"scroll","background-type":"","background-media":"","overlay-type":"","overlay-color":"","overlay-opacity":"","overlay-gradient":""},"tablet":{"background-color":"var(--ast-global-color-5)","background-image":"","background-repeat":"repeat","background-position":"center center","background-size":"auto","background-attachment":"scroll","background-type":"","background-media":"","overlay-type":"","overlay-color":"","overlay-opacity":"","overlay-gradient":""},"mobile":{"background-color":"var(--ast-global-color-5)","background-image":"","background-repeat":"repeat","background-position":"center center","background-size":"auto","background-attachment":"scroll","background-type":"","background-media":"","overlay-type":"","overlay-color":"","overlay-opacity":"","overlay-gradient":""}}},"product_cat":[15,63],"product_tag":[436,437,438,439],"class_list":{"0":"post-5398","1":"product","2":"type-product","3":"status-publish","4":"has-post-thumbnail","6":"product_cat-product","7":"product_cat-foot-massager","8":"product_tag-foot-calf-massager-w-heat","9":"product_tag-plantar-fasciitis-relief","10":"product_tag-shiatsu-deep-kneading","11":"product_tag-vibrating-for-stress","12":"desktop-align-left","13":"tablet-align-left","14":"mobile-align-left","16":"first","17":"instock","18":"shipping-taxable","19":"product-type-simple"},"uagb_featured_image_src":{"full":["https:\/\/mihoohealth.com\/wp-content\/uploads\/2024\/09\/\u963f\u91cc\u4e3b\u56fe6-1.jpg",650,650,false],"thumbnail":["https:\/\/mihoohealth.com\/wp-content\/uploads\/2024\/09\/\u963f\u91cc\u4e3b\u56fe6-1-150x150.jpg",150,150,true],"medium":["https:\/\/mihoohealth.com\/wp-content\/uploads\/2024\/09\/\u963f\u91cc\u4e3b\u56fe6-1-300x300.jpg",300,300,true],"medium_large":["https:\/\/mihoohealth.com\/wp-content\/uploads\/2024\/09\/\u963f\u91cc\u4e3b\u56fe6-1.jpg",650,650,false],"large":["https:\/\/mihoohealth.com\/wp-content\/uploads\/2024\/09\/\u963f\u91cc\u4e3b\u56fe6-1.jpg",650,650,false],"1536x1536":["https:\/\/mihoohealth.com\/wp-content\/uploads\/2024\/09\/\u963f\u91cc\u4e3b\u56fe6-1.jpg",650,650,false],"2048x2048":["https:\/\/mihoohealth.com\/wp-content\/uploads\/2024\/09\/\u963f\u91cc\u4e3b\u56fe6-1.jpg",650,650,false],"trp-custom-language-flag":["https:\/\/mihoohealth.com\/wp-content\/uploads\/2024\/09\/\u963f\u91cc\u4e3b\u56fe6-1-12x12.jpg",12,12,true],"woocommerce_thumbnail":["https:\/\/mihoohealth.com\/wp-content\/uploads\/2024\/09\/\u963f\u91cc\u4e3b\u56fe6-1-300x300.jpg",300,300,true],"woocommerce_single":["https:\/\/mihoohealth.com\/wp-content\/uploads\/2024\/09\/\u963f\u91cc\u4e3b\u56fe6-1-600x600.jpg",600,600,true],"woocommerce_gallery_thumbnail":["https:\/\/mihoohealth.com\/wp-content\/uploads\/2024\/09\/\u963f\u91cc\u4e3b\u56fe6-1-100x100.jpg",100,100,true]},"uagb_author_info":{"display_name":"amylau07081@gmail.com","author_link":"https:\/\/mihoohealth.com\/es\/author\/"},"uagb_comment_info":0,"uagb_excerpt":"About this item Massage the feet and calves, relax the whole body. Our patented CirQulation Figure-Eight Technology, with heat, circulates blood flow in your foot and calf, offering a deep kneading Shiatsu foot massage, and deeply-penetrating vibrating relief, bringing your body back into its natural equilibrium which promotes the body's natural healing power..Voltage : AC110-120V&hellip;","_links":{"self":[{"href":"https:\/\/mihoohealth.com\/es\/wp-json\/wp\/v2\/product\/5398","targetHints":{"allow":["GET"]}}],"collection":[{"href":"https:\/\/mihoohealth.com\/es\/wp-json\/wp\/v2\/product"}],"about":[{"href":"https:\/\/mihoohealth.com\/es\/wp-json\/wp\/v2\/types\/product"}],"version-history":[{"count":2,"href":"https:\/\/mihoohealth.com\/es\/wp-json\/wp\/v2\/product\/5398\/revisions"}],"predecessor-version":[{"id":5407,"href":"https:\/\/mihoohealth.com\/es\/wp-json\/wp\/v2\/product\/5398\/revisions\/5407"}],"wp:featuredmedia":[{"embeddable":true,"href":"https:\/\/mihoohealth.com\/es\/wp-json\/wp\/v2\/media\/5399"}],"wp:attachment":[{"href":"https:\/\/mihoohealth.com\/es\/wp-json\/wp\/v2\/media?parent=5398"}],"wp:term":[{"taxonomy":"product_cat","embeddable":true,"href":"https:\/\/mihoohealth.com\/es\/wp-json\/wp\/v2\/product_cat?post=5398"},{"taxonomy":"product_tag","embeddable":true,"href":"https:\/\/mihoohealth.com\/es\/wp-json\/wp\/v2\/product_tag?post=5398"}],"curies":[{"name":"wp","href":"https:\/\/api.w.org\/{rel}","templated":true}]}}