{"id":5389,"date":"2024-09-01T06:37:26","date_gmt":"2024-09-01T06:37:26","guid":{"rendered":"https:\/\/mihoohealth.com\/?post_type=product&#038;p=5389"},"modified":"2024-09-01T06:37:26","modified_gmt":"2024-09-01T06:37:26","slug":"hand-massager-mh-h008","status":"publish","type":"product","link":"https:\/\/mihoohealth.com\/es\/product\/hand-massager-mh-h008\/","title":{"rendered":"Masajeador de manos MH-H008"},"content":{"rendered":"<p><strong>Descripci\u00f3n del producto<\/strong><\/p>\n<p><img decoding=\"async\" src=\"https:\/\/sc04.alicdn.com\/kf\/H36b6d5b77cee4f01a3c61d8c7c73a28ct\/273358224\/H36b6d5b77cee4f01a3c61d8c7c73a28ct.jpg\" \/><\/p>\n<div class=\"J_module\">\n<div id=\"ali-anchor-AliMagic-knriu1\" class=\"magic-0\" data-section=\"AliMagic-knriu1\" data-section-title=\"Specification\" data-spm-anchor-id=\"a2700.details.0.i70.3038461dZb5vQ9\"><strong>Especificaci\u00f3n<\/strong><\/div>\n<\/div>\n<div class=\"J_module\">\n<div class=\"ife-detail-decorate-table\">\n<table class=\"has-title all magic-8\">\n<tbody>\n<tr>\n<td colspan=\"1\" rowspan=\"1\">\n<div class=\"magic-9\">Categor\u00eda de productos<\/div>\n<\/td>\n<td colspan=\"1\" rowspan=\"1\">\n<div class=\"magic-10\">Masajeador de manos<\/div>\n<\/td>\n<\/tr>\n<tr>\n<td colspan=\"1\" rowspan=\"1\">\n<div class=\"magic-9\">Par\u00e1metros<\/div>\n<\/td>\n<td colspan=\"1\" rowspan=\"1\">\n<div class=\"magic-10\">5V 8W<\/div>\n<\/td>\n<\/tr>\n<tr>\n<td colspan=\"1\" rowspan=\"1\">\n<div class=\"magic-9\">Peso neto<\/div>\n<\/td>\n<td colspan=\"1\" rowspan=\"1\">\n<div class=\"magic-10\">700G<\/div>\n<\/td>\n<\/tr>\n<tr>\n<td colspan=\"1\" rowspan=\"1\">\n<div class=\"magic-9\">Tama\u00f1o del producto<\/div>\n<\/td>\n<td colspan=\"1\" rowspan=\"1\">\n<div class=\"magic-10\">25*15*10.8CM<\/div>\n<\/td>\n<\/tr>\n<\/tbody>\n<\/table>\n<p><img decoding=\"async\" src=\"https:\/\/sc04.alicdn.com\/kf\/H35d546c897c645e8a343b55336841c8ea\/273358224\/H35d546c897c645e8a343b55336841c8ea.jpg\" \/><\/p>\n<p><img decoding=\"async\" src=\"https:\/\/sc04.alicdn.com\/kf\/H7765ea8263d643ce85250728afecc013W\/273358224\/H7765ea8263d643ce85250728afecc013W.png\" \/><\/p>\n<\/div>\n<\/div>","protected":false},"excerpt":{"rendered":"<h5 class=\"a-size-base-plus a-text-bold\">Acerca de este art\u00edculo<\/h5>\n<ul class=\"a-unordered-list a-vertical a-spacing-mini\">\n<li class=\"a-spacing-mini\"><span class=\"a-list-item\">Masaje de manos inteligente: En el interior del masajeador el\u00e9ctrico de manos se han dise\u00f1ado tres puntos de presi\u00f3n precisos. Al presionar las bolsas de aire superior e inferior de la mano, puede estimular eficazmente los puntos de acupuntura de la mano, aliviar la fatiga de la mano y aliviar el dolor muscular. Ideal para la artritis, el t\u00fanel carpiano y el alivio del dolor.<\/span><\/li>\n<li class=\"a-spacing-mini\"><span class=\"a-list-item\">Calor calmante: Nuestro masajeador de manos tiene modos de vibraci\u00f3n continua, as\u00ed como calor opcional, que ayuda a mantener las manos calientes y h\u00famedas, mejora la circulaci\u00f3n sangu\u00ednea y reduce las molestias en las manos y las palmas fr\u00edas.<\/span><\/li>\n<li class=\"a-spacing-mini\"><span class=\"a-list-item\">Adecuado Para Cualquier Persona: Este masaje de manos inteligente tiene 3 niveles de masaje y 2 modos de masaje, lo que puede garantizar que todos puedan encontrar su modo de masaje m\u00e1s c\u00f3modo, ya sea que est\u00e9 trabajando, escribiendo, tocando instrumentos musicales, trabajos manuales, permite que sus manos se relajen de verdad.<\/span><\/li>\n<li class=\"a-spacing-mini\"><span class=\"a-list-item\">Pr\u00e1ctico y f\u00e1cil de usar: El masajeador el\u00e9ctrico de mano cuenta con una funci\u00f3n de apagado autom\u00e1tico, que apaga autom\u00e1ticamente el masajeador despu\u00e9s de un per\u00edodo de tiempo especificado. El dise\u00f1o compacto y port\u00e1til hace que sea adecuado para su uso en el hogar, en la oficina, o mientras viaja, que le proporciona alivio en cualquier momento y en cualquier lugar.<\/span><\/li>\n<\/ul>","protected":false},"featured_media":5390,"template":"","meta":{"_uag_custom_page_level_css":"","site-sidebar-layout":"default","site-content-layout":"","ast-site-content-layout":"default","site-content-style":"default","site-sidebar-style":"default","ast-global-header-display":"","ast-banner-title-visibility":"","ast-main-header-display":"","ast-hfb-above-header-display":"","ast-hfb-below-header-display":"","ast-hfb-mobile-header-display":"","site-post-title":"","ast-breadcrumbs-content":"","ast-featured-img":"","footer-sml-layout":"","theme-transparent-header-meta":"default","adv-header-id-meta":"","stick-header-meta":"","header-above-stick-meta":"","header-main-stick-meta":"","header-below-stick-meta":"","astra-migrate-meta-layouts":"set","ast-page-background-enabled":"default","ast-page-background-meta":{"desktop":{"background-color":"","background-image":"","background-repeat":"repeat","background-position":"center center","background-size":"auto","background-attachment":"scroll","background-type":"","background-media":"","overlay-type":"","overlay-color":"","overlay-opacity":"","overlay-gradient":""},"tablet":{"background-color":"","background-image":"","background-repeat":"repeat","background-position":"center center","background-size":"auto","background-attachment":"scroll","background-type":"","background-media":"","overlay-type":"","overlay-color":"","overlay-opacity":"","overlay-gradient":""},"mobile":{"background-color":"","background-image":"","background-repeat":"repeat","background-position":"center center","background-size":"auto","background-attachment":"scroll","background-type":"","background-media":"","overlay-type":"","overlay-color":"","overlay-opacity":"","overlay-gradient":""}},"ast-content-background-meta":{"desktop":{"background-color":"var(--ast-global-color-5)","background-image":"","background-repeat":"repeat","background-position":"center center","background-size":"auto","background-attachment":"scroll","background-type":"","background-media":"","overlay-type":"","overlay-color":"","overlay-opacity":"","overlay-gradient":""},"tablet":{"background-color":"var(--ast-global-color-5)","background-image":"","background-repeat":"repeat","background-position":"center center","background-size":"auto","background-attachment":"scroll","background-type":"","background-media":"","overlay-type":"","overlay-color":"","overlay-opacity":"","overlay-gradient":""},"mobile":{"background-color":"var(--ast-global-color-5)","background-image":"","background-repeat":"repeat","background-position":"center center","background-size":"auto","background-attachment":"scroll","background-type":"","background-media":"","overlay-type":"","overlay-color":"","overlay-opacity":"","overlay-gradient":""}}},"product_cat":[15,60],"product_tag":[435],"class_list":{"0":"post-5389","1":"product","2":"type-product","3":"status-publish","4":"has-post-thumbnail","6":"product_cat-product","7":"product_cat-hand-massager","8":"product_tag-hand-massager","9":"desktop-align-left","10":"tablet-align-left","11":"mobile-align-left","13":"first","14":"instock","15":"shipping-taxable","16":"product-type-simple"},"uagb_featured_image_src":{"full":["https:\/\/mihoohealth.com\/wp-content\/uploads\/2024\/09\/\u963f\u91cc\u4e3b\u56fe6.jpg",1000,1000,false],"thumbnail":["https:\/\/mihoohealth.com\/wp-content\/uploads\/2024\/09\/\u963f\u91cc\u4e3b\u56fe6-150x150.jpg",150,150,true],"medium":["https:\/\/mihoohealth.com\/wp-content\/uploads\/2024\/09\/\u963f\u91cc\u4e3b\u56fe6-300x300.jpg",300,300,true],"medium_large":["https:\/\/mihoohealth.com\/wp-content\/uploads\/2024\/09\/\u963f\u91cc\u4e3b\u56fe6-768x768.jpg",768,768,true],"large":["https:\/\/mihoohealth.com\/wp-content\/uploads\/2024\/09\/\u963f\u91cc\u4e3b\u56fe6.jpg",1000,1000,false],"1536x1536":["https:\/\/mihoohealth.com\/wp-content\/uploads\/2024\/09\/\u963f\u91cc\u4e3b\u56fe6.jpg",1000,1000,false],"2048x2048":["https:\/\/mihoohealth.com\/wp-content\/uploads\/2024\/09\/\u963f\u91cc\u4e3b\u56fe6.jpg",1000,1000,false],"trp-custom-language-flag":["https:\/\/mihoohealth.com\/wp-content\/uploads\/2024\/09\/\u963f\u91cc\u4e3b\u56fe6-12x12.jpg",12,12,true],"woocommerce_thumbnail":["https:\/\/mihoohealth.com\/wp-content\/uploads\/2024\/09\/\u963f\u91cc\u4e3b\u56fe6-300x300.jpg",300,300,true],"woocommerce_single":["https:\/\/mihoohealth.com\/wp-content\/uploads\/2024\/09\/\u963f\u91cc\u4e3b\u56fe6-600x600.jpg",600,600,true],"woocommerce_gallery_thumbnail":["https:\/\/mihoohealth.com\/wp-content\/uploads\/2024\/09\/\u963f\u91cc\u4e3b\u56fe6-100x100.jpg",100,100,true]},"uagb_author_info":{"display_name":"amylau07081@gmail.com","author_link":"https:\/\/mihoohealth.com\/es\/author\/"},"uagb_comment_info":0,"uagb_excerpt":"About this item Smart Hand Massage: Three precise pressure points are designed inside the Electric Hand Massager. By pressing the upper and lower airbags on your hand, it can effectively stimulate the acupoints on your hand, relieve your hand fatigue, and relieve muscle soreness. Ideal for arthritis, carpal tunnel and pain relief. Soothing Heat: Our&hellip;","_links":{"self":[{"href":"https:\/\/mihoohealth.com\/es\/wp-json\/wp\/v2\/product\/5389","targetHints":{"allow":["GET"]}}],"collection":[{"href":"https:\/\/mihoohealth.com\/es\/wp-json\/wp\/v2\/product"}],"about":[{"href":"https:\/\/mihoohealth.com\/es\/wp-json\/wp\/v2\/types\/product"}],"version-history":[{"count":1,"href":"https:\/\/mihoohealth.com\/es\/wp-json\/wp\/v2\/product\/5389\/revisions"}],"predecessor-version":[{"id":5397,"href":"https:\/\/mihoohealth.com\/es\/wp-json\/wp\/v2\/product\/5389\/revisions\/5397"}],"wp:featuredmedia":[{"embeddable":true,"href":"https:\/\/mihoohealth.com\/es\/wp-json\/wp\/v2\/media\/5390"}],"wp:attachment":[{"href":"https:\/\/mihoohealth.com\/es\/wp-json\/wp\/v2\/media?parent=5389"}],"wp:term":[{"taxonomy":"product_cat","embeddable":true,"href":"https:\/\/mihoohealth.com\/es\/wp-json\/wp\/v2\/product_cat?post=5389"},{"taxonomy":"product_tag","embeddable":true,"href":"https:\/\/mihoohealth.com\/es\/wp-json\/wp\/v2\/product_tag?post=5389"}],"curies":[{"name":"wp","href":"https:\/\/api.w.org\/{rel}","templated":true}]}}