{"id":5109,"date":"2024-08-28T07:16:44","date_gmt":"2024-08-28T07:16:44","guid":{"rendered":"https:\/\/mihoohealth.com\/?post_type=product&#038;p=5109"},"modified":"2024-08-30T11:31:51","modified_gmt":"2024-08-30T11:31:51","slug":"back-massage-cushion-mh-a29","status":"publish","type":"product","link":"https:\/\/mihoohealth.com\/es\/product\/back-massage-cushion-mh-a29\/","title":{"rendered":"Coj\u00edn de masaje para la espalda MH-A29"},"content":{"rendered":"<p><strong>Descripci\u00f3n del producto<\/strong><\/p>\n<p><img decoding=\"async\" src=\"https:\/\/sc04.alicdn.com\/kf\/H57d197a9ccb74fc585b75342256161f24\/273358224\/H57d197a9ccb74fc585b75342256161f24.jpg\" \/><\/p>\n<p><span data-spm-anchor-id=\"a2700.details.0.i73.3a933bc5DtGsIs\">Presentamos un coj\u00edn de masaje inteligente para la espalda, plegable y port\u00e1til, que ofrece un masaje completo de la espalda y un mecanismo de calefacci\u00f3n que ayuda a mejorar la circulaci\u00f3n sangu\u00ednea durante una larga jornada agotadora o incluso durante los desplazamientos al trabajo.<\/span><\/p>\n<p><strong>Especificaci\u00f3n<\/strong><\/p>\n<table class=\"has-title all magic-8\">\n<tbody>\n<tr>\n<td colspan=\"1\" rowspan=\"1\">\n<div class=\"magic-9\">Categor\u00eda de productos<\/div>\n<\/td>\n<td colspan=\"1\" rowspan=\"1\">\n<div class=\"magic-10\">Coj\u00edn de cintura Masasger<\/div>\n<\/td>\n<\/tr>\n<tr>\n<td colspan=\"1\" rowspan=\"1\">\n<div class=\"magic-9\">Par\u00e1metros<\/div>\n<\/td>\n<td colspan=\"1\" rowspan=\"1\">\n<div class=\"magic-10\">DC12V. 2A<\/div>\n<\/td>\n<\/tr>\n<tr>\n<td colspan=\"1\" rowspan=\"1\">\n<div class=\"magic-9\">Potencia<\/div>\n<\/td>\n<td colspan=\"1\" rowspan=\"1\">\n<div class=\"magic-10\">24W<\/div>\n<\/td>\n<\/tr>\n<tr>\n<td colspan=\"1\" rowspan=\"1\">\n<div class=\"magic-9\">Tama\u00f1o del producto<\/div>\n<\/td>\n<td colspan=\"1\" rowspan=\"1\">\n<div class=\"magic-10\">63*50*8cm<\/div>\n<\/td>\n<\/tr>\n<\/tbody>\n<\/table>\n<p><img decoding=\"async\" src=\"https:\/\/sc04.alicdn.com\/kf\/Hf88adf011018493e9127c0eaeac44dbbm\/273358224\/Hf88adf011018493e9127c0eaeac44dbbm.jpg\" \/><\/p>\n<p><img decoding=\"async\" src=\"https:\/\/sc04.alicdn.com\/kf\/H0d645292ad6241c9a87ecabbfcd144f2p\/273358224\/H0d645292ad6241c9a87ecabbfcd144f2p.jpg\" \/><\/p>","protected":false},"excerpt":{"rendered":"<h5 class=\"a-size-base-plus a-text-bold\">Acerca de este art\u00edculo<\/h5>\n<ul class=\"a-unordered-list a-vertical a-spacing-mini\">\n<li class=\"a-spacing-mini\"><span class=\"a-list-item\">Masajeador de espalda completo con calor - El coj\u00edn para silla de masaje cuenta con 4 rodillos shiatsu flexibles mejorados para adaptarse mejor a la espalda completa y a las curvas del cuerpo, que proporciona un relajante masaje de tejido profundo para toda la espalda. El calor opcional, proporciona un calor suave que podr\u00eda ayudar a relajarse m\u00e1s.<\/span><\/li>\n<li class=\"a-spacing-mini\"><span class=\"a-list-item\">Masajeador Ajustable - El masajeador de silla tiene 4 nodos de rotaci\u00f3n shiatsu para proporcionar un amasado profundo, las bolas shiatsu se pueden ajustar hacia arriba y hacia abajo para adaptarse al usuario espec\u00edfico. La solapa desmontable le permite elegir un masaje shiatsu m\u00e1s suave o m\u00e1s intenso en el cuello y la espalda.<\/span><\/li>\n<li class=\"a-spacing-mini\"><span class=\"a-list-item\">Masaje SPOT personalizado - El masajeador de cuello y espalda Snailax con calor tiene 3 zonas de masaje: Superior Inferior y Espalda Completa para opciones. La funci\u00f3n de masaje Spot permite la relajaci\u00f3n puntual en la zona seleccionada.<\/span><\/li>\n<li class=\"a-spacing-mini\"><span class=\"a-list-item\">Vibraci\u00f3n - El masajeador de asiento tiene masaje de asiento de vibraci\u00f3n, la presi\u00f3n de apoyo para las nalgas y la espalda baja las vibraciones para aflojar usted. Puede satisfacer sus mejores necesidades.<\/span><\/li>\n<\/ul>","protected":false},"featured_media":5110,"template":"","meta":{"_uag_custom_page_level_css":"","site-sidebar-layout":"default","site-content-layout":"","ast-site-content-layout":"default","site-content-style":"default","site-sidebar-style":"default","ast-global-header-display":"","ast-banner-title-visibility":"","ast-main-header-display":"","ast-hfb-above-header-display":"","ast-hfb-below-header-display":"","ast-hfb-mobile-header-display":"","site-post-title":"","ast-breadcrumbs-content":"","ast-featured-img":"","footer-sml-layout":"","theme-transparent-header-meta":"default","adv-header-id-meta":"","stick-header-meta":"","header-above-stick-meta":"","header-main-stick-meta":"","header-below-stick-meta":"","astra-migrate-meta-layouts":"set","ast-page-background-enabled":"default","ast-page-background-meta":{"desktop":{"background-color":"","background-image":"","background-repeat":"repeat","background-position":"center center","background-size":"auto","background-attachment":"scroll","background-type":"","background-media":"","overlay-type":"","overlay-color":"","overlay-opacity":"","overlay-gradient":""},"tablet":{"background-color":"","background-image":"","background-repeat":"repeat","background-position":"center center","background-size":"auto","background-attachment":"scroll","background-type":"","background-media":"","overlay-type":"","overlay-color":"","overlay-opacity":"","overlay-gradient":""},"mobile":{"background-color":"","background-image":"","background-repeat":"repeat","background-position":"center center","background-size":"auto","background-attachment":"scroll","background-type":"","background-media":"","overlay-type":"","overlay-color":"","overlay-opacity":"","overlay-gradient":""}},"ast-content-background-meta":{"desktop":{"background-color":"var(--ast-global-color-5)","background-image":"","background-repeat":"repeat","background-position":"center center","background-size":"auto","background-attachment":"scroll","background-type":"","background-media":"","overlay-type":"","overlay-color":"","overlay-opacity":"","overlay-gradient":""},"tablet":{"background-color":"var(--ast-global-color-5)","background-image":"","background-repeat":"repeat","background-position":"center center","background-size":"auto","background-attachment":"scroll","background-type":"","background-media":"","overlay-type":"","overlay-color":"","overlay-opacity":"","overlay-gradient":""},"mobile":{"background-color":"var(--ast-global-color-5)","background-image":"","background-repeat":"repeat","background-position":"center center","background-size":"auto","background-attachment":"scroll","background-type":"","background-media":"","overlay-type":"","overlay-color":"","overlay-opacity":"","overlay-gradient":""}}},"product_cat":[15,59,65,56],"product_tag":[334],"class_list":{"0":"post-5109","1":"product","2":"type-product","3":"status-publish","4":"has-post-thumbnail","6":"product_cat-product","7":"product_cat-massagu-cushion","8":"product_cat-other-massager","9":"product_cat-see-all-categories","10":"product_tag-neck-and-back-massager-chair-pad","11":"desktop-align-left","12":"tablet-align-left","13":"mobile-align-left","15":"first","16":"instock","17":"shipping-taxable","18":"product-type-simple"},"uagb_featured_image_src":{"full":["https:\/\/mihoohealth.com\/wp-content\/uploads\/2024\/08\/MH-A29.png",1000,1000,false],"thumbnail":["https:\/\/mihoohealth.com\/wp-content\/uploads\/2024\/08\/MH-A29-150x150.png",150,150,true],"medium":["https:\/\/mihoohealth.com\/wp-content\/uploads\/2024\/08\/MH-A29-300x300.png",300,300,true],"medium_large":["https:\/\/mihoohealth.com\/wp-content\/uploads\/2024\/08\/MH-A29-768x768.png",768,768,true],"large":["https:\/\/mihoohealth.com\/wp-content\/uploads\/2024\/08\/MH-A29.png",1000,1000,false],"1536x1536":["https:\/\/mihoohealth.com\/wp-content\/uploads\/2024\/08\/MH-A29.png",1000,1000,false],"2048x2048":["https:\/\/mihoohealth.com\/wp-content\/uploads\/2024\/08\/MH-A29.png",1000,1000,false],"trp-custom-language-flag":["https:\/\/mihoohealth.com\/wp-content\/uploads\/2024\/08\/MH-A29-12x12.png",12,12,true],"woocommerce_thumbnail":["https:\/\/mihoohealth.com\/wp-content\/uploads\/2024\/08\/MH-A29-300x300.png",300,300,true],"woocommerce_single":["https:\/\/mihoohealth.com\/wp-content\/uploads\/2024\/08\/MH-A29-600x600.png",600,600,true],"woocommerce_gallery_thumbnail":["https:\/\/mihoohealth.com\/wp-content\/uploads\/2024\/08\/MH-A29-100x100.png",100,100,true]},"uagb_author_info":{"display_name":"amylau07081@gmail.com","author_link":"https:\/\/mihoohealth.com\/es\/author\/"},"uagb_comment_info":0,"uagb_excerpt":"About this item Upgrade Full Back Massager with Heat - Massage Chair Pad features\u00a0\u00a04 upgraded flexible shiatsu rollers to better fit full back and body curves, that delivers relaxing deep tissue massage for whole back. The optional Heat , delivers gentle warmth which could help you relax more. AdjustableMassager - The chair massager has 4&hellip;","_links":{"self":[{"href":"https:\/\/mihoohealth.com\/es\/wp-json\/wp\/v2\/product\/5109","targetHints":{"allow":["GET"]}}],"collection":[{"href":"https:\/\/mihoohealth.com\/es\/wp-json\/wp\/v2\/product"}],"about":[{"href":"https:\/\/mihoohealth.com\/es\/wp-json\/wp\/v2\/types\/product"}],"version-history":[{"count":3,"href":"https:\/\/mihoohealth.com\/es\/wp-json\/wp\/v2\/product\/5109\/revisions"}],"predecessor-version":[{"id":5182,"href":"https:\/\/mihoohealth.com\/es\/wp-json\/wp\/v2\/product\/5109\/revisions\/5182"}],"wp:featuredmedia":[{"embeddable":true,"href":"https:\/\/mihoohealth.com\/es\/wp-json\/wp\/v2\/media\/5110"}],"wp:attachment":[{"href":"https:\/\/mihoohealth.com\/es\/wp-json\/wp\/v2\/media?parent=5109"}],"wp:term":[{"taxonomy":"product_cat","embeddable":true,"href":"https:\/\/mihoohealth.com\/es\/wp-json\/wp\/v2\/product_cat?post=5109"},{"taxonomy":"product_tag","embeddable":true,"href":"https:\/\/mihoohealth.com\/es\/wp-json\/wp\/v2\/product_tag?post=5109"}],"curies":[{"name":"wp","href":"https:\/\/api.w.org\/{rel}","templated":true}]}}