{"id":5100,"date":"2024-08-28T06:50:02","date_gmt":"2024-08-28T06:50:02","guid":{"rendered":"https:\/\/mihoohealth.com\/?post_type=product&#038;p=5100"},"modified":"2024-08-30T11:22:40","modified_gmt":"2024-08-30T11:22:40","slug":"shiatsu-massager-mh-by042","status":"publish","type":"product","link":"https:\/\/mihoohealth.com\/es\/product\/shiatsu-massager-mh-by042\/","title":{"rendered":"Masajeador Shiatsu MH-BY042"},"content":{"rendered":"<p><strong>Descripci\u00f3n del producto<\/strong><\/p>\n<p><img decoding=\"async\" src=\"https:\/\/sc04.alicdn.com\/kf\/Hdd3a46cb920b4d62a46ead799d6d73dcn\/273358224\/Hdd3a46cb920b4d62a46ead799d6d73dcn.jpg\" \/><\/p>\n<p>Masajeador de espalda Shiatsu con calor El masajeador de almohada Shiatsu con calor proporciona un masaje de amasado de tejido profundo para aliviar el estr\u00e9s de la espalda, la tensi\u00f3n y la fatiga y los m\u00fasculos tensos.<br \/>\nEl dise\u00f1o de forma ergon\u00f3mica se adapta perfectamente a la curva de la espalda, la espalda, el hombro, mientras que sus nodos de rotaci\u00f3n de amasado profundo con calor calmante penetrar en los m\u00fasculos, lo que ayuda eficazmente a aliviar el estr\u00e9s de espalda, tenso y fatiga, dolores, nudos y tensi\u00f3n.<br \/>\nDeje de sufrir problemas de espalda despu\u00e9s de una larga jornada de trabajo: s\u00f3lo tiene que colocar la potente m\u00e1quina en cualquier asiento o silla y convertirla en su lujoso y relajante lugar de masaje para aliviar los m\u00fasculos doloridos.<\/p>\n<div class=\"J_module\">\n<div id=\"ali-anchor-AliMagic-izs1u5\" class=\"magic-0\" data-section=\"AliMagic-izs1u5\" data-section-title=\"Specification\"><strong>Especificaci\u00f3n<\/strong><\/div>\n<\/div>\n<div class=\"J_module\">\n<div class=\"ife-detail-decorate-table\">\n<table class=\"has-title all magic-8\">\n<tbody>\n<tr>\n<td colspan=\"1\" rowspan=\"1\">\n<div class=\"magic-9\">Categor\u00eda de productos<\/div>\n<\/td>\n<td colspan=\"1\" rowspan=\"1\">\n<div class=\"magic-10\">Coj\u00edn Almohada Masajeador<\/div>\n<\/td>\n<\/tr>\n<tr>\n<td colspan=\"1\" rowspan=\"1\">\n<div class=\"magic-9\">Par\u00e1metros<\/div>\n<\/td>\n<td colspan=\"1\" rowspan=\"1\">\n<div class=\"magic-10\">DC5V. 2A<\/div>\n<\/td>\n<\/tr>\n<tr>\n<td colspan=\"1\" rowspan=\"1\">\n<div class=\"magic-9\">Peso neto<\/div>\n<\/td>\n<td colspan=\"1\" rowspan=\"1\">\n<div class=\"magic-10\">1.3<\/div>\n<\/td>\n<\/tr>\n<tr>\n<td colspan=\"1\" rowspan=\"1\">\n<div class=\"magic-9\">Tama\u00f1o del producto<\/div>\n<\/td>\n<td colspan=\"1\" rowspan=\"1\">\n<div class=\"magic-10\">46*34*12cm<\/div>\n<\/td>\n<\/tr>\n<\/tbody>\n<\/table>\n<p><img decoding=\"async\" src=\"https:\/\/sc04.alicdn.com\/kf\/Hd020655c2d4945dba7550f823a4af512u\/273358224\/Hd020655c2d4945dba7550f823a4af512u.jpg\" \/><\/p>\n<p><img decoding=\"async\" src=\"https:\/\/sc04.alicdn.com\/kf\/H5b3221938e7d46d4be94a6a076bbaf9f5\/273358224\/H5b3221938e7d46d4be94a6a076bbaf9f5.png\" \/><\/p>\n<p><img decoding=\"async\" src=\"https:\/\/sc04.alicdn.com\/kf\/He11260a1e52c4c049cbb789d8834748as\/273358224\/He11260a1e52c4c049cbb789d8834748as.png\" \/><\/p>\n<p>&nbsp;<\/p>\n<\/div>\n<\/div>","protected":false},"excerpt":{"rendered":"<h5 class=\"a-size-base-plus a-text-bold\">Acerca de este art\u00edculo<\/h5>\n<ul class=\"a-unordered-list a-vertical a-spacing-mini\">\n<li class=\"a-spacing-mini\"><span class=\"a-list-item\">Masajeador Shiatsu 3D para espalda y cuello: Mountrax Back Massager cuenta con cuatro nodos de masaje 3D de amasado profundo con movimiento bidireccional, imitando los movimientos hacia adentro y hacia afuera del masaje Shiatsu profesional. Se centra en los nudos y la tensi\u00f3n para una relajaci\u00f3n profunda de los tejidos y alivio del dolor. Dos niveles de intensidad ajustables le permiten personalizar el masaje seg\u00fan sus preferencias y comodidad.<\/span><\/li>\n<li class=\"a-spacing-mini\"><span class=\"a-list-item\">Dise\u00f1o mejorado para masaje de cuello: Dise\u00f1ado con contornos ergon\u00f3micos, se adapta perfectamente a las curvas de su cuello y espalda para proporcionar un mejor soporte. Garantizando un masaje m\u00e1s c\u00f3modo y preciso dirigido a zonas espec\u00edficas que necesitan atenci\u00f3n.<\/span><\/li>\n<li class=\"a-spacing-mini\"><span class=\"a-list-item\">Vers\u00e1til y port\u00e1til: puede utilizarse en m\u00faltiples partes del cuerpo, como el cuello, los hombros, la parte inferior y superior de la espalda, el abdomen, la cintura, los muslos y las pantorrillas. Es compacta, ligera e incluye un asa para facilitar su transporte. Ya sea en casa, en la oficina o de viaje, puede llev\u00e1rselo f\u00e1cilmente para obtener un alivio r\u00e1pido y c\u00f3modo cuando y donde lo necesite.<\/span><\/li>\n<\/ul>","protected":false},"featured_media":5101,"template":"","meta":{"_uag_custom_page_level_css":"","site-sidebar-layout":"default","site-content-layout":"","ast-site-content-layout":"default","site-content-style":"default","site-sidebar-style":"default","ast-global-header-display":"","ast-banner-title-visibility":"","ast-main-header-display":"","ast-hfb-above-header-display":"","ast-hfb-below-header-display":"","ast-hfb-mobile-header-display":"","site-post-title":"","ast-breadcrumbs-content":"","ast-featured-img":"","footer-sml-layout":"","theme-transparent-header-meta":"default","adv-header-id-meta":"","stick-header-meta":"","header-above-stick-meta":"","header-main-stick-meta":"","header-below-stick-meta":"","astra-migrate-meta-layouts":"set","ast-page-background-enabled":"default","ast-page-background-meta":{"desktop":{"background-color":"","background-image":"","background-repeat":"repeat","background-position":"center center","background-size":"auto","background-attachment":"scroll","background-type":"","background-media":"","overlay-type":"","overlay-color":"","overlay-opacity":"","overlay-gradient":""},"tablet":{"background-color":"","background-image":"","background-repeat":"repeat","background-position":"center center","background-size":"auto","background-attachment":"scroll","background-type":"","background-media":"","overlay-type":"","overlay-color":"","overlay-opacity":"","overlay-gradient":""},"mobile":{"background-color":"","background-image":"","background-repeat":"repeat","background-position":"center center","background-size":"auto","background-attachment":"scroll","background-type":"","background-media":"","overlay-type":"","overlay-color":"","overlay-opacity":"","overlay-gradient":""}},"ast-content-background-meta":{"desktop":{"background-color":"var(--ast-global-color-5)","background-image":"","background-repeat":"repeat","background-position":"center center","background-size":"auto","background-attachment":"scroll","background-type":"","background-media":"","overlay-type":"","overlay-color":"","overlay-opacity":"","overlay-gradient":""},"tablet":{"background-color":"var(--ast-global-color-5)","background-image":"","background-repeat":"repeat","background-position":"center center","background-size":"auto","background-attachment":"scroll","background-type":"","background-media":"","overlay-type":"","overlay-color":"","overlay-opacity":"","overlay-gradient":""},"mobile":{"background-color":"var(--ast-global-color-5)","background-image":"","background-repeat":"repeat","background-position":"center center","background-size":"auto","background-attachment":"scroll","background-type":"","background-media":"","overlay-type":"","overlay-color":"","overlay-opacity":"","overlay-gradient":""}}},"product_cat":[15,59,56],"product_tag":[333],"class_list":{"0":"post-5100","1":"product","2":"type-product","3":"status-publish","4":"has-post-thumbnail","6":"product_cat-product","7":"product_cat-massagu-cushion","8":"product_cat-see-all-categories","9":"product_tag-shiatsu-neck-and-back-massager","10":"desktop-align-left","11":"tablet-align-left","12":"mobile-align-left","14":"first","15":"instock","16":"shipping-taxable","17":"product-type-simple"},"uagb_featured_image_src":{"full":["https:\/\/mihoohealth.com\/wp-content\/uploads\/2024\/08\/MH-042.png",1000,1000,false],"thumbnail":["https:\/\/mihoohealth.com\/wp-content\/uploads\/2024\/08\/MH-042-150x150.png",150,150,true],"medium":["https:\/\/mihoohealth.com\/wp-content\/uploads\/2024\/08\/MH-042-300x300.png",300,300,true],"medium_large":["https:\/\/mihoohealth.com\/wp-content\/uploads\/2024\/08\/MH-042-768x768.png",768,768,true],"large":["https:\/\/mihoohealth.com\/wp-content\/uploads\/2024\/08\/MH-042.png",1000,1000,false],"1536x1536":["https:\/\/mihoohealth.com\/wp-content\/uploads\/2024\/08\/MH-042.png",1000,1000,false],"2048x2048":["https:\/\/mihoohealth.com\/wp-content\/uploads\/2024\/08\/MH-042.png",1000,1000,false],"trp-custom-language-flag":["https:\/\/mihoohealth.com\/wp-content\/uploads\/2024\/08\/MH-042-12x12.png",12,12,true],"woocommerce_thumbnail":["https:\/\/mihoohealth.com\/wp-content\/uploads\/2024\/08\/MH-042-300x300.png",300,300,true],"woocommerce_single":["https:\/\/mihoohealth.com\/wp-content\/uploads\/2024\/08\/MH-042-600x600.png",600,600,true],"woocommerce_gallery_thumbnail":["https:\/\/mihoohealth.com\/wp-content\/uploads\/2024\/08\/MH-042-100x100.png",100,100,true]},"uagb_author_info":{"display_name":"amylau07081@gmail.com","author_link":"https:\/\/mihoohealth.com\/es\/author\/"},"uagb_comment_info":0,"uagb_excerpt":"About this item 3D Shiatsu Massager for Back and Neck: Mountrax Back Massager features four deep-kneading 3D massage nodes with bi-directional movement, mimicking the inward and outward movements of professional Shiatsu massage. Targets knots and tension for deep tissue relaxation and pain relief. Two adjustable intensity settings allow you to customize your massage experience to&hellip;","_links":{"self":[{"href":"https:\/\/mihoohealth.com\/es\/wp-json\/wp\/v2\/product\/5100","targetHints":{"allow":["GET"]}}],"collection":[{"href":"https:\/\/mihoohealth.com\/es\/wp-json\/wp\/v2\/product"}],"about":[{"href":"https:\/\/mihoohealth.com\/es\/wp-json\/wp\/v2\/types\/product"}],"version-history":[{"count":3,"href":"https:\/\/mihoohealth.com\/es\/wp-json\/wp\/v2\/product\/5100\/revisions"}],"predecessor-version":[{"id":5180,"href":"https:\/\/mihoohealth.com\/es\/wp-json\/wp\/v2\/product\/5100\/revisions\/5180"}],"wp:featuredmedia":[{"embeddable":true,"href":"https:\/\/mihoohealth.com\/es\/wp-json\/wp\/v2\/media\/5101"}],"wp:attachment":[{"href":"https:\/\/mihoohealth.com\/es\/wp-json\/wp\/v2\/media?parent=5100"}],"wp:term":[{"taxonomy":"product_cat","embeddable":true,"href":"https:\/\/mihoohealth.com\/es\/wp-json\/wp\/v2\/product_cat?post=5100"},{"taxonomy":"product_tag","embeddable":true,"href":"https:\/\/mihoohealth.com\/es\/wp-json\/wp\/v2\/product_tag?post=5100"}],"curies":[{"name":"wp","href":"https:\/\/api.w.org\/{rel}","templated":true}]}}