{"id":5092,"date":"2024-08-28T06:20:57","date_gmt":"2024-08-28T06:20:57","guid":{"rendered":"https:\/\/mihoohealth.com\/?post_type=product&#038;p=5092"},"modified":"2024-08-30T11:08:08","modified_gmt":"2024-08-30T11:08:08","slug":"2-1seat-massager-mh-c062","status":"publish","type":"product","link":"https:\/\/mihoohealth.com\/es\/product\/2-1seat-massager-mh-c062\/","title":{"rendered":"2-1Masajeador de asiento MH-C062"},"content":{"rendered":"<h3 id=\"more-detail\" class=\"att-title\" data-spm-anchor-id=\"a2700.details.0.i47.6b2b61966fU63m\">Descripci\u00f3n de los productos<\/h3>\n<p><img decoding=\"async\" src=\"https:\/\/sc04.alicdn.com\/kf\/H776f1a0eb948404982baef9ff4038a39C\/273358224\/H776f1a0eb948404982baef9ff4038a39C.jpg\" \/><\/p>\n<p>El Coj\u00edn de asiento t\u00e9rmico con masaje proporciona un conjunto completo de t\u00e9cnicas relajantes que puede llevar a cualquier parte.<\/p>\n<div data-spm-anchor-id=\"a2700.details.0.i49.6b2b61966fU63m\">- Coj\u00edn de masaje plegable<br \/>\n- Alivia el estr\u00e9s y la tensi\u00f3n en la espalda, las caderas y los muslos<br \/>\n- 3 modos relajantes: calor, compresi\u00f3n de inflado\/desinflado y masaje de amasamiento<br \/>\n- Incluye mando a distancia con cable<br \/>\n- Se conecta a una toma de CA<\/div>\n<div data-spm-anchor-id=\"a2700.details.0.i49.6b2b61966fU63m\">\n<div class=\"J_module\">\n<div id=\"ali-anchor-AliMagic-zz10b1\" class=\"magic-3\" data-section=\"AliMagic-zz10b1\" data-section-title=\"Specification\" data-spm-anchor-id=\"a2700.details.0.i53.6b2b61966fU63m\"><strong>Especificaci\u00f3n<\/strong><\/div>\n<\/div>\n<div class=\"J_module\">\n<div class=\"ife-detail-decorate-table\">\n<table class=\"has-title all magic-15\">\n<tbody>\n<tr>\n<td colspan=\"1\" rowspan=\"1\">\n<div class=\"magic-16\" data-spm-anchor-id=\"a2700.details.0.i51.6b2b61966fU63m\">Categor\u00eda de productos<\/div>\n<\/td>\n<td colspan=\"1\" rowspan=\"1\">\n<div class=\"magic-17\">2-1 Coj\u00edn del asiento<\/div>\n<\/td>\n<\/tr>\n<tr>\n<td colspan=\"1\" rowspan=\"1\">\n<div class=\"magic-16\">Funci\u00f3n<\/div>\n<\/td>\n<td colspan=\"1\" rowspan=\"1\">\n<div class=\"magic-17\">Calentamiento, compresi\u00f3n y amasado<\/div>\n<\/td>\n<\/tr>\n<tr>\n<td colspan=\"1\" rowspan=\"1\">\n<div class=\"magic-16\">tiempo de trabajo<\/div>\n<\/td>\n<td colspan=\"1\" rowspan=\"1\">\n<div class=\"magic-17\">15 minutos<\/div>\n<\/td>\n<\/tr>\n<tr>\n<td colspan=\"1\" rowspan=\"1\">\n<div class=\"magic-16\">Color<\/div>\n<\/td>\n<td colspan=\"1\" rowspan=\"1\">\n<div class=\"magic-17\">Negro , Gris y Personalizado<\/div>\n<\/td>\n<\/tr>\n<\/tbody>\n<\/table>\n<\/div>\n<\/div>\n<div class=\"J_module\">\n<div class=\"icbu-pc-images magic-0\">\n<div>\n<div class=\"flex-layout-v\">\n<div class=\"flex-layout-h magic-0\"><img decoding=\"async\" src=\"https:\/\/sc04.alicdn.com\/kf\/H01e24e17c08f4c1d94c917523f10d677Y\/273358224\/H01e24e17c08f4c1d94c917523f10d677Y.jpg\" \/><\/div>\n<div><img decoding=\"async\" src=\"https:\/\/sc04.alicdn.com\/kf\/H974c26f400b04d77bae96039bdc81522p\/273358224\/H974c26f400b04d77bae96039bdc81522p.jpg\" \/><\/div>\n<\/div>\n<\/div>\n<\/div>\n<\/div>\n<\/div>","protected":false},"excerpt":{"rendered":"<h5 class=\"a-size-base-plus a-text-bold\">Acerca de este art\u00edculo<\/h5>\n<ul class=\"a-unordered-list a-vertical a-spacing-mini\">\n<li class=\"a-spacing-mini\"><span class=\"a-list-item\">Almohada y Almohadilla de Masaje 2 en 1: Experimente lo \u00faltimo en relajaci\u00f3n con nuestro vers\u00e1til masajeador, que sirve tanto de c\u00f3moda almohada de masaje como de relajante almohadilla de masaje. Esta doble funcionalidad le permite seleccionar las zonas perfectas para disfrutar de un masaje.\u00a0<\/span><\/li>\n<li class=\"a-spacing-mini\"><span class=\"a-list-item\">Masajeador de asiento de compresi\u00f3n: Equipado con seis potentes motores de masaje, este masajeador de espalda ofrece tres modos y tres niveles de intensidad. Cuando se utiliza como almohada, dispone de compresi\u00f3n que utiliza los seis motores para una experiencia de masaje mejorada. Personaliza el lugar y la intensidad del masaje seg\u00fan tus preferencias, proporcionando un alivio eficaz para el dolor de espalda.<\/span><\/li>\n<li class=\"a-spacing-mini\"><span class=\"a-list-item\">Calor relajante: Disfrute de los niveles de calor para el cuello y la espalda. Esta funci\u00f3n de calor de la almohadilla del sill\u00f3n masajeador no s\u00f3lo ayuda a relajar los m\u00fasculos cansados, sino que tambi\u00e9n mejora la circulaci\u00f3n sangu\u00ednea, envolvi\u00e9ndole en calor durante las \u00e9pocas m\u00e1s fr\u00edas.<\/span><\/li>\n<li class=\"a-spacing-mini\"><span class=\"a-list-item\">Dise\u00f1o f\u00e1cil de usar: El tejido afelpado garantiza una experiencia confortable, mientras que el mando manual de f\u00e1cil manejo aumenta la comodidad. Adem\u00e1s, el asiento del sill\u00f3n masajeador lo hace ideal para quienes disponen de poco espacio.<\/span><\/li>\n<\/ul>","protected":false},"featured_media":5093,"template":"","meta":{"_uag_custom_page_level_css":"","site-sidebar-layout":"default","site-content-layout":"","ast-site-content-layout":"default","site-content-style":"default","site-sidebar-style":"default","ast-global-header-display":"","ast-banner-title-visibility":"","ast-main-header-display":"","ast-hfb-above-header-display":"","ast-hfb-below-header-display":"","ast-hfb-mobile-header-display":"","site-post-title":"","ast-breadcrumbs-content":"","ast-featured-img":"","footer-sml-layout":"","theme-transparent-header-meta":"default","adv-header-id-meta":"","stick-header-meta":"","header-above-stick-meta":"","header-main-stick-meta":"","header-below-stick-meta":"","astra-migrate-meta-layouts":"set","ast-page-background-enabled":"default","ast-page-background-meta":{"desktop":{"background-color":"","background-image":"","background-repeat":"repeat","background-position":"center center","background-size":"auto","background-attachment":"scroll","background-type":"","background-media":"","overlay-type":"","overlay-color":"","overlay-opacity":"","overlay-gradient":""},"tablet":{"background-color":"","background-image":"","background-repeat":"repeat","background-position":"center center","background-size":"auto","background-attachment":"scroll","background-type":"","background-media":"","overlay-type":"","overlay-color":"","overlay-opacity":"","overlay-gradient":""},"mobile":{"background-color":"","background-image":"","background-repeat":"repeat","background-position":"center center","background-size":"auto","background-attachment":"scroll","background-type":"","background-media":"","overlay-type":"","overlay-color":"","overlay-opacity":"","overlay-gradient":""}},"ast-content-background-meta":{"desktop":{"background-color":"var(--ast-global-color-5)","background-image":"","background-repeat":"repeat","background-position":"center center","background-size":"auto","background-attachment":"scroll","background-type":"","background-media":"","overlay-type":"","overlay-color":"","overlay-opacity":"","overlay-gradient":""},"tablet":{"background-color":"var(--ast-global-color-5)","background-image":"","background-repeat":"repeat","background-position":"center center","background-size":"auto","background-attachment":"scroll","background-type":"","background-media":"","overlay-type":"","overlay-color":"","overlay-opacity":"","overlay-gradient":""},"mobile":{"background-color":"var(--ast-global-color-5)","background-image":"","background-repeat":"repeat","background-position":"center center","background-size":"auto","background-attachment":"scroll","background-type":"","background-media":"","overlay-type":"","overlay-color":"","overlay-opacity":"","overlay-gradient":""}}},"product_cat":[15,59,56],"product_tag":[332],"class_list":{"0":"post-5092","1":"product","2":"type-product","3":"status-publish","4":"has-post-thumbnail","6":"product_cat-product","7":"product_cat-massagu-cushion","8":"product_cat-see-all-categories","9":"product_tag-2-in-1-massager-pillow-massage-seat","10":"desktop-align-left","11":"tablet-align-left","12":"mobile-align-left","14":"first","15":"instock","16":"shipping-taxable","17":"product-type-simple"},"uagb_featured_image_src":{"full":["https:\/\/mihoohealth.com\/wp-content\/uploads\/2024\/08\/MH-C062.png",1000,1000,false],"thumbnail":["https:\/\/mihoohealth.com\/wp-content\/uploads\/2024\/08\/MH-C062-150x150.png",150,150,true],"medium":["https:\/\/mihoohealth.com\/wp-content\/uploads\/2024\/08\/MH-C062-300x300.png",300,300,true],"medium_large":["https:\/\/mihoohealth.com\/wp-content\/uploads\/2024\/08\/MH-C062-768x768.png",768,768,true],"large":["https:\/\/mihoohealth.com\/wp-content\/uploads\/2024\/08\/MH-C062.png",1000,1000,false],"1536x1536":["https:\/\/mihoohealth.com\/wp-content\/uploads\/2024\/08\/MH-C062.png",1000,1000,false],"2048x2048":["https:\/\/mihoohealth.com\/wp-content\/uploads\/2024\/08\/MH-C062.png",1000,1000,false],"trp-custom-language-flag":["https:\/\/mihoohealth.com\/wp-content\/uploads\/2024\/08\/MH-C062-12x12.png",12,12,true],"woocommerce_thumbnail":["https:\/\/mihoohealth.com\/wp-content\/uploads\/2024\/08\/MH-C062-300x300.png",300,300,true],"woocommerce_single":["https:\/\/mihoohealth.com\/wp-content\/uploads\/2024\/08\/MH-C062-600x600.png",600,600,true],"woocommerce_gallery_thumbnail":["https:\/\/mihoohealth.com\/wp-content\/uploads\/2024\/08\/MH-C062-100x100.png",100,100,true]},"uagb_author_info":{"display_name":"amylau07081@gmail.com","author_link":"https:\/\/mihoohealth.com\/es\/author\/"},"uagb_comment_info":0,"uagb_excerpt":"About this item 2-in-1 Massager Pillow &amp; Massage Pad: Experience the ultimate in relaxation with our versatile massager, which serves as both a comfortable massage pillow and a soothing massage pad. This dual-functionality allows you to target areas perfect for enjoying a massage\u00a0 Compression Seat Massager: Equipped with six powerful massage motors, this back massager&hellip;","_links":{"self":[{"href":"https:\/\/mihoohealth.com\/es\/wp-json\/wp\/v2\/product\/5092","targetHints":{"allow":["GET"]}}],"collection":[{"href":"https:\/\/mihoohealth.com\/es\/wp-json\/wp\/v2\/product"}],"about":[{"href":"https:\/\/mihoohealth.com\/es\/wp-json\/wp\/v2\/types\/product"}],"version-history":[{"count":3,"href":"https:\/\/mihoohealth.com\/es\/wp-json\/wp\/v2\/product\/5092\/revisions"}],"predecessor-version":[{"id":5179,"href":"https:\/\/mihoohealth.com\/es\/wp-json\/wp\/v2\/product\/5092\/revisions\/5179"}],"wp:featuredmedia":[{"embeddable":true,"href":"https:\/\/mihoohealth.com\/es\/wp-json\/wp\/v2\/media\/5093"}],"wp:attachment":[{"href":"https:\/\/mihoohealth.com\/es\/wp-json\/wp\/v2\/media?parent=5092"}],"wp:term":[{"taxonomy":"product_cat","embeddable":true,"href":"https:\/\/mihoohealth.com\/es\/wp-json\/wp\/v2\/product_cat?post=5092"},{"taxonomy":"product_tag","embeddable":true,"href":"https:\/\/mihoohealth.com\/es\/wp-json\/wp\/v2\/product_tag?post=5092"}],"curies":[{"name":"wp","href":"https:\/\/api.w.org\/{rel}","templated":true}]}}