{"id":5074,"date":"2024-08-28T05:39:06","date_gmt":"2024-08-28T05:39:06","guid":{"rendered":"https:\/\/mihoohealth.com\/?post_type=product&#038;p=5074"},"modified":"2024-08-30T08:44:02","modified_gmt":"2024-08-30T08:44:02","slug":"l-shape-neck-massager-mh-by046","status":"publish","type":"product","link":"https:\/\/mihoohealth.com\/es\/product\/l-shape-neck-massager-mh-by046\/","title":{"rendered":"Masajeador cervical en forma de L MH-BY046"},"content":{"rendered":"<p><strong>Descripci\u00f3n del producto<\/strong><\/p>\n<p><img fetchpriority=\"high\" decoding=\"async\" class=\"\" src=\"https:\/\/sc04.alicdn.com\/kf\/H64e15542164e4db59895b810c15922e8y\/273358224\/H64e15542164e4db59895b810c15922e8y.jpg\" width=\"543\" height=\"336\" \/><\/p>\n<p><span data-spm-anchor-id=\"a2700.details.0.i74.f1d63a83Ml2kTZ\">Masajeador para Cuello y Espalda con Calor El\u00e9ctrico Shiatsu Masaje Cervical Inal\u00e1mbrico<\/span><\/p>\n<div data-spm-anchor-id=\"a2700.details.0.i77.f1d63a83Ml2kTZ\">- Con el sistema inteligente de transmisi\u00f3n por voz, puedes ajustar la configuraci\u00f3n sin tener que quit\u00e1rtelo.<br \/>\n- La hebilla magn\u00e9tica invisible se adapta a varios anchos de cuello y puede ajustarse a voluntad.<br \/>\n- Masajeador inal\u00e1mbrico recargable para cuello y espalda, diferente del masajeador manual tradicional.<br \/>\n- Masajeador de cuello viene con un cable de carga USB 3000mAh de gran capacidad, conveniente para recargar en cualquier momento y como almohadas de cuello para viajar.<\/div>\n<div data-spm-anchor-id=\"a2700.details.0.i77.f1d63a83Ml2kTZ\">\n<div class=\"J_module\">\n<div id=\"ali-anchor-AliMagic-q9e1jb\" class=\"magic-0\" data-section=\"AliMagic-q9e1jb\" data-section-title=\"Specification\" data-spm-anchor-id=\"a2700.details.0.i78.f1d63a83Ml2kTZ\"><strong>Especificaci\u00f3n<\/strong><\/div>\n<\/div>\n<div class=\"J_module\">\n<div class=\"ife-detail-decorate-table\">\n<table class=\"has-title all magic-8\">\n<tbody>\n<tr>\n<td colspan=\"1\" rowspan=\"1\">\n<div class=\"magic-9\">Categor\u00eda de productos<\/div>\n<\/td>\n<td colspan=\"1\" rowspan=\"1\">\n<div class=\"magic-10\">Masajeador cervical Shiatsu<\/div>\n<\/td>\n<\/tr>\n<tr>\n<td colspan=\"1\" rowspan=\"1\">\n<div class=\"magic-9\">Par\u00e1metros<\/div>\n<\/td>\n<td colspan=\"1\" rowspan=\"1\">\n<div class=\"magic-10\">5V 6W<\/div>\n<\/td>\n<\/tr>\n<tr>\n<td colspan=\"1\" rowspan=\"1\">\n<div class=\"magic-9\">Peso neto<\/div>\n<\/td>\n<td colspan=\"1\" rowspan=\"1\">\n<div class=\"magic-10\">800g<\/div>\n<\/td>\n<\/tr>\n<tr>\n<td colspan=\"1\" rowspan=\"1\">\n<div class=\"magic-9\">Tama\u00f1o del producto<\/div>\n<\/td>\n<td colspan=\"1\" rowspan=\"1\">\n<div class=\"magic-10\">25,5*11,9*30,3 cm<\/div>\n<\/td>\n<\/tr>\n<\/tbody>\n<\/table>\n<p><img decoding=\"async\" src=\"https:\/\/sc04.alicdn.com\/kf\/H7d0652d194ca4a17be4cdeb5f1f6376cV\/273358224\/H7d0652d194ca4a17be4cdeb5f1f6376cV.jpg\" \/><\/p>\n<p>&nbsp;<\/p>\n<\/div>\n<\/div>\n<\/div>","protected":false},"excerpt":{"rendered":"<h5 class=\"a-size-base-plus a-text-bold\">Acerca de este art\u00edculo<\/h5>\n<ul class=\"a-unordered-list a-vertical a-spacing-mini\">\n<li class=\"a-spacing-mini\"><span class=\"a-list-item\">Experiencia de masaje mejorada- La almohada de masaje cervical Howdy cuenta con cabezales de masaje no graduados que simulan la sensaci\u00f3n de las manos humanas, proporcionando un masaje relajante. Es eficaz le permite relajarse y descansar.<\/span><\/li>\n<li class=\"a-spacing-mini\"><span class=\"a-list-item\">Modos de masaje personalizables- Con dos modos de masaje ajustables, nuestro masajeador de cuello le permite personalizar su experiencia de masaje en funci\u00f3n de sus preferencias. Tambi\u00e9n puede elegir entre dos niveles de calor para crear un masaje a medida que se adapte a sus necesidades. Adem\u00e1s, se puede utilizar para compresas calientes espec\u00edficas sin la funci\u00f3n de masaje.<\/span><\/li>\n<li class=\"a-spacing-mini\"><span class=\"a-list-item\">Dise\u00f1o ergon\u00f3mico para mayor comodidad- Dise\u00f1ado teniendo en cuenta los principios de la ergonom\u00eda, este masajeador de almohada cervical se adapta perfectamente a la forma del cuello para una eficacia \u00f3ptima del masaje. Tambi\u00e9n proporciona un excelente apoyo tanto para la parte posterior de la cabeza como para el lateral del cuello, lo que la convierte en una almohada vers\u00e1til en forma de U incluso cuando no se utiliza.<\/span><\/li>\n<li class=\"a-spacing-mini\"><span class=\"a-list-item\">F\u00e1cil de usar y c\u00f3modo- Nuestro masajeador de almohada cervical de viaje cuenta con indicaciones de voz para facilitar su uso. Con un funcionamiento silencioso, le permite disfrutar de un masaje sin molestias. El puerto de carga Tipo-C y el dise\u00f1o de hebilla proporcionan una experiencia de manos libres que le permite realizar m\u00faltiples tareas mientras disfruta de un masaje relajante. Adem\u00e1s, viene con una bolsa de almacenamiento adicional que facilita su transporte y uso sobre la marcha.<\/span><\/li>\n<\/ul>","protected":false},"featured_media":5075,"template":"","meta":{"_uag_custom_page_level_css":"","site-sidebar-layout":"default","site-content-layout":"","ast-site-content-layout":"default","site-content-style":"default","site-sidebar-style":"default","ast-global-header-display":"","ast-banner-title-visibility":"","ast-main-header-display":"","ast-hfb-above-header-display":"","ast-hfb-below-header-display":"","ast-hfb-mobile-header-display":"","site-post-title":"","ast-breadcrumbs-content":"","ast-featured-img":"","footer-sml-layout":"","theme-transparent-header-meta":"default","adv-header-id-meta":"","stick-header-meta":"","header-above-stick-meta":"","header-main-stick-meta":"","header-below-stick-meta":"","astra-migrate-meta-layouts":"set","ast-page-background-enabled":"default","ast-page-background-meta":{"desktop":{"background-color":"","background-image":"","background-repeat":"repeat","background-position":"center center","background-size":"auto","background-attachment":"scroll","background-type":"","background-media":"","overlay-type":"","overlay-color":"","overlay-opacity":"","overlay-gradient":""},"tablet":{"background-color":"","background-image":"","background-repeat":"repeat","background-position":"center center","background-size":"auto","background-attachment":"scroll","background-type":"","background-media":"","overlay-type":"","overlay-color":"","overlay-opacity":"","overlay-gradient":""},"mobile":{"background-color":"","background-image":"","background-repeat":"repeat","background-position":"center center","background-size":"auto","background-attachment":"scroll","background-type":"","background-media":"","overlay-type":"","overlay-color":"","overlay-opacity":"","overlay-gradient":""}},"ast-content-background-meta":{"desktop":{"background-color":"var(--ast-global-color-5)","background-image":"","background-repeat":"repeat","background-position":"center center","background-size":"auto","background-attachment":"scroll","background-type":"","background-media":"","overlay-type":"","overlay-color":"","overlay-opacity":"","overlay-gradient":""},"tablet":{"background-color":"var(--ast-global-color-5)","background-image":"","background-repeat":"repeat","background-position":"center center","background-size":"auto","background-attachment":"scroll","background-type":"","background-media":"","overlay-type":"","overlay-color":"","overlay-opacity":"","overlay-gradient":""},"mobile":{"background-color":"var(--ast-global-color-5)","background-image":"","background-repeat":"repeat","background-position":"center center","background-size":"auto","background-attachment":"scroll","background-type":"","background-media":"","overlay-type":"","overlay-color":"","overlay-opacity":"","overlay-gradient":""}}},"product_cat":[15,56,58],"product_tag":[330],"class_list":{"0":"post-5074","1":"product","2":"type-product","3":"status-publish","4":"has-post-thumbnail","6":"product_cat-product","7":"product_cat-see-all-categories","8":"product_cat-shoulder-neck-massager","9":"product_tag-shiatsu-cordless-neck-and-back-massager-pillow","10":"desktop-align-left","11":"tablet-align-left","12":"mobile-align-left","14":"first","15":"instock","16":"shipping-taxable","17":"product-type-simple"},"uagb_featured_image_src":{"full":["https:\/\/mihoohealth.com\/wp-content\/uploads\/2024\/08\/MH-BY046.png",1000,1000,false],"thumbnail":["https:\/\/mihoohealth.com\/wp-content\/uploads\/2024\/08\/MH-BY046-150x150.png",150,150,true],"medium":["https:\/\/mihoohealth.com\/wp-content\/uploads\/2024\/08\/MH-BY046-300x300.png",300,300,true],"medium_large":["https:\/\/mihoohealth.com\/wp-content\/uploads\/2024\/08\/MH-BY046-768x768.png",768,768,true],"large":["https:\/\/mihoohealth.com\/wp-content\/uploads\/2024\/08\/MH-BY046.png",1000,1000,false],"1536x1536":["https:\/\/mihoohealth.com\/wp-content\/uploads\/2024\/08\/MH-BY046.png",1000,1000,false],"2048x2048":["https:\/\/mihoohealth.com\/wp-content\/uploads\/2024\/08\/MH-BY046.png",1000,1000,false],"trp-custom-language-flag":["https:\/\/mihoohealth.com\/wp-content\/uploads\/2024\/08\/MH-BY046-12x12.png",12,12,true],"woocommerce_thumbnail":["https:\/\/mihoohealth.com\/wp-content\/uploads\/2024\/08\/MH-BY046-300x300.png",300,300,true],"woocommerce_single":["https:\/\/mihoohealth.com\/wp-content\/uploads\/2024\/08\/MH-BY046-600x600.png",600,600,true],"woocommerce_gallery_thumbnail":["https:\/\/mihoohealth.com\/wp-content\/uploads\/2024\/08\/MH-BY046-100x100.png",100,100,true]},"uagb_author_info":{"display_name":"amylau07081@gmail.com","author_link":"https:\/\/mihoohealth.com\/es\/author\/"},"uagb_comment_info":0,"uagb_excerpt":"About this item Improved Massage Experience- Howdy neck massage pillow features ungraded massage heads that simulate the sensation of human hands, providing a soothing massage. It effectively allows you to relax and unwind. Customizable Massage Modes- With two adjustable massage modes, our neck massager allows you to customize your massage experience based on your preferences.&hellip;","_links":{"self":[{"href":"https:\/\/mihoohealth.com\/es\/wp-json\/wp\/v2\/product\/5074","targetHints":{"allow":["GET"]}}],"collection":[{"href":"https:\/\/mihoohealth.com\/es\/wp-json\/wp\/v2\/product"}],"about":[{"href":"https:\/\/mihoohealth.com\/es\/wp-json\/wp\/v2\/types\/product"}],"version-history":[{"count":3,"href":"https:\/\/mihoohealth.com\/es\/wp-json\/wp\/v2\/product\/5074\/revisions"}],"predecessor-version":[{"id":5173,"href":"https:\/\/mihoohealth.com\/es\/wp-json\/wp\/v2\/product\/5074\/revisions\/5173"}],"wp:featuredmedia":[{"embeddable":true,"href":"https:\/\/mihoohealth.com\/es\/wp-json\/wp\/v2\/media\/5075"}],"wp:attachment":[{"href":"https:\/\/mihoohealth.com\/es\/wp-json\/wp\/v2\/media?parent=5074"}],"wp:term":[{"taxonomy":"product_cat","embeddable":true,"href":"https:\/\/mihoohealth.com\/es\/wp-json\/wp\/v2\/product_cat?post=5074"},{"taxonomy":"product_tag","embeddable":true,"href":"https:\/\/mihoohealth.com\/es\/wp-json\/wp\/v2\/product_tag?post=5074"}],"curies":[{"name":"wp","href":"https:\/\/api.w.org\/{rel}","templated":true}]}}