{"id":5063,"date":"2024-08-27T09:47:39","date_gmt":"2024-08-27T09:47:39","guid":{"rendered":"https:\/\/mihoohealth.com\/?post_type=product&#038;p=5063"},"modified":"2024-08-30T08:33:10","modified_gmt":"2024-08-30T08:33:10","slug":"trapezius-neck-massager-mh-by051","status":"publish","type":"product","link":"https:\/\/mihoohealth.com\/es\/product\/trapezius-neck-massager-mh-by051\/","title":{"rendered":"Masajeador de trapecios MH-BY051"},"content":{"rendered":"<p><strong>Descripci\u00f3n del producto<\/strong><\/p>\n<p><img decoding=\"async\" src=\"https:\/\/sc04.alicdn.com\/kf\/H7ee55b00fefb4f8481746c12d4243726W\/273358224\/H7ee55b00fefb4f8481746c12d4243726W.jpg\" \/><\/p>\n<p>El masajeador cervical 3D cuenta con un c\u00f3modo modo de terapia de calor de 42 \u00b0C, que proporciona un calor relajante que favorece la relajaci\u00f3n sin calentar demasiado. El masajeador cervical se cierra autom\u00e1ticamente cada vez que se utiliza durante 15 minutos y puede utilizarse tambi\u00e9n como coj\u00edn masajeador de hombros y espalda.<\/p>\n<div class=\"J_module\">\n<div id=\"ali-anchor-AliMagic-nbzllk\" class=\"magic-0\" data-section=\"AliMagic-nbzllk\" data-section-title=\"Specification\" data-spm-anchor-id=\"a2700.details.0.i48.440b5971J7OTwG\"><strong>Especificaci\u00f3n<\/strong><\/div>\n<\/div>\n<div class=\"J_module\">\n<div class=\"ife-detail-decorate-table\">\n<table class=\"has-title all magic-8\">\n<tbody>\n<tr>\n<td colspan=\"1\" rowspan=\"1\">\n<div class=\"magic-9\">Categor\u00eda de productos<\/div>\n<\/td>\n<td colspan=\"1\" rowspan=\"1\">\n<div class=\"magic-10\">Almohada masajeadora cervical<\/div>\n<\/td>\n<\/tr>\n<tr>\n<td colspan=\"1\" rowspan=\"1\">\n<div class=\"magic-9\">Par\u00e1metros<\/div>\n<\/td>\n<td colspan=\"1\" rowspan=\"1\">\n<div class=\"magic-10\">5V 10W<\/div>\n<\/td>\n<\/tr>\n<tr>\n<td colspan=\"1\" rowspan=\"1\">\n<div class=\"magic-9\">Peso neto<\/div>\n<\/td>\n<td colspan=\"1\" rowspan=\"1\">\n<div class=\"magic-10\">1040G<\/div>\n<\/td>\n<\/tr>\n<tr>\n<td colspan=\"1\" rowspan=\"1\">\n<div class=\"magic-9\">Capacidad de la bater\u00eda<\/div>\n<\/td>\n<td colspan=\"1\" rowspan=\"1\">\n<div class=\"magic-10\">1800mAh<\/div>\n<\/td>\n<\/tr>\n<\/tbody>\n<\/table>\n<p><img decoding=\"async\" src=\"https:\/\/sc04.alicdn.com\/kf\/Ha40196a00816439185b34b579b2de346k\/273358224\/Ha40196a00816439185b34b579b2de346k.jpg\" \/><\/p>\n<p><img decoding=\"async\" src=\"https:\/\/m.media-amazon.com\/images\/S\/aplus-media-library-service-media\/fea6110e-0cbb-4b43-b95a-1b8dd988e387.__CR0,0,970,600_PT0_SX970_V1___.jpg\" alt=\"Neck massager with heat\" \/><\/p>\n<\/div>\n<\/div>","protected":false},"excerpt":{"rendered":"<h5 class=\"a-size-base-plus a-text-bold\">Acerca de este art\u00edculo<\/h5>\n<ul class=\"a-unordered-list a-vertical a-spacing-mini\">\n<li class=\"a-spacing-mini\"><span class=\"a-list-item\">Alivio eficaz del dolor: El masajeador de cuello es una herramienta excepcional para aliviar los dolores y molestias musculares del cuello. Proporciona masajes calmantes que relajan todo el cuerpo simulando un masaje manual real, aliviando la fatiga muscular y reduciendo la rigidez, favoreciendo la circulaci\u00f3n sangu\u00ednea y mejorando el sue\u00f1o.<\/span><\/li>\n<li class=\"a-spacing-mini\"><span class=\"a-list-item\">F\u00e1cil y seguro de manejar: El masajeador de cuello shiatsu es muy f\u00e1cil de usar y cuenta con tres modos diferentes para personalizar su masaje de cuello con la operaci\u00f3n de un solo bot\u00f3n. El dise\u00f1o inal\u00e1mbrico le libera las manos y su portabilidad le permite disfrutar de un masaje relajante en cualquier momento y lugar. La funci\u00f3n de apagado autom\u00e1tico en 10 minutos garantiza la seguridad y evita el uso excesivo.<\/span><\/li>\n<li class=\"a-spacing-mini\"><span class=\"a-list-item\">Dise\u00f1o ergon\u00f3mico: El masajeador cervical cuenta con un dise\u00f1o ergon\u00f3mico que se adapta a las curvas naturales del cuello y los hombros, proporcionando una experiencia de masaje c\u00f3moda y eficaz. La forma cuidadosamente elaborada garantiza un soporte \u00f3ptimo y una distribuci\u00f3n uniforme de la presi\u00f3n, centr\u00e1ndose en \u00e1reas clave para aliviar la tensi\u00f3n y el dolor, manteni\u00e9ndole en \u00f3ptimas condiciones en todo momento. Nota: S\u00f3lo apto para personas que pesen menos de 180 libras.<\/span><\/li>\n<\/ul>","protected":false},"featured_media":5064,"template":"","meta":{"_uag_custom_page_level_css":"","site-sidebar-layout":"default","site-content-layout":"","ast-site-content-layout":"default","site-content-style":"default","site-sidebar-style":"default","ast-global-header-display":"","ast-banner-title-visibility":"","ast-main-header-display":"","ast-hfb-above-header-display":"","ast-hfb-below-header-display":"","ast-hfb-mobile-header-display":"","site-post-title":"","ast-breadcrumbs-content":"","ast-featured-img":"","footer-sml-layout":"","theme-transparent-header-meta":"default","adv-header-id-meta":"","stick-header-meta":"","header-above-stick-meta":"","header-main-stick-meta":"","header-below-stick-meta":"","astra-migrate-meta-layouts":"set","ast-page-background-enabled":"default","ast-page-background-meta":{"desktop":{"background-color":"","background-image":"","background-repeat":"repeat","background-position":"center center","background-size":"auto","background-attachment":"scroll","background-type":"","background-media":"","overlay-type":"","overlay-color":"","overlay-opacity":"","overlay-gradient":""},"tablet":{"background-color":"","background-image":"","background-repeat":"repeat","background-position":"center center","background-size":"auto","background-attachment":"scroll","background-type":"","background-media":"","overlay-type":"","overlay-color":"","overlay-opacity":"","overlay-gradient":""},"mobile":{"background-color":"","background-image":"","background-repeat":"repeat","background-position":"center center","background-size":"auto","background-attachment":"scroll","background-type":"","background-media":"","overlay-type":"","overlay-color":"","overlay-opacity":"","overlay-gradient":""}},"ast-content-background-meta":{"desktop":{"background-color":"var(--ast-global-color-5)","background-image":"","background-repeat":"repeat","background-position":"center center","background-size":"auto","background-attachment":"scroll","background-type":"","background-media":"","overlay-type":"","overlay-color":"","overlay-opacity":"","overlay-gradient":""},"tablet":{"background-color":"var(--ast-global-color-5)","background-image":"","background-repeat":"repeat","background-position":"center center","background-size":"auto","background-attachment":"scroll","background-type":"","background-media":"","overlay-type":"","overlay-color":"","overlay-opacity":"","overlay-gradient":""},"mobile":{"background-color":"var(--ast-global-color-5)","background-image":"","background-repeat":"repeat","background-position":"center center","background-size":"auto","background-attachment":"scroll","background-type":"","background-media":"","overlay-type":"","overlay-color":"","overlay-opacity":"","overlay-gradient":""}}},"product_cat":[15,56,58],"product_tag":[329],"class_list":{"0":"post-5063","1":"product","2":"type-product","3":"status-publish","4":"has-post-thumbnail","6":"product_cat-product","7":"product_cat-see-all-categories","8":"product_cat-shoulder-neck-massager","9":"product_tag-shiatsu-deep-tissue-kneading-massager-pillow","10":"desktop-align-left","11":"tablet-align-left","12":"mobile-align-left","14":"first","15":"instock","16":"shipping-taxable","17":"product-type-simple"},"uagb_featured_image_src":{"full":["https:\/\/mihoohealth.com\/wp-content\/uploads\/2024\/08\/\u963f\u91cc\u4e3b\u56fe1-1.jpg",932,744,false],"thumbnail":["https:\/\/mihoohealth.com\/wp-content\/uploads\/2024\/08\/\u963f\u91cc\u4e3b\u56fe1-1-150x150.jpg",150,150,true],"medium":["https:\/\/mihoohealth.com\/wp-content\/uploads\/2024\/08\/\u963f\u91cc\u4e3b\u56fe1-1-300x239.jpg",300,239,true],"medium_large":["https:\/\/mihoohealth.com\/wp-content\/uploads\/2024\/08\/\u963f\u91cc\u4e3b\u56fe1-1-768x613.jpg",768,613,true],"large":["https:\/\/mihoohealth.com\/wp-content\/uploads\/2024\/08\/\u963f\u91cc\u4e3b\u56fe1-1.jpg",932,744,false],"1536x1536":["https:\/\/mihoohealth.com\/wp-content\/uploads\/2024\/08\/\u963f\u91cc\u4e3b\u56fe1-1.jpg",932,744,false],"2048x2048":["https:\/\/mihoohealth.com\/wp-content\/uploads\/2024\/08\/\u963f\u91cc\u4e3b\u56fe1-1.jpg",932,744,false],"trp-custom-language-flag":["https:\/\/mihoohealth.com\/wp-content\/uploads\/2024\/08\/\u963f\u91cc\u4e3b\u56fe1-1-15x12.jpg",15,12,true],"woocommerce_thumbnail":["https:\/\/mihoohealth.com\/wp-content\/uploads\/2024\/08\/\u963f\u91cc\u4e3b\u56fe1-1-300x300.jpg",300,300,true],"woocommerce_single":["https:\/\/mihoohealth.com\/wp-content\/uploads\/2024\/08\/\u963f\u91cc\u4e3b\u56fe1-1-600x479.jpg",600,479,true],"woocommerce_gallery_thumbnail":["https:\/\/mihoohealth.com\/wp-content\/uploads\/2024\/08\/\u963f\u91cc\u4e3b\u56fe1-1-100x100.jpg",100,100,true]},"uagb_author_info":{"display_name":"amylau07081@gmail.com","author_link":"https:\/\/mihoohealth.com\/es\/author\/"},"uagb_comment_info":0,"uagb_excerpt":"About this item Effective Pain Relief: The neck massager is an exceptional tool for relieving neck muscle soreness and discomfort. It provides soothing massages that relax the entire body by simulating real-hand massage, relieving muscle fatigue and reducing stiffness, promoting blood circulation, improving sleep. Easy and Safe to Operate: The shiatsu neck massager is very&hellip;","_links":{"self":[{"href":"https:\/\/mihoohealth.com\/es\/wp-json\/wp\/v2\/product\/5063","targetHints":{"allow":["GET"]}}],"collection":[{"href":"https:\/\/mihoohealth.com\/es\/wp-json\/wp\/v2\/product"}],"about":[{"href":"https:\/\/mihoohealth.com\/es\/wp-json\/wp\/v2\/types\/product"}],"version-history":[{"count":3,"href":"https:\/\/mihoohealth.com\/es\/wp-json\/wp\/v2\/product\/5063\/revisions"}],"predecessor-version":[{"id":5171,"href":"https:\/\/mihoohealth.com\/es\/wp-json\/wp\/v2\/product\/5063\/revisions\/5171"}],"wp:featuredmedia":[{"embeddable":true,"href":"https:\/\/mihoohealth.com\/es\/wp-json\/wp\/v2\/media\/5064"}],"wp:attachment":[{"href":"https:\/\/mihoohealth.com\/es\/wp-json\/wp\/v2\/media?parent=5063"}],"wp:term":[{"taxonomy":"product_cat","embeddable":true,"href":"https:\/\/mihoohealth.com\/es\/wp-json\/wp\/v2\/product_cat?post=5063"},{"taxonomy":"product_tag","embeddable":true,"href":"https:\/\/mihoohealth.com\/es\/wp-json\/wp\/v2\/product_tag?post=5063"}],"curies":[{"name":"wp","href":"https:\/\/api.w.org\/{rel}","templated":true}]}}