{"id":5055,"date":"2024-08-27T09:31:33","date_gmt":"2024-08-27T09:31:33","guid":{"rendered":"https:\/\/mihoohealth.com\/?post_type=product&#038;p=5055"},"modified":"2024-08-30T08:26:26","modified_gmt":"2024-08-30T08:26:26","slug":"eye-massager-mh-223","status":"publish","type":"product","link":"https:\/\/mihoohealth.com\/es\/product\/eye-massager-mh-223\/","title":{"rendered":"Masajeador ocular MH-223"},"content":{"rendered":"<p><strong>Descripci\u00f3n del producto<\/strong><\/p>\n<p><img decoding=\"async\" src=\"https:\/\/sc04.alicdn.com\/kf\/Hf06d374d567b4b14aab793072f6ada78h\/273358224\/Hf06d374d567b4b14aab793072f6ada78h.jpg\" \/><\/p>\n<p><span data-spm-anchor-id=\"a2700.details.0.i45.63cd1a64GYBoti\">TUS OJOS NECESITAN TUS CUIDADOS<br \/>\nLos estudios han demostrado que el tiempo de pantalla prolongado, el sue\u00f1o insuficiente, el estudio hasta altas horas de la noche, el estr\u00e9s laboral, la lectura, los viajes largos, etc. Todas estas actividades pueden provocar sequedad ocular.<\/span><\/p>\n<p><span style=\"font-size: 16px;\">Utilice nuestro masajeador de ojos, sin necesidad de acudir a un costoso masajista facial profesional, qu\u00e9dese en casa y p\u00f3ngase su masajeador de ojos para reducir eficazmente la sequedad ocular, las bolsas y las ojeras, mejorar la calidad del sue\u00f1o y potenciar la elasticidad de la piel.<\/span><\/p>\n<div class=\"J_module\">\n<div id=\"ali-anchor-AliMagic-j6v1wu\" class=\"magic-0\" data-section=\"AliMagic-j6v1wu\" data-section-title=\"Specification\" data-spm-anchor-id=\"a2700.details.0.i46.63cd1a64GYBoti\"><strong>Especificaci\u00f3n<\/strong><\/div>\n<\/div>\n<div class=\"J_module\">\n<div class=\"ife-detail-decorate-table\">\n<table class=\"has-title all magic-8\">\n<tbody>\n<tr>\n<td colspan=\"1\" rowspan=\"1\">\n<div class=\"magic-9\">Categor\u00eda de productos<\/div>\n<\/td>\n<td colspan=\"1\" rowspan=\"1\">\n<div class=\"magic-10\">Masajeador ocular<\/div>\n<\/td>\n<\/tr>\n<tr>\n<td colspan=\"1\" rowspan=\"1\">\n<div class=\"magic-9\">Par\u00e1metros<\/div>\n<\/td>\n<td colspan=\"1\" rowspan=\"1\">\n<div class=\"magic-10\">5V.    4W<\/div>\n<\/td>\n<\/tr>\n<tr>\n<td colspan=\"1\" rowspan=\"1\">\n<div class=\"magic-9\">40\u00b12 \u00b0CTemperatura de calentamiento<\/div>\n<\/td>\n<td colspan=\"1\" rowspan=\"1\">\n<div class=\"magic-10\">40\u00b12 \u00b0C<\/div>\n<\/td>\n<\/tr>\n<tr>\n<td colspan=\"1\" rowspan=\"1\">\n<div class=\"magic-9\">capacidad de la bater\u00eda<\/div>\n<\/td>\n<td colspan=\"1\" rowspan=\"1\">\n<div class=\"magic-10\">1200mAh<\/div>\n<\/td>\n<\/tr>\n<\/tbody>\n<\/table>\n<p><img decoding=\"async\" src=\"https:\/\/sc04.alicdn.com\/kf\/Hf00a3347541745a6bb125d8d8d9fbec9i\/273358224\/Hf00a3347541745a6bb125d8d8d9fbec9i.jpg\" \/><\/p>\n<p><img decoding=\"async\" src=\"https:\/\/sc04.alicdn.com\/kf\/Hab8ad87b5f1f40ee8fcb0d62083015e1n\/273358224\/Hab8ad87b5f1f40ee8fcb0d62083015e1n.jpg\" \/><\/p>\n<p><img decoding=\"async\" src=\"https:\/\/sc04.alicdn.com\/kf\/H76a8a2705870470fa7523faaf84e5ec6X\/273358224\/H76a8a2705870470fa7523faaf84e5ec6X.jpg\" \/><\/p>\n<\/div>\n<\/div>","protected":false},"excerpt":{"rendered":"<h5 class=\"a-size-base-plus a-text-bold\">Acerca de este art\u00edculo<\/h5>\n<ul class=\"a-unordered-list a-vertical a-spacing-mini\">\n<li class=\"a-spacing-mini\"><span class=\"a-list-item\">\ud835\udde9\ud835\uddf6\ud835\ude00\ud835\uddf6\ud835\uddfc\ud835\uddfb \ud835\uddea\ud835\uddf6\ud835\uddfb\ud835\uddf1\ud835\uddfc\ud835\ude04\ud835\ude00 \ud835\uddd7\ud835\uddf2\ud835\ude00\ud835\uddf6\ud835\uddf4\ud835\uddfb - Con las mallas de visi\u00f3n y el funcionamiento con un solo bot\u00f3n, puede disfrutar del entretenimiento, comer algo, mantener la seguridad y el equilibrio mientras relaja los ojos.<\/span><\/li>\n<li class=\"a-spacing-mini\"><span class=\"a-list-item\">\ud835\uddd6\ud835\uddfc\ud835\uddfa\ud835\uddf3\ud835\uddfc\ud835\uddff\ud835\ude01\ud835\uddee\ud835\uddef\ud835\uddf9\ud835\uddf2 \ud835\udddb\ud835\uddf2\ud835\uddee\ud835\ude01\ud835\uddf6\ud835\uddfb\ud835\uddf4 \ud835\udde0\ud835\uddee\ud835\ude00\ud835\ude00\ud835\uddee\ud835\uddf4\ud835\uddf2- El masajeador de ojos por conducci\u00f3n \u00f3sea dispone de suaves almohadillas calientes para los ojos con una temperatura de calentamiento de 104-107\u00b0F para reducir eficazmente la tensi\u00f3n, la hinchaz\u00f3n, la sequedad y las ojeras.<\/span><\/li>\n<li>I\ud835\uddfa\ud835\uddfa\ud835\uddf2\ud835\uddff\ud835\ude00\ud835\uddf6\ud835\ude03\ud835\uddf2 \ud835\uddd8\ud835\ude06\ud835\uddf2 \ud835\udde3\ud835\uddff\ud835\uddfc\ud835\ude01\ud835\uddf2\ud835\uddf0\ud835\ude01\ud835\uddf6\ud835\uddfc\ud835\uddfb -Pro ojo masajeador viene con m\u00fasica relajante, tambi\u00e9n puede optar por conectarse a un reproductor de m\u00fasica del tel\u00e9fono m\u00f3vil a trav\u00e9s de Bluetooth para elegir su m\u00fasica favorita. Immese para usted, otros no pueden hhearlo.<\/li>\n<\/ul>","protected":false},"featured_media":5056,"template":"","meta":{"_uag_custom_page_level_css":"","site-sidebar-layout":"default","site-content-layout":"","ast-site-content-layout":"default","site-content-style":"default","site-sidebar-style":"default","ast-global-header-display":"","ast-banner-title-visibility":"","ast-main-header-display":"","ast-hfb-above-header-display":"","ast-hfb-below-header-display":"","ast-hfb-mobile-header-display":"","site-post-title":"","ast-breadcrumbs-content":"","ast-featured-img":"","footer-sml-layout":"","theme-transparent-header-meta":"default","adv-header-id-meta":"","stick-header-meta":"","header-above-stick-meta":"","header-main-stick-meta":"","header-below-stick-meta":"","astra-migrate-meta-layouts":"set","ast-page-background-enabled":"default","ast-page-background-meta":{"desktop":{"background-color":"","background-image":"","background-repeat":"repeat","background-position":"center center","background-size":"auto","background-attachment":"scroll","background-type":"","background-media":"","overlay-type":"","overlay-color":"","overlay-opacity":"","overlay-gradient":""},"tablet":{"background-color":"","background-image":"","background-repeat":"repeat","background-position":"center center","background-size":"auto","background-attachment":"scroll","background-type":"","background-media":"","overlay-type":"","overlay-color":"","overlay-opacity":"","overlay-gradient":""},"mobile":{"background-color":"","background-image":"","background-repeat":"repeat","background-position":"center center","background-size":"auto","background-attachment":"scroll","background-type":"","background-media":"","overlay-type":"","overlay-color":"","overlay-opacity":"","overlay-gradient":""}},"ast-content-background-meta":{"desktop":{"background-color":"var(--ast-global-color-5)","background-image":"","background-repeat":"repeat","background-position":"center center","background-size":"auto","background-attachment":"scroll","background-type":"","background-media":"","overlay-type":"","overlay-color":"","overlay-opacity":"","overlay-gradient":""},"tablet":{"background-color":"var(--ast-global-color-5)","background-image":"","background-repeat":"repeat","background-position":"center center","background-size":"auto","background-attachment":"scroll","background-type":"","background-media":"","overlay-type":"","overlay-color":"","overlay-opacity":"","overlay-gradient":""},"mobile":{"background-color":"var(--ast-global-color-5)","background-image":"","background-repeat":"repeat","background-position":"center center","background-size":"auto","background-attachment":"scroll","background-type":"","background-media":"","overlay-type":"","overlay-color":"","overlay-opacity":"","overlay-gradient":""}}},"product_cat":[15,65,56],"product_tag":[328],"class_list":{"0":"post-5055","1":"product","2":"type-product","3":"status-publish","4":"has-post-thumbnail","6":"product_cat-product","7":"product_cat-other-massager","8":"product_cat-see-all-categories","9":"product_tag-heated-eye-massager","10":"desktop-align-left","11":"tablet-align-left","12":"mobile-align-left","14":"first","15":"instock","16":"shipping-taxable","17":"product-type-simple"},"uagb_featured_image_src":{"full":["https:\/\/mihoohealth.com\/wp-content\/uploads\/2024\/08\/223-eye-massager_.png",1200,1200,false],"thumbnail":["https:\/\/mihoohealth.com\/wp-content\/uploads\/2024\/08\/223-eye-massager_-150x150.png",150,150,true],"medium":["https:\/\/mihoohealth.com\/wp-content\/uploads\/2024\/08\/223-eye-massager_-300x300.png",300,300,true],"medium_large":["https:\/\/mihoohealth.com\/wp-content\/uploads\/2024\/08\/223-eye-massager_-768x768.png",768,768,true],"large":["https:\/\/mihoohealth.com\/wp-content\/uploads\/2024\/08\/223-eye-massager_-1024x1024.png",1024,1024,true],"1536x1536":["https:\/\/mihoohealth.com\/wp-content\/uploads\/2024\/08\/223-eye-massager_.png",1200,1200,false],"2048x2048":["https:\/\/mihoohealth.com\/wp-content\/uploads\/2024\/08\/223-eye-massager_.png",1200,1200,false],"trp-custom-language-flag":["https:\/\/mihoohealth.com\/wp-content\/uploads\/2024\/08\/223-eye-massager_-12x12.png",12,12,true],"woocommerce_thumbnail":["https:\/\/mihoohealth.com\/wp-content\/uploads\/2024\/08\/223-eye-massager_-300x300.png",300,300,true],"woocommerce_single":["https:\/\/mihoohealth.com\/wp-content\/uploads\/2024\/08\/223-eye-massager_-600x600.png",600,600,true],"woocommerce_gallery_thumbnail":["https:\/\/mihoohealth.com\/wp-content\/uploads\/2024\/08\/223-eye-massager_-100x100.png",100,100,true]},"uagb_author_info":{"display_name":"amylau07081@gmail.com","author_link":"https:\/\/mihoohealth.com\/es\/author\/"},"uagb_comment_info":0,"uagb_excerpt":"About this item \ud835\udde9\ud835\uddf6\ud835\ude00\ud835\uddf6\ud835\uddfc\ud835\uddfb \ud835\uddea\ud835\uddf6\ud835\uddfb\ud835\uddf1\ud835\uddfc\ud835\ude04\ud835\ude00 \ud835\uddd7\ud835\uddf2\ud835\ude00\ud835\uddf6\ud835\uddf4\ud835\uddfb - With vision meshes and one-button operation, you can enjoy entertainment, eat something, keep safety and balance while relaxing the eyes. \ud835\uddd6\ud835\uddfc\ud835\uddfa\ud835\uddf3\ud835\uddfc\ud835\uddff\ud835\ude01\ud835\uddee\ud835\uddef\ud835\uddf9\ud835\uddf2 \ud835\udddb\ud835\uddf2\ud835\uddee\ud835\ude01\ud835\uddf6\ud835\uddfb\ud835\uddf4 \ud835\udde0\ud835\uddee\ud835\ude00\ud835\ude00\ud835\uddee\ud835\uddf4\ud835\uddf2- bone conduction eye massager features gentle warm eye pads with a heating temperature of 104-107\u00b0F to effectively reduce strain, puffiness, dryness, and dark circles. I\ud835\uddfa\ud835\uddfa\ud835\uddf2\ud835\uddff\ud835\ude00\ud835\uddf6\ud835\ude03\ud835\uddf2&hellip;","_links":{"self":[{"href":"https:\/\/mihoohealth.com\/es\/wp-json\/wp\/v2\/product\/5055","targetHints":{"allow":["GET"]}}],"collection":[{"href":"https:\/\/mihoohealth.com\/es\/wp-json\/wp\/v2\/product"}],"about":[{"href":"https:\/\/mihoohealth.com\/es\/wp-json\/wp\/v2\/types\/product"}],"version-history":[{"count":3,"href":"https:\/\/mihoohealth.com\/es\/wp-json\/wp\/v2\/product\/5055\/revisions"}],"predecessor-version":[{"id":5168,"href":"https:\/\/mihoohealth.com\/es\/wp-json\/wp\/v2\/product\/5055\/revisions\/5168"}],"wp:featuredmedia":[{"embeddable":true,"href":"https:\/\/mihoohealth.com\/es\/wp-json\/wp\/v2\/media\/5056"}],"wp:attachment":[{"href":"https:\/\/mihoohealth.com\/es\/wp-json\/wp\/v2\/media?parent=5055"}],"wp:term":[{"taxonomy":"product_cat","embeddable":true,"href":"https:\/\/mihoohealth.com\/es\/wp-json\/wp\/v2\/product_cat?post=5055"},{"taxonomy":"product_tag","embeddable":true,"href":"https:\/\/mihoohealth.com\/es\/wp-json\/wp\/v2\/product_tag?post=5055"}],"curies":[{"name":"wp","href":"https:\/\/api.w.org\/{rel}","templated":true}]}}