{"id":5018,"date":"2024-08-27T06:32:20","date_gmt":"2024-08-27T06:32:20","guid":{"rendered":"https:\/\/mihoohealth.com\/?post_type=product&#038;p=5018"},"modified":"2024-08-30T07:57:08","modified_gmt":"2024-08-30T07:57:08","slug":"mh-6806-compression-leg-massager","status":"publish","type":"product","link":"https:\/\/mihoohealth.com\/es\/product\/mh-6806-compression-leg-massager\/","title":{"rendered":"Masajeador de piernas de compresi\u00f3n MH-6806"},"content":{"rendered":"<h5 id=\"more-detail\" class=\"att-title\" data-spm-anchor-id=\"a2700.details.0.i46.2e8a2b551z2Qju\">Descripci\u00f3n de los productos<\/h5>\n<p><img decoding=\"async\" src=\"https:\/\/sc04.alicdn.com\/kf\/H93f3fa97dabc40fab3aa2c75bb0594a34\/273358224\/H93f3fa97dabc40fab3aa2c75bb0594a34.png\" \/><\/p>\n<p>Masajeador de pantorrillas y piernas con calor y vibraci\u00f3n<\/p>\n<p>Alivia la fatiga y las molestias de las piernas despu\u00e9s de trabajar o conducir, mejora la circulaci\u00f3n de la pantorrilla a las piernas, \u00fatil para las venas varicosas, calambres, hinchaz\u00f3n y edema.<\/p>\n<p><img decoding=\"async\" src=\"https:\/\/sc04.alicdn.com\/kf\/Hd17df318b2f04a1985496e29aef71a61z\/273358224\/Hd17df318b2f04a1985496e29aef71a61z.png\" \/><\/p>\n<p><img fetchpriority=\"high\" decoding=\"async\" class=\"\" src=\"https:\/\/sc04.alicdn.com\/kf\/H25736bb61f4541f98b4f9714ae5e2b32t\/273358224\/H25736bb61f4541f98b4f9714ae5e2b32t.png\" width=\"745\" height=\"529\" \/><\/p>","protected":false},"excerpt":{"rendered":"<h5 class=\"a-size-base-plus a-text-bold\">Acerca de este art\u00edculo<\/h5>\n<ul class=\"a-unordered-list a-vertical a-spacing-mini\">\n<li class=\"a-spacing-mini\"><span class=\"a-list-item\">\u3010Upgraded Massage Techniques\u3011Masajeador de piernas para la circulaci\u00f3n tiene funci\u00f3n de calentamiento completo de las piernas, 3 nivel de calefacci\u00f3n (opcionalmente cerrado), 3 intensidades, 3 modos, 20 minutos de dise\u00f1o de apagado autom\u00e1tico. Equipado controlador de mano con pantalla LCD, F\u00e1cil de usar, Funcionan tan bien como el terapeuta de masaje. Las bolsas de aire mejoradas se inflan y desinflan de forma r\u00e1pida y estable, y la t\u00e9cnica de masaje es m\u00e1s c\u00f3moda y realista.<\/span><\/li>\n<li class=\"a-spacing-mini\"><span class=\"a-list-item\">\u3010Sequential Compression Device\u3011Este masajeador de piernas de compresi\u00f3n de aire puede aliviar el dolor de piernas, fatiga, dolor muscular, esguinces de piernas. Adecuado para personas con problemas en las piernas como venas varicosas, piernas inquietas, linfedema. Ideal para trabajadores de pie, corredores, ciclistas. Trabaja en silencio, puede usarlo mientras descansa en casa o trabaja en la oficina.<\/span><\/li>\n<li class=\"a-spacing-mini\"><span class=\"a-list-item\">\u3010Adjustable Leg Wraps Size\u3011Este masajeador de circulaci\u00f3n para las piernas est\u00e1 muy bien hecho, puede utilizar las 2 extensiones incluidas, hasta 36.5\u2033 para el muslo y 28.5\u2033 para la pantorrilla. Este masajeador de compresi\u00f3n de la pierna es ligero, se puede plegar f\u00e1cilmente y ponerlo en la bolsa de transporte equipada en pocos minutos.<\/span><\/li>\n<li class=\"a-spacing-mini\"><span class=\"a-list-item\">\u3010Ergonomic Massage\u3011\u00a1Este masajeador de piernas con calefacci\u00f3n realmente se siente como si sus piernas estuvieran siendo masajeadas por una persona! La combinaci\u00f3n de la terapia de compresi\u00f3n y calefacci\u00f3n puede promover eficazmente la circulaci\u00f3n sangu\u00ednea en las piernas. El masaje es profesional que es muy decente para uso en el hogar. Gran terapia de calor de compresi\u00f3n<\/span><\/li>\n<\/ul>","protected":false},"featured_media":5019,"template":"","meta":{"_uag_custom_page_level_css":"","site-sidebar-layout":"default","site-content-layout":"","ast-site-content-layout":"default","site-content-style":"default","site-sidebar-style":"default","ast-global-header-display":"","ast-banner-title-visibility":"","ast-main-header-display":"","ast-hfb-above-header-display":"","ast-hfb-below-header-display":"","ast-hfb-mobile-header-display":"","site-post-title":"","ast-breadcrumbs-content":"","ast-featured-img":"","footer-sml-layout":"","theme-transparent-header-meta":"default","adv-header-id-meta":"","stick-header-meta":"","header-above-stick-meta":"","header-main-stick-meta":"","header-below-stick-meta":"","astra-migrate-meta-layouts":"set","ast-page-background-enabled":"default","ast-page-background-meta":{"desktop":{"background-color":"","background-image":"","background-repeat":"repeat","background-position":"center center","background-size":"auto","background-attachment":"scroll","background-type":"","background-media":"","overlay-type":"","overlay-color":"","overlay-opacity":"","overlay-gradient":""},"tablet":{"background-color":"","background-image":"","background-repeat":"repeat","background-position":"center center","background-size":"auto","background-attachment":"scroll","background-type":"","background-media":"","overlay-type":"","overlay-color":"","overlay-opacity":"","overlay-gradient":""},"mobile":{"background-color":"","background-image":"","background-repeat":"repeat","background-position":"center center","background-size":"auto","background-attachment":"scroll","background-type":"","background-media":"","overlay-type":"","overlay-color":"","overlay-opacity":"","overlay-gradient":""}},"ast-content-background-meta":{"desktop":{"background-color":"var(--ast-global-color-5)","background-image":"","background-repeat":"repeat","background-position":"center center","background-size":"auto","background-attachment":"scroll","background-type":"","background-media":"","overlay-type":"","overlay-color":"","overlay-opacity":"","overlay-gradient":""},"tablet":{"background-color":"var(--ast-global-color-5)","background-image":"","background-repeat":"repeat","background-position":"center center","background-size":"auto","background-attachment":"scroll","background-type":"","background-media":"","overlay-type":"","overlay-color":"","overlay-opacity":"","overlay-gradient":""},"mobile":{"background-color":"var(--ast-global-color-5)","background-image":"","background-repeat":"repeat","background-position":"center center","background-size":"auto","background-attachment":"scroll","background-type":"","background-media":"","overlay-type":"","overlay-color":"","overlay-opacity":"","overlay-gradient":""}}},"product_cat":[15,61,56],"product_tag":[],"class_list":{"0":"post-5018","1":"product","2":"type-product","3":"status-publish","4":"has-post-thumbnail","6":"product_cat-product","7":"product_cat-air-compression-massager","8":"product_cat-see-all-categories","9":"desktop-align-left","10":"tablet-align-left","11":"mobile-align-left","13":"first","14":"instock","15":"shipping-taxable","16":"product-type-simple"},"uagb_featured_image_src":{"full":["https:\/\/mihoohealth.com\/wp-content\/uploads\/2024\/08\/main-proudct.jpg",650,650,false],"thumbnail":["https:\/\/mihoohealth.com\/wp-content\/uploads\/2024\/08\/main-proudct-150x150.jpg",150,150,true],"medium":["https:\/\/mihoohealth.com\/wp-content\/uploads\/2024\/08\/main-proudct-300x300.jpg",300,300,true],"medium_large":["https:\/\/mihoohealth.com\/wp-content\/uploads\/2024\/08\/main-proudct.jpg",650,650,false],"large":["https:\/\/mihoohealth.com\/wp-content\/uploads\/2024\/08\/main-proudct.jpg",650,650,false],"1536x1536":["https:\/\/mihoohealth.com\/wp-content\/uploads\/2024\/08\/main-proudct.jpg",650,650,false],"2048x2048":["https:\/\/mihoohealth.com\/wp-content\/uploads\/2024\/08\/main-proudct.jpg",650,650,false],"trp-custom-language-flag":["https:\/\/mihoohealth.com\/wp-content\/uploads\/2024\/08\/main-proudct-12x12.jpg",12,12,true],"woocommerce_thumbnail":["https:\/\/mihoohealth.com\/wp-content\/uploads\/2024\/08\/main-proudct-300x300.jpg",300,300,true],"woocommerce_single":["https:\/\/mihoohealth.com\/wp-content\/uploads\/2024\/08\/main-proudct-600x600.jpg",600,600,true],"woocommerce_gallery_thumbnail":["https:\/\/mihoohealth.com\/wp-content\/uploads\/2024\/08\/main-proudct-100x100.jpg",100,100,true]},"uagb_author_info":{"display_name":"amylau07081@gmail.com","author_link":"https:\/\/mihoohealth.com\/es\/author\/"},"uagb_comment_info":0,"uagb_excerpt":"About this item \u3010Upgraded Massage Techniques\u3011Leg massager for circulation has full leg heating function, 3 heating level (optionally closed), 3 intensities, 3 modes, 20-minute auto shut-off design. Equipped hand controller with LCD screen, Easy to use, They work just as good as the massage therapist. The upgraded airbags inflate and deflate quickly and stably, and&hellip;","_links":{"self":[{"href":"https:\/\/mihoohealth.com\/es\/wp-json\/wp\/v2\/product\/5018","targetHints":{"allow":["GET"]}}],"collection":[{"href":"https:\/\/mihoohealth.com\/es\/wp-json\/wp\/v2\/product"}],"about":[{"href":"https:\/\/mihoohealth.com\/es\/wp-json\/wp\/v2\/types\/product"}],"version-history":[{"count":4,"href":"https:\/\/mihoohealth.com\/es\/wp-json\/wp\/v2\/product\/5018\/revisions"}],"predecessor-version":[{"id":5160,"href":"https:\/\/mihoohealth.com\/es\/wp-json\/wp\/v2\/product\/5018\/revisions\/5160"}],"wp:featuredmedia":[{"embeddable":true,"href":"https:\/\/mihoohealth.com\/es\/wp-json\/wp\/v2\/media\/5019"}],"wp:attachment":[{"href":"https:\/\/mihoohealth.com\/es\/wp-json\/wp\/v2\/media?parent=5018"}],"wp:term":[{"taxonomy":"product_cat","embeddable":true,"href":"https:\/\/mihoohealth.com\/es\/wp-json\/wp\/v2\/product_cat?post=5018"},{"taxonomy":"product_tag","embeddable":true,"href":"https:\/\/mihoohealth.com\/es\/wp-json\/wp\/v2\/product_tag?post=5018"}],"curies":[{"name":"wp","href":"https:\/\/api.w.org\/{rel}","templated":true}]}}