{"id":4996,"date":"2024-08-27T06:10:19","date_gmt":"2024-08-27T06:10:19","guid":{"rendered":"https:\/\/mihoohealth.com\/?post_type=product&#038;p=4996"},"modified":"2024-08-30T07:18:48","modified_gmt":"2024-08-30T07:18:48","slug":"neck-shoulder-massager-mh-by050","status":"publish","type":"product","link":"https:\/\/mihoohealth.com\/es\/product\/neck-shoulder-massager-mh-by050\/","title":{"rendered":"Masajeador de cuello y hombros MH-BY050"},"content":{"rendered":"<p><strong>Descripci\u00f3n del producto<\/strong><\/p>\n<p><img decoding=\"async\" src=\"https:\/\/sc04.alicdn.com\/kf\/Hb001816bdc384dbf84249432ba7352aeh\/273358224\/Hb001816bdc384dbf84249432ba7352aeh.jpg\" \/><\/p>\n<p>El masajeador mejorado ampl\u00eda el alcance del masaje. Dir\u00edgete a los m\u00fasculos trapecios del cuello con su amasado shiatsu 3D, la distribuci\u00f3n a distancia de las perlas de masaje ampl\u00eda el rango de masaje y toca m\u00e1s m\u00fasculos para aliviar la fatiga, dolores corporales, calambres y tensiones.<\/p>\n<div class=\"J_module\">\n<div id=\"ali-anchor-AliMagic-ggjcmr\" class=\"magic-3\" data-section=\"AliMagic-ggjcmr\" data-section-title=\"Specification\" data-spm-anchor-id=\"a2700.details.0.i55.724ac070pxB2sa\">Especificaci\u00f3n<\/div>\n<\/div>\n<div class=\"J_module\">\n<div class=\"ife-detail-decorate-table\">\n<table class=\"has-title all magic-8\">\n<tbody>\n<tr>\n<td colspan=\"1\" rowspan=\"1\">\n<div class=\"magic-9\">Categor\u00eda de productos<\/div>\n<\/td>\n<td colspan=\"1\" rowspan=\"1\">\n<div class=\"magic-10\">Masajeador de cuello y hombros<\/div>\n<\/td>\n<\/tr>\n<tr>\n<td colspan=\"1\" rowspan=\"1\">\n<div class=\"magic-9\">Par\u00e1metros<\/div>\n<\/td>\n<td colspan=\"1\" rowspan=\"1\">\n<div class=\"magic-10\">DC5V ,1800mAh capacidad de la bater\u00eda<\/div>\n<\/td>\n<\/tr>\n<tr>\n<td colspan=\"1\" rowspan=\"1\">\n<div class=\"magic-9\">Peso neto<\/div>\n<\/td>\n<td colspan=\"1\" rowspan=\"1\">\n<div class=\"magic-10\">1.3KG<\/div>\n<\/td>\n<\/tr>\n<tr>\n<td colspan=\"1\" rowspan=\"1\">\n<div class=\"magic-9\">Tama\u00f1o del producto<\/div>\n<\/td>\n<td colspan=\"1\" rowspan=\"1\">\n<div class=\"magic-10\">15,6*6,4*8,8 pulgadas<\/div>\n<\/td>\n<\/tr>\n<\/tbody>\n<\/table>\n<p><img decoding=\"async\" src=\"https:\/\/sc04.alicdn.com\/kf\/H876e6ca4ce09447b901a73b7f707a29fq\/273358224\/H876e6ca4ce09447b901a73b7f707a29fq.jpg\" \/><\/p>\n<\/div>\n<\/div>","protected":false},"excerpt":{"rendered":"<h5 class=\"a-size-base-plus a-text-bold\">Acerca de este art\u00edculo<\/h5>\n<ul class=\"a-unordered-list a-vertical a-spacing-mini\">\n<li class=\"a-spacing-mini\"><span class=\"a-list-item\">Cabezales de masaje 5D patentados para un masaje completo- Con seis cabezales de masaje 5D, MINI puede llegar a 30% zonas de masaje m\u00e1s amplias, desde el cuello hasta los trapecios y los hombros. Adem\u00e1s, los cabezales de masaje est\u00e1n recubiertos de caucho de silicona, que es m\u00e1s suave que los cabezales de metal, lo que proporciona a su piel un tacto suave.<\/span><\/li>\n<li class=\"a-spacing-mini\"><span class=\"a-list-item\">Dise\u00f1o ergon\u00f3mico para una experiencia de masaje con manos humanas- Siguiendo las t\u00e9cnicas de masaje de los terapeutas, el masajeador cervical profesional imita el movimiento real de las manos humanas, que puede llegar f\u00e1cilmente a los tejidos profundos, aliviando la fatiga muscular. Adem\u00e1s, hay 2 ajustes de compresa de calor para que usted elija lo que puede ayudar a aliviar su dolor de hombro y cuello.<\/span><\/li>\n<li>El dise\u00f1o port\u00e1til para llevar en la mochila libera las manos para el trabajo diario.  Este masajeador de cuello es peque\u00f1o en tama\u00f1o, pero grande en rendimiento. Con s\u00f3lo 2,75 libras de peso, usted puede llevarlo con correas si usted est\u00e1 en casa o en la oficina sin ninguna carga en el hombro.<\/li>\n<li>La bater\u00eda de litio de alta calidad proporciona un tiempo de uso prolongado- Adopta una bater\u00eda de litio de 2.500mAh de alta calidad, el cuello y el hombro con calor pueden cumplir una semana de 10 minutos de uso diario con una carga completa. Y la cubierta de tela de los cabezales de masaje es desmontable para su limpieza, manteniendo su masaje limpio y fresco siempre.<\/li>\n<\/ul>","protected":false},"featured_media":4997,"template":"","meta":{"_uag_custom_page_level_css":"","site-sidebar-layout":"default","site-content-layout":"","ast-site-content-layout":"default","site-content-style":"default","site-sidebar-style":"default","ast-global-header-display":"","ast-banner-title-visibility":"","ast-main-header-display":"","ast-hfb-above-header-display":"","ast-hfb-below-header-display":"","ast-hfb-mobile-header-display":"","site-post-title":"","ast-breadcrumbs-content":"","ast-featured-img":"","footer-sml-layout":"","theme-transparent-header-meta":"default","adv-header-id-meta":"","stick-header-meta":"","header-above-stick-meta":"","header-main-stick-meta":"","header-below-stick-meta":"","astra-migrate-meta-layouts":"set","ast-page-background-enabled":"default","ast-page-background-meta":{"desktop":{"background-color":"","background-image":"","background-repeat":"repeat","background-position":"center center","background-size":"auto","background-attachment":"scroll","background-type":"","background-media":"","overlay-type":"","overlay-color":"","overlay-opacity":"","overlay-gradient":""},"tablet":{"background-color":"","background-image":"","background-repeat":"repeat","background-position":"center center","background-size":"auto","background-attachment":"scroll","background-type":"","background-media":"","overlay-type":"","overlay-color":"","overlay-opacity":"","overlay-gradient":""},"mobile":{"background-color":"","background-image":"","background-repeat":"repeat","background-position":"center center","background-size":"auto","background-attachment":"scroll","background-type":"","background-media":"","overlay-type":"","overlay-color":"","overlay-opacity":"","overlay-gradient":""}},"ast-content-background-meta":{"desktop":{"background-color":"var(--ast-global-color-5)","background-image":"","background-repeat":"repeat","background-position":"center center","background-size":"auto","background-attachment":"scroll","background-type":"","background-media":"","overlay-type":"","overlay-color":"","overlay-opacity":"","overlay-gradient":""},"tablet":{"background-color":"var(--ast-global-color-5)","background-image":"","background-repeat":"repeat","background-position":"center center","background-size":"auto","background-attachment":"scroll","background-type":"","background-media":"","overlay-type":"","overlay-color":"","overlay-opacity":"","overlay-gradient":""},"mobile":{"background-color":"var(--ast-global-color-5)","background-image":"","background-repeat":"repeat","background-position":"center center","background-size":"auto","background-attachment":"scroll","background-type":"","background-media":"","overlay-type":"","overlay-color":"","overlay-opacity":"","overlay-gradient":""}}},"product_cat":[15,56,58],"product_tag":[],"class_list":{"0":"post-4996","1":"product","2":"type-product","3":"status-publish","4":"has-post-thumbnail","6":"product_cat-product","7":"product_cat-see-all-categories","8":"product_cat-shoulder-neck-massager","9":"desktop-align-left","10":"tablet-align-left","11":"mobile-align-left","13":"first","14":"instock","15":"shipping-taxable","16":"product-type-simple"},"uagb_featured_image_src":{"full":["https:\/\/mihoohealth.com\/wp-content\/uploads\/2024\/08\/\u963f\u91cc\u4e3b\u56fe2.jpg",650,650,false],"thumbnail":["https:\/\/mihoohealth.com\/wp-content\/uploads\/2024\/08\/\u963f\u91cc\u4e3b\u56fe2-150x150.jpg",150,150,true],"medium":["https:\/\/mihoohealth.com\/wp-content\/uploads\/2024\/08\/\u963f\u91cc\u4e3b\u56fe2-300x300.jpg",300,300,true],"medium_large":["https:\/\/mihoohealth.com\/wp-content\/uploads\/2024\/08\/\u963f\u91cc\u4e3b\u56fe2.jpg",650,650,false],"large":["https:\/\/mihoohealth.com\/wp-content\/uploads\/2024\/08\/\u963f\u91cc\u4e3b\u56fe2.jpg",650,650,false],"1536x1536":["https:\/\/mihoohealth.com\/wp-content\/uploads\/2024\/08\/\u963f\u91cc\u4e3b\u56fe2.jpg",650,650,false],"2048x2048":["https:\/\/mihoohealth.com\/wp-content\/uploads\/2024\/08\/\u963f\u91cc\u4e3b\u56fe2.jpg",650,650,false],"trp-custom-language-flag":["https:\/\/mihoohealth.com\/wp-content\/uploads\/2024\/08\/\u963f\u91cc\u4e3b\u56fe2-12x12.jpg",12,12,true],"woocommerce_thumbnail":["https:\/\/mihoohealth.com\/wp-content\/uploads\/2024\/08\/\u963f\u91cc\u4e3b\u56fe2-300x300.jpg",300,300,true],"woocommerce_single":["https:\/\/mihoohealth.com\/wp-content\/uploads\/2024\/08\/\u963f\u91cc\u4e3b\u56fe2-600x600.jpg",600,600,true],"woocommerce_gallery_thumbnail":["https:\/\/mihoohealth.com\/wp-content\/uploads\/2024\/08\/\u963f\u91cc\u4e3b\u56fe2-100x100.jpg",100,100,true]},"uagb_author_info":{"display_name":"amylau07081@gmail.com","author_link":"https:\/\/mihoohealth.com\/es\/author\/"},"uagb_comment_info":0,"uagb_excerpt":"About this item Patented 5D Massage Heads for All-round Massage- With Six 5D Massage Heads,\u00a0 \u00a0MINI can reach to 30% larger massaging areas, from the neck to the trapezius &amp; shoulder. Also, the massaging heads covered with silicon rubber which are softer than metal heads, giving your skin a gentle touch. Ergonomic Design for Human&hellip;","_links":{"self":[{"href":"https:\/\/mihoohealth.com\/es\/wp-json\/wp\/v2\/product\/4996","targetHints":{"allow":["GET"]}}],"collection":[{"href":"https:\/\/mihoohealth.com\/es\/wp-json\/wp\/v2\/product"}],"about":[{"href":"https:\/\/mihoohealth.com\/es\/wp-json\/wp\/v2\/types\/product"}],"version-history":[{"count":3,"href":"https:\/\/mihoohealth.com\/es\/wp-json\/wp\/v2\/product\/4996\/revisions"}],"predecessor-version":[{"id":5151,"href":"https:\/\/mihoohealth.com\/es\/wp-json\/wp\/v2\/product\/4996\/revisions\/5151"}],"wp:featuredmedia":[{"embeddable":true,"href":"https:\/\/mihoohealth.com\/es\/wp-json\/wp\/v2\/media\/4997"}],"wp:attachment":[{"href":"https:\/\/mihoohealth.com\/es\/wp-json\/wp\/v2\/media?parent=4996"}],"wp:term":[{"taxonomy":"product_cat","embeddable":true,"href":"https:\/\/mihoohealth.com\/es\/wp-json\/wp\/v2\/product_cat?post=4996"},{"taxonomy":"product_tag","embeddable":true,"href":"https:\/\/mihoohealth.com\/es\/wp-json\/wp\/v2\/product_tag?post=4996"}],"curies":[{"name":"wp","href":"https:\/\/api.w.org\/{rel}","templated":true}]}}