{"id":4988,"date":"2024-08-27T06:07:07","date_gmt":"2024-08-27T06:07:07","guid":{"rendered":"https:\/\/mihoohealth.com\/?post_type=product&#038;p=4988"},"modified":"2024-08-30T06:47:48","modified_gmt":"2024-08-30T06:47:48","slug":"massager-mattress-mh-a81","status":"publish","type":"product","link":"https:\/\/mihoohealth.com\/es\/product\/massager-mattress-mh-a81\/","title":{"rendered":"Colch\u00f3n masajeador MH-A81"},"content":{"rendered":"<p><img fetchpriority=\"high\" decoding=\"async\" class=\"\" src=\"https:\/\/sc04.alicdn.com\/kf\/Hdd89410b88ea4b09a08faaea03e78828U\/273358224\/Hdd89410b88ea4b09a08faaea03e78828U.jpg\" width=\"661\" height=\"409\" \/><\/p>\n<p>Con 7 modos de masaje, mejorados por 22 c\u00e9lulas de aire din\u00e1micas y 5 niveles de intensidad ajustables.<br \/>\nRevitalice todo su cuerpo con una completa sesi\u00f3n de estiramientos, facilitada por nuestros airbags de precisi\u00f3n.<br \/>\nDirigidas estrat\u00e9gicamente a grupos musculares esenciales, estas bolsas de aire mejoran la flexibilidad y alivian la tensi\u00f3n, ofreciendo una experiencia profundamente relajante y rejuvenecedora.<\/p>\n<div class=\"J_module\">\n<div id=\"ali-anchor-AliMagic-3ycv7q\" class=\"magic-0\" data-section=\"AliMagic-3ycv7q\" data-section-title=\"Specification\" data-spm-anchor-id=\"a2700.details.0.i47.57a04d04xFgG22\"><strong>Especificaci\u00f3n<\/strong><\/div>\n<\/div>\n<div class=\"J_module\">\n<div class=\"ife-detail-decorate-table\">\n<table class=\"has-title all magic-8\">\n<tbody>\n<tr>\n<td colspan=\"1\" rowspan=\"1\">\n<div class=\"magic-9\">Categor\u00eda de productos<\/div>\n<\/td>\n<td colspan=\"1\" rowspan=\"1\">\n<div class=\"magic-10\">Masajeador de estiramiento Air-Fit<\/div>\n<\/td>\n<\/tr>\n<tr>\n<td colspan=\"1\" rowspan=\"1\">\n<div class=\"magic-9\">Par\u00e1metros<\/div>\n<\/td>\n<td colspan=\"1\" rowspan=\"1\">\n<div class=\"magic-10\">36 W, 12 V, 3 A<\/div>\n<\/td>\n<\/tr>\n<tr>\n<td colspan=\"1\" rowspan=\"1\">\n<div class=\"magic-9\">Talla<\/div>\n<\/td>\n<td colspan=\"1\" rowspan=\"1\">\n<div class=\"magic-10\">450*220*770mm<\/div>\n<\/td>\n<\/tr>\n<tr>\n<td colspan=\"1\" rowspan=\"1\">\n<div class=\"magic-9\">Material<\/div>\n<\/td>\n<td colspan=\"1\" rowspan=\"1\">\n<div class=\"magic-10\">PU+ABS<\/div>\n<\/td>\n<\/tr>\n<\/tbody>\n<\/table>\n<p><img decoding=\"async\" src=\"https:\/\/sc04.alicdn.com\/kf\/H7abc711f1d754a52b1c7fe6bb308e8eev\/273358224\/H7abc711f1d754a52b1c7fe6bb308e8eev.png\" \/><\/p>\n<p><img decoding=\"async\" src=\"https:\/\/sc04.alicdn.com\/kf\/Hc858e8c0f3974f6aa1bbea359f246098w\/273358224\/Hc858e8c0f3974f6aa1bbea359f246098w.jpg\" \/><\/p>\n<\/div>\n<\/div>","protected":false},"excerpt":{"rendered":"<h5 class=\"a-size-base-plus a-text-bold\">Acerca de este art\u00edculo<\/h5>\n<ul class=\"a-unordered-list a-vertical a-spacing-mini\">\n<li class=\"a-spacing-mini\"><span class=\"a-list-item\">Masajeador de estiramiento: es una t\u00e9cnica segura y muy utilizada para mejorar el flujo sangu\u00edneo y linf\u00e1tico. Es una tecnolog\u00eda utilizada habitualmente en sillones de masaje de alta gama y ayuda a la circulaci\u00f3n sangu\u00ednea y a masajear los m\u00fasculos cansados y tensos. Puede disfrutar del calor en el cuello y la espalda al mismo tiempo. El masajeador de estiramiento BALOOM est\u00e1 equipado con 7 programas incorporados ( P1- P2 - P3 - Energize - Stretch - Twist - Flow ), y 3 niveles de intensidad para que pueda personalizar su experiencia de masaje seg\u00fan sus necesidades.<\/span><\/li>\n<li>Beneficios del masajeador de estiramientos - Al estirar, su cuerpo se compromete y trabaja para ganar movilidad y flexibilidad. El estiramiento es mucho m\u00e1s que un ejercicio correctivo. Mejora su postura y los desequilibrios y debilidades musculares. Restaura la amplitud de movimiento natural del cuerpo y mejora la circulaci\u00f3n sangu\u00ednea. La idea es relajarse y tumbarse mientras otra persona se encarga de estirar los m\u00fasculos y trabajar los \"nudos\", que en realidad son fibras musculares que se han quedado pegadas.<\/li>\n<li class=\"a-spacing-mini\"><span class=\"a-list-item\">Flexibles, c\u00f3modas y port\u00e1tiles: las almohadillas el\u00e9ctricas para la espalda proporcionan un calor relajante para aliviar el estr\u00e9s, la tensi\u00f3n y la fatiga. Las c\u00e1maras para el cuello y los hombros son ajustables hacia arriba y hacia abajo para adaptarse a su altura. El masajeador de estiramiento BALOOM est\u00e1 dise\u00f1ado con piel sint\u00e9tica de alta calidad con componentes de vanguardia, f\u00e1cil de limpiar. Es ergon\u00f3mico y c\u00f3modo para tumbarse y colocarlo en la cama, el suelo, una silla o un sill\u00f3n reclinable. Cuando haya terminado, puede plegarlo f\u00e1cilmente y guardarlo debajo de la cama.<\/span><\/li>\n<li>Perfecto para deportistas - Ideal para usar despu\u00e9s de un largo d\u00eda o un duro entrenamiento. Util\u00edcelo en casa, en el gimnasio o ll\u00e9veselo de viaje para aliviarse en cualquier lugar. La parte inferior recubierta de goma protege contra el deslizamiento en casi cualquier superficie. T\u00fambese y experimente una relajaci\u00f3n que nunca antes hab\u00eda sentido. Stretching Massager es el regalo perfecto para una abeja ocupada o un adicto al ejercicio. 10~30 minutos de masaje de estiramiento para aliviar todos sus dolores y molestias, dej\u00e1ndole una sensaci\u00f3n de frescura y vigor.<\/li>\n<\/ul>","protected":false},"featured_media":4989,"template":"","meta":{"_uag_custom_page_level_css":"","site-sidebar-layout":"default","site-content-layout":"","ast-site-content-layout":"default","site-content-style":"default","site-sidebar-style":"default","ast-global-header-display":"","ast-banner-title-visibility":"","ast-main-header-display":"","ast-hfb-above-header-display":"","ast-hfb-below-header-display":"","ast-hfb-mobile-header-display":"","site-post-title":"","ast-breadcrumbs-content":"","ast-featured-img":"","footer-sml-layout":"","theme-transparent-header-meta":"default","adv-header-id-meta":"","stick-header-meta":"","header-above-stick-meta":"","header-main-stick-meta":"","header-below-stick-meta":"","astra-migrate-meta-layouts":"set","ast-page-background-enabled":"default","ast-page-background-meta":{"desktop":{"background-color":"","background-image":"","background-repeat":"repeat","background-position":"center center","background-size":"auto","background-attachment":"scroll","background-type":"","background-media":"","overlay-type":"","overlay-color":"","overlay-opacity":"","overlay-gradient":""},"tablet":{"background-color":"","background-image":"","background-repeat":"repeat","background-position":"center center","background-size":"auto","background-attachment":"scroll","background-type":"","background-media":"","overlay-type":"","overlay-color":"","overlay-opacity":"","overlay-gradient":""},"mobile":{"background-color":"","background-image":"","background-repeat":"repeat","background-position":"center center","background-size":"auto","background-attachment":"scroll","background-type":"","background-media":"","overlay-type":"","overlay-color":"","overlay-opacity":"","overlay-gradient":""}},"ast-content-background-meta":{"desktop":{"background-color":"var(--ast-global-color-5)","background-image":"","background-repeat":"repeat","background-position":"center center","background-size":"auto","background-attachment":"scroll","background-type":"","background-media":"","overlay-type":"","overlay-color":"","overlay-opacity":"","overlay-gradient":""},"tablet":{"background-color":"var(--ast-global-color-5)","background-image":"","background-repeat":"repeat","background-position":"center center","background-size":"auto","background-attachment":"scroll","background-type":"","background-media":"","overlay-type":"","overlay-color":"","overlay-opacity":"","overlay-gradient":""},"mobile":{"background-color":"var(--ast-global-color-5)","background-image":"","background-repeat":"repeat","background-position":"center center","background-size":"auto","background-attachment":"scroll","background-type":"","background-media":"","overlay-type":"","overlay-color":"","overlay-opacity":"","overlay-gradient":""}}},"product_cat":[15,65,56],"product_tag":[322],"class_list":{"0":"post-4988","1":"product","2":"type-product","3":"status-publish","4":"has-post-thumbnail","6":"product_cat-product","7":"product_cat-other-massager","8":"product_cat-see-all-categories","9":"product_tag-stretching-massager-mat","10":"desktop-align-left","11":"tablet-align-left","12":"mobile-align-left","14":"first","15":"instock","16":"shipping-taxable","17":"product-type-simple"},"uagb_featured_image_src":{"full":["https:\/\/mihoohealth.com\/wp-content\/uploads\/2024\/08\/\u963f\u91cc\u4e3b\u56fe3.jpg",650,650,false],"thumbnail":["https:\/\/mihoohealth.com\/wp-content\/uploads\/2024\/08\/\u963f\u91cc\u4e3b\u56fe3-150x150.jpg",150,150,true],"medium":["https:\/\/mihoohealth.com\/wp-content\/uploads\/2024\/08\/\u963f\u91cc\u4e3b\u56fe3-300x300.jpg",300,300,true],"medium_large":["https:\/\/mihoohealth.com\/wp-content\/uploads\/2024\/08\/\u963f\u91cc\u4e3b\u56fe3.jpg",650,650,false],"large":["https:\/\/mihoohealth.com\/wp-content\/uploads\/2024\/08\/\u963f\u91cc\u4e3b\u56fe3.jpg",650,650,false],"1536x1536":["https:\/\/mihoohealth.com\/wp-content\/uploads\/2024\/08\/\u963f\u91cc\u4e3b\u56fe3.jpg",650,650,false],"2048x2048":["https:\/\/mihoohealth.com\/wp-content\/uploads\/2024\/08\/\u963f\u91cc\u4e3b\u56fe3.jpg",650,650,false],"trp-custom-language-flag":["https:\/\/mihoohealth.com\/wp-content\/uploads\/2024\/08\/\u963f\u91cc\u4e3b\u56fe3-12x12.jpg",12,12,true],"woocommerce_thumbnail":["https:\/\/mihoohealth.com\/wp-content\/uploads\/2024\/08\/\u963f\u91cc\u4e3b\u56fe3-300x300.jpg",300,300,true],"woocommerce_single":["https:\/\/mihoohealth.com\/wp-content\/uploads\/2024\/08\/\u963f\u91cc\u4e3b\u56fe3-600x600.jpg",600,600,true],"woocommerce_gallery_thumbnail":["https:\/\/mihoohealth.com\/wp-content\/uploads\/2024\/08\/\u963f\u91cc\u4e3b\u56fe3-100x100.jpg",100,100,true]},"uagb_author_info":{"display_name":"amylau07081@gmail.com","author_link":"https:\/\/mihoohealth.com\/es\/author\/"},"uagb_comment_info":0,"uagb_excerpt":"About this item Stretching Massager - is a safe and widely used technique to improve blood and lymph flow. It is a technology commonly used in high-end massage chairs and helps blood circulation and massage tired and tight muscles. You can enjoy the heat on your neck and back at the same time. BALOOM stretching&hellip;","_links":{"self":[{"href":"https:\/\/mihoohealth.com\/es\/wp-json\/wp\/v2\/product\/4988","targetHints":{"allow":["GET"]}}],"collection":[{"href":"https:\/\/mihoohealth.com\/es\/wp-json\/wp\/v2\/product"}],"about":[{"href":"https:\/\/mihoohealth.com\/es\/wp-json\/wp\/v2\/types\/product"}],"version-history":[{"count":3,"href":"https:\/\/mihoohealth.com\/es\/wp-json\/wp\/v2\/product\/4988\/revisions"}],"predecessor-version":[{"id":5149,"href":"https:\/\/mihoohealth.com\/es\/wp-json\/wp\/v2\/product\/4988\/revisions\/5149"}],"wp:featuredmedia":[{"embeddable":true,"href":"https:\/\/mihoohealth.com\/es\/wp-json\/wp\/v2\/media\/4989"}],"wp:attachment":[{"href":"https:\/\/mihoohealth.com\/es\/wp-json\/wp\/v2\/media?parent=4988"}],"wp:term":[{"taxonomy":"product_cat","embeddable":true,"href":"https:\/\/mihoohealth.com\/es\/wp-json\/wp\/v2\/product_cat?post=4988"},{"taxonomy":"product_tag","embeddable":true,"href":"https:\/\/mihoohealth.com\/es\/wp-json\/wp\/v2\/product_tag?post=4988"}],"curies":[{"name":"wp","href":"https:\/\/api.w.org\/{rel}","templated":true}]}}