{"id":4951,"date":"2024-08-27T02:04:51","date_gmt":"2024-08-27T02:04:51","guid":{"rendered":"https:\/\/mihoohealth.com\/?post_type=product&#038;p=4951"},"modified":"2024-08-30T06:32:53","modified_gmt":"2024-08-30T06:32:53","slug":"leg-recovery-massager-mh-a102","status":"publish","type":"product","link":"https:\/\/mihoohealth.com\/es\/product\/leg-recovery-massager-mh-a102\/","title":{"rendered":"Recuperador de piernas MH- A102"},"content":{"rendered":"<p><strong>Descripci\u00f3n del producto<\/strong><\/p>\n<p><img decoding=\"async\" src=\"https:\/\/sc04.alicdn.com\/kf\/Hf3689b63cdad42469144c0a3df97deeeO\/273358224\/Hf3689b63cdad42469144c0a3df97deeeO.png\" \/><\/p>\n<div style=\"width: 1280px;\" class=\"wp-video\"><!--[if lt IE 9]><script>document.createElement('video');<\/script><![endif]-->\n<video class=\"wp-video-shortcode\" id=\"video-4951-1\" width=\"1280\" height=\"720\" preload=\"metadata\" controls=\"controls\"><source type=\"video\/mp4\" src=\"https:\/\/mihoohealth.com\/wp-content\/uploads\/2024\/08\/\u89c6\u9891.mp4?_=1\" \/><a href=\"https:\/\/mihoohealth.com\/wp-content\/uploads\/2024\/08\/\u89c6\u9891.mp4\">https:\/\/mihoohealth.com\/wp-content\/uploads\/2024\/08\/\u89c6\u9891.mp4<\/a><\/video><\/div>\n<p>Este dispositivo de grado m\u00e9dico est\u00e1 meticulosamente dise\u00f1ado con la aportaci\u00f3n de expertos en dolor de piernas para garantizar el m\u00e1ximo beneficio y comodidad. Tanto si padeces dolor cr\u00f3nico como si buscas una forma de mejorar tu recuperaci\u00f3n despu\u00e9s de la actividad f\u00edsica, este dispositivo es perfecto para ti.<\/p>\n<p><strong>Especificaci\u00f3n<\/strong><\/p>\n<table class=\"has-title all magic-14\" style=\"font-size: 16px; font-style: normal;\">\n<tbody>\n<tr>\n<td colspan=\"1\" rowspan=\"1\">\n<div class=\"magic-15\" data-spm-anchor-id=\"a2700.details.0.i51.7c62d569H3RXBv\">Categor\u00eda de productos<\/div>\n<\/td>\n<td colspan=\"1\" rowspan=\"1\">Botas de compresi\u00f3n de aire sin cable<\/td>\n<\/tr>\n<tr>\n<td colspan=\"1\" rowspan=\"1\">\n<div class=\"magic-15\">Par\u00e1metros<\/div>\n<\/td>\n<td colspan=\"1\" rowspan=\"1\">\n<div class=\"magic-16\">DC5V 1A<\/div>\n<\/td>\n<\/tr>\n<tr>\n<td colspan=\"1\" rowspan=\"1\">\n<div class=\"magic-15\">Talla<\/div>\n<\/td>\n<td colspan=\"1\" rowspan=\"1\">\n<div class=\"magic-16\">LXAnXAl\/ 69*550*55mm(S)<\/div>\n<\/td>\n<\/tr>\n<tr>\n<td colspan=\"1\" rowspan=\"1\">\n<div class=\"magic-15\">Capacidad de la bater\u00eda<\/div>\n<\/td>\n<td colspan=\"1\" rowspan=\"1\">\n<div class=\"magic-16\">1800mAh<\/div>\n<\/td>\n<\/tr>\n<\/tbody>\n<\/table>\n<p><img decoding=\"async\" src=\"https:\/\/sc04.alicdn.com\/kf\/Hd39a22dfb36844259726f0df33a913794\/273358224\/Hd39a22dfb36844259726f0df33a913794.png\" \/><\/p>\n<p><img fetchpriority=\"high\" decoding=\"async\" class=\"\" src=\"https:\/\/sc04.alicdn.com\/kf\/Hb84ac513cb7246c4b165a69b4220f2629\/273358224\/Hb84ac513cb7246c4b165a69b4220f2629.png\" width=\"621\" height=\"1103\" \/><\/p>","protected":false},"excerpt":{"rendered":"<h5 class=\"a-size-base-plus a-text-bold\">Acerca de este art\u00edculo<\/h5>\n<ul class=\"a-unordered-list a-vertical a-spacing-mini\">\n<li class=\"a-spacing-mini\"><span class=\"a-list-item\">SISTEMA AVANZADO DE RECUPERACI\u00d3N DE PIERNAS CON COMPRESI\u00d3N - Con un potente sistema inal\u00e1mbrico de recuperaci\u00f3n de piernas, las botas de compresi\u00f3n de aire ofrecer\u00e1n una terapia de masaje de piernas completas (incluidas las rodillas) inflando y desinflando las mangas secuencialmente con 4 c\u00e1maras de aire para desarrollar la presi\u00f3n de circulaci\u00f3n en la pierna, tambi\u00e9n se utiliza para apretar y comprimir las piernas inquietas para promover la circulaci\u00f3n sangu\u00ednea, el drenaje linf\u00e1tico, aliviar el dolor muscular, linfedema, promover la relajaci\u00f3n del cuerpo y la salud.<\/span><\/li>\n<li class=\"a-spacing-mini\"><span class=\"a-list-item\">BOTAS DE TERAPIA DE MASAJE TOTALMENTE INAL\u00c1MBRICO - sistema de recuperaci\u00f3n le traer\u00e1 la experiencia de uso port\u00e1til con 1800mAh controlador de la bomba de aire de largo stand de la bater\u00eda, el uso que NO NECESITA z\u00f3calo. Se puede utilizar de forma continua durante 2-4 horas con una carga completa, que es el tiempo suficiente para preparar su cuerpo para la recuperaci\u00f3n en cualquier momento. Este dispositivo de compresi\u00f3n tambi\u00e9n viene con una bolsa de viaje especial que se puede utilizar cuando se viaja, en el gimnasio, hacer ejercicio o incluso en casa. Relaja eficazmente las piernas cansadas despu\u00e9s del ejercicio y el entrenamiento.<\/span><\/li>\n<li class=\"a-spacing-mini\"><span class=\"a-list-item\">12 INTENSIDADES &amp; TEMPORIZADOR AJUSTABLE &amp; 3 MODOS - M\u00faltiples opciones de terapia de recuperaci\u00f3n de piernas para usted. \u00a1Esta bota de compresi\u00f3n de aire tiene una mayor flexibilidad de ajuste de tiempo, el rango de tiempo del temporizador es de 15Mins-60Mins, cada ajuste es de 5 minutos, que no se limita a su tiempo de uso! La bota de recuperaci\u00f3n de compresi\u00f3n QUINEAR viene con 12 intensidades (40-150mmHG) y 3 modos (secuencia\/circulaci\u00f3n\/combinaci\u00f3n). El dispositivo de compresi\u00f3n secuencial combinado con m\u00e1s programas promover\u00e1 la circulaci\u00f3n del cuerpo.<\/span><\/li>\n<li class=\"a-spacing-mini\"><span class=\"a-list-item\">DIRIGIRSE A LOS PROBLEMAS CON ZONA - Dise\u00f1o para 4 ZONAS (pie \/ pantorrilla inferior \/ pantorrilla superior \/ muslo) para la recuperaci\u00f3n de la pierna, se puede elegir el masaje de la pierna completa o s\u00f3lo la recuperaci\u00f3n de la zona de la pierna individual, que puede ayudar con precisi\u00f3n el dolor de piernas y fatiga, acelerar la recuperaci\u00f3n y la relajaci\u00f3n muscular, objetivo a los problemas.<\/span><\/li>\n<\/ul>","protected":false},"featured_media":4952,"template":"","meta":{"_uag_custom_page_level_css":"","site-sidebar-layout":"default","site-content-layout":"","ast-site-content-layout":"normal-width-container","site-content-style":"default","site-sidebar-style":"default","ast-global-header-display":"","ast-banner-title-visibility":"","ast-main-header-display":"","ast-hfb-above-header-display":"","ast-hfb-below-header-display":"","ast-hfb-mobile-header-display":"","site-post-title":"","ast-breadcrumbs-content":"","ast-featured-img":"","footer-sml-layout":"","theme-transparent-header-meta":"default","adv-header-id-meta":"","stick-header-meta":"","header-above-stick-meta":"","header-main-stick-meta":"","header-below-stick-meta":"","astra-migrate-meta-layouts":"set","ast-page-background-enabled":"default","ast-page-background-meta":{"desktop":{"background-color":"","background-image":"","background-repeat":"repeat","background-position":"center center","background-size":"auto","background-attachment":"scroll","background-type":"","background-media":"","overlay-type":"","overlay-color":"","overlay-opacity":"","overlay-gradient":""},"tablet":{"background-color":"","background-image":"","background-repeat":"repeat","background-position":"center center","background-size":"auto","background-attachment":"scroll","background-type":"","background-media":"","overlay-type":"","overlay-color":"","overlay-opacity":"","overlay-gradient":""},"mobile":{"background-color":"","background-image":"","background-repeat":"repeat","background-position":"center center","background-size":"auto","background-attachment":"scroll","background-type":"","background-media":"","overlay-type":"","overlay-color":"","overlay-opacity":"","overlay-gradient":""}},"ast-content-background-meta":{"desktop":{"background-color":"var(--ast-global-color-5)","background-image":"","background-repeat":"repeat","background-position":"center center","background-size":"auto","background-attachment":"scroll","background-type":"","background-media":"","overlay-type":"","overlay-color":"","overlay-opacity":"","overlay-gradient":""},"tablet":{"background-color":"var(--ast-global-color-5)","background-image":"","background-repeat":"repeat","background-position":"center center","background-size":"auto","background-attachment":"scroll","background-type":"","background-media":"","overlay-type":"","overlay-color":"","overlay-opacity":"","overlay-gradient":""},"mobile":{"background-color":"var(--ast-global-color-5)","background-image":"","background-repeat":"repeat","background-position":"center center","background-size":"auto","background-attachment":"scroll","background-type":"","background-media":"","overlay-type":"","overlay-color":"","overlay-opacity":"","overlay-gradient":""}}},"product_cat":[15,61,56],"product_tag":[],"class_list":{"0":"post-4951","1":"product","2":"type-product","3":"status-publish","4":"has-post-thumbnail","6":"product_cat-product","7":"product_cat-air-compression-massager","8":"product_cat-see-all-categories","9":"desktop-align-left","10":"tablet-align-left","11":"mobile-align-left","13":"first","14":"instock","15":"shipping-taxable","16":"product-type-simple"},"uagb_featured_image_src":{"full":["https:\/\/mihoohealth.com\/wp-content\/uploads\/2024\/08\/\u963f\u91cc\u4e3b\u56fe6.jpg",1000,1000,false],"thumbnail":["https:\/\/mihoohealth.com\/wp-content\/uploads\/2024\/08\/\u963f\u91cc\u4e3b\u56fe6-150x150.jpg",150,150,true],"medium":["https:\/\/mihoohealth.com\/wp-content\/uploads\/2024\/08\/\u963f\u91cc\u4e3b\u56fe6-300x300.jpg",300,300,true],"medium_large":["https:\/\/mihoohealth.com\/wp-content\/uploads\/2024\/08\/\u963f\u91cc\u4e3b\u56fe6-768x768.jpg",768,768,true],"large":["https:\/\/mihoohealth.com\/wp-content\/uploads\/2024\/08\/\u963f\u91cc\u4e3b\u56fe6.jpg",1000,1000,false],"1536x1536":["https:\/\/mihoohealth.com\/wp-content\/uploads\/2024\/08\/\u963f\u91cc\u4e3b\u56fe6.jpg",1000,1000,false],"2048x2048":["https:\/\/mihoohealth.com\/wp-content\/uploads\/2024\/08\/\u963f\u91cc\u4e3b\u56fe6.jpg",1000,1000,false],"trp-custom-language-flag":["https:\/\/mihoohealth.com\/wp-content\/uploads\/2024\/08\/\u963f\u91cc\u4e3b\u56fe6-12x12.jpg",12,12,true],"woocommerce_thumbnail":["https:\/\/mihoohealth.com\/wp-content\/uploads\/2024\/08\/\u963f\u91cc\u4e3b\u56fe6-300x300.jpg",300,300,true],"woocommerce_single":["https:\/\/mihoohealth.com\/wp-content\/uploads\/2024\/08\/\u963f\u91cc\u4e3b\u56fe6-600x600.jpg",600,600,true],"woocommerce_gallery_thumbnail":["https:\/\/mihoohealth.com\/wp-content\/uploads\/2024\/08\/\u963f\u91cc\u4e3b\u56fe6-100x100.jpg",100,100,true]},"uagb_author_info":{"display_name":"amylau07081@gmail.com","author_link":"https:\/\/mihoohealth.com\/es\/author\/"},"uagb_comment_info":0,"uagb_excerpt":"About this item ADVANCED LEG RECOVERY SYSTEM WITH COMPRESSION - With powerful cordless leg recovery system, air compression boots will offer a full-leg (include knees) massager therapy by inflating and deflating the sleeves sequentially with 4 air chambers to develop the circulating pressure on the leg, also used for squeezing and compress restless legs to&hellip;","_links":{"self":[{"href":"https:\/\/mihoohealth.com\/es\/wp-json\/wp\/v2\/product\/4951","targetHints":{"allow":["GET"]}}],"collection":[{"href":"https:\/\/mihoohealth.com\/es\/wp-json\/wp\/v2\/product"}],"about":[{"href":"https:\/\/mihoohealth.com\/es\/wp-json\/wp\/v2\/types\/product"}],"version-history":[{"count":5,"href":"https:\/\/mihoohealth.com\/es\/wp-json\/wp\/v2\/product\/4951\/revisions"}],"predecessor-version":[{"id":5146,"href":"https:\/\/mihoohealth.com\/es\/wp-json\/wp\/v2\/product\/4951\/revisions\/5146"}],"wp:featuredmedia":[{"embeddable":true,"href":"https:\/\/mihoohealth.com\/es\/wp-json\/wp\/v2\/media\/4952"}],"wp:attachment":[{"href":"https:\/\/mihoohealth.com\/es\/wp-json\/wp\/v2\/media?parent=4951"}],"wp:term":[{"taxonomy":"product_cat","embeddable":true,"href":"https:\/\/mihoohealth.com\/es\/wp-json\/wp\/v2\/product_cat?post=4951"},{"taxonomy":"product_tag","embeddable":true,"href":"https:\/\/mihoohealth.com\/es\/wp-json\/wp\/v2\/product_tag?post=4951"}],"curies":[{"name":"wp","href":"https:\/\/api.w.org\/{rel}","templated":true}]}}