{"id":6625,"date":"2024-09-12T05:19:03","date_gmt":"2024-09-12T05:19:03","guid":{"rendered":"https:\/\/mihoohealth.com\/?post_type=product&#038;p=6625"},"modified":"2024-09-12T05:19:03","modified_gmt":"2024-09-12T05:19:03","slug":"wireless-3d-kneading-small-portable-waist-massager-mh-by043","status":"publish","type":"product","link":"https:\/\/mihoohealth.com\/de\/product\/wireless-3d-kneading-small-portable-waist-massager-mh-by043\/","title":{"rendered":"Kabelloses, tragbares 3D-Knetmassageger\u00e4t f\u00fcr die Taille MH-BY043"},"content":{"rendered":"<p><strong>Beschreibung des Produkts<\/strong><\/p>\n<p><img decoding=\"async\" src=\"https:\/\/sc04.alicdn.com\/kf\/Hf13f5ea4e40f42499d4b4fc29b912335x\/273358224\/Hf13f5ea4e40f42499d4b4fc29b912335x.jpg\" \/><\/p>\n<p>Neues Nacken- und R\u00fcckenmassageger\u00e4t, das l\u00e4nger ist als andere Kissen, so dass es sich perfekt an die Kurve Ihrer Nacken- und R\u00fcckenkontur anpasst und die Massage der menschlichen Hand durch Zwei-Wege-Bewegung imitiert, wodurch Muskelkater effektiv gelindert wird.<\/p>\n<p><strong>Spezifikation<\/strong><\/p>\n<table class=\"has-title all magic-8\">\n<tbody>\n<tr>\n<td colspan=\"1\" rowspan=\"1\">\n<div class=\"magic-9\" data-spm-anchor-id=\"a2700.details.0.i48.269d2a47uXkokr\">Produktkategorie<\/div>\n<\/td>\n<td colspan=\"1\" rowspan=\"1\">\n<div class=\"magic-10\">Massager-Kissen-Kissen<\/div>\n<\/td>\n<\/tr>\n<tr>\n<td colspan=\"1\" rowspan=\"1\">\n<div class=\"magic-9\">Parameter<\/div>\n<\/td>\n<td colspan=\"1\" rowspan=\"1\">\n<div class=\"magic-10\">12V. 2A<\/div>\n<\/td>\n<\/tr>\n<tr>\n<td colspan=\"1\" rowspan=\"1\">\n<div class=\"magic-9\">Leistung :<\/div>\n<\/td>\n<td colspan=\"1\" rowspan=\"1\">\n<div class=\"magic-10\">24W<\/div>\n<\/td>\n<\/tr>\n<tr>\n<td colspan=\"1\" rowspan=\"1\">\n<div class=\"magic-9\">Gr\u00f6\u00dfe des Produkts<\/div>\n<\/td>\n<td colspan=\"1\" rowspan=\"1\">\n<div class=\"magic-10\">32*21cm<\/div>\n<\/td>\n<\/tr>\n<\/tbody>\n<\/table>\n<p><img decoding=\"async\" src=\"https:\/\/sc04.alicdn.com\/kf\/Hf29990fd8a514103bffbae5d0c2860405\/273358224\/Hf29990fd8a514103bffbae5d0c2860405.jpg\" \/><\/p>\n<p><img decoding=\"async\" src=\"https:\/\/sc04.alicdn.com\/kf\/H64fb677a5694425da3f07bd96b2af98av\/273358224\/H64fb677a5694425da3f07bd96b2af98av.jpg\" \/><\/p>\n<p><img decoding=\"async\" src=\"https:\/\/sc04.alicdn.com\/kf\/Hacd8e602b4534827940a031ff196df0fl\/273358224\/Hacd8e602b4534827940a031ff196df0fl.jpg\" \/><\/p>","protected":false},"excerpt":{"rendered":"<div class=\"mml-text font-16\">\n<h1 class=\"a-size-base-plus a-text-bold\">\u00dcber diesen Artikel<\/h1>\n<ul>\n<li>3D Shiatsu-Simulation Massagekopf Knetfunktion, geeignet f\u00fcr die Massage der Taille, Beine, Hals und andere Teile.<\/li>\n<li>\u00a04 Arten von Intensit\u00e4tsstufen k\u00f6nnen an die Bed\u00fcrfnisse verschiedener Personengruppen angepasst werden.<\/li>\n<li>\u00a0Der Massagekopf wird auf eine konstante Temperatur erw\u00e4rmt, um Muskelverspannungen zu l\u00f6sen und die Blutzirkulation zu f\u00f6rdern.<\/li>\n<li>Unser tragbares Taillenmassageger\u00e4t ist klein und tragbar.<\/li>\n<\/ul>\n<\/div>","protected":false},"featured_media":6627,"template":"","meta":{"_uag_custom_page_level_css":"","site-sidebar-layout":"default","site-content-layout":"","ast-site-content-layout":"default","site-content-style":"default","site-sidebar-style":"default","ast-global-header-display":"","ast-banner-title-visibility":"","ast-main-header-display":"","ast-hfb-above-header-display":"","ast-hfb-below-header-display":"","ast-hfb-mobile-header-display":"","site-post-title":"","ast-breadcrumbs-content":"","ast-featured-img":"","footer-sml-layout":"","theme-transparent-header-meta":"default","adv-header-id-meta":"","stick-header-meta":"","header-above-stick-meta":"","header-main-stick-meta":"","header-below-stick-meta":"","astra-migrate-meta-layouts":"set","ast-page-background-enabled":"default","ast-page-background-meta":{"desktop":{"background-color":"","background-image":"","background-repeat":"repeat","background-position":"center center","background-size":"auto","background-attachment":"scroll","background-type":"","background-media":"","overlay-type":"","overlay-color":"","overlay-opacity":"","overlay-gradient":""},"tablet":{"background-color":"","background-image":"","background-repeat":"repeat","background-position":"center center","background-size":"auto","background-attachment":"scroll","background-type":"","background-media":"","overlay-type":"","overlay-color":"","overlay-opacity":"","overlay-gradient":""},"mobile":{"background-color":"","background-image":"","background-repeat":"repeat","background-position":"center center","background-size":"auto","background-attachment":"scroll","background-type":"","background-media":"","overlay-type":"","overlay-color":"","overlay-opacity":"","overlay-gradient":""}},"ast-content-background-meta":{"desktop":{"background-color":"var(--ast-global-color-5)","background-image":"","background-repeat":"repeat","background-position":"center center","background-size":"auto","background-attachment":"scroll","background-type":"","background-media":"","overlay-type":"","overlay-color":"","overlay-opacity":"","overlay-gradient":""},"tablet":{"background-color":"var(--ast-global-color-5)","background-image":"","background-repeat":"repeat","background-position":"center center","background-size":"auto","background-attachment":"scroll","background-type":"","background-media":"","overlay-type":"","overlay-color":"","overlay-opacity":"","overlay-gradient":""},"mobile":{"background-color":"var(--ast-global-color-5)","background-image":"","background-repeat":"repeat","background-position":"center center","background-size":"auto","background-attachment":"scroll","background-type":"","background-media":"","overlay-type":"","overlay-color":"","overlay-opacity":"","overlay-gradient":""}}},"product_cat":[15,59,56],"product_tag":[],"class_list":{"0":"post-6625","1":"product","2":"type-product","3":"status-publish","4":"has-post-thumbnail","6":"product_cat-product","7":"product_cat-massagu-cushion","8":"product_cat-see-all-categories","9":"desktop-align-left","10":"tablet-align-left","11":"mobile-align-left","13":"first","14":"instock","15":"shipping-taxable","16":"product-type-simple"},"uagb_featured_image_src":{"full":["https:\/\/mihoohealth.com\/wp-content\/uploads\/2024\/09\/\u4e3b\u663e\u56fe.png",1600,1600,false],"thumbnail":["https:\/\/mihoohealth.com\/wp-content\/uploads\/2024\/09\/\u4e3b\u663e\u56fe-150x150.png",150,150,true],"medium":["https:\/\/mihoohealth.com\/wp-content\/uploads\/2024\/09\/\u4e3b\u663e\u56fe-300x300.png",300,300,true],"medium_large":["https:\/\/mihoohealth.com\/wp-content\/uploads\/2024\/09\/\u4e3b\u663e\u56fe-768x768.png",768,768,true],"large":["https:\/\/mihoohealth.com\/wp-content\/uploads\/2024\/09\/\u4e3b\u663e\u56fe-1024x1024.png",1024,1024,true],"1536x1536":["https:\/\/mihoohealth.com\/wp-content\/uploads\/2024\/09\/\u4e3b\u663e\u56fe-1536x1536.png",1536,1536,true],"2048x2048":["https:\/\/mihoohealth.com\/wp-content\/uploads\/2024\/09\/\u4e3b\u663e\u56fe.png",1600,1600,false],"trp-custom-language-flag":["https:\/\/mihoohealth.com\/wp-content\/uploads\/2024\/09\/\u4e3b\u663e\u56fe-12x12.png",12,12,true],"woocommerce_thumbnail":["https:\/\/mihoohealth.com\/wp-content\/uploads\/2024\/09\/\u4e3b\u663e\u56fe-300x300.png",300,300,true],"woocommerce_single":["https:\/\/mihoohealth.com\/wp-content\/uploads\/2024\/09\/\u4e3b\u663e\u56fe-600x600.png",600,600,true],"woocommerce_gallery_thumbnail":["https:\/\/mihoohealth.com\/wp-content\/uploads\/2024\/09\/\u4e3b\u663e\u56fe-100x100.png",100,100,true]},"uagb_author_info":{"display_name":"amylau07081@gmail.com","author_link":"https:\/\/mihoohealth.com\/de\/author\/"},"uagb_comment_info":0,"uagb_excerpt":"About this item 3D Shiatsu simulation massage head kneading function, suitable for massage of waist, legs, neck and other parts. \u00a04 kinds of intensity gears can be adjusted to meet the needs of different groups of people. \u00a0The massage head is heated at a constant temperature to relieve muscle tension and promote blood circulation. Our&hellip;","_links":{"self":[{"href":"https:\/\/mihoohealth.com\/de\/wp-json\/wp\/v2\/product\/6625","targetHints":{"allow":["GET"]}}],"collection":[{"href":"https:\/\/mihoohealth.com\/de\/wp-json\/wp\/v2\/product"}],"about":[{"href":"https:\/\/mihoohealth.com\/de\/wp-json\/wp\/v2\/types\/product"}],"version-history":[{"count":2,"href":"https:\/\/mihoohealth.com\/de\/wp-json\/wp\/v2\/product\/6625\/revisions"}],"predecessor-version":[{"id":6633,"href":"https:\/\/mihoohealth.com\/de\/wp-json\/wp\/v2\/product\/6625\/revisions\/6633"}],"wp:featuredmedia":[{"embeddable":true,"href":"https:\/\/mihoohealth.com\/de\/wp-json\/wp\/v2\/media\/6627"}],"wp:attachment":[{"href":"https:\/\/mihoohealth.com\/de\/wp-json\/wp\/v2\/media?parent=6625"}],"wp:term":[{"taxonomy":"product_cat","embeddable":true,"href":"https:\/\/mihoohealth.com\/de\/wp-json\/wp\/v2\/product_cat?post=6625"},{"taxonomy":"product_tag","embeddable":true,"href":"https:\/\/mihoohealth.com\/de\/wp-json\/wp\/v2\/product_tag?post=6625"}],"curies":[{"name":"wp","href":"https:\/\/api.w.org\/{rel}","templated":true}]}}