{"id":5948,"date":"2024-09-06T03:10:51","date_gmt":"2024-09-06T03:10:51","guid":{"rendered":"https:\/\/mihoohealth.com\/?post_type=product&#038;p=5948"},"modified":"2024-09-06T03:10:51","modified_gmt":"2024-09-06T03:10:51","slug":"pure-complete-lux-foot-massager-mh-808","status":"publish","type":"product","link":"https:\/\/mihoohealth.com\/de\/product\/pure-complete-lux-foot-massager-mh-808\/","title":{"rendered":"Pure Complete LUX- Fu\u00dfmassageger\u00e4t MH-808"},"content":{"rendered":"<p><strong>Beschreibung des Produkts<\/strong><\/p>\n<p><img decoding=\"async\" src=\"https:\/\/medivon.net\/wp-content\/uploads\/2023\/06\/medivon-pure-complete-lux-2-1.jpg.webp\" \/><\/p>\n<p>Pure Complete Lux ist nicht nur ein einfaches Fu\u00dfmassageger\u00e4t. Es bietet eine Erfahrung von Entspannung und Luxus, die ihresgleichen sucht. Jedes Detail des Ger\u00e4ts wurde sorgf\u00e4ltig entwickelt, um den Benutzer in ein Gef\u00fchl des reinen Wohlbefindens und der Freude zu versetzen.\u00a0<strong>Das schlichte, aber elegante Design erg\u00e4nzt das luxuri\u00f6se Gef\u00fchl, das Sie bei jedem Gebrauch erleben werden.<\/strong><\/p>\n<div class=\"J_module\">\n<div id=\"ali-anchor-AliMagic-a1rhsk\" class=\"magic-0\" data-section=\"AliMagic-a1rhsk\" data-section-title=\"Specification\" data-spm-anchor-id=\"a2700.details.0.i74.2d046881riGu7u\"><strong>Spezifikation<\/strong><\/div>\n<\/div>\n<div class=\"J_module\">\n<div class=\"ife-detail-decorate-table\">\n<table class=\"has-title all magic-8\">\n<tbody>\n<tr>\n<td colspan=\"1\" rowspan=\"1\">\n<div class=\"magic-9\">Produktkategorie<\/div>\n<\/td>\n<td colspan=\"1\" rowspan=\"1\">\n<div class=\"magic-10\">Lux-Fu\u00dfmassageger\u00e4t<\/div>\n<\/td>\n<\/tr>\n<tr>\n<td colspan=\"1\" rowspan=\"1\">\n<div class=\"magic-9\">Parameter<\/div>\n<\/td>\n<td colspan=\"1\" rowspan=\"1\">\n<div class=\"magic-10\">100-240V,40W<\/div>\n<\/td>\n<\/tr>\n<tr>\n<td colspan=\"1\" rowspan=\"1\">\n<div class=\"magic-9\">Nettogewicht<\/div>\n<\/td>\n<td colspan=\"1\" rowspan=\"1\">\n<div class=\"magic-10\">4.88KG<\/div>\n<\/td>\n<\/tr>\n<tr>\n<td colspan=\"1\" rowspan=\"1\">\n<div class=\"magic-9\">Gr\u00f6\u00dfe des Produkts<\/div>\n<\/td>\n<td colspan=\"1\" rowspan=\"1\">\n<div class=\"magic-10\">43,3*41,8*24,8cm<\/div>\n<\/td>\n<\/tr>\n<\/tbody>\n<\/table>\n<p><img decoding=\"async\" style=\"font-style: inherit; font-weight: inherit;\" src=\"https:\/\/medivon.net\/wp-content\/uploads\/2023\/06\/medivon-pure-complete-lux-4-1.jpg.webp\" \/><img decoding=\"async\" src=\"https:\/\/medivon.net\/wp-content\/uploads\/2023\/06\/medivon-pure-complete-lux-6-1.jpg.webp\" \/><\/p>\n<p><img decoding=\"async\" src=\"https:\/\/medivon.net\/wp-content\/uploads\/2023\/06\/medivon-pure-complete-lux-7-1.jpg.webp\" \/><img decoding=\"async\" src=\"https:\/\/medivon.net\/wp-content\/uploads\/2023\/06\/medivon-pure-complete-lux-5-1.jpg.webp\" \/><\/p>\n<\/div>\n<\/div>","protected":false},"excerpt":{"rendered":"<h5 class=\"a-size-base-plus a-text-bold\">\u00dcber diesen Artikel<\/h5>\n<ul>\n<li>Unsere Ger\u00e4te werden verwendet\u00a0<strong>nicht nur zu Hause<\/strong>, sondern auch in<br \/>\nprofessionelle Sch\u00f6nheitssalons,<\/li>\n<li>hergestellt aus\u00a0<strong>sehr hochwertige Materialien,<\/strong>\u00a0Dadurch sind sie viel haltbarer, widerstandsf\u00e4higer gegen Besch\u00e4digungen, sehr robust und einzigartig im Aussehen,<\/li>\n<li>die Ger\u00e4te sind zertifiziert, was ihre Sicherheit f\u00fcr Ihre Gesundheit gew\u00e4hrleistet,<\/li>\n<li>eine elegante Premium-Box mit\u00a0<strong>ein modernes Design.<\/strong>\u00a0F\u00fchlen Sie sich<br \/>\noder verschenken Sie es an einen lieben Menschen,<\/li>\n<li>dank des Einsatzes modernster Technologie und verbesserter<br \/>\n<span data-text-color=\"success\">Komponenten, die eine bis zu mehrfache Pflegewirkung im Vergleich zu <\/span><span data-text-color=\"success\">herk\u00f6mmliche, \u00e4hnlich aussehende Ger\u00e4te.<\/span><\/li>\n<\/ul>","protected":false},"featured_media":5949,"template":"","meta":{"_uag_custom_page_level_css":"","site-sidebar-layout":"default","site-content-layout":"","ast-site-content-layout":"default","site-content-style":"default","site-sidebar-style":"default","ast-global-header-display":"","ast-banner-title-visibility":"","ast-main-header-display":"","ast-hfb-above-header-display":"","ast-hfb-below-header-display":"","ast-hfb-mobile-header-display":"","site-post-title":"","ast-breadcrumbs-content":"","ast-featured-img":"","footer-sml-layout":"","theme-transparent-header-meta":"default","adv-header-id-meta":"","stick-header-meta":"","header-above-stick-meta":"","header-main-stick-meta":"","header-below-stick-meta":"","astra-migrate-meta-layouts":"set","ast-page-background-enabled":"default","ast-page-background-meta":{"desktop":{"background-color":"","background-image":"","background-repeat":"repeat","background-position":"center center","background-size":"auto","background-attachment":"scroll","background-type":"","background-media":"","overlay-type":"","overlay-color":"","overlay-opacity":"","overlay-gradient":""},"tablet":{"background-color":"","background-image":"","background-repeat":"repeat","background-position":"center center","background-size":"auto","background-attachment":"scroll","background-type":"","background-media":"","overlay-type":"","overlay-color":"","overlay-opacity":"","overlay-gradient":""},"mobile":{"background-color":"","background-image":"","background-repeat":"repeat","background-position":"center center","background-size":"auto","background-attachment":"scroll","background-type":"","background-media":"","overlay-type":"","overlay-color":"","overlay-opacity":"","overlay-gradient":""}},"ast-content-background-meta":{"desktop":{"background-color":"var(--ast-global-color-5)","background-image":"","background-repeat":"repeat","background-position":"center center","background-size":"auto","background-attachment":"scroll","background-type":"","background-media":"","overlay-type":"","overlay-color":"","overlay-opacity":"","overlay-gradient":""},"tablet":{"background-color":"var(--ast-global-color-5)","background-image":"","background-repeat":"repeat","background-position":"center center","background-size":"auto","background-attachment":"scroll","background-type":"","background-media":"","overlay-type":"","overlay-color":"","overlay-opacity":"","overlay-gradient":""},"mobile":{"background-color":"var(--ast-global-color-5)","background-image":"","background-repeat":"repeat","background-position":"center center","background-size":"auto","background-attachment":"scroll","background-type":"","background-media":"","overlay-type":"","overlay-color":"","overlay-opacity":"","overlay-gradient":""}}},"product_cat":[15,63,56],"product_tag":[],"class_list":{"0":"post-5948","1":"product","2":"type-product","3":"status-publish","4":"has-post-thumbnail","6":"product_cat-product","7":"product_cat-foot-massager","8":"product_cat-see-all-categories","9":"desktop-align-left","10":"tablet-align-left","11":"mobile-align-left","13":"first","14":"instock","15":"shipping-taxable","16":"product-type-simple"},"uagb_featured_image_src":{"full":["https:\/\/mihoohealth.com\/wp-content\/uploads\/2024\/09\/\u7279\u5199\u4e3b\u56fe1-1.jpg",1000,1000,false],"thumbnail":["https:\/\/mihoohealth.com\/wp-content\/uploads\/2024\/09\/\u7279\u5199\u4e3b\u56fe1-1-150x150.jpg",150,150,true],"medium":["https:\/\/mihoohealth.com\/wp-content\/uploads\/2024\/09\/\u7279\u5199\u4e3b\u56fe1-1-300x300.jpg",300,300,true],"medium_large":["https:\/\/mihoohealth.com\/wp-content\/uploads\/2024\/09\/\u7279\u5199\u4e3b\u56fe1-1-768x768.jpg",768,768,true],"large":["https:\/\/mihoohealth.com\/wp-content\/uploads\/2024\/09\/\u7279\u5199\u4e3b\u56fe1-1.jpg",1000,1000,false],"1536x1536":["https:\/\/mihoohealth.com\/wp-content\/uploads\/2024\/09\/\u7279\u5199\u4e3b\u56fe1-1.jpg",1000,1000,false],"2048x2048":["https:\/\/mihoohealth.com\/wp-content\/uploads\/2024\/09\/\u7279\u5199\u4e3b\u56fe1-1.jpg",1000,1000,false],"trp-custom-language-flag":["https:\/\/mihoohealth.com\/wp-content\/uploads\/2024\/09\/\u7279\u5199\u4e3b\u56fe1-1-12x12.jpg",12,12,true],"woocommerce_thumbnail":["https:\/\/mihoohealth.com\/wp-content\/uploads\/2024\/09\/\u7279\u5199\u4e3b\u56fe1-1-300x300.jpg",300,300,true],"woocommerce_single":["https:\/\/mihoohealth.com\/wp-content\/uploads\/2024\/09\/\u7279\u5199\u4e3b\u56fe1-1-600x600.jpg",600,600,true],"woocommerce_gallery_thumbnail":["https:\/\/mihoohealth.com\/wp-content\/uploads\/2024\/09\/\u7279\u5199\u4e3b\u56fe1-1-100x100.jpg",100,100,true]},"uagb_author_info":{"display_name":"amylau07081@gmail.com","author_link":"https:\/\/mihoohealth.com\/de\/author\/"},"uagb_comment_info":0,"uagb_excerpt":"About this item Our devices are used\u00a0not only at home, but also in professional beauty salons, made from\u00a0very high-quality materials,\u00a0making them much more durable, resistant to damage, and very sturdy and unique in appearance, the devices are certified, ensuring their safety for your health, an elegant premium box with\u00a0a modern design.\u00a0Feel special, or gift it&hellip;","_links":{"self":[{"href":"https:\/\/mihoohealth.com\/de\/wp-json\/wp\/v2\/product\/5948","targetHints":{"allow":["GET"]}}],"collection":[{"href":"https:\/\/mihoohealth.com\/de\/wp-json\/wp\/v2\/product"}],"about":[{"href":"https:\/\/mihoohealth.com\/de\/wp-json\/wp\/v2\/types\/product"}],"version-history":[{"count":1,"href":"https:\/\/mihoohealth.com\/de\/wp-json\/wp\/v2\/product\/5948\/revisions"}],"predecessor-version":[{"id":5954,"href":"https:\/\/mihoohealth.com\/de\/wp-json\/wp\/v2\/product\/5948\/revisions\/5954"}],"wp:featuredmedia":[{"embeddable":true,"href":"https:\/\/mihoohealth.com\/de\/wp-json\/wp\/v2\/media\/5949"}],"wp:attachment":[{"href":"https:\/\/mihoohealth.com\/de\/wp-json\/wp\/v2\/media?parent=5948"}],"wp:term":[{"taxonomy":"product_cat","embeddable":true,"href":"https:\/\/mihoohealth.com\/de\/wp-json\/wp\/v2\/product_cat?post=5948"},{"taxonomy":"product_tag","embeddable":true,"href":"https:\/\/mihoohealth.com\/de\/wp-json\/wp\/v2\/product_tag?post=5948"}],"curies":[{"name":"wp","href":"https:\/\/api.w.org\/{rel}","templated":true}]}}