{"id":5938,"date":"2024-09-06T02:19:05","date_gmt":"2024-09-06T02:19:05","guid":{"rendered":"https:\/\/mihoohealth.com\/?post_type=product&#038;p=5938"},"modified":"2024-09-06T03:12:50","modified_gmt":"2024-09-06T03:12:50","slug":"shiatsu-neck-shoulder-massager-mh-by040","status":"publish","type":"product","link":"https:\/\/mihoohealth.com\/de\/product\/shiatsu-neck-shoulder-massager-mh-by040\/","title":{"rendered":"Shiatsu-Nacken-Schulter-Massageger\u00e4t MH-BY040"},"content":{"rendered":"<p><strong>Beschreibung des Produkts<\/strong><\/p>\n<p><img decoding=\"async\" src=\"https:\/\/m.media-amazon.com\/images\/S\/aplus-media-library-service-media\/29b9f42c-cab9-4a0a-a4b7-598022be9f91.__CR0,0,970,600_PT0_SX970_V1___.jpg\" alt=\"neck massager for pain relief deep tissue\" \/><\/p>\n<p>Das Nackenmassageger\u00e4t kann Ihnen helfen, Zeit und Geld zu sparen. Es gibt keine Kosten mehr f\u00fcr Physiotherapeuten oder Spa. F\u00fcr einen kleinen Teil der Kosten k\u00f6nnen Sie unz\u00e4hlige professionelle Massagen erhalten, um Muskelkater zu lindern, Nackensteifigkeit zu lindern, st\u00e4ndige M\u00fcdigkeit zu beseitigen und nach einem langen Tag zu entspannen.alle Produkte sind ergonomisch gestaltet, gr\u00fcndlich getestet und beliebt bei Menschen aller Altersgruppen.<\/p>\n<div class=\"J_module\">\n<div id=\"ali-anchor-AliMagic-a1rhsk\" class=\"magic-0\" data-section=\"AliMagic-a1rhsk\" data-section-title=\"Specification\" data-spm-anchor-id=\"a2700.details.0.i74.2d046881riGu7u\"><strong>Spezifikation<\/strong><\/div>\n<\/div>\n<div class=\"J_module\">\n<div class=\"ife-detail-decorate-table\">\n<table class=\"has-title all magic-8\">\n<tbody>\n<tr>\n<td colspan=\"1\" rowspan=\"1\">\n<div class=\"magic-9\">Produktkategorie<\/div>\n<\/td>\n<td colspan=\"1\" rowspan=\"1\">\n<div class=\"magic-10\">Shiatsu Nacken- und Schultermassageger\u00e4t<\/div>\n<\/td>\n<\/tr>\n<tr>\n<td colspan=\"1\" rowspan=\"1\">\n<div class=\"magic-9\">Parameter<\/div>\n<\/td>\n<td colspan=\"1\" rowspan=\"1\">\n<div class=\"magic-10\">DC12V ,8W<\/div>\n<\/td>\n<\/tr>\n<tr>\n<td colspan=\"1\" rowspan=\"1\">\n<div class=\"magic-9\">Nettogewicht<\/div>\n<\/td>\n<td colspan=\"1\" rowspan=\"1\">\n<div class=\"magic-10\">\n<p><span class=\"a-list-item\">3,63 Pfund<\/span><\/p>\n<\/div>\n<\/td>\n<\/tr>\n<tr>\n<td colspan=\"1\" rowspan=\"1\">\n<div class=\"magic-9\">Gr\u00f6\u00dfe des Produkts<span class=\"a-list-item\"><span class=\"a-text-bold\">\u00a0<\/span><\/span><\/div>\n<\/td>\n<td colspan=\"1\" rowspan=\"1\"><span class=\"a-list-item\">15,98 x 7,44 x 7,24 Zoll<\/span><\/td>\n<\/tr>\n<\/tbody>\n<\/table>\n<\/div>\n<\/div>\n<p><img decoding=\"async\" src=\"https:\/\/m.media-amazon.com\/images\/S\/aplus-media-library-service-media\/2b269563-5f76-43af-a48b-6a0e88200f33.__CR0,0,970,600_PT0_SX970_V1___.jpg\" alt=\"shiatsu neck and back massager\" \/><\/p>\n<p>&nbsp;<\/p>","protected":false},"excerpt":{"rendered":"<h5 class=\"a-size-base-plus a-text-bold\">\u00dcber diesen Artikel<\/h5>\n<ul>\n<li><span class=\"a-list-item\">TIEFENWIRKSAME KNETMASSAGE: Unser Nackenmassageger\u00e4t verf\u00fcgt \u00fcber 8 kraftvolle, tief knetende Shiatsu-Knoten, die Muskelkater, Nackensteifigkeit und Erm\u00fcdung der Halswirbels\u00e4ule effektiv lindern und es Ihnen erm\u00f6glichen, sich nach einem langen Arbeitstag zu entspannen<\/span><\/li>\n<li><span class=\"a-list-item\">EINFACHE UND SICHERE BEDIENUNG: Ein Knopfdruck gen\u00fcgt, um echten Komfort zu genie\u00dfen. Drei einstellbare Geschwindigkeits- und Intensit\u00e4tsstufen f\u00fcr individuellen Komfort. Eingebaute Infrarotheizung f\u00f6rdert die Blutzirkulation mit 15-min\u00fctiger Abschaltautomatik und \u00dcberhitzungsschutz (manuell einstellbar)<\/span><\/li>\n<li><span class=\"a-list-item\">VIELSEITIGES GANZK\u00d6RPERMASSAGEGER\u00c4T: Ergonomisch gestaltet mit einer 4D-Knet-U-Form passt sich dieses Schultermassageger\u00e4t Ihrem Nacken, R\u00fccken, Schultern, Beinen, H\u00fcften, Waden, Oberschenkeln, F\u00fc\u00dfen und Armen an und bietet \u00fcberall Linderung von Verspannungen und Muskelschmerzen<\/span><\/li>\n<li><span class=\"a-list-item\">MULTISZENEN-EINSATZ: Perfekt f\u00fcr zu Hause, im B\u00fcro, im Auto und auf Reisen, wird es mit einem AC-Adapter und einem Autoadapter geliefert. Schlie\u00dfen Sie es einfach an, um eine hochwertige Tiefenmassage zu erhalten, die f\u00fcr Muskelschmerzen nach der Arbeit, Muskelverspannungen nach dem Training oder Muskelsteifheit bei \u00e4lteren Menschen geeignet ist.<\/span><\/li>\n<li><span class=\"a-list-item\">DAUERHAFTES UND KOMFORTABELES MATERIAL: Das Massageger\u00e4t ist aus hochwertigem PU-Leder gefertigt, das schmutzabweisend und leicht zu reinigen ist. Der Massagebereich besteht aus hochwertigem, weichem und atmungsaktivem Stoff, der eine lange Lebensdauer garantiert.<\/span><\/li>\n<\/ul>","protected":false},"featured_media":5941,"template":"","meta":{"_uag_custom_page_level_css":"","site-sidebar-layout":"default","site-content-layout":"","ast-site-content-layout":"default","site-content-style":"default","site-sidebar-style":"default","ast-global-header-display":"","ast-banner-title-visibility":"","ast-main-header-display":"","ast-hfb-above-header-display":"","ast-hfb-below-header-display":"","ast-hfb-mobile-header-display":"","site-post-title":"","ast-breadcrumbs-content":"","ast-featured-img":"","footer-sml-layout":"","theme-transparent-header-meta":"default","adv-header-id-meta":"","stick-header-meta":"","header-above-stick-meta":"","header-main-stick-meta":"","header-below-stick-meta":"","astra-migrate-meta-layouts":"set","ast-page-background-enabled":"default","ast-page-background-meta":{"desktop":{"background-color":"","background-image":"","background-repeat":"repeat","background-position":"center center","background-size":"auto","background-attachment":"scroll","background-type":"","background-media":"","overlay-type":"","overlay-color":"","overlay-opacity":"","overlay-gradient":""},"tablet":{"background-color":"","background-image":"","background-repeat":"repeat","background-position":"center center","background-size":"auto","background-attachment":"scroll","background-type":"","background-media":"","overlay-type":"","overlay-color":"","overlay-opacity":"","overlay-gradient":""},"mobile":{"background-color":"","background-image":"","background-repeat":"repeat","background-position":"center center","background-size":"auto","background-attachment":"scroll","background-type":"","background-media":"","overlay-type":"","overlay-color":"","overlay-opacity":"","overlay-gradient":""}},"ast-content-background-meta":{"desktop":{"background-color":"var(--ast-global-color-5)","background-image":"","background-repeat":"repeat","background-position":"center center","background-size":"auto","background-attachment":"scroll","background-type":"","background-media":"","overlay-type":"","overlay-color":"","overlay-opacity":"","overlay-gradient":""},"tablet":{"background-color":"var(--ast-global-color-5)","background-image":"","background-repeat":"repeat","background-position":"center center","background-size":"auto","background-attachment":"scroll","background-type":"","background-media":"","overlay-type":"","overlay-color":"","overlay-opacity":"","overlay-gradient":""},"mobile":{"background-color":"var(--ast-global-color-5)","background-image":"","background-repeat":"repeat","background-position":"center center","background-size":"auto","background-attachment":"scroll","background-type":"","background-media":"","overlay-type":"","overlay-color":"","overlay-opacity":"","overlay-gradient":""}}},"product_cat":[15,56,58],"product_tag":[707,705,706],"class_list":{"0":"post-5938","1":"product","2":"type-product","3":"status-publish","4":"has-post-thumbnail","6":"product_cat-product","7":"product_cat-see-all-categories","8":"product_cat-shoulder-neck-massager","9":"product_tag-kneading-massage-pillow","10":"product_tag-neck-massager","11":"product_tag-shiatsu-back-neck-and-shoulder-massager","12":"desktop-align-left","13":"tablet-align-left","14":"mobile-align-left","16":"first","17":"instock","18":"shipping-taxable","19":"product-type-simple"},"uagb_featured_image_src":{"full":["https:\/\/mihoohealth.com\/wp-content\/uploads\/2024\/09\/\u7279\u5199\u4e3b\u56fe1.jpg",1000,1000,false],"thumbnail":["https:\/\/mihoohealth.com\/wp-content\/uploads\/2024\/09\/\u7279\u5199\u4e3b\u56fe1-150x150.jpg",150,150,true],"medium":["https:\/\/mihoohealth.com\/wp-content\/uploads\/2024\/09\/\u7279\u5199\u4e3b\u56fe1-300x300.jpg",300,300,true],"medium_large":["https:\/\/mihoohealth.com\/wp-content\/uploads\/2024\/09\/\u7279\u5199\u4e3b\u56fe1-768x768.jpg",768,768,true],"large":["https:\/\/mihoohealth.com\/wp-content\/uploads\/2024\/09\/\u7279\u5199\u4e3b\u56fe1.jpg",1000,1000,false],"1536x1536":["https:\/\/mihoohealth.com\/wp-content\/uploads\/2024\/09\/\u7279\u5199\u4e3b\u56fe1.jpg",1000,1000,false],"2048x2048":["https:\/\/mihoohealth.com\/wp-content\/uploads\/2024\/09\/\u7279\u5199\u4e3b\u56fe1.jpg",1000,1000,false],"trp-custom-language-flag":["https:\/\/mihoohealth.com\/wp-content\/uploads\/2024\/09\/\u7279\u5199\u4e3b\u56fe1-12x12.jpg",12,12,true],"woocommerce_thumbnail":["https:\/\/mihoohealth.com\/wp-content\/uploads\/2024\/09\/\u7279\u5199\u4e3b\u56fe1-300x300.jpg",300,300,true],"woocommerce_single":["https:\/\/mihoohealth.com\/wp-content\/uploads\/2024\/09\/\u7279\u5199\u4e3b\u56fe1-600x600.jpg",600,600,true],"woocommerce_gallery_thumbnail":["https:\/\/mihoohealth.com\/wp-content\/uploads\/2024\/09\/\u7279\u5199\u4e3b\u56fe1-100x100.jpg",100,100,true]},"uagb_author_info":{"display_name":"amylau07081@gmail.com","author_link":"https:\/\/mihoohealth.com\/de\/author\/"},"uagb_comment_info":0,"uagb_excerpt":"About this item DEEP TISSUE KNEADING MASSAGE: Our neck massager features 8 powerful deep-kneading Shiatsu nodes that effectively relieve muscle soreness, neck stiffness, and cervical fatigue, allowing you to relax after a long day of work EASY AND SAFE OPERATION: Press a button to enjoy real comfort. Three adjustable speed and intensity levels for personalized&hellip;","_links":{"self":[{"href":"https:\/\/mihoohealth.com\/de\/wp-json\/wp\/v2\/product\/5938","targetHints":{"allow":["GET"]}}],"collection":[{"href":"https:\/\/mihoohealth.com\/de\/wp-json\/wp\/v2\/product"}],"about":[{"href":"https:\/\/mihoohealth.com\/de\/wp-json\/wp\/v2\/types\/product"}],"version-history":[{"count":2,"href":"https:\/\/mihoohealth.com\/de\/wp-json\/wp\/v2\/product\/5938\/revisions"}],"predecessor-version":[{"id":5955,"href":"https:\/\/mihoohealth.com\/de\/wp-json\/wp\/v2\/product\/5938\/revisions\/5955"}],"wp:featuredmedia":[{"embeddable":true,"href":"https:\/\/mihoohealth.com\/de\/wp-json\/wp\/v2\/media\/5941"}],"wp:attachment":[{"href":"https:\/\/mihoohealth.com\/de\/wp-json\/wp\/v2\/media?parent=5938"}],"wp:term":[{"taxonomy":"product_cat","embeddable":true,"href":"https:\/\/mihoohealth.com\/de\/wp-json\/wp\/v2\/product_cat?post=5938"},{"taxonomy":"product_tag","embeddable":true,"href":"https:\/\/mihoohealth.com\/de\/wp-json\/wp\/v2\/product_tag?post=5938"}],"curies":[{"name":"wp","href":"https:\/\/api.w.org\/{rel}","templated":true}]}}