{"id":5408,"date":"2024-09-01T07:16:52","date_gmt":"2024-09-01T07:16:52","guid":{"rendered":"https:\/\/mihoohealth.com\/?post_type=product&#038;p=5408"},"modified":"2024-09-01T07:16:52","modified_gmt":"2024-09-01T07:16:52","slug":"shiatsu-foot-massager-mh-805","status":"publish","type":"product","link":"https:\/\/mihoohealth.com\/de\/product\/shiatsu-foot-massager-mh-805\/","title":{"rendered":"Shiatsu-Fu\u00dfmassageger\u00e4t MH-805"},"content":{"rendered":"<p><strong>Beschreibung des Produkts<\/strong><img decoding=\"async\" src=\"https:\/\/sc04.alicdn.com\/kf\/H8512de009807415fb0938754065b0d86q\/273358224\/H8512de009807415fb0938754065b0d86q.jpg\" \/><\/p>\n<p><img decoding=\"async\" src=\"https:\/\/sc04.alicdn.com\/kf\/H214f77772976418d9feab7176a12564b8\/273358224\/H214f77772976418d9feab7176a12564b8.jpg\" \/>Dieses Fu\u00dfmassageger\u00e4t ist in der Lage, 60 Akupunkturpunkte an den F\u00fc\u00dfen zu beeinflussen. Es ist bekannt, dass eine kompetente Fu\u00dfmassage die Funktion bestimmter Organe und den allgemeinen Zustand des K\u00f6rpers verbessern kann. Sie wird dazu beitragen, die Reflexzonen der Leber, der Nieren und des Magens effektiv zu beeinflussen. W\u00e4hrend der Massage k\u00f6nnen Sie die Geschwindigkeit und<br \/>\nIntensit\u00e4t des Prozesses und konzentriert sich auf die notwendigen Reflexzonen. Das Massageger\u00e4t ist in der Lage, Anionen zu erzeugen, die unangenehme Ger\u00fcche beseitigen. Nur 15 Minuten Massage pro Tag k\u00f6nnen Sie beleben und erfrischen<\/p>\n<div class=\"J_module\">\n<div id=\"ali-anchor-AliMagic-v4blu6\" class=\"magic-0\" data-section=\"AliMagic-v4blu6\" data-section-title=\"Specification\" data-spm-anchor-id=\"a2700.details.0.i69.4bdd7c4fIVQrV7\"><strong>Spezifikation<\/strong><\/div>\n<\/div>\n<div class=\"J_module\">\n<div class=\"ife-detail-decorate-table\">\n<table class=\"has-title all magic-8\">\n<tbody>\n<tr>\n<td colspan=\"1\" rowspan=\"1\">\n<div class=\"magic-9\">Produktkategorie<\/div>\n<\/td>\n<td colspan=\"1\" rowspan=\"1\">\n<div class=\"magic-10\">Shiatsu-Fu\u00dfmassageger\u00e4t<\/div>\n<\/td>\n<\/tr>\n<tr>\n<td colspan=\"1\" rowspan=\"1\">\n<div class=\"magic-9\">Parameter<\/div>\n<\/td>\n<td colspan=\"1\" rowspan=\"1\">\n<div class=\"magic-10\">24V 2A , 45W<\/div>\n<\/td>\n<\/tr>\n<tr>\n<td colspan=\"1\" rowspan=\"1\">\n<div class=\"magic-9\">Nettogewicht<\/div>\n<\/td>\n<td colspan=\"1\" rowspan=\"1\">\n<div class=\"magic-10\">2.5G<\/div>\n<\/td>\n<\/tr>\n<tr>\n<td colspan=\"1\" rowspan=\"1\">\n<div class=\"magic-9\">Gr\u00f6\u00dfe des Produkts<\/div>\n<\/td>\n<td colspan=\"1\" rowspan=\"1\">\n<div class=\"magic-10\">54,5CM x 37,5CM x 29CM<\/div>\n<\/td>\n<\/tr>\n<\/tbody>\n<\/table>\n<\/div>\n<\/div>\n<p><img decoding=\"async\" src=\"https:\/\/sc04.alicdn.com\/kf\/Hb33f89c9e7544380b61ca9686ee470b9U\/273358224\/Hb33f89c9e7544380b61ca9686ee470b9U.png\" \/><\/p>","protected":false},"excerpt":{"rendered":"<h5 class=\"a-size-base-plus a-text-bold\">\u00dcber diesen Artikel<\/h5>\n<ul class=\"a-unordered-list a-vertical a-spacing-mini\">\n<li class=\"a-spacing-mini\"><span class=\"a-list-item\">[Produktdetails] Ausgestattet mit Rotationskugel, Rollstab und Heizung bietet das Fu\u00dfmassageger\u00e4t eine tief knetende Shiatsu-Fu\u00dfmassage. Es massiert die F\u00fc\u00dfe und entspannt den ganzen K\u00f6rper. Bitte beachten Sie, dass dieses Shiatsu-Fu\u00dfmassageger\u00e4t nicht f\u00fcr Fu\u00dfb\u00e4der geeignet ist.<\/span><\/li>\n<li class=\"a-spacing-mini\"><span class=\"a-list-item\">[Professionelle Fu\u00dfmassage] Um eine umfassende und komfortable Massage zu bieten, enth\u00e4lt das beheizte Fu\u00dfmassageger\u00e4t ein ergonomisches Design. Enth\u00e4lt 3 Kneten und 3 Squeeze-Intensit\u00e4ten, die auf pers\u00f6nliche Vorlieben eingestellt werden k\u00f6nnen. Das Fu\u00dfmassageger\u00e4t ist FSA f\u00f6rderf\u00e4hig Artikel nur Liste.<\/span><\/li>\n<li class=\"a-spacing-mini\"><span class=\"a-list-item\">[Einfach, hygienisch und gesund] Das Fu\u00dfmassageger\u00e4t l\u00e4sst sich leicht mit dem Fu\u00df bedienen, da es \u00fcber ein Touchpanel verf\u00fcgt. Um eine saubere und gesunde Umgebung zu erhalten, befindet sich in den Fu\u00dfkammern ein abnehmbares, waschbares Tuch.<\/span><\/li>\n<li class=\"a-spacing-mini\"><span class=\"a-list-item\">[Fitment]elektrische Fu\u00dfmassageger\u00e4t kann fast alle Fu\u00dfgr\u00f6\u00dfen bis zu M\u00e4nnern Gr\u00f6\u00dfe 12 unterzubringen, da es vergr\u00f6\u00dferte Fu\u00df Zimmer enth\u00e4lt.<\/span><\/li>\n<\/ul>","protected":false},"featured_media":5410,"template":"","meta":{"_uag_custom_page_level_css":"","site-sidebar-layout":"default","site-content-layout":"","ast-site-content-layout":"default","site-content-style":"default","site-sidebar-style":"default","ast-global-header-display":"","ast-banner-title-visibility":"","ast-main-header-display":"","ast-hfb-above-header-display":"","ast-hfb-below-header-display":"","ast-hfb-mobile-header-display":"","site-post-title":"","ast-breadcrumbs-content":"","ast-featured-img":"","footer-sml-layout":"","theme-transparent-header-meta":"default","adv-header-id-meta":"","stick-header-meta":"","header-above-stick-meta":"","header-main-stick-meta":"","header-below-stick-meta":"","astra-migrate-meta-layouts":"set","ast-page-background-enabled":"default","ast-page-background-meta":{"desktop":{"background-color":"","background-image":"","background-repeat":"repeat","background-position":"center center","background-size":"auto","background-attachment":"scroll","background-type":"","background-media":"","overlay-type":"","overlay-color":"","overlay-opacity":"","overlay-gradient":""},"tablet":{"background-color":"","background-image":"","background-repeat":"repeat","background-position":"center center","background-size":"auto","background-attachment":"scroll","background-type":"","background-media":"","overlay-type":"","overlay-color":"","overlay-opacity":"","overlay-gradient":""},"mobile":{"background-color":"","background-image":"","background-repeat":"repeat","background-position":"center center","background-size":"auto","background-attachment":"scroll","background-type":"","background-media":"","overlay-type":"","overlay-color":"","overlay-opacity":"","overlay-gradient":""}},"ast-content-background-meta":{"desktop":{"background-color":"var(--ast-global-color-5)","background-image":"","background-repeat":"repeat","background-position":"center center","background-size":"auto","background-attachment":"scroll","background-type":"","background-media":"","overlay-type":"","overlay-color":"","overlay-opacity":"","overlay-gradient":""},"tablet":{"background-color":"var(--ast-global-color-5)","background-image":"","background-repeat":"repeat","background-position":"center center","background-size":"auto","background-attachment":"scroll","background-type":"","background-media":"","overlay-type":"","overlay-color":"","overlay-opacity":"","overlay-gradient":""},"mobile":{"background-color":"var(--ast-global-color-5)","background-image":"","background-repeat":"repeat","background-position":"center center","background-size":"auto","background-attachment":"scroll","background-type":"","background-media":"","overlay-type":"","overlay-color":"","overlay-opacity":"","overlay-gradient":""}}},"product_cat":[15,63],"product_tag":[441,442,440],"class_list":{"0":"post-5408","1":"product","2":"type-product","3":"status-publish","4":"has-post-thumbnail","6":"product_cat-product","7":"product_cat-foot-massager","8":"product_tag-compact-foot-massager","9":"product_tag-rolling-and-kneading-massager","10":"product_tag-shiatsu-foot-massager","11":"desktop-align-left","12":"tablet-align-left","13":"mobile-align-left","15":"first","16":"instock","17":"shipping-taxable","18":"product-type-simple"},"uagb_featured_image_src":{"full":["https:\/\/mihoohealth.com\/wp-content\/uploads\/2024\/09\/\u963f\u91cc\u4e3b\u56fe7.jpg",650,650,false],"thumbnail":["https:\/\/mihoohealth.com\/wp-content\/uploads\/2024\/09\/\u963f\u91cc\u4e3b\u56fe7-150x150.jpg",150,150,true],"medium":["https:\/\/mihoohealth.com\/wp-content\/uploads\/2024\/09\/\u963f\u91cc\u4e3b\u56fe7-300x300.jpg",300,300,true],"medium_large":["https:\/\/mihoohealth.com\/wp-content\/uploads\/2024\/09\/\u963f\u91cc\u4e3b\u56fe7.jpg",650,650,false],"large":["https:\/\/mihoohealth.com\/wp-content\/uploads\/2024\/09\/\u963f\u91cc\u4e3b\u56fe7.jpg",650,650,false],"1536x1536":["https:\/\/mihoohealth.com\/wp-content\/uploads\/2024\/09\/\u963f\u91cc\u4e3b\u56fe7.jpg",650,650,false],"2048x2048":["https:\/\/mihoohealth.com\/wp-content\/uploads\/2024\/09\/\u963f\u91cc\u4e3b\u56fe7.jpg",650,650,false],"trp-custom-language-flag":["https:\/\/mihoohealth.com\/wp-content\/uploads\/2024\/09\/\u963f\u91cc\u4e3b\u56fe7-12x12.jpg",12,12,true],"woocommerce_thumbnail":["https:\/\/mihoohealth.com\/wp-content\/uploads\/2024\/09\/\u963f\u91cc\u4e3b\u56fe7-300x300.jpg",300,300,true],"woocommerce_single":["https:\/\/mihoohealth.com\/wp-content\/uploads\/2024\/09\/\u963f\u91cc\u4e3b\u56fe7-600x600.jpg",600,600,true],"woocommerce_gallery_thumbnail":["https:\/\/mihoohealth.com\/wp-content\/uploads\/2024\/09\/\u963f\u91cc\u4e3b\u56fe7-100x100.jpg",100,100,true]},"uagb_author_info":{"display_name":"amylau07081@gmail.com","author_link":"https:\/\/mihoohealth.com\/de\/author\/"},"uagb_comment_info":0,"uagb_excerpt":"About this item [Product Details] Equipped with rotation ball, rolling stick and heating, foot massager offers a deep kneading shiatsu foot massage. It massages the feet and relaxes the whole body. Please note that this shiatsu foot massager is not for foot bath use. [Professional Foot Massage] To provide comprehensive and comfortable massage, heated foot&hellip;","_links":{"self":[{"href":"https:\/\/mihoohealth.com\/de\/wp-json\/wp\/v2\/product\/5408","targetHints":{"allow":["GET"]}}],"collection":[{"href":"https:\/\/mihoohealth.com\/de\/wp-json\/wp\/v2\/product"}],"about":[{"href":"https:\/\/mihoohealth.com\/de\/wp-json\/wp\/v2\/types\/product"}],"version-history":[{"count":1,"href":"https:\/\/mihoohealth.com\/de\/wp-json\/wp\/v2\/product\/5408\/revisions"}],"predecessor-version":[{"id":5417,"href":"https:\/\/mihoohealth.com\/de\/wp-json\/wp\/v2\/product\/5408\/revisions\/5417"}],"wp:featuredmedia":[{"embeddable":true,"href":"https:\/\/mihoohealth.com\/de\/wp-json\/wp\/v2\/media\/5410"}],"wp:attachment":[{"href":"https:\/\/mihoohealth.com\/de\/wp-json\/wp\/v2\/media?parent=5408"}],"wp:term":[{"taxonomy":"product_cat","embeddable":true,"href":"https:\/\/mihoohealth.com\/de\/wp-json\/wp\/v2\/product_cat?post=5408"},{"taxonomy":"product_tag","embeddable":true,"href":"https:\/\/mihoohealth.com\/de\/wp-json\/wp\/v2\/product_tag?post=5408"}],"curies":[{"name":"wp","href":"https:\/\/api.w.org\/{rel}","templated":true}]}}