{"id":5398,"date":"2024-09-01T06:54:54","date_gmt":"2024-09-01T06:54:54","guid":{"rendered":"https:\/\/mihoohealth.com\/?post_type=product&#038;p=5398"},"modified":"2024-09-01T06:54:54","modified_gmt":"2024-09-01T06:54:54","slug":"leg-and-foot-massager-mh-918","status":"publish","type":"product","link":"https:\/\/mihoohealth.com\/de\/product\/leg-and-foot-massager-mh-918\/","title":{"rendered":"Bein- und Fu\u00dfmassageger\u00e4t MH-918"},"content":{"rendered":"<p><strong>Beschreibung des Produkts<\/strong><\/p>\n<p><img decoding=\"async\" src=\"https:\/\/sc04.alicdn.com\/kf\/H73399084cd1b43148ceb3f5f78914e055\/273358224\/H73399084cd1b43148ceb3f5f78914e055.jpg\" \/><\/p>\n<div class=\"J_module\">\n<div class=\"detail-decorate-json-renderer-container\">\n<div class=\"magic-4\">\n<div class=\"magic-5\">\n<div class=\"magic-6\">\n<div class=\"magic-7\"><span data-spm-anchor-id=\"a2700.details.0.i69.752349b1CO4T4S\">Advanced Technology for Targeted Relief, Perfect For Home Relaxation and Stress Relief, dies bietet eine verbesserte Durchblutung, schnelle Erholung f\u00fcr \u00fcberlastete F\u00fc\u00dfe, und verj\u00fcngte Muskeln nach langem Stehen, alles in einem bequemen Massage-Tool, das Sie zu Hause oder am Arbeitsplatz verwenden k\u00f6nnen. Dieses Produkt profitiert stark von denen mit.<\/span><\/div>\n<div><\/div>\n<div>\n<div class=\"J_module\">\n<div id=\"ali-anchor-AliMagic-xkg0vo\" class=\"magic-0\" data-section=\"AliMagic-xkg0vo\" data-section-title=\"Specification\" data-spm-anchor-id=\"a2700.details.0.i72.752349b1CO4T4S\"><strong>Spezifikation<\/strong><\/div>\n<\/div>\n<div class=\"J_module\">\n<div class=\"ife-detail-decorate-table\">\n<table class=\"has-title all magic-8\">\n<tbody>\n<tr>\n<td colspan=\"1\" rowspan=\"1\">\n<div class=\"magic-9\">Produktkategorie<\/div>\n<\/td>\n<td colspan=\"1\" rowspan=\"1\">\n<div class=\"magic-10\">Fu\u00df- und Wadenmassageger\u00e4t<\/div>\n<\/td>\n<\/tr>\n<tr>\n<td colspan=\"1\" rowspan=\"1\">\n<div class=\"magic-9\">Parameter<\/div>\n<\/td>\n<td colspan=\"1\" rowspan=\"1\">\n<div class=\"magic-10\">100-240V,45W<\/div>\n<\/td>\n<\/tr>\n<tr>\n<td colspan=\"1\" rowspan=\"1\">\n<div class=\"magic-9\">Nettogewicht<\/div>\n<\/td>\n<td colspan=\"1\" rowspan=\"1\">\n<div class=\"magic-10\">11KGS<\/div>\n<\/td>\n<\/tr>\n<tr>\n<td colspan=\"1\" rowspan=\"1\">\n<div class=\"magic-9\">Gr\u00f6\u00dfe des Produkts<\/div>\n<\/td>\n<td colspan=\"1\" rowspan=\"1\">\n<div class=\"magic-10\">48&amp;37*49cm<\/div>\n<\/td>\n<\/tr>\n<\/tbody>\n<\/table>\n<p><img decoding=\"async\" src=\"https:\/\/sc04.alicdn.com\/kf\/Ha913e0a9cd1e48b880854f350af780c7z\/273358224\/Ha913e0a9cd1e48b880854f350af780c7z.jpg\" \/><\/p>\n<p><img decoding=\"async\" src=\"https:\/\/sc04.alicdn.com\/kf\/H973b27b94c13469d8d411e36573b3427y\/273358224\/H973b27b94c13469d8d411e36573b3427y.jpg\" \/><\/p>\n<h1 id=\"title\" class=\"a-size-large a-spacing-none\"><span id=\"productTitle\" class=\"a-size-large product-title-word-break\">\u00a0Fu\u00df- und Wadenmassageger\u00e4t mit W\u00e4rme<\/span><\/h1>\n<\/div>\n<\/div>\n<\/div>\n<\/div>\n<\/div>\n<\/div>\n<\/div>\n<\/div>\n<div class=\"J_module\"><\/div>","protected":false},"excerpt":{"rendered":"<h5 class=\"a-size-base-plus a-text-bold\">\u00dcber diesen Artikel<\/h5>\n<ul class=\"a-unordered-list a-vertical a-spacing-mini\">\n<li class=\"a-spacing-mini\"><span class=\"a-list-item\">Massieren Sie Ihre F\u00fc\u00dfe und Waden und entspannen Sie den ganzen K\u00f6rper. Unsere patentierte CirQulation Figure-Eight Technology, mit W\u00e4rme, zirkuliert den Blutfluss in Ihrem Fu\u00df und Wade, bietet eine tiefe Kneten Shiatsu-Fu\u00dfmassage und tief eindringende vibrierende Erleichterung, bringt Ihren K\u00f6rper zur\u00fcck in sein nat\u00fcrliches Gleichgewicht, die die nat\u00fcrliche Heilkraft des K\u00f6rpers f\u00f6rdert.<\/span><\/li>\n<li class=\"a-spacing-mini\"><span class=\"a-list-item\">Eine professionelle Fu\u00dfmassage - Das ergonomische Design bietet eine umfassende und komfortable Fu\u00dfmassage. Es wird empfohlen, mit einer niedrigen Intensit\u00e4tsstufe zu beginnen und die Anwendung zu beenden, wenn Sie sich unwohl f\u00fchlen. Wadenmassage Breite-4,5 Zoll. Wadenmassage H\u00f6he-14 Zoll<\/span><\/li>\n<\/ul>\n<ul class=\"a-unordered-list a-vertical a-spacing-mini\">\n<li class=\"a-spacing-mini\"><span class=\"a-list-item\">Gezielte Entlastung - schnelle Erholung f\u00fcr strapazierte F\u00fc\u00dfe und Verj\u00fcngung der Muskeln. Hygienische, herausnehmbare und waschbare Eins\u00e4tze in den Fu\u00dfkammern sorgen f\u00fcr eine saubere und gesunde Umgebung f\u00fcr Sie und Ihre Familie.<\/span><\/li>\n<li class=\"a-spacing-mini\"><span class=\"a-list-item\">Passt den meisten Menschen - Mit seinen vergr\u00f6\u00dferten Fu\u00dfmulden kann das Human Touch Fu\u00df- und Wadenmassageger\u00e4t die meisten Fu\u00dfgr\u00f6\u00dfen aufnehmen, bis hin zu M\u00e4nnergr\u00f6\u00dfe 12.<\/span><\/li>\n<li class=\"a-spacing-mini\"><span class=\"a-list-item\">Entspannung &amp; Stressabbau - Das perfekte Geschenk f\u00fcr M\u00e4nner oder Frauen, das die M\u00f6glichkeit bietet, nach einem stressigen Tag zu entspannen. Holen Sie sich die Massage zu sich nach Hause und sp\u00fcren Sie den sofortigen Stressabbau.<\/span><\/li>\n<\/ul>","protected":false},"featured_media":5399,"template":"","meta":{"_uag_custom_page_level_css":"","site-sidebar-layout":"default","site-content-layout":"","ast-site-content-layout":"default","site-content-style":"default","site-sidebar-style":"default","ast-global-header-display":"","ast-banner-title-visibility":"","ast-main-header-display":"","ast-hfb-above-header-display":"","ast-hfb-below-header-display":"","ast-hfb-mobile-header-display":"","site-post-title":"","ast-breadcrumbs-content":"","ast-featured-img":"","footer-sml-layout":"","theme-transparent-header-meta":"default","adv-header-id-meta":"","stick-header-meta":"","header-above-stick-meta":"","header-main-stick-meta":"","header-below-stick-meta":"","astra-migrate-meta-layouts":"set","ast-page-background-enabled":"default","ast-page-background-meta":{"desktop":{"background-color":"","background-image":"","background-repeat":"repeat","background-position":"center center","background-size":"auto","background-attachment":"scroll","background-type":"","background-media":"","overlay-type":"","overlay-color":"","overlay-opacity":"","overlay-gradient":""},"tablet":{"background-color":"","background-image":"","background-repeat":"repeat","background-position":"center center","background-size":"auto","background-attachment":"scroll","background-type":"","background-media":"","overlay-type":"","overlay-color":"","overlay-opacity":"","overlay-gradient":""},"mobile":{"background-color":"","background-image":"","background-repeat":"repeat","background-position":"center center","background-size":"auto","background-attachment":"scroll","background-type":"","background-media":"","overlay-type":"","overlay-color":"","overlay-opacity":"","overlay-gradient":""}},"ast-content-background-meta":{"desktop":{"background-color":"var(--ast-global-color-5)","background-image":"","background-repeat":"repeat","background-position":"center center","background-size":"auto","background-attachment":"scroll","background-type":"","background-media":"","overlay-type":"","overlay-color":"","overlay-opacity":"","overlay-gradient":""},"tablet":{"background-color":"var(--ast-global-color-5)","background-image":"","background-repeat":"repeat","background-position":"center center","background-size":"auto","background-attachment":"scroll","background-type":"","background-media":"","overlay-type":"","overlay-color":"","overlay-opacity":"","overlay-gradient":""},"mobile":{"background-color":"var(--ast-global-color-5)","background-image":"","background-repeat":"repeat","background-position":"center center","background-size":"auto","background-attachment":"scroll","background-type":"","background-media":"","overlay-type":"","overlay-color":"","overlay-opacity":"","overlay-gradient":""}}},"product_cat":[15,63],"product_tag":[436,437,438,439],"class_list":{"0":"post-5398","1":"product","2":"type-product","3":"status-publish","4":"has-post-thumbnail","6":"product_cat-product","7":"product_cat-foot-massager","8":"product_tag-foot-calf-massager-w-heat","9":"product_tag-plantar-fasciitis-relief","10":"product_tag-shiatsu-deep-kneading","11":"product_tag-vibrating-for-stress","12":"desktop-align-left","13":"tablet-align-left","14":"mobile-align-left","16":"first","17":"instock","18":"shipping-taxable","19":"product-type-simple"},"uagb_featured_image_src":{"full":["https:\/\/mihoohealth.com\/wp-content\/uploads\/2024\/09\/\u963f\u91cc\u4e3b\u56fe6-1.jpg",650,650,false],"thumbnail":["https:\/\/mihoohealth.com\/wp-content\/uploads\/2024\/09\/\u963f\u91cc\u4e3b\u56fe6-1-150x150.jpg",150,150,true],"medium":["https:\/\/mihoohealth.com\/wp-content\/uploads\/2024\/09\/\u963f\u91cc\u4e3b\u56fe6-1-300x300.jpg",300,300,true],"medium_large":["https:\/\/mihoohealth.com\/wp-content\/uploads\/2024\/09\/\u963f\u91cc\u4e3b\u56fe6-1.jpg",650,650,false],"large":["https:\/\/mihoohealth.com\/wp-content\/uploads\/2024\/09\/\u963f\u91cc\u4e3b\u56fe6-1.jpg",650,650,false],"1536x1536":["https:\/\/mihoohealth.com\/wp-content\/uploads\/2024\/09\/\u963f\u91cc\u4e3b\u56fe6-1.jpg",650,650,false],"2048x2048":["https:\/\/mihoohealth.com\/wp-content\/uploads\/2024\/09\/\u963f\u91cc\u4e3b\u56fe6-1.jpg",650,650,false],"trp-custom-language-flag":["https:\/\/mihoohealth.com\/wp-content\/uploads\/2024\/09\/\u963f\u91cc\u4e3b\u56fe6-1-12x12.jpg",12,12,true],"woocommerce_thumbnail":["https:\/\/mihoohealth.com\/wp-content\/uploads\/2024\/09\/\u963f\u91cc\u4e3b\u56fe6-1-300x300.jpg",300,300,true],"woocommerce_single":["https:\/\/mihoohealth.com\/wp-content\/uploads\/2024\/09\/\u963f\u91cc\u4e3b\u56fe6-1-600x600.jpg",600,600,true],"woocommerce_gallery_thumbnail":["https:\/\/mihoohealth.com\/wp-content\/uploads\/2024\/09\/\u963f\u91cc\u4e3b\u56fe6-1-100x100.jpg",100,100,true]},"uagb_author_info":{"display_name":"amylau07081@gmail.com","author_link":"https:\/\/mihoohealth.com\/de\/author\/"},"uagb_comment_info":0,"uagb_excerpt":"About this item Massage the feet and calves, relax the whole body. Our patented CirQulation Figure-Eight Technology, with heat, circulates blood flow in your foot and calf, offering a deep kneading Shiatsu foot massage, and deeply-penetrating vibrating relief, bringing your body back into its natural equilibrium which promotes the body's natural healing power..Voltage : AC110-120V&hellip;","_links":{"self":[{"href":"https:\/\/mihoohealth.com\/de\/wp-json\/wp\/v2\/product\/5398","targetHints":{"allow":["GET"]}}],"collection":[{"href":"https:\/\/mihoohealth.com\/de\/wp-json\/wp\/v2\/product"}],"about":[{"href":"https:\/\/mihoohealth.com\/de\/wp-json\/wp\/v2\/types\/product"}],"version-history":[{"count":2,"href":"https:\/\/mihoohealth.com\/de\/wp-json\/wp\/v2\/product\/5398\/revisions"}],"predecessor-version":[{"id":5407,"href":"https:\/\/mihoohealth.com\/de\/wp-json\/wp\/v2\/product\/5398\/revisions\/5407"}],"wp:featuredmedia":[{"embeddable":true,"href":"https:\/\/mihoohealth.com\/de\/wp-json\/wp\/v2\/media\/5399"}],"wp:attachment":[{"href":"https:\/\/mihoohealth.com\/de\/wp-json\/wp\/v2\/media?parent=5398"}],"wp:term":[{"taxonomy":"product_cat","embeddable":true,"href":"https:\/\/mihoohealth.com\/de\/wp-json\/wp\/v2\/product_cat?post=5398"},{"taxonomy":"product_tag","embeddable":true,"href":"https:\/\/mihoohealth.com\/de\/wp-json\/wp\/v2\/product_tag?post=5398"}],"curies":[{"name":"wp","href":"https:\/\/api.w.org\/{rel}","templated":true}]}}