{"id":5389,"date":"2024-09-01T06:37:26","date_gmt":"2024-09-01T06:37:26","guid":{"rendered":"https:\/\/mihoohealth.com\/?post_type=product&#038;p=5389"},"modified":"2024-09-01T06:37:26","modified_gmt":"2024-09-01T06:37:26","slug":"hand-massager-mh-h008","status":"publish","type":"product","link":"https:\/\/mihoohealth.com\/de\/product\/hand-massager-mh-h008\/","title":{"rendered":"Handmassageger\u00e4t MH-H008"},"content":{"rendered":"<p><strong>Beschreibung des Produkts<\/strong><\/p>\n<p><img decoding=\"async\" src=\"https:\/\/sc04.alicdn.com\/kf\/H36b6d5b77cee4f01a3c61d8c7c73a28ct\/273358224\/H36b6d5b77cee4f01a3c61d8c7c73a28ct.jpg\" \/><\/p>\n<div class=\"J_module\">\n<div id=\"ali-anchor-AliMagic-knriu1\" class=\"magic-0\" data-section=\"AliMagic-knriu1\" data-section-title=\"Specification\" data-spm-anchor-id=\"a2700.details.0.i70.3038461dZb5vQ9\"><strong>Spezifikation<\/strong><\/div>\n<\/div>\n<div class=\"J_module\">\n<div class=\"ife-detail-decorate-table\">\n<table class=\"has-title all magic-8\">\n<tbody>\n<tr>\n<td colspan=\"1\" rowspan=\"1\">\n<div class=\"magic-9\">Produktkategorie<\/div>\n<\/td>\n<td colspan=\"1\" rowspan=\"1\">\n<div class=\"magic-10\">Handmassageger\u00e4t<\/div>\n<\/td>\n<\/tr>\n<tr>\n<td colspan=\"1\" rowspan=\"1\">\n<div class=\"magic-9\">Parameter<\/div>\n<\/td>\n<td colspan=\"1\" rowspan=\"1\">\n<div class=\"magic-10\">5V 8W<\/div>\n<\/td>\n<\/tr>\n<tr>\n<td colspan=\"1\" rowspan=\"1\">\n<div class=\"magic-9\">Nettogewicht<\/div>\n<\/td>\n<td colspan=\"1\" rowspan=\"1\">\n<div class=\"magic-10\">700G<\/div>\n<\/td>\n<\/tr>\n<tr>\n<td colspan=\"1\" rowspan=\"1\">\n<div class=\"magic-9\">Gr\u00f6\u00dfe des Produkts<\/div>\n<\/td>\n<td colspan=\"1\" rowspan=\"1\">\n<div class=\"magic-10\">25*15*10.8CM<\/div>\n<\/td>\n<\/tr>\n<\/tbody>\n<\/table>\n<p><img decoding=\"async\" src=\"https:\/\/sc04.alicdn.com\/kf\/H35d546c897c645e8a343b55336841c8ea\/273358224\/H35d546c897c645e8a343b55336841c8ea.jpg\" \/><\/p>\n<p><img decoding=\"async\" src=\"https:\/\/sc04.alicdn.com\/kf\/H7765ea8263d643ce85250728afecc013W\/273358224\/H7765ea8263d643ce85250728afecc013W.png\" \/><\/p>\n<\/div>\n<\/div>","protected":false},"excerpt":{"rendered":"<h5 class=\"a-size-base-plus a-text-bold\">\u00dcber diesen Artikel<\/h5>\n<ul class=\"a-unordered-list a-vertical a-spacing-mini\">\n<li class=\"a-spacing-mini\"><span class=\"a-list-item\">Intelligente Handmassage: Drei pr\u00e4zise Druckpunkte sind im Inneren des elektrischen Handmassageger\u00e4ts angebracht. Durch Dr\u00fccken der oberen und unteren Lufts\u00e4cke auf der Hand, kann es effektiv die Akupunkte auf der Hand zu stimulieren, entlasten Sie Ihre Hand M\u00fcdigkeit, und lindern Muskelkater. Ideal f\u00fcr Arthritis, Karpaltunnel und Schmerzlinderung.<\/span><\/li>\n<li class=\"a-spacing-mini\"><span class=\"a-list-item\">Wohltuende W\u00e4rme: Unser Handmassageger\u00e4t verf\u00fcgt \u00fcber kontinuierliche Vibrationsmodi sowie optionale W\u00e4rme, die dazu beitr\u00e4gt, die H\u00e4nde warm und feucht zu halten, die Blutzirkulation zu verbessern und Handbeschwerden und kalte Handfl\u00e4chen zu reduzieren.<\/span><\/li>\n<li class=\"a-spacing-mini\"><span class=\"a-list-item\">Geeignet f\u00fcr jedermann: Diese intelligente Handmassage hat 3 Massagestufen und 2 Massagemodi, die sicherstellen k\u00f6nnen, dass jeder seinen bequemsten Massagemodus finden kann, ob Sie arbeiten, schreiben, Musikinstrumente spielen, manuelle Arbeit, erm\u00f6glicht es Ihren H\u00e4nden, sich wirklich zu entspannen.<\/span><\/li>\n<li class=\"a-spacing-mini\"><span class=\"a-list-item\">Praktisch und benutzerfreundlich: Das elektrische Handmassageger\u00e4t verf\u00fcgt \u00fcber eine automatische Abschaltfunktion, die das Massageger\u00e4t nach einer bestimmten Zeit automatisch ausschaltet. Das kompakte und tragbare Design macht es f\u00fcr den Einsatz zu Hause, im B\u00fcro oder auf Reisen geeignet und verschafft Ihnen jederzeit und \u00fcberall Linderung.<\/span><\/li>\n<\/ul>","protected":false},"featured_media":5390,"template":"","meta":{"_uag_custom_page_level_css":"","site-sidebar-layout":"default","site-content-layout":"","ast-site-content-layout":"default","site-content-style":"default","site-sidebar-style":"default","ast-global-header-display":"","ast-banner-title-visibility":"","ast-main-header-display":"","ast-hfb-above-header-display":"","ast-hfb-below-header-display":"","ast-hfb-mobile-header-display":"","site-post-title":"","ast-breadcrumbs-content":"","ast-featured-img":"","footer-sml-layout":"","theme-transparent-header-meta":"default","adv-header-id-meta":"","stick-header-meta":"","header-above-stick-meta":"","header-main-stick-meta":"","header-below-stick-meta":"","astra-migrate-meta-layouts":"set","ast-page-background-enabled":"default","ast-page-background-meta":{"desktop":{"background-color":"","background-image":"","background-repeat":"repeat","background-position":"center center","background-size":"auto","background-attachment":"scroll","background-type":"","background-media":"","overlay-type":"","overlay-color":"","overlay-opacity":"","overlay-gradient":""},"tablet":{"background-color":"","background-image":"","background-repeat":"repeat","background-position":"center center","background-size":"auto","background-attachment":"scroll","background-type":"","background-media":"","overlay-type":"","overlay-color":"","overlay-opacity":"","overlay-gradient":""},"mobile":{"background-color":"","background-image":"","background-repeat":"repeat","background-position":"center center","background-size":"auto","background-attachment":"scroll","background-type":"","background-media":"","overlay-type":"","overlay-color":"","overlay-opacity":"","overlay-gradient":""}},"ast-content-background-meta":{"desktop":{"background-color":"var(--ast-global-color-5)","background-image":"","background-repeat":"repeat","background-position":"center center","background-size":"auto","background-attachment":"scroll","background-type":"","background-media":"","overlay-type":"","overlay-color":"","overlay-opacity":"","overlay-gradient":""},"tablet":{"background-color":"var(--ast-global-color-5)","background-image":"","background-repeat":"repeat","background-position":"center center","background-size":"auto","background-attachment":"scroll","background-type":"","background-media":"","overlay-type":"","overlay-color":"","overlay-opacity":"","overlay-gradient":""},"mobile":{"background-color":"var(--ast-global-color-5)","background-image":"","background-repeat":"repeat","background-position":"center center","background-size":"auto","background-attachment":"scroll","background-type":"","background-media":"","overlay-type":"","overlay-color":"","overlay-opacity":"","overlay-gradient":""}}},"product_cat":[15,60],"product_tag":[435],"class_list":{"0":"post-5389","1":"product","2":"type-product","3":"status-publish","4":"has-post-thumbnail","6":"product_cat-product","7":"product_cat-hand-massager","8":"product_tag-hand-massager","9":"desktop-align-left","10":"tablet-align-left","11":"mobile-align-left","13":"first","14":"instock","15":"shipping-taxable","16":"product-type-simple"},"uagb_featured_image_src":{"full":["https:\/\/mihoohealth.com\/wp-content\/uploads\/2024\/09\/\u963f\u91cc\u4e3b\u56fe6.jpg",1000,1000,false],"thumbnail":["https:\/\/mihoohealth.com\/wp-content\/uploads\/2024\/09\/\u963f\u91cc\u4e3b\u56fe6-150x150.jpg",150,150,true],"medium":["https:\/\/mihoohealth.com\/wp-content\/uploads\/2024\/09\/\u963f\u91cc\u4e3b\u56fe6-300x300.jpg",300,300,true],"medium_large":["https:\/\/mihoohealth.com\/wp-content\/uploads\/2024\/09\/\u963f\u91cc\u4e3b\u56fe6-768x768.jpg",768,768,true],"large":["https:\/\/mihoohealth.com\/wp-content\/uploads\/2024\/09\/\u963f\u91cc\u4e3b\u56fe6.jpg",1000,1000,false],"1536x1536":["https:\/\/mihoohealth.com\/wp-content\/uploads\/2024\/09\/\u963f\u91cc\u4e3b\u56fe6.jpg",1000,1000,false],"2048x2048":["https:\/\/mihoohealth.com\/wp-content\/uploads\/2024\/09\/\u963f\u91cc\u4e3b\u56fe6.jpg",1000,1000,false],"trp-custom-language-flag":["https:\/\/mihoohealth.com\/wp-content\/uploads\/2024\/09\/\u963f\u91cc\u4e3b\u56fe6-12x12.jpg",12,12,true],"woocommerce_thumbnail":["https:\/\/mihoohealth.com\/wp-content\/uploads\/2024\/09\/\u963f\u91cc\u4e3b\u56fe6-300x300.jpg",300,300,true],"woocommerce_single":["https:\/\/mihoohealth.com\/wp-content\/uploads\/2024\/09\/\u963f\u91cc\u4e3b\u56fe6-600x600.jpg",600,600,true],"woocommerce_gallery_thumbnail":["https:\/\/mihoohealth.com\/wp-content\/uploads\/2024\/09\/\u963f\u91cc\u4e3b\u56fe6-100x100.jpg",100,100,true]},"uagb_author_info":{"display_name":"amylau07081@gmail.com","author_link":"https:\/\/mihoohealth.com\/de\/author\/"},"uagb_comment_info":0,"uagb_excerpt":"About this item Smart Hand Massage: Three precise pressure points are designed inside the Electric Hand Massager. By pressing the upper and lower airbags on your hand, it can effectively stimulate the acupoints on your hand, relieve your hand fatigue, and relieve muscle soreness. Ideal for arthritis, carpal tunnel and pain relief. Soothing Heat: Our&hellip;","_links":{"self":[{"href":"https:\/\/mihoohealth.com\/de\/wp-json\/wp\/v2\/product\/5389","targetHints":{"allow":["GET"]}}],"collection":[{"href":"https:\/\/mihoohealth.com\/de\/wp-json\/wp\/v2\/product"}],"about":[{"href":"https:\/\/mihoohealth.com\/de\/wp-json\/wp\/v2\/types\/product"}],"version-history":[{"count":1,"href":"https:\/\/mihoohealth.com\/de\/wp-json\/wp\/v2\/product\/5389\/revisions"}],"predecessor-version":[{"id":5397,"href":"https:\/\/mihoohealth.com\/de\/wp-json\/wp\/v2\/product\/5389\/revisions\/5397"}],"wp:featuredmedia":[{"embeddable":true,"href":"https:\/\/mihoohealth.com\/de\/wp-json\/wp\/v2\/media\/5390"}],"wp:attachment":[{"href":"https:\/\/mihoohealth.com\/de\/wp-json\/wp\/v2\/media?parent=5389"}],"wp:term":[{"taxonomy":"product_cat","embeddable":true,"href":"https:\/\/mihoohealth.com\/de\/wp-json\/wp\/v2\/product_cat?post=5389"},{"taxonomy":"product_tag","embeddable":true,"href":"https:\/\/mihoohealth.com\/de\/wp-json\/wp\/v2\/product_tag?post=5389"}],"curies":[{"name":"wp","href":"https:\/\/api.w.org\/{rel}","templated":true}]}}