{"id":5109,"date":"2024-08-28T07:16:44","date_gmt":"2024-08-28T07:16:44","guid":{"rendered":"https:\/\/mihoohealth.com\/?post_type=product&#038;p=5109"},"modified":"2024-08-30T11:31:51","modified_gmt":"2024-08-30T11:31:51","slug":"back-massage-cushion-mh-a29","status":"publish","type":"product","link":"https:\/\/mihoohealth.com\/de\/product\/back-massage-cushion-mh-a29\/","title":{"rendered":"R\u00fcckenmassage-Kissen MH-A29"},"content":{"rendered":"<p><strong>Beschreibung des Produkts<\/strong><\/p>\n<p><img decoding=\"async\" src=\"https:\/\/sc04.alicdn.com\/kf\/H57d197a9ccb74fc585b75342256161f24\/273358224\/H57d197a9ccb74fc585b75342256161f24.jpg\" \/><\/p>\n<p><span data-spm-anchor-id=\"a2700.details.0.i73.3a933bc5DtGsIs\">Ein faltbares und tragbares intelligentes R\u00fcckenmassagekissen, das eine umfassende R\u00fcckenmassage und einen Heizmechanismus bietet, der die Blutzirkulation an einem langen, anstrengenden Tag oder sogar beim Pendeln verbessert!<\/span><\/p>\n<p><strong>Spezifikation<\/strong><\/p>\n<table class=\"has-title all magic-8\">\n<tbody>\n<tr>\n<td colspan=\"1\" rowspan=\"1\">\n<div class=\"magic-9\">Produktkategorie<\/div>\n<\/td>\n<td colspan=\"1\" rowspan=\"1\">\n<div class=\"magic-10\">Taille Masasger-Kissen<\/div>\n<\/td>\n<\/tr>\n<tr>\n<td colspan=\"1\" rowspan=\"1\">\n<div class=\"magic-9\">Parameter<\/div>\n<\/td>\n<td colspan=\"1\" rowspan=\"1\">\n<div class=\"magic-10\">DC12V. 2A<\/div>\n<\/td>\n<\/tr>\n<tr>\n<td colspan=\"1\" rowspan=\"1\">\n<div class=\"magic-9\">Strom<\/div>\n<\/td>\n<td colspan=\"1\" rowspan=\"1\">\n<div class=\"magic-10\">24W<\/div>\n<\/td>\n<\/tr>\n<tr>\n<td colspan=\"1\" rowspan=\"1\">\n<div class=\"magic-9\">Gr\u00f6\u00dfe des Produkts<\/div>\n<\/td>\n<td colspan=\"1\" rowspan=\"1\">\n<div class=\"magic-10\">63*50*8cm<\/div>\n<\/td>\n<\/tr>\n<\/tbody>\n<\/table>\n<p><img decoding=\"async\" src=\"https:\/\/sc04.alicdn.com\/kf\/Hf88adf011018493e9127c0eaeac44dbbm\/273358224\/Hf88adf011018493e9127c0eaeac44dbbm.jpg\" \/><\/p>\n<p><img decoding=\"async\" src=\"https:\/\/sc04.alicdn.com\/kf\/H0d645292ad6241c9a87ecabbfcd144f2p\/273358224\/H0d645292ad6241c9a87ecabbfcd144f2p.jpg\" \/><\/p>","protected":false},"excerpt":{"rendered":"<h5 class=\"a-size-base-plus a-text-bold\">\u00dcber diesen Artikel<\/h5>\n<ul class=\"a-unordered-list a-vertical a-spacing-mini\">\n<li class=\"a-spacing-mini\"><span class=\"a-list-item\">Upgrade Full Back Massager mit W\u00e4rme - Massage Chair Pad verf\u00fcgt \u00fcber 4 aktualisierte flexible Shiatsu-Rollen besser passen vollen R\u00fccken und K\u00f6rper Kurven, die entspannende Tiefengewebemassage f\u00fcr den ganzen R\u00fccken liefert. Die optionale W\u00e4rme, liefert sanfte W\u00e4rme, die Sie mehr entspannen helfen k\u00f6nnte.<\/span><\/li>\n<li class=\"a-spacing-mini\"><span class=\"a-list-item\">Verstellbares Massageger\u00e4t - Das Stuhlmassageger\u00e4t hat 4 Shiatsu-Rotationsknoten, um ein tiefes Kneten zu erm\u00f6glichen, die Shiatsu-Kugeln k\u00f6nnen nach oben und unten verstellt werden, um sich dem jeweiligen Benutzer anzupassen. Die abnehmbare Klappe k\u00f6nnen Sie eine weichere oder intensivere Shiatsu-Massage auf Nacken und R\u00fccken w\u00e4hlen.<\/span><\/li>\n<li class=\"a-spacing-mini\"><span class=\"a-list-item\">Customized SPOT Massage - Snailax Nacken- und R\u00fcckenmassageger\u00e4t mit W\u00e4rme hat 3 Massagezonen: Oberer, unterer und ganzer R\u00fccken zur Auswahl. Die Spot-Massage-Funktion erm\u00f6glicht auf den Bereich f\u00fcr Pin-Point-Entspannung ausgew\u00e4hlt.<\/span><\/li>\n<li class=\"a-spacing-mini\"><span class=\"a-list-item\">Vibration - Das Sitzmassageger\u00e4t hat Vibrationssitzmassage, die Druckunterst\u00fctzung f\u00fcr das Ges\u00e4\u00df und den unteren R\u00fccken die Vibrationen, um Sie zu lockern. Es kann Ihre besten Bed\u00fcrfnisse erf\u00fcllen.<\/span><\/li>\n<\/ul>","protected":false},"featured_media":5110,"template":"","meta":{"_uag_custom_page_level_css":"","site-sidebar-layout":"default","site-content-layout":"","ast-site-content-layout":"default","site-content-style":"default","site-sidebar-style":"default","ast-global-header-display":"","ast-banner-title-visibility":"","ast-main-header-display":"","ast-hfb-above-header-display":"","ast-hfb-below-header-display":"","ast-hfb-mobile-header-display":"","site-post-title":"","ast-breadcrumbs-content":"","ast-featured-img":"","footer-sml-layout":"","theme-transparent-header-meta":"default","adv-header-id-meta":"","stick-header-meta":"","header-above-stick-meta":"","header-main-stick-meta":"","header-below-stick-meta":"","astra-migrate-meta-layouts":"set","ast-page-background-enabled":"default","ast-page-background-meta":{"desktop":{"background-color":"","background-image":"","background-repeat":"repeat","background-position":"center center","background-size":"auto","background-attachment":"scroll","background-type":"","background-media":"","overlay-type":"","overlay-color":"","overlay-opacity":"","overlay-gradient":""},"tablet":{"background-color":"","background-image":"","background-repeat":"repeat","background-position":"center center","background-size":"auto","background-attachment":"scroll","background-type":"","background-media":"","overlay-type":"","overlay-color":"","overlay-opacity":"","overlay-gradient":""},"mobile":{"background-color":"","background-image":"","background-repeat":"repeat","background-position":"center center","background-size":"auto","background-attachment":"scroll","background-type":"","background-media":"","overlay-type":"","overlay-color":"","overlay-opacity":"","overlay-gradient":""}},"ast-content-background-meta":{"desktop":{"background-color":"var(--ast-global-color-5)","background-image":"","background-repeat":"repeat","background-position":"center center","background-size":"auto","background-attachment":"scroll","background-type":"","background-media":"","overlay-type":"","overlay-color":"","overlay-opacity":"","overlay-gradient":""},"tablet":{"background-color":"var(--ast-global-color-5)","background-image":"","background-repeat":"repeat","background-position":"center center","background-size":"auto","background-attachment":"scroll","background-type":"","background-media":"","overlay-type":"","overlay-color":"","overlay-opacity":"","overlay-gradient":""},"mobile":{"background-color":"var(--ast-global-color-5)","background-image":"","background-repeat":"repeat","background-position":"center center","background-size":"auto","background-attachment":"scroll","background-type":"","background-media":"","overlay-type":"","overlay-color":"","overlay-opacity":"","overlay-gradient":""}}},"product_cat":[15,59,65,56],"product_tag":[334],"class_list":{"0":"post-5109","1":"product","2":"type-product","3":"status-publish","4":"has-post-thumbnail","6":"product_cat-product","7":"product_cat-massagu-cushion","8":"product_cat-other-massager","9":"product_cat-see-all-categories","10":"product_tag-neck-and-back-massager-chair-pad","11":"desktop-align-left","12":"tablet-align-left","13":"mobile-align-left","15":"first","16":"instock","17":"shipping-taxable","18":"product-type-simple"},"uagb_featured_image_src":{"full":["https:\/\/mihoohealth.com\/wp-content\/uploads\/2024\/08\/MH-A29.png",1000,1000,false],"thumbnail":["https:\/\/mihoohealth.com\/wp-content\/uploads\/2024\/08\/MH-A29-150x150.png",150,150,true],"medium":["https:\/\/mihoohealth.com\/wp-content\/uploads\/2024\/08\/MH-A29-300x300.png",300,300,true],"medium_large":["https:\/\/mihoohealth.com\/wp-content\/uploads\/2024\/08\/MH-A29-768x768.png",768,768,true],"large":["https:\/\/mihoohealth.com\/wp-content\/uploads\/2024\/08\/MH-A29.png",1000,1000,false],"1536x1536":["https:\/\/mihoohealth.com\/wp-content\/uploads\/2024\/08\/MH-A29.png",1000,1000,false],"2048x2048":["https:\/\/mihoohealth.com\/wp-content\/uploads\/2024\/08\/MH-A29.png",1000,1000,false],"trp-custom-language-flag":["https:\/\/mihoohealth.com\/wp-content\/uploads\/2024\/08\/MH-A29-12x12.png",12,12,true],"woocommerce_thumbnail":["https:\/\/mihoohealth.com\/wp-content\/uploads\/2024\/08\/MH-A29-300x300.png",300,300,true],"woocommerce_single":["https:\/\/mihoohealth.com\/wp-content\/uploads\/2024\/08\/MH-A29-600x600.png",600,600,true],"woocommerce_gallery_thumbnail":["https:\/\/mihoohealth.com\/wp-content\/uploads\/2024\/08\/MH-A29-100x100.png",100,100,true]},"uagb_author_info":{"display_name":"amylau07081@gmail.com","author_link":"https:\/\/mihoohealth.com\/de\/author\/"},"uagb_comment_info":0,"uagb_excerpt":"About this item Upgrade Full Back Massager with Heat - Massage Chair Pad features\u00a0\u00a04 upgraded flexible shiatsu rollers to better fit full back and body curves, that delivers relaxing deep tissue massage for whole back. The optional Heat , delivers gentle warmth which could help you relax more. AdjustableMassager - The chair massager has 4&hellip;","_links":{"self":[{"href":"https:\/\/mihoohealth.com\/de\/wp-json\/wp\/v2\/product\/5109","targetHints":{"allow":["GET"]}}],"collection":[{"href":"https:\/\/mihoohealth.com\/de\/wp-json\/wp\/v2\/product"}],"about":[{"href":"https:\/\/mihoohealth.com\/de\/wp-json\/wp\/v2\/types\/product"}],"version-history":[{"count":3,"href":"https:\/\/mihoohealth.com\/de\/wp-json\/wp\/v2\/product\/5109\/revisions"}],"predecessor-version":[{"id":5182,"href":"https:\/\/mihoohealth.com\/de\/wp-json\/wp\/v2\/product\/5109\/revisions\/5182"}],"wp:featuredmedia":[{"embeddable":true,"href":"https:\/\/mihoohealth.com\/de\/wp-json\/wp\/v2\/media\/5110"}],"wp:attachment":[{"href":"https:\/\/mihoohealth.com\/de\/wp-json\/wp\/v2\/media?parent=5109"}],"wp:term":[{"taxonomy":"product_cat","embeddable":true,"href":"https:\/\/mihoohealth.com\/de\/wp-json\/wp\/v2\/product_cat?post=5109"},{"taxonomy":"product_tag","embeddable":true,"href":"https:\/\/mihoohealth.com\/de\/wp-json\/wp\/v2\/product_tag?post=5109"}],"curies":[{"name":"wp","href":"https:\/\/api.w.org\/{rel}","templated":true}]}}