{"id":5100,"date":"2024-08-28T06:50:02","date_gmt":"2024-08-28T06:50:02","guid":{"rendered":"https:\/\/mihoohealth.com\/?post_type=product&#038;p=5100"},"modified":"2024-08-30T11:22:40","modified_gmt":"2024-08-30T11:22:40","slug":"shiatsu-massager-mh-by042","status":"publish","type":"product","link":"https:\/\/mihoohealth.com\/de\/product\/shiatsu-massager-mh-by042\/","title":{"rendered":"Shiatsu-Massageger\u00e4t MH-BY042"},"content":{"rendered":"<p><strong>Beschreibung des Produkts<\/strong><\/p>\n<p><img decoding=\"async\" src=\"https:\/\/sc04.alicdn.com\/kf\/Hdd3a46cb920b4d62a46ead799d6d73dcn\/273358224\/Hdd3a46cb920b4d62a46ead799d6d73dcn.jpg\" \/><\/p>\n<p>Shiatsu-R\u00fcckenmassageger\u00e4t mit W\u00e4rme Das Shiatsu-Kissenmassageger\u00e4t mit W\u00e4rme bietet eine tiefe Knetmassage, um R\u00fcckenstress, Verspannungen, M\u00fcdigkeit und verspannte Muskeln zu l\u00f6sen.<br \/>\nDie ergonomische Form Design passt perfekt die R\u00fcckenkurve, R\u00fccken, Schulter, w\u00e4hrend seine tiefe Kneten Rotation Knoten mit beruhigenden W\u00e4rme in die Muskeln eindringen, die effektiv hilft zur\u00fcck Stress, Verspannungen und M\u00fcdigkeit zu entlasten, Schmerzen, Knoten und Spannung.<br \/>\nNach einem langen Arbeitstag m\u00fcssen Sie nicht l\u00e4nger unter R\u00fcckenproblemen leiden - Sie m\u00fcssen lediglich ein leistungsstarkes Ger\u00e4t auf einen beliebigen Sitz oder Stuhl stellen und ihn in einen luxuri\u00f6sen, entspannenden Massageplatz verwandeln, um schmerzende Muskeln zu lindern.<\/p>\n<div class=\"J_module\">\n<div id=\"ali-anchor-AliMagic-izs1u5\" class=\"magic-0\" data-section=\"AliMagic-izs1u5\" data-section-title=\"Specification\"><strong>Spezifikation<\/strong><\/div>\n<\/div>\n<div class=\"J_module\">\n<div class=\"ife-detail-decorate-table\">\n<table class=\"has-title all magic-8\">\n<tbody>\n<tr>\n<td colspan=\"1\" rowspan=\"1\">\n<div class=\"magic-9\">Produktkategorie<\/div>\n<\/td>\n<td colspan=\"1\" rowspan=\"1\">\n<div class=\"magic-10\">Massager-Kissen-Kissen<\/div>\n<\/td>\n<\/tr>\n<tr>\n<td colspan=\"1\" rowspan=\"1\">\n<div class=\"magic-9\">Parameter<\/div>\n<\/td>\n<td colspan=\"1\" rowspan=\"1\">\n<div class=\"magic-10\">DC5V. 2A<\/div>\n<\/td>\n<\/tr>\n<tr>\n<td colspan=\"1\" rowspan=\"1\">\n<div class=\"magic-9\">Nettogewicht<\/div>\n<\/td>\n<td colspan=\"1\" rowspan=\"1\">\n<div class=\"magic-10\">1.3<\/div>\n<\/td>\n<\/tr>\n<tr>\n<td colspan=\"1\" rowspan=\"1\">\n<div class=\"magic-9\">Gr\u00f6\u00dfe des Produkts<\/div>\n<\/td>\n<td colspan=\"1\" rowspan=\"1\">\n<div class=\"magic-10\">46*34*12cm<\/div>\n<\/td>\n<\/tr>\n<\/tbody>\n<\/table>\n<p><img decoding=\"async\" src=\"https:\/\/sc04.alicdn.com\/kf\/Hd020655c2d4945dba7550f823a4af512u\/273358224\/Hd020655c2d4945dba7550f823a4af512u.jpg\" \/><\/p>\n<p><img decoding=\"async\" src=\"https:\/\/sc04.alicdn.com\/kf\/H5b3221938e7d46d4be94a6a076bbaf9f5\/273358224\/H5b3221938e7d46d4be94a6a076bbaf9f5.png\" \/><\/p>\n<p><img decoding=\"async\" src=\"https:\/\/sc04.alicdn.com\/kf\/He11260a1e52c4c049cbb789d8834748as\/273358224\/He11260a1e52c4c049cbb789d8834748as.png\" \/><\/p>\n<p>&nbsp;<\/p>\n<\/div>\n<\/div>","protected":false},"excerpt":{"rendered":"<h5 class=\"a-size-base-plus a-text-bold\">\u00dcber diesen Artikel<\/h5>\n<ul class=\"a-unordered-list a-vertical a-spacing-mini\">\n<li class=\"a-spacing-mini\"><span class=\"a-list-item\">3D Shiatsu-Massageger\u00e4t f\u00fcr R\u00fccken und Nacken: Das Mountrax R\u00fcckenmassageger\u00e4t verf\u00fcgt \u00fcber vier tief knetende 3D-Massageknoten mit bidirektionaler Bewegung, die die nach innen und au\u00dfen gerichteten Bewegungen einer professionellen Shiatsu-Massage nachahmen. Die Massage zielt auf Knoten und Verspannungen ab, um das Gewebe zu entspannen und Schmerzen zu lindern. Zwei einstellbare Intensit\u00e4tsstufen erm\u00f6glichen es Ihnen, Ihr Massageerlebnis an Ihre Vorlieben und Ihren Komfort anzupassen<\/span><\/li>\n<li class=\"a-spacing-mini\"><span class=\"a-list-item\">Verbessertes Design f\u00fcr Nackenmassage: Entworfen mit ergonomischen Konturen, passt sich perfekt Ihren Nacken- und R\u00fcckenkurven an, um eine bessere Unterst\u00fctzung zu bieten. Sicherstellung einer komfortablen und pr\u00e4zisen Massage, die auf bestimmte Bereiche abzielt, die Aufmerksamkeit ben\u00f6tigen<\/span><\/li>\n<li class=\"a-spacing-mini\"><span class=\"a-list-item\">Vielseitig und tragbar: Es kann f\u00fcr mehrere K\u00f6rperteile verwendet werden, einschlie\u00dflich Nacken, Schultern, unterer und oberer R\u00fccken, Bauch, Taille, Oberschenkel und Waden. Es ist kompakt, leicht und mit einem Griff f\u00fcr einfache Portabilit\u00e4t ausgestattet. Ob zu Hause, im B\u00fcro oder unterwegs, Sie k\u00f6nnen es einfach mitnehmen, um schnell und bequem Linderung zu bekommen, wann und wo immer Sie es brauchen<\/span><\/li>\n<\/ul>","protected":false},"featured_media":5101,"template":"","meta":{"_uag_custom_page_level_css":"","site-sidebar-layout":"default","site-content-layout":"","ast-site-content-layout":"default","site-content-style":"default","site-sidebar-style":"default","ast-global-header-display":"","ast-banner-title-visibility":"","ast-main-header-display":"","ast-hfb-above-header-display":"","ast-hfb-below-header-display":"","ast-hfb-mobile-header-display":"","site-post-title":"","ast-breadcrumbs-content":"","ast-featured-img":"","footer-sml-layout":"","theme-transparent-header-meta":"default","adv-header-id-meta":"","stick-header-meta":"","header-above-stick-meta":"","header-main-stick-meta":"","header-below-stick-meta":"","astra-migrate-meta-layouts":"set","ast-page-background-enabled":"default","ast-page-background-meta":{"desktop":{"background-color":"","background-image":"","background-repeat":"repeat","background-position":"center center","background-size":"auto","background-attachment":"scroll","background-type":"","background-media":"","overlay-type":"","overlay-color":"","overlay-opacity":"","overlay-gradient":""},"tablet":{"background-color":"","background-image":"","background-repeat":"repeat","background-position":"center center","background-size":"auto","background-attachment":"scroll","background-type":"","background-media":"","overlay-type":"","overlay-color":"","overlay-opacity":"","overlay-gradient":""},"mobile":{"background-color":"","background-image":"","background-repeat":"repeat","background-position":"center center","background-size":"auto","background-attachment":"scroll","background-type":"","background-media":"","overlay-type":"","overlay-color":"","overlay-opacity":"","overlay-gradient":""}},"ast-content-background-meta":{"desktop":{"background-color":"var(--ast-global-color-5)","background-image":"","background-repeat":"repeat","background-position":"center center","background-size":"auto","background-attachment":"scroll","background-type":"","background-media":"","overlay-type":"","overlay-color":"","overlay-opacity":"","overlay-gradient":""},"tablet":{"background-color":"var(--ast-global-color-5)","background-image":"","background-repeat":"repeat","background-position":"center center","background-size":"auto","background-attachment":"scroll","background-type":"","background-media":"","overlay-type":"","overlay-color":"","overlay-opacity":"","overlay-gradient":""},"mobile":{"background-color":"var(--ast-global-color-5)","background-image":"","background-repeat":"repeat","background-position":"center center","background-size":"auto","background-attachment":"scroll","background-type":"","background-media":"","overlay-type":"","overlay-color":"","overlay-opacity":"","overlay-gradient":""}}},"product_cat":[15,59,56],"product_tag":[333],"class_list":{"0":"post-5100","1":"product","2":"type-product","3":"status-publish","4":"has-post-thumbnail","6":"product_cat-product","7":"product_cat-massagu-cushion","8":"product_cat-see-all-categories","9":"product_tag-shiatsu-neck-and-back-massager","10":"desktop-align-left","11":"tablet-align-left","12":"mobile-align-left","14":"first","15":"instock","16":"shipping-taxable","17":"product-type-simple"},"uagb_featured_image_src":{"full":["https:\/\/mihoohealth.com\/wp-content\/uploads\/2024\/08\/MH-042.png",1000,1000,false],"thumbnail":["https:\/\/mihoohealth.com\/wp-content\/uploads\/2024\/08\/MH-042-150x150.png",150,150,true],"medium":["https:\/\/mihoohealth.com\/wp-content\/uploads\/2024\/08\/MH-042-300x300.png",300,300,true],"medium_large":["https:\/\/mihoohealth.com\/wp-content\/uploads\/2024\/08\/MH-042-768x768.png",768,768,true],"large":["https:\/\/mihoohealth.com\/wp-content\/uploads\/2024\/08\/MH-042.png",1000,1000,false],"1536x1536":["https:\/\/mihoohealth.com\/wp-content\/uploads\/2024\/08\/MH-042.png",1000,1000,false],"2048x2048":["https:\/\/mihoohealth.com\/wp-content\/uploads\/2024\/08\/MH-042.png",1000,1000,false],"trp-custom-language-flag":["https:\/\/mihoohealth.com\/wp-content\/uploads\/2024\/08\/MH-042-12x12.png",12,12,true],"woocommerce_thumbnail":["https:\/\/mihoohealth.com\/wp-content\/uploads\/2024\/08\/MH-042-300x300.png",300,300,true],"woocommerce_single":["https:\/\/mihoohealth.com\/wp-content\/uploads\/2024\/08\/MH-042-600x600.png",600,600,true],"woocommerce_gallery_thumbnail":["https:\/\/mihoohealth.com\/wp-content\/uploads\/2024\/08\/MH-042-100x100.png",100,100,true]},"uagb_author_info":{"display_name":"amylau07081@gmail.com","author_link":"https:\/\/mihoohealth.com\/de\/author\/"},"uagb_comment_info":0,"uagb_excerpt":"About this item 3D Shiatsu Massager for Back and Neck: Mountrax Back Massager features four deep-kneading 3D massage nodes with bi-directional movement, mimicking the inward and outward movements of professional Shiatsu massage. Targets knots and tension for deep tissue relaxation and pain relief. Two adjustable intensity settings allow you to customize your massage experience to&hellip;","_links":{"self":[{"href":"https:\/\/mihoohealth.com\/de\/wp-json\/wp\/v2\/product\/5100","targetHints":{"allow":["GET"]}}],"collection":[{"href":"https:\/\/mihoohealth.com\/de\/wp-json\/wp\/v2\/product"}],"about":[{"href":"https:\/\/mihoohealth.com\/de\/wp-json\/wp\/v2\/types\/product"}],"version-history":[{"count":3,"href":"https:\/\/mihoohealth.com\/de\/wp-json\/wp\/v2\/product\/5100\/revisions"}],"predecessor-version":[{"id":5180,"href":"https:\/\/mihoohealth.com\/de\/wp-json\/wp\/v2\/product\/5100\/revisions\/5180"}],"wp:featuredmedia":[{"embeddable":true,"href":"https:\/\/mihoohealth.com\/de\/wp-json\/wp\/v2\/media\/5101"}],"wp:attachment":[{"href":"https:\/\/mihoohealth.com\/de\/wp-json\/wp\/v2\/media?parent=5100"}],"wp:term":[{"taxonomy":"product_cat","embeddable":true,"href":"https:\/\/mihoohealth.com\/de\/wp-json\/wp\/v2\/product_cat?post=5100"},{"taxonomy":"product_tag","embeddable":true,"href":"https:\/\/mihoohealth.com\/de\/wp-json\/wp\/v2\/product_tag?post=5100"}],"curies":[{"name":"wp","href":"https:\/\/api.w.org\/{rel}","templated":true}]}}