{"id":5092,"date":"2024-08-28T06:20:57","date_gmt":"2024-08-28T06:20:57","guid":{"rendered":"https:\/\/mihoohealth.com\/?post_type=product&#038;p=5092"},"modified":"2024-08-30T11:08:08","modified_gmt":"2024-08-30T11:08:08","slug":"2-1seat-massager-mh-c062","status":"publish","type":"product","link":"https:\/\/mihoohealth.com\/de\/product\/2-1seat-massager-mh-c062\/","title":{"rendered":"2-1Sitzmassageger\u00e4t MH-C062"},"content":{"rendered":"<h3 id=\"more-detail\" class=\"att-title\" data-spm-anchor-id=\"a2700.details.0.i47.6b2b61966fU63m\">Produktbeschreibungen<\/h3>\n<p><img decoding=\"async\" src=\"https:\/\/sc04.alicdn.com\/kf\/H776f1a0eb948404982baef9ff4038a39C\/273358224\/H776f1a0eb948404982baef9ff4038a39C.jpg\" \/><\/p>\n<p>Das beheizte Massage-Sitzkissen bietet eine ganze Reihe von wohltuenden Techniken, die Sie \u00fcberallhin mitnehmen k\u00f6nnen.<\/p>\n<div data-spm-anchor-id=\"a2700.details.0.i49.6b2b61966fU63m\">- Faltbares Massagekissen<br \/>\n- Lindert Stress und Verspannungen in R\u00fccken, H\u00fcften und Oberschenkeln<br \/>\n- 3 wohltuende Modi: W\u00e4rme, aufblasende\/ablassende Kompression und Knetmassage<br \/>\n- Inklusive kabelgebundener Fernbedienung<br \/>\n- Anschluss an eine AC-Steckdose<\/div>\n<div data-spm-anchor-id=\"a2700.details.0.i49.6b2b61966fU63m\">\n<div class=\"J_module\">\n<div id=\"ali-anchor-AliMagic-zz10b1\" class=\"magic-3\" data-section=\"AliMagic-zz10b1\" data-section-title=\"Specification\" data-spm-anchor-id=\"a2700.details.0.i53.6b2b61966fU63m\"><strong>Spezifikation<\/strong><\/div>\n<\/div>\n<div class=\"J_module\">\n<div class=\"ife-detail-decorate-table\">\n<table class=\"has-title all magic-15\">\n<tbody>\n<tr>\n<td colspan=\"1\" rowspan=\"1\">\n<div class=\"magic-16\" data-spm-anchor-id=\"a2700.details.0.i51.6b2b61966fU63m\">Produktkategorie<\/div>\n<\/td>\n<td colspan=\"1\" rowspan=\"1\">\n<div class=\"magic-17\">2-1 Sitzmassekissen<\/div>\n<\/td>\n<\/tr>\n<tr>\n<td colspan=\"1\" rowspan=\"1\">\n<div class=\"magic-16\">Funktion<\/div>\n<\/td>\n<td colspan=\"1\" rowspan=\"1\">\n<div class=\"magic-17\">Beheizt, komprimiert und geknetet<\/div>\n<\/td>\n<\/tr>\n<tr>\n<td colspan=\"1\" rowspan=\"1\">\n<div class=\"magic-16\">Arbeitszeiten<\/div>\n<\/td>\n<td colspan=\"1\" rowspan=\"1\">\n<div class=\"magic-17\">15Minuten<\/div>\n<\/td>\n<\/tr>\n<tr>\n<td colspan=\"1\" rowspan=\"1\">\n<div class=\"magic-16\">Farbe<\/div>\n<\/td>\n<td colspan=\"1\" rowspan=\"1\">\n<div class=\"magic-17\">Schwarz, Grau und kundenspezifisch<\/div>\n<\/td>\n<\/tr>\n<\/tbody>\n<\/table>\n<\/div>\n<\/div>\n<div class=\"J_module\">\n<div class=\"icbu-pc-images magic-0\">\n<div>\n<div class=\"flex-layout-v\">\n<div class=\"flex-layout-h magic-0\"><img decoding=\"async\" src=\"https:\/\/sc04.alicdn.com\/kf\/H01e24e17c08f4c1d94c917523f10d677Y\/273358224\/H01e24e17c08f4c1d94c917523f10d677Y.jpg\" \/><\/div>\n<div><img decoding=\"async\" src=\"https:\/\/sc04.alicdn.com\/kf\/H974c26f400b04d77bae96039bdc81522p\/273358224\/H974c26f400b04d77bae96039bdc81522p.jpg\" \/><\/div>\n<\/div>\n<\/div>\n<\/div>\n<\/div>\n<\/div>","protected":false},"excerpt":{"rendered":"<h5 class=\"a-size-base-plus a-text-bold\">\u00dcber diesen Artikel<\/h5>\n<ul class=\"a-unordered-list a-vertical a-spacing-mini\">\n<li class=\"a-spacing-mini\"><span class=\"a-list-item\">2-in-1-Massagekissen und Massagekissen: Erleben Sie die ultimative Entspannung mit unserem vielseitigen Massageger\u00e4t, das sowohl als bequemes Massagekissen als auch als beruhigendes Massagekissen dient. Diese Doppelfunktionalit\u00e4t erm\u00f6glicht es Ihnen, gezielt Bereiche zu massieren, die perfekt f\u00fcr den Genuss einer Massage sind\u00a0<\/span><\/li>\n<li class=\"a-spacing-mini\"><span class=\"a-list-item\">Kompressions-Sitzmassageger\u00e4t: Ausgestattet mit sechs leistungsstarken Massagemotoren, bietet dieses R\u00fcckenmassageger\u00e4t drei Modi und drei St\u00e4rkestufen. Wenn es als Kopfkissen verwendet wird, nutzt es alle sechs Motoren f\u00fcr ein verbessertes Massageerlebnis. Passen Sie die Massageposition und -intensit\u00e4t an Ihre Vorlieben an und lindern Sie so effektiv Ihre R\u00fcckenschmerzen.<\/span><\/li>\n<li class=\"a-spacing-mini\"><span class=\"a-list-item\">Entspannende W\u00e4rme: G\u00f6nnen Sie sich W\u00e4rme f\u00fcr Ihren Nacken und R\u00fccken. Diese W\u00e4rmefunktion des Massagesesselkissens hilft nicht nur, m\u00fcde Muskeln zu entspannen, sondern verbessert auch die Blutzirkulation und h\u00fcllt Sie bei k\u00e4lterem Wetter in W\u00e4rme ein.<\/span><\/li>\n<li class=\"a-spacing-mini\"><span class=\"a-list-item\">Benutzerfreundliches Design: Der weiche Stoff sorgt f\u00fcr ein komfortables Erlebnis, w\u00e4hrend die einfach zu bedienende Handsteuerung den Komfort erh\u00f6ht. Au\u00dferdem ist der Massagesessel ideal f\u00fcr Menschen mit wenig Platz.<\/span><\/li>\n<\/ul>","protected":false},"featured_media":5093,"template":"","meta":{"_uag_custom_page_level_css":"","site-sidebar-layout":"default","site-content-layout":"","ast-site-content-layout":"default","site-content-style":"default","site-sidebar-style":"default","ast-global-header-display":"","ast-banner-title-visibility":"","ast-main-header-display":"","ast-hfb-above-header-display":"","ast-hfb-below-header-display":"","ast-hfb-mobile-header-display":"","site-post-title":"","ast-breadcrumbs-content":"","ast-featured-img":"","footer-sml-layout":"","theme-transparent-header-meta":"default","adv-header-id-meta":"","stick-header-meta":"","header-above-stick-meta":"","header-main-stick-meta":"","header-below-stick-meta":"","astra-migrate-meta-layouts":"set","ast-page-background-enabled":"default","ast-page-background-meta":{"desktop":{"background-color":"","background-image":"","background-repeat":"repeat","background-position":"center center","background-size":"auto","background-attachment":"scroll","background-type":"","background-media":"","overlay-type":"","overlay-color":"","overlay-opacity":"","overlay-gradient":""},"tablet":{"background-color":"","background-image":"","background-repeat":"repeat","background-position":"center center","background-size":"auto","background-attachment":"scroll","background-type":"","background-media":"","overlay-type":"","overlay-color":"","overlay-opacity":"","overlay-gradient":""},"mobile":{"background-color":"","background-image":"","background-repeat":"repeat","background-position":"center center","background-size":"auto","background-attachment":"scroll","background-type":"","background-media":"","overlay-type":"","overlay-color":"","overlay-opacity":"","overlay-gradient":""}},"ast-content-background-meta":{"desktop":{"background-color":"var(--ast-global-color-5)","background-image":"","background-repeat":"repeat","background-position":"center center","background-size":"auto","background-attachment":"scroll","background-type":"","background-media":"","overlay-type":"","overlay-color":"","overlay-opacity":"","overlay-gradient":""},"tablet":{"background-color":"var(--ast-global-color-5)","background-image":"","background-repeat":"repeat","background-position":"center center","background-size":"auto","background-attachment":"scroll","background-type":"","background-media":"","overlay-type":"","overlay-color":"","overlay-opacity":"","overlay-gradient":""},"mobile":{"background-color":"var(--ast-global-color-5)","background-image":"","background-repeat":"repeat","background-position":"center center","background-size":"auto","background-attachment":"scroll","background-type":"","background-media":"","overlay-type":"","overlay-color":"","overlay-opacity":"","overlay-gradient":""}}},"product_cat":[15,59,56],"product_tag":[332],"class_list":{"0":"post-5092","1":"product","2":"type-product","3":"status-publish","4":"has-post-thumbnail","6":"product_cat-product","7":"product_cat-massagu-cushion","8":"product_cat-see-all-categories","9":"product_tag-2-in-1-massager-pillow-massage-seat","10":"desktop-align-left","11":"tablet-align-left","12":"mobile-align-left","14":"first","15":"instock","16":"shipping-taxable","17":"product-type-simple"},"uagb_featured_image_src":{"full":["https:\/\/mihoohealth.com\/wp-content\/uploads\/2024\/08\/MH-C062.png",1000,1000,false],"thumbnail":["https:\/\/mihoohealth.com\/wp-content\/uploads\/2024\/08\/MH-C062-150x150.png",150,150,true],"medium":["https:\/\/mihoohealth.com\/wp-content\/uploads\/2024\/08\/MH-C062-300x300.png",300,300,true],"medium_large":["https:\/\/mihoohealth.com\/wp-content\/uploads\/2024\/08\/MH-C062-768x768.png",768,768,true],"large":["https:\/\/mihoohealth.com\/wp-content\/uploads\/2024\/08\/MH-C062.png",1000,1000,false],"1536x1536":["https:\/\/mihoohealth.com\/wp-content\/uploads\/2024\/08\/MH-C062.png",1000,1000,false],"2048x2048":["https:\/\/mihoohealth.com\/wp-content\/uploads\/2024\/08\/MH-C062.png",1000,1000,false],"trp-custom-language-flag":["https:\/\/mihoohealth.com\/wp-content\/uploads\/2024\/08\/MH-C062-12x12.png",12,12,true],"woocommerce_thumbnail":["https:\/\/mihoohealth.com\/wp-content\/uploads\/2024\/08\/MH-C062-300x300.png",300,300,true],"woocommerce_single":["https:\/\/mihoohealth.com\/wp-content\/uploads\/2024\/08\/MH-C062-600x600.png",600,600,true],"woocommerce_gallery_thumbnail":["https:\/\/mihoohealth.com\/wp-content\/uploads\/2024\/08\/MH-C062-100x100.png",100,100,true]},"uagb_author_info":{"display_name":"amylau07081@gmail.com","author_link":"https:\/\/mihoohealth.com\/de\/author\/"},"uagb_comment_info":0,"uagb_excerpt":"About this item 2-in-1 Massager Pillow &amp; Massage Pad: Experience the ultimate in relaxation with our versatile massager, which serves as both a comfortable massage pillow and a soothing massage pad. This dual-functionality allows you to target areas perfect for enjoying a massage\u00a0 Compression Seat Massager: Equipped with six powerful massage motors, this back massager&hellip;","_links":{"self":[{"href":"https:\/\/mihoohealth.com\/de\/wp-json\/wp\/v2\/product\/5092","targetHints":{"allow":["GET"]}}],"collection":[{"href":"https:\/\/mihoohealth.com\/de\/wp-json\/wp\/v2\/product"}],"about":[{"href":"https:\/\/mihoohealth.com\/de\/wp-json\/wp\/v2\/types\/product"}],"version-history":[{"count":3,"href":"https:\/\/mihoohealth.com\/de\/wp-json\/wp\/v2\/product\/5092\/revisions"}],"predecessor-version":[{"id":5179,"href":"https:\/\/mihoohealth.com\/de\/wp-json\/wp\/v2\/product\/5092\/revisions\/5179"}],"wp:featuredmedia":[{"embeddable":true,"href":"https:\/\/mihoohealth.com\/de\/wp-json\/wp\/v2\/media\/5093"}],"wp:attachment":[{"href":"https:\/\/mihoohealth.com\/de\/wp-json\/wp\/v2\/media?parent=5092"}],"wp:term":[{"taxonomy":"product_cat","embeddable":true,"href":"https:\/\/mihoohealth.com\/de\/wp-json\/wp\/v2\/product_cat?post=5092"},{"taxonomy":"product_tag","embeddable":true,"href":"https:\/\/mihoohealth.com\/de\/wp-json\/wp\/v2\/product_tag?post=5092"}],"curies":[{"name":"wp","href":"https:\/\/api.w.org\/{rel}","templated":true}]}}