{"id":5084,"date":"2024-08-28T05:56:27","date_gmt":"2024-08-28T05:56:27","guid":{"rendered":"https:\/\/mihoohealth.com\/?post_type=product&#038;p=5084"},"modified":"2024-08-30T10:55:59","modified_gmt":"2024-08-30T10:55:59","slug":"neck-collar-massager-mh-cv19","status":"publish","type":"product","link":"https:\/\/mihoohealth.com\/de\/product\/neck-collar-massager-mh-cv19\/","title":{"rendered":"Halskragen-Massageger\u00e4t MH-CV19"},"content":{"rendered":"<p><strong>Beschreibung des Produkts<\/strong><\/p>\n<p><img decoding=\"async\" src=\"https:\/\/sc04.alicdn.com\/kf\/Hd6e05383a04f4b97992fa65b96d906ccV\/273358224\/Hd6e05383a04f4b97992fa65b96d906ccV.jpg\" \/><\/p>\n<p>Verwenden Sie die zervikale EMS-Manschette, um den Kopf zu st\u00fctzen, die Bewegung schmerzhafter Wirbel einzuschr\u00e4nken und die bequemste Position einzunehmen, d. h. in der Regel, wenn sich der Nacken in einer neutralen Position befindet, und auch das Massageger\u00e4t<\/p>\n<div class=\"J_module\">\n<div id=\"ali-anchor-AliMagic-gg5ynp\" class=\"magic-0\" data-section=\"AliMagic-gg5ynp\" data-section-title=\"Specification\"><strong>Spezifikation<\/strong><\/div>\n<\/div>\n<div class=\"J_module\">\n<div class=\"ife-detail-decorate-table\">\n<table class=\"has-title all magic-8\">\n<tbody>\n<tr>\n<td colspan=\"1\" rowspan=\"1\">\n<div class=\"magic-9\">Produktkategorie<\/div>\n<\/td>\n<td colspan=\"1\" rowspan=\"1\">\n<div class=\"magic-10\">\u00a0Nackenmanschette EMS-Massageger\u00e4t<\/div>\n<\/td>\n<\/tr>\n<tr>\n<td colspan=\"1\" rowspan=\"1\">\n<div class=\"magic-9\">Parameter<\/div>\n<\/td>\n<td colspan=\"1\" rowspan=\"1\">\n<div class=\"magic-10\">5V 3W<\/div>\n<\/td>\n<\/tr>\n<tr>\n<td colspan=\"1\" rowspan=\"1\">\n<div class=\"magic-9\">Nettogewicht<\/div>\n<\/td>\n<td colspan=\"1\" rowspan=\"1\">\n<div class=\"magic-10\">950g<\/div>\n<\/td>\n<\/tr>\n<tr>\n<td colspan=\"1\" rowspan=\"1\">\n<div class=\"magic-9\">Gr\u00f6\u00dfe des Produkts<\/div>\n<\/td>\n<td colspan=\"1\" rowspan=\"1\">\n<div class=\"magic-10\">448*118*35mm<\/div>\n<\/td>\n<\/tr>\n<\/tbody>\n<\/table>\n<\/div>\n<\/div>\n<p><img decoding=\"async\" src=\"https:\/\/sc04.alicdn.com\/kf\/Hd133e12076a447e38c64d73f475fc498D\/273358224\/Hd133e12076a447e38c64d73f475fc498D.jpg\" \/><\/p>\n<p><img fetchpriority=\"high\" decoding=\"async\" class=\"alignnone  wp-image-5175\" src=\"https:\/\/mihoohealth.com\/wp-content\/uploads\/2024\/08\/979635582-300x171.png\" alt=\"\" width=\"732\" height=\"417\" srcset=\"https:\/\/mihoohealth.com\/wp-content\/uploads\/2024\/08\/979635582-300x171.png 300w, https:\/\/mihoohealth.com\/wp-content\/uploads\/2024\/08\/979635582-1024x585.png 1024w, https:\/\/mihoohealth.com\/wp-content\/uploads\/2024\/08\/979635582-768x439.png 768w, https:\/\/mihoohealth.com\/wp-content\/uploads\/2024\/08\/979635582-18x10.png 18w, https:\/\/mihoohealth.com\/wp-content\/uploads\/2024\/08\/979635582-600x343.png 600w, https:\/\/mihoohealth.com\/wp-content\/uploads\/2024\/08\/979635582.png 1488w\" sizes=\"(max-width: 732px) 100vw, 732px\" \/><\/p>\n<p><img decoding=\"async\" class=\"alignnone  wp-image-5176\" src=\"https:\/\/mihoohealth.com\/wp-content\/uploads\/2024\/08\/2180592477-300x155.png\" alt=\"\" width=\"726\" height=\"375\" srcset=\"https:\/\/mihoohealth.com\/wp-content\/uploads\/2024\/08\/2180592477-300x155.png 300w, https:\/\/mihoohealth.com\/wp-content\/uploads\/2024\/08\/2180592477-1024x531.png 1024w, https:\/\/mihoohealth.com\/wp-content\/uploads\/2024\/08\/2180592477-768x398.png 768w, https:\/\/mihoohealth.com\/wp-content\/uploads\/2024\/08\/2180592477-18x9.png 18w, https:\/\/mihoohealth.com\/wp-content\/uploads\/2024\/08\/2180592477-600x311.png 600w, https:\/\/mihoohealth.com\/wp-content\/uploads\/2024\/08\/2180592477.png 1486w\" sizes=\"(max-width: 726px) 100vw, 726px\" \/><\/p>","protected":false},"excerpt":{"rendered":"<h5 class=\"a-size-base-plus a-text-bold\">\u00dcber diesen Artikel<\/h5>\n<ul class=\"a-unordered-list a-vertical a-spacing-mini\">\n<li class=\"a-spacing-mini\"><span class=\"a-list-item\">\u3010Neck Braces for Neck Pain\u3011 Cervical Collar st\u00fctzt den Kiefer und den Nacken und schr\u00e4nkt die Beweglichkeit ein, um Schmerzen und Druck in der Wirbels\u00e4ule zu lindern. Der weiche Schaumstoffkragen, der die Wirbel neu ausrichtet und stabilisiert, kann den ganzen Tag \u00fcber und w\u00e4hrend des Schlafs getragen werden, er ist f\u00fcr eine hervorragende Unterst\u00fctzung und Schmerzlinderung. (Bitte pr\u00fcfen Sie den Anwendungsbereich der Halskrause: Umfang: 12.6\u2033 ~ 15.8\u2033, H: 3.3\u2033)<\/span><\/li>\n<li class=\"a-spacing-mini\"><span class=\"a-list-item\">\u3010Breathable &amp; Perfect Fit\u3011Neck Brace ist sorgf\u00e4ltig mit Ergonomie im Verstand gefertigt. Die \"V\"-Form am Unterkiefer sorgt f\u00fcr einen bequemen und sicheren Sitz, w\u00e4hrend die geschwungene Erh\u00f6hung auf der R\u00fcckseite eine hervorragende Unterst\u00fctzung f\u00fcr den Hals bietet. Mit seinem au\u00dfergew\u00f6hnlichen Design bietet dieses Brace optimalen Komfort, so dass es sogar f\u00fcr das Tragen in der Nacht geeignet ist.<\/span><\/li>\n<li class=\"a-spacing-mini\"><span class=\"a-list-item\">\u3010Neck Brace for Sleeping &amp; Support \u3011 Der weiche Halskragen ist aus hochwertigem hochelastischem Schaumstoff gefertigt. PP-Platte bietet hohe Unterst\u00fctzung. Der glatte und feine Eisseidenstoff ist atmungsaktiv, um Trockenheit zu gew\u00e4hrleisten, und die gro\u00dfartigen hautfreundlichen Eigenschaften halten Sie bei langfristigem Gebrauch bequem. Es kann auch beim Schlafen getragen werden.<\/span><\/li>\n<li class=\"a-spacing-mini\"><span class=\"a-list-item\">\u3010Verstellbare Halskrause\u3011Die weiche Halskrause ist mit Klettverschl\u00fcssen ausgestattet, die nicht an den Haaren kleben, so dass Sie die L\u00e4nge der Halskrause frei nach Ihren Bed\u00fcrfnissen einstellen und Schmerzen durch Bewegung verhindern k\u00f6nnen.<\/span><\/li>\n<li class=\"a-spacing-mini\"><span class=\"a-list-item\">\u3010Compact &amp; Lightweight Neck Stretcher\u3011 Wickeln Sie die Bandage um den Hals f\u00fcr begrenzte Bewegung, egal wo zu Hause und im B\u00fcro, bietet moderate Unterst\u00fctzung f\u00fcr Ihren verletzten Hals. Passt sowohl f\u00fcr M\u00e4nner als auch f\u00fcr Frauen, ideal zum Schlafen w\u00e4hrend Flugreisen, Fernsehen im Bett oder Lesen.(Es kann als Hilfsmethode verwendet werden und kann die Behandlungsmethode nicht vollst\u00e4ndig ersetzen)<\/span><\/li>\n<\/ul>","protected":false},"featured_media":5085,"template":"","meta":{"_uag_custom_page_level_css":"","site-sidebar-layout":"default","site-content-layout":"","ast-site-content-layout":"default","site-content-style":"default","site-sidebar-style":"default","ast-global-header-display":"","ast-banner-title-visibility":"","ast-main-header-display":"","ast-hfb-above-header-display":"","ast-hfb-below-header-display":"","ast-hfb-mobile-header-display":"","site-post-title":"","ast-breadcrumbs-content":"","ast-featured-img":"","footer-sml-layout":"","theme-transparent-header-meta":"default","adv-header-id-meta":"","stick-header-meta":"","header-above-stick-meta":"","header-main-stick-meta":"","header-below-stick-meta":"","astra-migrate-meta-layouts":"set","ast-page-background-enabled":"default","ast-page-background-meta":{"desktop":{"background-color":"","background-image":"","background-repeat":"repeat","background-position":"center center","background-size":"auto","background-attachment":"scroll","background-type":"","background-media":"","overlay-type":"","overlay-color":"","overlay-opacity":"","overlay-gradient":""},"tablet":{"background-color":"","background-image":"","background-repeat":"repeat","background-position":"center center","background-size":"auto","background-attachment":"scroll","background-type":"","background-media":"","overlay-type":"","overlay-color":"","overlay-opacity":"","overlay-gradient":""},"mobile":{"background-color":"","background-image":"","background-repeat":"repeat","background-position":"center center","background-size":"auto","background-attachment":"scroll","background-type":"","background-media":"","overlay-type":"","overlay-color":"","overlay-opacity":"","overlay-gradient":""}},"ast-content-background-meta":{"desktop":{"background-color":"var(--ast-global-color-5)","background-image":"","background-repeat":"repeat","background-position":"center center","background-size":"auto","background-attachment":"scroll","background-type":"","background-media":"","overlay-type":"","overlay-color":"","overlay-opacity":"","overlay-gradient":""},"tablet":{"background-color":"var(--ast-global-color-5)","background-image":"","background-repeat":"repeat","background-position":"center center","background-size":"auto","background-attachment":"scroll","background-type":"","background-media":"","overlay-type":"","overlay-color":"","overlay-opacity":"","overlay-gradient":""},"mobile":{"background-color":"var(--ast-global-color-5)","background-image":"","background-repeat":"repeat","background-position":"center center","background-size":"auto","background-attachment":"scroll","background-type":"","background-media":"","overlay-type":"","overlay-color":"","overlay-opacity":"","overlay-gradient":""}}},"product_cat":[15,65,56,58],"product_tag":[331],"class_list":{"0":"post-5084","1":"product","2":"type-product","3":"status-publish","4":"has-post-thumbnail","6":"product_cat-product","7":"product_cat-other-massager","8":"product_cat-see-all-categories","9":"product_cat-shoulder-neck-massager","10":"product_tag-neck-brace-foam-cervical-collar","11":"desktop-align-left","12":"tablet-align-left","13":"mobile-align-left","15":"first","16":"instock","17":"shipping-taxable","18":"product-type-simple"},"uagb_featured_image_src":{"full":["https:\/\/mihoohealth.com\/wp-content\/uploads\/2024\/08\/MH-CV19.png",1000,1000,false],"thumbnail":["https:\/\/mihoohealth.com\/wp-content\/uploads\/2024\/08\/MH-CV19-150x150.png",150,150,true],"medium":["https:\/\/mihoohealth.com\/wp-content\/uploads\/2024\/08\/MH-CV19-300x300.png",300,300,true],"medium_large":["https:\/\/mihoohealth.com\/wp-content\/uploads\/2024\/08\/MH-CV19-768x768.png",768,768,true],"large":["https:\/\/mihoohealth.com\/wp-content\/uploads\/2024\/08\/MH-CV19.png",1000,1000,false],"1536x1536":["https:\/\/mihoohealth.com\/wp-content\/uploads\/2024\/08\/MH-CV19.png",1000,1000,false],"2048x2048":["https:\/\/mihoohealth.com\/wp-content\/uploads\/2024\/08\/MH-CV19.png",1000,1000,false],"trp-custom-language-flag":["https:\/\/mihoohealth.com\/wp-content\/uploads\/2024\/08\/MH-CV19-12x12.png",12,12,true],"woocommerce_thumbnail":["https:\/\/mihoohealth.com\/wp-content\/uploads\/2024\/08\/MH-CV19-300x300.png",300,300,true],"woocommerce_single":["https:\/\/mihoohealth.com\/wp-content\/uploads\/2024\/08\/MH-CV19-600x600.png",600,600,true],"woocommerce_gallery_thumbnail":["https:\/\/mihoohealth.com\/wp-content\/uploads\/2024\/08\/MH-CV19-100x100.png",100,100,true]},"uagb_author_info":{"display_name":"amylau07081@gmail.com","author_link":"https:\/\/mihoohealth.com\/de\/author\/"},"uagb_comment_info":0,"uagb_excerpt":"About this item \u3010Neck Braces for Neck Pain\u3011 Cervical Collar supports the jaw and neck while limiting mobility to relieve pain and pressure in the spine. Realigning and stabilizing vertebrae, the soft foam collar can be worn throughout the day and while sleeping, it is for superior support and pain relief. (Please check the scope&hellip;","_links":{"self":[{"href":"https:\/\/mihoohealth.com\/de\/wp-json\/wp\/v2\/product\/5084","targetHints":{"allow":["GET"]}}],"collection":[{"href":"https:\/\/mihoohealth.com\/de\/wp-json\/wp\/v2\/product"}],"about":[{"href":"https:\/\/mihoohealth.com\/de\/wp-json\/wp\/v2\/types\/product"}],"version-history":[{"count":3,"href":"https:\/\/mihoohealth.com\/de\/wp-json\/wp\/v2\/product\/5084\/revisions"}],"predecessor-version":[{"id":5174,"href":"https:\/\/mihoohealth.com\/de\/wp-json\/wp\/v2\/product\/5084\/revisions\/5174"}],"wp:featuredmedia":[{"embeddable":true,"href":"https:\/\/mihoohealth.com\/de\/wp-json\/wp\/v2\/media\/5085"}],"wp:attachment":[{"href":"https:\/\/mihoohealth.com\/de\/wp-json\/wp\/v2\/media?parent=5084"}],"wp:term":[{"taxonomy":"product_cat","embeddable":true,"href":"https:\/\/mihoohealth.com\/de\/wp-json\/wp\/v2\/product_cat?post=5084"},{"taxonomy":"product_tag","embeddable":true,"href":"https:\/\/mihoohealth.com\/de\/wp-json\/wp\/v2\/product_tag?post=5084"}],"curies":[{"name":"wp","href":"https:\/\/api.w.org\/{rel}","templated":true}]}}