{"id":5074,"date":"2024-08-28T05:39:06","date_gmt":"2024-08-28T05:39:06","guid":{"rendered":"https:\/\/mihoohealth.com\/?post_type=product&#038;p=5074"},"modified":"2024-08-30T08:44:02","modified_gmt":"2024-08-30T08:44:02","slug":"l-shape-neck-massager-mh-by046","status":"publish","type":"product","link":"https:\/\/mihoohealth.com\/de\/product\/l-shape-neck-massager-mh-by046\/","title":{"rendered":"L-f\u00f6rmiges Nackenmassageger\u00e4t MH-BY046"},"content":{"rendered":"<p><strong>Beschreibung des Produkts<\/strong><\/p>\n<p><img fetchpriority=\"high\" decoding=\"async\" class=\"\" src=\"https:\/\/sc04.alicdn.com\/kf\/H64e15542164e4db59895b810c15922e8y\/273358224\/H64e15542164e4db59895b810c15922e8y.jpg\" width=\"543\" height=\"336\" \/><\/p>\n<p><span data-spm-anchor-id=\"a2700.details.0.i74.f1d63a83Ml2kTZ\">Massageger\u00e4t f\u00fcr Nacken und R\u00fccken mit W\u00e4rme Elektrische Shiatsu-R\u00fccken-Nacken-Massage Kabellos<\/span><\/p>\n<div data-spm-anchor-id=\"a2700.details.0.i77.f1d63a83Ml2kTZ\">- Mit dem intelligenten Sprach\u00fcbertragungssystem k\u00f6nnen Sie die Einstellungen anpassen, ohne das Ger\u00e4t abnehmen zu m\u00fcssen.<br \/>\n- Die unsichtbare Magnetschnalle ist f\u00fcr verschiedene Halsweiten geeignet und kann nach Belieben verstellt werden.<br \/>\n- Kabellose, wiederaufladbare Nacken- und R\u00fcckenmassage, die sich von der traditionellen Handmassage unterscheidet.<br \/>\n- Nackenmassageger\u00e4t kommt mit einem USB-Ladekabel 3000mAh gro\u00dfe Kapazit\u00e4t, bequem, jederzeit aufzuladen und als Nackenkissen f\u00fcr Reisen.<\/div>\n<div data-spm-anchor-id=\"a2700.details.0.i77.f1d63a83Ml2kTZ\">\n<div class=\"J_module\">\n<div id=\"ali-anchor-AliMagic-q9e1jb\" class=\"magic-0\" data-section=\"AliMagic-q9e1jb\" data-section-title=\"Specification\" data-spm-anchor-id=\"a2700.details.0.i78.f1d63a83Ml2kTZ\"><strong>Spezifikation<\/strong><\/div>\n<\/div>\n<div class=\"J_module\">\n<div class=\"ife-detail-decorate-table\">\n<table class=\"has-title all magic-8\">\n<tbody>\n<tr>\n<td colspan=\"1\" rowspan=\"1\">\n<div class=\"magic-9\">Produktkategorie<\/div>\n<\/td>\n<td colspan=\"1\" rowspan=\"1\">\n<div class=\"magic-10\">Shiatsu-Nackenmassageger\u00e4t<\/div>\n<\/td>\n<\/tr>\n<tr>\n<td colspan=\"1\" rowspan=\"1\">\n<div class=\"magic-9\">Parameter<\/div>\n<\/td>\n<td colspan=\"1\" rowspan=\"1\">\n<div class=\"magic-10\">5V 6W<\/div>\n<\/td>\n<\/tr>\n<tr>\n<td colspan=\"1\" rowspan=\"1\">\n<div class=\"magic-9\">Nettogewicht<\/div>\n<\/td>\n<td colspan=\"1\" rowspan=\"1\">\n<div class=\"magic-10\">800g<\/div>\n<\/td>\n<\/tr>\n<tr>\n<td colspan=\"1\" rowspan=\"1\">\n<div class=\"magic-9\">Gr\u00f6\u00dfe des Produkts<\/div>\n<\/td>\n<td colspan=\"1\" rowspan=\"1\">\n<div class=\"magic-10\">25,5*11,9*30,3 cm<\/div>\n<\/td>\n<\/tr>\n<\/tbody>\n<\/table>\n<p><img decoding=\"async\" src=\"https:\/\/sc04.alicdn.com\/kf\/H7d0652d194ca4a17be4cdeb5f1f6376cV\/273358224\/H7d0652d194ca4a17be4cdeb5f1f6376cV.jpg\" \/><\/p>\n<p>&nbsp;<\/p>\n<\/div>\n<\/div>\n<\/div>","protected":false},"excerpt":{"rendered":"<h5 class=\"a-size-base-plus a-text-bold\">\u00dcber diesen Artikel<\/h5>\n<ul class=\"a-unordered-list a-vertical a-spacing-mini\">\n<li class=\"a-spacing-mini\"><span class=\"a-list-item\">Verbessertes Massageerlebnis - Das Howdy Nackenmassagekissen verf\u00fcgt \u00fcber nicht abgestufte Massagek\u00f6pfe, die das Gef\u00fchl menschlicher H\u00e4nde simulieren und eine wohltuende Massage bieten. Es erm\u00f6glicht Ihnen effektiv zu entspannen und zu relaxen.<\/span><\/li>\n<li class=\"a-spacing-mini\"><span class=\"a-list-item\">Anpassbare Massagemodi - Mit zwei einstellbaren Massagemodi erm\u00f6glicht unser Nackenmassageger\u00e4t die Anpassung des Massageerlebnisses an Ihre Vorlieben. Sie k\u00f6nnen auch zwischen zwei Heizstufen w\u00e4hlen, um eine auf Ihre Bed\u00fcrfnisse zugeschnittene Massage zu erhalten. Au\u00dferdem kann das Ger\u00e4t f\u00fcr gezielte warme Kompressen ohne Massagefunktion verwendet werden.<\/span><\/li>\n<li class=\"a-spacing-mini\"><span class=\"a-list-item\">Ergonomisches Design f\u00fcr mehr Komfort - Dieses Nackenkissen-Massageger\u00e4t wurde nach den Grunds\u00e4tzen der Ergonomie entwickelt und passt sich perfekt an die Form Ihres Nackens an, um eine optimale Massagewirkung zu erzielen. Es bietet auch eine hervorragende Unterst\u00fctzung f\u00fcr den Hinterkopf und die Seite des Nackens, was es zu einem vielseitigen U-f\u00f6rmigen Kissen macht, auch wenn es nicht benutzt wird.<\/span><\/li>\n<li class=\"a-spacing-mini\"><span class=\"a-list-item\">Benutzerfreundlich und bequem- Unser Reise-Nackenkissen-Massageger\u00e4t verf\u00fcgt \u00fcber Sprachansagen f\u00fcr eine einfache Bedienung. Durch den leisen Betrieb k\u00f6nnen Sie eine Massage ohne St\u00f6rungen genie\u00dfen. Der Typ-C-Ladeanschluss und das Schnallendesign sorgen daf\u00fcr, dass Sie die H\u00e4nde frei haben und Multitasking betreiben k\u00f6nnen, w\u00e4hrend Sie eine wohltuende Massage genie\u00dfen. Au\u00dferdem wird es mit einer zus\u00e4tzlichen Aufbewahrungstasche geliefert, die den Transport und die Verwendung unterwegs erleichtert.<\/span><\/li>\n<\/ul>","protected":false},"featured_media":5075,"template":"","meta":{"_uag_custom_page_level_css":"","site-sidebar-layout":"default","site-content-layout":"","ast-site-content-layout":"default","site-content-style":"default","site-sidebar-style":"default","ast-global-header-display":"","ast-banner-title-visibility":"","ast-main-header-display":"","ast-hfb-above-header-display":"","ast-hfb-below-header-display":"","ast-hfb-mobile-header-display":"","site-post-title":"","ast-breadcrumbs-content":"","ast-featured-img":"","footer-sml-layout":"","theme-transparent-header-meta":"default","adv-header-id-meta":"","stick-header-meta":"","header-above-stick-meta":"","header-main-stick-meta":"","header-below-stick-meta":"","astra-migrate-meta-layouts":"set","ast-page-background-enabled":"default","ast-page-background-meta":{"desktop":{"background-color":"","background-image":"","background-repeat":"repeat","background-position":"center center","background-size":"auto","background-attachment":"scroll","background-type":"","background-media":"","overlay-type":"","overlay-color":"","overlay-opacity":"","overlay-gradient":""},"tablet":{"background-color":"","background-image":"","background-repeat":"repeat","background-position":"center center","background-size":"auto","background-attachment":"scroll","background-type":"","background-media":"","overlay-type":"","overlay-color":"","overlay-opacity":"","overlay-gradient":""},"mobile":{"background-color":"","background-image":"","background-repeat":"repeat","background-position":"center center","background-size":"auto","background-attachment":"scroll","background-type":"","background-media":"","overlay-type":"","overlay-color":"","overlay-opacity":"","overlay-gradient":""}},"ast-content-background-meta":{"desktop":{"background-color":"var(--ast-global-color-5)","background-image":"","background-repeat":"repeat","background-position":"center center","background-size":"auto","background-attachment":"scroll","background-type":"","background-media":"","overlay-type":"","overlay-color":"","overlay-opacity":"","overlay-gradient":""},"tablet":{"background-color":"var(--ast-global-color-5)","background-image":"","background-repeat":"repeat","background-position":"center center","background-size":"auto","background-attachment":"scroll","background-type":"","background-media":"","overlay-type":"","overlay-color":"","overlay-opacity":"","overlay-gradient":""},"mobile":{"background-color":"var(--ast-global-color-5)","background-image":"","background-repeat":"repeat","background-position":"center center","background-size":"auto","background-attachment":"scroll","background-type":"","background-media":"","overlay-type":"","overlay-color":"","overlay-opacity":"","overlay-gradient":""}}},"product_cat":[15,56,58],"product_tag":[330],"class_list":{"0":"post-5074","1":"product","2":"type-product","3":"status-publish","4":"has-post-thumbnail","6":"product_cat-product","7":"product_cat-see-all-categories","8":"product_cat-shoulder-neck-massager","9":"product_tag-shiatsu-cordless-neck-and-back-massager-pillow","10":"desktop-align-left","11":"tablet-align-left","12":"mobile-align-left","14":"first","15":"instock","16":"shipping-taxable","17":"product-type-simple"},"uagb_featured_image_src":{"full":["https:\/\/mihoohealth.com\/wp-content\/uploads\/2024\/08\/MH-BY046.png",1000,1000,false],"thumbnail":["https:\/\/mihoohealth.com\/wp-content\/uploads\/2024\/08\/MH-BY046-150x150.png",150,150,true],"medium":["https:\/\/mihoohealth.com\/wp-content\/uploads\/2024\/08\/MH-BY046-300x300.png",300,300,true],"medium_large":["https:\/\/mihoohealth.com\/wp-content\/uploads\/2024\/08\/MH-BY046-768x768.png",768,768,true],"large":["https:\/\/mihoohealth.com\/wp-content\/uploads\/2024\/08\/MH-BY046.png",1000,1000,false],"1536x1536":["https:\/\/mihoohealth.com\/wp-content\/uploads\/2024\/08\/MH-BY046.png",1000,1000,false],"2048x2048":["https:\/\/mihoohealth.com\/wp-content\/uploads\/2024\/08\/MH-BY046.png",1000,1000,false],"trp-custom-language-flag":["https:\/\/mihoohealth.com\/wp-content\/uploads\/2024\/08\/MH-BY046-12x12.png",12,12,true],"woocommerce_thumbnail":["https:\/\/mihoohealth.com\/wp-content\/uploads\/2024\/08\/MH-BY046-300x300.png",300,300,true],"woocommerce_single":["https:\/\/mihoohealth.com\/wp-content\/uploads\/2024\/08\/MH-BY046-600x600.png",600,600,true],"woocommerce_gallery_thumbnail":["https:\/\/mihoohealth.com\/wp-content\/uploads\/2024\/08\/MH-BY046-100x100.png",100,100,true]},"uagb_author_info":{"display_name":"amylau07081@gmail.com","author_link":"https:\/\/mihoohealth.com\/de\/author\/"},"uagb_comment_info":0,"uagb_excerpt":"About this item Improved Massage Experience- Howdy neck massage pillow features ungraded massage heads that simulate the sensation of human hands, providing a soothing massage. It effectively allows you to relax and unwind. Customizable Massage Modes- With two adjustable massage modes, our neck massager allows you to customize your massage experience based on your preferences.&hellip;","_links":{"self":[{"href":"https:\/\/mihoohealth.com\/de\/wp-json\/wp\/v2\/product\/5074","targetHints":{"allow":["GET"]}}],"collection":[{"href":"https:\/\/mihoohealth.com\/de\/wp-json\/wp\/v2\/product"}],"about":[{"href":"https:\/\/mihoohealth.com\/de\/wp-json\/wp\/v2\/types\/product"}],"version-history":[{"count":3,"href":"https:\/\/mihoohealth.com\/de\/wp-json\/wp\/v2\/product\/5074\/revisions"}],"predecessor-version":[{"id":5173,"href":"https:\/\/mihoohealth.com\/de\/wp-json\/wp\/v2\/product\/5074\/revisions\/5173"}],"wp:featuredmedia":[{"embeddable":true,"href":"https:\/\/mihoohealth.com\/de\/wp-json\/wp\/v2\/media\/5075"}],"wp:attachment":[{"href":"https:\/\/mihoohealth.com\/de\/wp-json\/wp\/v2\/media?parent=5074"}],"wp:term":[{"taxonomy":"product_cat","embeddable":true,"href":"https:\/\/mihoohealth.com\/de\/wp-json\/wp\/v2\/product_cat?post=5074"},{"taxonomy":"product_tag","embeddable":true,"href":"https:\/\/mihoohealth.com\/de\/wp-json\/wp\/v2\/product_tag?post=5074"}],"curies":[{"name":"wp","href":"https:\/\/api.w.org\/{rel}","templated":true}]}}