{"id":5034,"date":"2024-08-27T06:44:20","date_gmt":"2024-08-27T06:44:20","guid":{"rendered":"https:\/\/mihoohealth.com\/?post_type=product&#038;p=5034"},"modified":"2025-01-16T05:04:42","modified_gmt":"2025-01-16T05:04:42","slug":"neck-traction-massager-mh-cv18","status":"publish","type":"product","link":"https:\/\/mihoohealth.com\/de\/product\/neck-traction-massager-mh-cv18\/","title":{"rendered":"Nacken-Traktionsmassageger\u00e4t MH-CV18"},"content":{"rendered":"<p><strong>Beschreibung des Produkts<\/strong><\/p>\n<p><img decoding=\"async\" src=\"https:\/\/sc04.alicdn.com\/kf\/H5887364c52094cf08dd4689271c58a31p\/273358224\/H5887364c52094cf08dd4689271c58a31p.png\" \/><\/p>\n<p><span data-spm-anchor-id=\"a2700.details.0.i52.561a2650HoyxRC\">Die beheizte Nackenst\u00fctze von Cervipulse ist die L\u00f6sung, nach der Sie schon lange gesucht haben!<\/span><\/p>\n<div data-spm-anchor-id=\"a2700.details.0.i45.561a2650HoyxRC\">Der Cervipulse wurde mit einer ergonomischen, der Halswirbels\u00e4ule angepassten Kr\u00fcmmung entwickelt und bietet vertikale und horizontale Unterst\u00fctzung sowie Kr\u00fcmmungsdehnung f\u00fcr die Nackentraktion, um den Druck auf die Wirbels\u00e4ule zu verringern, die Halswirbels\u00e4ule zu st\u00fctzen und die C-f\u00f6rmige Kr\u00fcmmung des Halses zu unterst\u00fctzen. In Kombination mit einer W\u00e4rmekompressen-Therapie hilft dieser Nackenstrecker, verspannte Nacken- und Kiefermuskeln zu lockern, Verspannungen und Druck zu l\u00f6sen und die Blutzirkulation zu verbessern. Au\u00dferdem ist sie leicht und tragbar und damit perfekt f\u00fcr den Gebrauch zu Hause, im B\u00fcro und auf Reisen.<\/div>\n<div data-spm-anchor-id=\"a2700.details.0.i45.561a2650HoyxRC\">\n<div class=\"J_module\">\n<div id=\"ali-anchor-AliMagic-ttwcy1\" class=\"magic-0\" data-section=\"AliMagic-ttwcy1\" data-section-title=\"Specification\" data-spm-anchor-id=\"a2700.details.0.i46.561a2650HoyxRC\"><strong>Spezifikation<\/strong><\/div>\n<\/div>\n<div class=\"J_module\">\n<div class=\"ife-detail-decorate-table\">\n<table class=\"has-title all magic-8\">\n<tbody>\n<tr>\n<td colspan=\"1\" rowspan=\"1\">\n<div class=\"magic-9\">Produktkategorie<\/div>\n<\/td>\n<td colspan=\"1\" rowspan=\"1\">\n<div class=\"magic-10\">Beheizte und vibrierende Nackenst\u00fctze<\/div>\n<\/td>\n<\/tr>\n<tr>\n<td colspan=\"1\" rowspan=\"1\">\n<div class=\"magic-9\">Parameter<\/div>\n<\/td>\n<td colspan=\"1\" rowspan=\"1\">\n<div class=\"magic-10\">700mAh<\/div>\n<\/td>\n<\/tr>\n<tr>\n<td colspan=\"1\" rowspan=\"1\">\n<div class=\"magic-9\">Gr\u00f6\u00dfe\/Gewicht<\/div>\n<\/td>\n<td colspan=\"1\" rowspan=\"1\">\n<div class=\"magic-10\">213* 200* 110 mm \/ 0,68kg<\/div>\n<\/td>\n<\/tr>\n<tr>\n<td colspan=\"1\" rowspan=\"1\">\n<div class=\"magic-9\">Material<\/div>\n<\/td>\n<td colspan=\"1\" rowspan=\"1\">\n<div class=\"magic-10\">PU<\/div>\n<\/td>\n<\/tr>\n<\/tbody>\n<\/table>\n<p><img decoding=\"async\" src=\"https:\/\/sc04.alicdn.com\/kf\/H9c072593c2884b2b8a0a46c417e4fe85L\/273358224\/H9c072593c2884b2b8a0a46c417e4fe85L.jpg\" \/><\/p>\n<p><img decoding=\"async\" src=\"https:\/\/sc04.alicdn.com\/kf\/H9c32d6823b0b4a109ca19ff9712b8e8bg\/273358224\/H9c32d6823b0b4a109ca19ff9712b8e8bg.jpg\" \/><\/p>\n<p><img decoding=\"async\" src=\"https:\/\/sc04.alicdn.com\/kf\/H31edd131b6de499885b2b7aa3c1851278\/273358224\/H31edd131b6de499885b2b7aa3c1851278.jpg\" \/><\/p>\n<p>&nbsp;<\/p>\n<\/div>\n<\/div>\n<\/div>","protected":false},"excerpt":{"rendered":"<h5 class=\"a-size-base-plus a-text-bold\">\u00dcber diesen Artikel<\/h5>\n<ul class=\"a-unordered-list a-vertical a-spacing-mini\">\n<li class=\"a-spacing-mini\">\n<h1 class=\"a-size-base-plus a-text-bold\"><\/h1>\n<p><span class=\"a-list-item\">\u3010Ergonomic 45\u00b0 Curve Design\u3011Prolonged head bowing, sitting for long periods, poor posture, and stiff necks often cause neck and shoulder pain. A c-shaped neck stretcher is designed to match your neck&#8217;s natural curvature at a 45-degree angle, offering three-way stretching for spinal alignment. Simply lie down and let gravity gently stretch and decompress your neck discs, ensuring safety as it stretches under gravity&#8217;s influence rather than external force.<\/span><\/li>\n<li class=\"a-spacing-mini\"><span class=\"a-list-item\">\u3010Wireless &amp; Lightweight\u3011Keine Notwendigkeit, an Steckdosen gebunden zu sein, w\u00e4hrend Sie sich strecken. Wiederaufladbar \u00fcber USB Typ-C, mit einer vollen Ladung f\u00fcr 60 Minuten. Kann ohne Stromkabel betrieben werden und bietet sofortige Linderung von Nacken- und Schulterschmerzen. Mit einem Gewicht von nur 16,4 Unzen ist es m\u00fchelos zu tragen und zu verstauen.<\/span><\/li>\n<li class=\"a-spacing-mini\"><span class=\"a-list-item\">\u3010Einstellbare Sofortw\u00e4rme &amp; verbesserte W\u00e4rmeleitung\u3011Bietet 3 Temperatureinstellungen, die jeweils durch ein anderes Licht angezeigt werden: 100,4\u00b0F \/ 38\u00b0C (gr\u00fcnes Licht), 105,8\u00b0F \/ 41\u2103 (blaues Licht) und 111,2\u00b0F \/ 44\u2103 (oranges Licht), die wohltuende W\u00e4rme f\u00f6rdert die Durchblutung, entspannt die Nacken- und Kiefermuskeln, lindert Schmerzen und bek\u00e4mpft Nackenh\u00f6ckerprobleme. Im Gegensatz zu herk\u00f6mmlichen w\u00e4rmeleitenden Metallplatten verwenden wir ein \u00fcberlegenes w\u00e4rmeleitendes Plattendesign. **Aus Sicherheitsgr\u00fcnden schaltet sich das Ger\u00e4t nach 15 Minuten automatisch ab.<\/span><\/li>\n<li class=\"a-spacing-mini\"><span class=\"a-list-item\">\u30102-in-1 Effektives Dehnen\u3011Dual-use f\u00fcr lange und kurze L\u00e4ngen, bietet zwei Dehnungswinkel. Kurzes Dehnen ist f\u00fcr Anf\u00e4nger geeignet, w\u00e4hrend langes Dehnen f\u00fcr fortgeschrittene Benutzer geeignet ist. W\u00e4rme entspannt effektiv die Tiefenmuskulatur, w\u00e4hrend die vier konvexen St\u00e4be helfen, steife Muskeln zu lockern. Dies erm\u00f6glicht ein effektives Dehnen zur Entspannung und tr\u00e4gt zur Wiederherstellung der Gesundheit der Halswirbels\u00e4ule bei.<\/span><\/li>\n<\/ul>","protected":false},"featured_media":26313,"template":"","meta":{"_uag_custom_page_level_css":"","site-sidebar-layout":"default","site-content-layout":"","ast-site-content-layout":"default","site-content-style":"default","site-sidebar-style":"default","ast-global-header-display":"","ast-banner-title-visibility":"","ast-main-header-display":"","ast-hfb-above-header-display":"","ast-hfb-below-header-display":"","ast-hfb-mobile-header-display":"","site-post-title":"","ast-breadcrumbs-content":"","ast-featured-img":"","footer-sml-layout":"","theme-transparent-header-meta":"default","adv-header-id-meta":"","stick-header-meta":"","header-above-stick-meta":"","header-main-stick-meta":"","header-below-stick-meta":"","astra-migrate-meta-layouts":"set","ast-page-background-enabled":"default","ast-page-background-meta":{"desktop":{"background-color":"","background-image":"","background-repeat":"repeat","background-position":"center center","background-size":"auto","background-attachment":"scroll","background-type":"","background-media":"","overlay-type":"","overlay-color":"","overlay-opacity":"","overlay-gradient":""},"tablet":{"background-color":"","background-image":"","background-repeat":"repeat","background-position":"center center","background-size":"auto","background-attachment":"scroll","background-type":"","background-media":"","overlay-type":"","overlay-color":"","overlay-opacity":"","overlay-gradient":""},"mobile":{"background-color":"","background-image":"","background-repeat":"repeat","background-position":"center center","background-size":"auto","background-attachment":"scroll","background-type":"","background-media":"","overlay-type":"","overlay-color":"","overlay-opacity":"","overlay-gradient":""}},"ast-content-background-meta":{"desktop":{"background-color":"var(--ast-global-color-5)","background-image":"","background-repeat":"repeat","background-position":"center center","background-size":"auto","background-attachment":"scroll","background-type":"","background-media":"","overlay-type":"","overlay-color":"","overlay-opacity":"","overlay-gradient":""},"tablet":{"background-color":"var(--ast-global-color-5)","background-image":"","background-repeat":"repeat","background-position":"center center","background-size":"auto","background-attachment":"scroll","background-type":"","background-media":"","overlay-type":"","overlay-color":"","overlay-opacity":"","overlay-gradient":""},"mobile":{"background-color":"var(--ast-global-color-5)","background-image":"","background-repeat":"repeat","background-position":"center center","background-size":"auto","background-attachment":"scroll","background-type":"","background-media":"","overlay-type":"","overlay-color":"","overlay-opacity":"","overlay-gradient":""}}},"product_cat":[15,65,56],"product_tag":[327],"class_list":{"0":"post-5034","1":"product","2":"type-product","3":"status-publish","4":"has-post-thumbnail","6":"product_cat-product","7":"product_cat-other-massager","8":"product_cat-see-all-categories","9":"product_tag-wireless-heated-neck-stretcher-pillow","10":"desktop-align-left","11":"tablet-align-left","12":"mobile-align-left","14":"first","15":"instock","16":"shipping-taxable","17":"product-type-simple"},"uagb_featured_image_src":{"full":["https:\/\/mihoohealth.com\/wp-content\/uploads\/2024\/08\/Neck-Traction-Massager.png",650,650,false],"thumbnail":["https:\/\/mihoohealth.com\/wp-content\/uploads\/2024\/08\/Neck-Traction-Massager-150x150.png",150,150,true],"medium":["https:\/\/mihoohealth.com\/wp-content\/uploads\/2024\/08\/Neck-Traction-Massager-300x300.png",300,300,true],"medium_large":["https:\/\/mihoohealth.com\/wp-content\/uploads\/2024\/08\/Neck-Traction-Massager.png",650,650,false],"large":["https:\/\/mihoohealth.com\/wp-content\/uploads\/2024\/08\/Neck-Traction-Massager.png",650,650,false],"1536x1536":["https:\/\/mihoohealth.com\/wp-content\/uploads\/2024\/08\/Neck-Traction-Massager.png",650,650,false],"2048x2048":["https:\/\/mihoohealth.com\/wp-content\/uploads\/2024\/08\/Neck-Traction-Massager.png",650,650,false],"trp-custom-language-flag":["https:\/\/mihoohealth.com\/wp-content\/uploads\/2024\/08\/Neck-Traction-Massager-12x12.png",12,12,true],"woocommerce_thumbnail":["https:\/\/mihoohealth.com\/wp-content\/uploads\/2024\/08\/Neck-Traction-Massager-300x300.png",300,300,true],"woocommerce_single":["https:\/\/mihoohealth.com\/wp-content\/uploads\/2024\/08\/Neck-Traction-Massager-600x600.png",600,600,true],"woocommerce_gallery_thumbnail":["https:\/\/mihoohealth.com\/wp-content\/uploads\/2024\/08\/Neck-Traction-Massager-100x100.png",100,100,true]},"uagb_author_info":{"display_name":"amylau07081@gmail.com","author_link":"https:\/\/mihoohealth.com\/de\/author\/"},"uagb_comment_info":0,"uagb_excerpt":"About this item \u3010Ergonomic 45\u00b0 Curve Design\u3011Prolonged head bowing, sitting for long periods, poor posture, and stiff necks often cause neck and shoulder pain. A c-shaped neck stretcher is designed to match your neck's natural curvature at a 45-degree angle, offering three-way stretching for spinal alignment. Simply lie down and let gravity gently stretch and&hellip;","_links":{"self":[{"href":"https:\/\/mihoohealth.com\/de\/wp-json\/wp\/v2\/product\/5034","targetHints":{"allow":["GET"]}}],"collection":[{"href":"https:\/\/mihoohealth.com\/de\/wp-json\/wp\/v2\/product"}],"about":[{"href":"https:\/\/mihoohealth.com\/de\/wp-json\/wp\/v2\/types\/product"}],"version-history":[{"count":6,"href":"https:\/\/mihoohealth.com\/de\/wp-json\/wp\/v2\/product\/5034\/revisions"}],"predecessor-version":[{"id":26394,"href":"https:\/\/mihoohealth.com\/de\/wp-json\/wp\/v2\/product\/5034\/revisions\/26394"}],"wp:featuredmedia":[{"embeddable":true,"href":"https:\/\/mihoohealth.com\/de\/wp-json\/wp\/v2\/media\/26313"}],"wp:attachment":[{"href":"https:\/\/mihoohealth.com\/de\/wp-json\/wp\/v2\/media?parent=5034"}],"wp:term":[{"taxonomy":"product_cat","embeddable":true,"href":"https:\/\/mihoohealth.com\/de\/wp-json\/wp\/v2\/product_cat?post=5034"},{"taxonomy":"product_tag","embeddable":true,"href":"https:\/\/mihoohealth.com\/de\/wp-json\/wp\/v2\/product_tag?post=5034"}],"curies":[{"name":"wp","href":"https:\/\/api.w.org\/{rel}","templated":true}]}}