{"id":5026,"date":"2024-08-27T06:37:53","date_gmt":"2024-08-27T06:37:53","guid":{"rendered":"https:\/\/mihoohealth.com\/?post_type=product&#038;p=5026"},"modified":"2024-08-30T08:05:16","modified_gmt":"2024-08-30T08:05:16","slug":"waist-massager-mh-b43","status":"publish","type":"product","link":"https:\/\/mihoohealth.com\/de\/product\/waist-massager-mh-b43\/","title":{"rendered":"Taillen-Massageger\u00e4t MH-B43"},"content":{"rendered":"<p><strong>Beschreibung des Produkts<\/strong><\/p>\n<p><img decoding=\"async\" src=\"https:\/\/sc04.alicdn.com\/kf\/H3d915ed3ca4a467485eaba880219c024b\/273358224\/H3d915ed3ca4a467485eaba880219c024b.jpg\" \/><\/p>\n<p>Das R\u00fcckenmassageger\u00e4t mit W\u00e4rme ist mit 4 leistungsstarken Massagemotoren ausgestattet, die f\u00fcr eine wohltuende Vibrationsmassage sorgen. Es hilft, Verspannungen und Muskelkater in Nacken und Schulter, unterem R\u00fccken, Lendenwirbels\u00e4ule, Oberschenkeln und Beinen zu lindern.<\/p>\n<p>Dieses Wickel-Heizkissen ist flexibel, mit einem verstellbaren Gurt bis zu 58 Zoll zu verl\u00e4ngern, um alle Gr\u00f6\u00dfen passen. So kann es sowohl von M\u00e4nnern und Frauen aller Formen und Gr\u00f6\u00dfen genossen werden.<\/p>\n<div class=\"J_module\">\n<div id=\"ali-anchor-AliMagic-fbuuvh\" class=\"magic-0\" data-section=\"AliMagic-fbuuvh\" data-section-title=\"Specification\" data-spm-anchor-id=\"a2700.details.0.i46.217011311y2Kfw\">Spezifikation<\/div>\n<\/div>\n<div class=\"J_module\">\n<div class=\"ife-detail-decorate-table\">\n<table class=\"has-title all magic-11\">\n<tbody>\n<tr>\n<td colspan=\"1\" rowspan=\"1\">\n<div class=\"magic-12\">Produktkategorie<\/div>\n<\/td>\n<td colspan=\"1\" rowspan=\"1\">\n<div class=\"magic-13\">Massageger\u00e4t G\u00fcrtel<\/div>\n<\/td>\n<\/tr>\n<tr>\n<td colspan=\"1\" rowspan=\"1\">\n<div class=\"magic-12\">Parameter<\/div>\n<\/td>\n<td colspan=\"1\" rowspan=\"1\">\n<div class=\"magic-13\">5V 12W<\/div>\n<\/td>\n<\/tr>\n<tr>\n<td colspan=\"1\" rowspan=\"1\">\n<div class=\"magic-12\">Nettogewicht<\/div>\n<\/td>\n<td colspan=\"1\" rowspan=\"1\">\n<div class=\"magic-13\">0.84KGS<\/div>\n<\/td>\n<\/tr>\n<tr>\n<td colspan=\"1\" rowspan=\"1\">\n<div class=\"magic-12\">Gr\u00f6\u00dfe des Produkts<\/div>\n<\/td>\n<td colspan=\"1\" rowspan=\"1\">\n<div class=\"magic-13\">43,3\u00d717,5x8cm<\/div>\n<\/td>\n<\/tr>\n<\/tbody>\n<\/table>\n<p><img decoding=\"async\" src=\"https:\/\/sc04.alicdn.com\/kf\/Hf22a6b4473624f398ed8cc09eaff621cD\/273358224\/Hf22a6b4473624f398ed8cc09eaff621cD.jpg\" \/><\/p>\n<p>&nbsp;<\/p>\n<\/div>\n<\/div>","protected":false},"excerpt":{"rendered":"<h5 class=\"a-size-base-plus a-text-bold\"><strong>\u00dcber diesen Artikel<\/strong><\/h5>\n<ul class=\"a-unordered-list a-vertical a-spacing-mini\">\n<li class=\"a-spacing-mini\"><span class=\"a-list-item\">Heizkissen f\u00fcr R\u00fccken- Diese R\u00fcckenschmerzen Heizkissen verf\u00fcgt \u00fcber eingebaute Heizkissen, die schnell aufheizen k\u00f6nnen, um anpassbare W\u00e4rme zu liefern, um Muskelverspannungen im unteren R\u00fccken, Bauchschmerzen, Menstruationsbeschwerden und Magenbeschwerden, Bein arthritischen, etc. zu entlasten und verbessern die Blutzirkulation. Niedrige Stufe: 113F, Hohe Stufe: 131F<\/span><\/li>\n<li class=\"a-spacing-mini\"><span class=\"a-list-item\">Vibrationsmassage - Das R\u00fcckenmassageger\u00e4t mit W\u00e4rme ist mit 4 leistungsstarken Massagemotoren ausgestattet, die eine wohltuende Vibrationsmassage bieten. Es hilft, Verspannungen und Muskelkater im Nacken und in den Schultern, im unteren R\u00fccken, im Lendenbereich, in den Oberschenkeln und in den Beinen zu lindern. Es handelt sich um eine milde Vibrationsmassage anstelle einer Hochfrequenz-Percussion-Massage oder einer tiefen Knetmassage.<\/span><\/li>\n<li class=\"a-spacing-mini\"><span class=\"a-list-item\">Anpassbare Massage - Dieses Heizkissen f\u00fcr R\u00fcckenschmerzen Linderung wickeln hat 3 Massage-Modi, 2 einstellbare Intensit\u00e4t der Vibration und 2 Ebenen der Heizung und Airbag. So k\u00f6nnen Sie eine Einstellung f\u00fcr sich selbst anpassen, um den ultimativen Komfort zu erreichen. Das Heizkissen ist mit \u00dcberhitzungsschutz und Abschaltautomatik ausgestattet, um eine sichere Nutzung zu gew\u00e4hrleisten.<\/span><\/li>\n<li class=\"a-spacing-mini\"><span class=\"a-list-item\">Flexibel f\u00fcr alle - Dieses Wickel-Heizkissen ist flexibel, mit einem verstellbaren Gurt bis zu 58 Zoll zu verl\u00e4ngern, um alle Gr\u00f6\u00dfen passen. So kann es sowohl von M\u00e4nnern und Frauen aller Formen und Gr\u00f6\u00dfen genossen werden. Es macht eine gro\u00dfe Wellness-Geschenk f\u00fcr M\u00e4nner, Frauen, f\u00fcr Geburtstag, Muttertag oder Vatertag gifts.The max. wasit Bandgr\u00f6\u00dfe ist 58 Zoll, die Mindestgr\u00f6\u00dfe ist 44.3inches;<\/span><\/li>\n<\/ul>","protected":false},"featured_media":5027,"template":"","meta":{"_uag_custom_page_level_css":"","site-sidebar-layout":"default","site-content-layout":"","ast-site-content-layout":"default","site-content-style":"default","site-sidebar-style":"default","ast-global-header-display":"","ast-banner-title-visibility":"","ast-main-header-display":"","ast-hfb-above-header-display":"","ast-hfb-below-header-display":"","ast-hfb-mobile-header-display":"","site-post-title":"","ast-breadcrumbs-content":"","ast-featured-img":"","footer-sml-layout":"","theme-transparent-header-meta":"default","adv-header-id-meta":"","stick-header-meta":"","header-above-stick-meta":"","header-main-stick-meta":"","header-below-stick-meta":"","astra-migrate-meta-layouts":"set","ast-page-background-enabled":"default","ast-page-background-meta":{"desktop":{"background-color":"","background-image":"","background-repeat":"repeat","background-position":"center center","background-size":"auto","background-attachment":"scroll","background-type":"","background-media":"","overlay-type":"","overlay-color":"","overlay-opacity":"","overlay-gradient":""},"tablet":{"background-color":"","background-image":"","background-repeat":"repeat","background-position":"center center","background-size":"auto","background-attachment":"scroll","background-type":"","background-media":"","overlay-type":"","overlay-color":"","overlay-opacity":"","overlay-gradient":""},"mobile":{"background-color":"","background-image":"","background-repeat":"repeat","background-position":"center center","background-size":"auto","background-attachment":"scroll","background-type":"","background-media":"","overlay-type":"","overlay-color":"","overlay-opacity":"","overlay-gradient":""}},"ast-content-background-meta":{"desktop":{"background-color":"var(--ast-global-color-5)","background-image":"","background-repeat":"repeat","background-position":"center center","background-size":"auto","background-attachment":"scroll","background-type":"","background-media":"","overlay-type":"","overlay-color":"","overlay-opacity":"","overlay-gradient":""},"tablet":{"background-color":"var(--ast-global-color-5)","background-image":"","background-repeat":"repeat","background-position":"center center","background-size":"auto","background-attachment":"scroll","background-type":"","background-media":"","overlay-type":"","overlay-color":"","overlay-opacity":"","overlay-gradient":""},"mobile":{"background-color":"var(--ast-global-color-5)","background-image":"","background-repeat":"repeat","background-position":"center center","background-size":"auto","background-attachment":"scroll","background-type":"","background-media":"","overlay-type":"","overlay-color":"","overlay-opacity":"","overlay-gradient":""}}},"product_cat":[15,65,56],"product_tag":[324,325],"class_list":{"0":"post-5026","1":"product","2":"type-product","3":"status-publish","4":"has-post-thumbnail","6":"product_cat-product","7":"product_cat-other-massager","8":"product_cat-see-all-categories","9":"product_tag-heating-pad-for-back-pain","10":"product_tag-vibration-lower-back-massager","11":"desktop-align-left","12":"tablet-align-left","13":"mobile-align-left","15":"first","16":"instock","17":"shipping-taxable","18":"product-type-simple"},"uagb_featured_image_src":{"full":["https:\/\/mihoohealth.com\/wp-content\/uploads\/2024\/08\/\u963f\u91cc\u4e3b\u56fe4.jpg",650,650,false],"thumbnail":["https:\/\/mihoohealth.com\/wp-content\/uploads\/2024\/08\/\u963f\u91cc\u4e3b\u56fe4-150x150.jpg",150,150,true],"medium":["https:\/\/mihoohealth.com\/wp-content\/uploads\/2024\/08\/\u963f\u91cc\u4e3b\u56fe4-300x300.jpg",300,300,true],"medium_large":["https:\/\/mihoohealth.com\/wp-content\/uploads\/2024\/08\/\u963f\u91cc\u4e3b\u56fe4.jpg",650,650,false],"large":["https:\/\/mihoohealth.com\/wp-content\/uploads\/2024\/08\/\u963f\u91cc\u4e3b\u56fe4.jpg",650,650,false],"1536x1536":["https:\/\/mihoohealth.com\/wp-content\/uploads\/2024\/08\/\u963f\u91cc\u4e3b\u56fe4.jpg",650,650,false],"2048x2048":["https:\/\/mihoohealth.com\/wp-content\/uploads\/2024\/08\/\u963f\u91cc\u4e3b\u56fe4.jpg",650,650,false],"trp-custom-language-flag":["https:\/\/mihoohealth.com\/wp-content\/uploads\/2024\/08\/\u963f\u91cc\u4e3b\u56fe4-12x12.jpg",12,12,true],"woocommerce_thumbnail":["https:\/\/mihoohealth.com\/wp-content\/uploads\/2024\/08\/\u963f\u91cc\u4e3b\u56fe4-300x300.jpg",300,300,true],"woocommerce_single":["https:\/\/mihoohealth.com\/wp-content\/uploads\/2024\/08\/\u963f\u91cc\u4e3b\u56fe4-600x600.jpg",600,600,true],"woocommerce_gallery_thumbnail":["https:\/\/mihoohealth.com\/wp-content\/uploads\/2024\/08\/\u963f\u91cc\u4e3b\u56fe4-100x100.jpg",100,100,true]},"uagb_author_info":{"display_name":"amylau07081@gmail.com","author_link":"https:\/\/mihoohealth.com\/de\/author\/"},"uagb_comment_info":0,"uagb_excerpt":"About this item Heating Pad for Back- This back pain heating pad features built-in heating pads that can rapidly heat up to provide customizable heat to relieve lower back muscle tension, abdomen pains,menstrual cramps and stomach discomfort, leg arthritic,etc and enhance blood circulation. Low level:113F, High level: 131F Vibration Massage -The back massager with heat&hellip;","_links":{"self":[{"href":"https:\/\/mihoohealth.com\/de\/wp-json\/wp\/v2\/product\/5026","targetHints":{"allow":["GET"]}}],"collection":[{"href":"https:\/\/mihoohealth.com\/de\/wp-json\/wp\/v2\/product"}],"about":[{"href":"https:\/\/mihoohealth.com\/de\/wp-json\/wp\/v2\/types\/product"}],"version-history":[{"count":3,"href":"https:\/\/mihoohealth.com\/de\/wp-json\/wp\/v2\/product\/5026\/revisions"}],"predecessor-version":[{"id":5161,"href":"https:\/\/mihoohealth.com\/de\/wp-json\/wp\/v2\/product\/5026\/revisions\/5161"}],"wp:featuredmedia":[{"embeddable":true,"href":"https:\/\/mihoohealth.com\/de\/wp-json\/wp\/v2\/media\/5027"}],"wp:attachment":[{"href":"https:\/\/mihoohealth.com\/de\/wp-json\/wp\/v2\/media?parent=5026"}],"wp:term":[{"taxonomy":"product_cat","embeddable":true,"href":"https:\/\/mihoohealth.com\/de\/wp-json\/wp\/v2\/product_cat?post=5026"},{"taxonomy":"product_tag","embeddable":true,"href":"https:\/\/mihoohealth.com\/de\/wp-json\/wp\/v2\/product_tag?post=5026"}],"curies":[{"name":"wp","href":"https:\/\/api.w.org\/{rel}","templated":true}]}}