{"id":5018,"date":"2024-08-27T06:32:20","date_gmt":"2024-08-27T06:32:20","guid":{"rendered":"https:\/\/mihoohealth.com\/?post_type=product&#038;p=5018"},"modified":"2024-08-30T07:57:08","modified_gmt":"2024-08-30T07:57:08","slug":"mh-6806-compression-leg-massager","status":"publish","type":"product","link":"https:\/\/mihoohealth.com\/de\/product\/mh-6806-compression-leg-massager\/","title":{"rendered":"Kompressions-Beinmassageger\u00e4t MH-6806"},"content":{"rendered":"<h5 id=\"more-detail\" class=\"att-title\" data-spm-anchor-id=\"a2700.details.0.i46.2e8a2b551z2Qju\">Produktbeschreibungen<\/h5>\n<p><img decoding=\"async\" src=\"https:\/\/sc04.alicdn.com\/kf\/H93f3fa97dabc40fab3aa2c75bb0594a34\/273358224\/H93f3fa97dabc40fab3aa2c75bb0594a34.png\" \/><\/p>\n<p>Waden- und Beinmassageger\u00e4t mit W\u00e4rme und Vibration<\/p>\n<p>Lindert M\u00fcdigkeit und Beschwerden in den Beinen nach der Arbeit oder beim Autofahren, verbessert die Durchblutung von der H\u00fcfte bis zu den Beinen, hilft bei Krampfadern, Kr\u00e4mpfen, Schwellungen und \u00d6demen.<\/p>\n<p><img decoding=\"async\" src=\"https:\/\/sc04.alicdn.com\/kf\/Hd17df318b2f04a1985496e29aef71a61z\/273358224\/Hd17df318b2f04a1985496e29aef71a61z.png\" \/><\/p>\n<p><img fetchpriority=\"high\" decoding=\"async\" class=\"\" src=\"https:\/\/sc04.alicdn.com\/kf\/H25736bb61f4541f98b4f9714ae5e2b32t\/273358224\/H25736bb61f4541f98b4f9714ae5e2b32t.png\" width=\"745\" height=\"529\" \/><\/p>","protected":false},"excerpt":{"rendered":"<h5 class=\"a-size-base-plus a-text-bold\">\u00dcber diesen Artikel<\/h5>\n<ul class=\"a-unordered-list a-vertical a-spacing-mini\">\n<li class=\"a-spacing-mini\"><span class=\"a-list-item\">\u3010Upgraded Massage Techniques\u3011Beinmassageger\u00e4t f\u00fcr den Kreislauf hat volle Beinheizungsfunktion, 3 Heizstufen (optional geschlossen), 3 Intensit\u00e4ten, 3 Modi, 20-Minuten-Autoabschaltung Design. Ausgestattet Hand Controller mit LCD-Bildschirm, einfach zu bedienen, Sie arbeiten genauso gut wie der Massage-Therapeut. Die verbesserten Lufts\u00e4cke blasen sich schnell und stabil auf und entleeren sich wieder, und die Massagetechnik ist bequemer und realistischer.<\/span><\/li>\n<li class=\"a-spacing-mini\"><span class=\"a-list-item\">\u3010Sequential Compression Device\u3011Dieses Beinmassageger\u00e4t Luftkompressions-Beinwickel kann Beinschmerzen, M\u00fcdigkeit, Muskelschmerzen, Beinverstauchungen lindern. Geeignet f\u00fcr Menschen mit Beinproblemen wie Krampfadern, unruhige Beine, Lymph\u00f6dem. Ideal f\u00fcr lange stehende Arbeiter, L\u00e4ufer, Radfahrer. Arbeiten Sie leise, k\u00f6nnen Sie es verwenden, w\u00e4hrend der Ruhe zu Hause oder im B\u00fcro arbeiten.<\/span><\/li>\n<li class=\"a-spacing-mini\"><span class=\"a-list-item\">\u3010Adjustable Leg Wraps Size\u3011Dieses Zirkulationsmassageger\u00e4t f\u00fcr Beine ist sehr gut gemacht, Sie k\u00f6nnen die 2 mitgelieferten Erweiterungen verwenden, bis zu 36,5\u2033 f\u00fcr den Oberschenkel und 28,5\u2033 f\u00fcr die Wade. Dieses Beinkompressionsmassageger\u00e4t ist leicht, Sie k\u00f6nnen es leicht falten und in der mitgelieferten Tragetasche innerhalb weniger Minuten verstauen.<\/span><\/li>\n<li class=\"a-spacing-mini\"><span class=\"a-list-item\">\u3010Ergonomische Massage\u3011Dieses beheizte Beinmassageger\u00e4t f\u00fchlt sich wirklich an, als ob Ihre Beine von einer Person massiert werden! Die Kombination aus Kompression und W\u00e4rmetherapie kann die Blutzirkulation in Ihren Beinen effektiv f\u00f6rdern. Die Massage ist professionell, die sehr anst\u00e4ndig f\u00fcr den Heimgebrauch ist. Gro\u00dfe Kompression Heizungstherapie<\/span><\/li>\n<\/ul>","protected":false},"featured_media":5019,"template":"","meta":{"_uag_custom_page_level_css":"","site-sidebar-layout":"default","site-content-layout":"","ast-site-content-layout":"default","site-content-style":"default","site-sidebar-style":"default","ast-global-header-display":"","ast-banner-title-visibility":"","ast-main-header-display":"","ast-hfb-above-header-display":"","ast-hfb-below-header-display":"","ast-hfb-mobile-header-display":"","site-post-title":"","ast-breadcrumbs-content":"","ast-featured-img":"","footer-sml-layout":"","theme-transparent-header-meta":"default","adv-header-id-meta":"","stick-header-meta":"","header-above-stick-meta":"","header-main-stick-meta":"","header-below-stick-meta":"","astra-migrate-meta-layouts":"set","ast-page-background-enabled":"default","ast-page-background-meta":{"desktop":{"background-color":"","background-image":"","background-repeat":"repeat","background-position":"center center","background-size":"auto","background-attachment":"scroll","background-type":"","background-media":"","overlay-type":"","overlay-color":"","overlay-opacity":"","overlay-gradient":""},"tablet":{"background-color":"","background-image":"","background-repeat":"repeat","background-position":"center center","background-size":"auto","background-attachment":"scroll","background-type":"","background-media":"","overlay-type":"","overlay-color":"","overlay-opacity":"","overlay-gradient":""},"mobile":{"background-color":"","background-image":"","background-repeat":"repeat","background-position":"center center","background-size":"auto","background-attachment":"scroll","background-type":"","background-media":"","overlay-type":"","overlay-color":"","overlay-opacity":"","overlay-gradient":""}},"ast-content-background-meta":{"desktop":{"background-color":"var(--ast-global-color-5)","background-image":"","background-repeat":"repeat","background-position":"center center","background-size":"auto","background-attachment":"scroll","background-type":"","background-media":"","overlay-type":"","overlay-color":"","overlay-opacity":"","overlay-gradient":""},"tablet":{"background-color":"var(--ast-global-color-5)","background-image":"","background-repeat":"repeat","background-position":"center center","background-size":"auto","background-attachment":"scroll","background-type":"","background-media":"","overlay-type":"","overlay-color":"","overlay-opacity":"","overlay-gradient":""},"mobile":{"background-color":"var(--ast-global-color-5)","background-image":"","background-repeat":"repeat","background-position":"center center","background-size":"auto","background-attachment":"scroll","background-type":"","background-media":"","overlay-type":"","overlay-color":"","overlay-opacity":"","overlay-gradient":""}}},"product_cat":[15,61,56],"product_tag":[],"class_list":{"0":"post-5018","1":"product","2":"type-product","3":"status-publish","4":"has-post-thumbnail","6":"product_cat-product","7":"product_cat-air-compression-massager","8":"product_cat-see-all-categories","9":"desktop-align-left","10":"tablet-align-left","11":"mobile-align-left","13":"first","14":"instock","15":"shipping-taxable","16":"product-type-simple"},"uagb_featured_image_src":{"full":["https:\/\/mihoohealth.com\/wp-content\/uploads\/2024\/08\/main-proudct.jpg",650,650,false],"thumbnail":["https:\/\/mihoohealth.com\/wp-content\/uploads\/2024\/08\/main-proudct-150x150.jpg",150,150,true],"medium":["https:\/\/mihoohealth.com\/wp-content\/uploads\/2024\/08\/main-proudct-300x300.jpg",300,300,true],"medium_large":["https:\/\/mihoohealth.com\/wp-content\/uploads\/2024\/08\/main-proudct.jpg",650,650,false],"large":["https:\/\/mihoohealth.com\/wp-content\/uploads\/2024\/08\/main-proudct.jpg",650,650,false],"1536x1536":["https:\/\/mihoohealth.com\/wp-content\/uploads\/2024\/08\/main-proudct.jpg",650,650,false],"2048x2048":["https:\/\/mihoohealth.com\/wp-content\/uploads\/2024\/08\/main-proudct.jpg",650,650,false],"trp-custom-language-flag":["https:\/\/mihoohealth.com\/wp-content\/uploads\/2024\/08\/main-proudct-12x12.jpg",12,12,true],"woocommerce_thumbnail":["https:\/\/mihoohealth.com\/wp-content\/uploads\/2024\/08\/main-proudct-300x300.jpg",300,300,true],"woocommerce_single":["https:\/\/mihoohealth.com\/wp-content\/uploads\/2024\/08\/main-proudct-600x600.jpg",600,600,true],"woocommerce_gallery_thumbnail":["https:\/\/mihoohealth.com\/wp-content\/uploads\/2024\/08\/main-proudct-100x100.jpg",100,100,true]},"uagb_author_info":{"display_name":"amylau07081@gmail.com","author_link":"https:\/\/mihoohealth.com\/de\/author\/"},"uagb_comment_info":0,"uagb_excerpt":"About this item \u3010Upgraded Massage Techniques\u3011Leg massager for circulation has full leg heating function, 3 heating level (optionally closed), 3 intensities, 3 modes, 20-minute auto shut-off design. Equipped hand controller with LCD screen, Easy to use, They work just as good as the massage therapist. The upgraded airbags inflate and deflate quickly and stably, and&hellip;","_links":{"self":[{"href":"https:\/\/mihoohealth.com\/de\/wp-json\/wp\/v2\/product\/5018","targetHints":{"allow":["GET"]}}],"collection":[{"href":"https:\/\/mihoohealth.com\/de\/wp-json\/wp\/v2\/product"}],"about":[{"href":"https:\/\/mihoohealth.com\/de\/wp-json\/wp\/v2\/types\/product"}],"version-history":[{"count":4,"href":"https:\/\/mihoohealth.com\/de\/wp-json\/wp\/v2\/product\/5018\/revisions"}],"predecessor-version":[{"id":5160,"href":"https:\/\/mihoohealth.com\/de\/wp-json\/wp\/v2\/product\/5018\/revisions\/5160"}],"wp:featuredmedia":[{"embeddable":true,"href":"https:\/\/mihoohealth.com\/de\/wp-json\/wp\/v2\/media\/5019"}],"wp:attachment":[{"href":"https:\/\/mihoohealth.com\/de\/wp-json\/wp\/v2\/media?parent=5018"}],"wp:term":[{"taxonomy":"product_cat","embeddable":true,"href":"https:\/\/mihoohealth.com\/de\/wp-json\/wp\/v2\/product_cat?post=5018"},{"taxonomy":"product_tag","embeddable":true,"href":"https:\/\/mihoohealth.com\/de\/wp-json\/wp\/v2\/product_tag?post=5018"}],"curies":[{"name":"wp","href":"https:\/\/api.w.org\/{rel}","templated":true}]}}