{"id":5011,"date":"2024-08-27T06:21:11","date_gmt":"2024-08-27T06:21:11","guid":{"rendered":"https:\/\/mihoohealth.com\/?post_type=product&#038;p=5011"},"modified":"2024-08-30T07:51:07","modified_gmt":"2024-08-30T07:51:07","slug":"hand-massager-mh-h002","status":"publish","type":"product","link":"https:\/\/mihoohealth.com\/de\/product\/hand-massager-mh-h002\/","title":{"rendered":"Handmassageger\u00e4t MH-H002"},"content":{"rendered":"<p><strong>Beschreibung des Produkts<\/strong><\/p>\n<p><img decoding=\"async\" src=\"https:\/\/m.media-amazon.com\/images\/S\/aplus-media-library-service-media\/8cfb542f-795a-4e4c-9fa4-4fe943810789.__CR0,0,970,600_PT0_SX970_V1___.jpg\" alt=\"1\" \/><\/p>\n<p>Das Handmassageger\u00e4t hilft Ihnen, Taubheitsgef\u00fchle in den Fingern und Gelenkschmerzen zu beseitigen und Schmerzen zu lindern, die durch Arthritis oder Karpaltunnel verursacht werden. Dieses von Experten entwickelte Handmassageger\u00e4t verf\u00fcgt \u00fcber rutschfeste Gummif\u00fc\u00dfe, eine bequeme Au\u00dfenseite und gen\u00fcgend Platz f\u00fcr ein vollst\u00e4ndiges Eintauchen der Hand. Dies ist das effizienteste Finger- und Handfl\u00e4chenmassageger\u00e4t f\u00fcr Ihre Bed\u00fcrfnisse.<\/p>\n<div class=\"J_module\">\n<div id=\"ali-anchor-AliMagic-vkbskd\" class=\"magic-0\" data-section=\"AliMagic-vkbskd\" data-section-title=\"Specification\" data-spm-anchor-id=\"a2700.details.0.i51.326a767antqg6V\"><strong>Spezifikation<\/strong><\/div>\n<\/div>\n<div class=\"J_module\">\n<div class=\"ife-detail-decorate-table\">\n<table class=\"has-title all magic-8\">\n<tbody>\n<tr>\n<td colspan=\"1\" rowspan=\"1\">\n<div class=\"magic-9\">Produktkategorie<\/div>\n<\/td>\n<td colspan=\"1\" rowspan=\"1\">\n<div class=\"magic-10\">Handmassageger\u00e4t<\/div>\n<\/td>\n<\/tr>\n<tr>\n<td colspan=\"1\" rowspan=\"1\">\n<div class=\"magic-9\">Parameter<\/div>\n<\/td>\n<td colspan=\"1\" rowspan=\"1\">\n<div class=\"magic-10\">5V 8W<\/div>\n<\/td>\n<\/tr>\n<tr>\n<td colspan=\"1\" rowspan=\"1\">\n<div class=\"magic-9\">Kapazit\u00e4t der Batterie<\/div>\n<\/td>\n<td colspan=\"1\" rowspan=\"1\">\n<div class=\"magic-10\">2500mAh<\/div>\n<\/td>\n<\/tr>\n<tr>\n<td colspan=\"1\" rowspan=\"1\">\n<div class=\"magic-9\">Gr\u00f6\u00dfe des Produkts<\/div>\n<\/td>\n<td colspan=\"1\" rowspan=\"1\">\n<div class=\"magic-10\">29,5*11,5*16cm<\/div>\n<\/td>\n<\/tr>\n<\/tbody>\n<\/table>\n<p><img decoding=\"async\" style=\"font-style: inherit; font-weight: inherit;\" src=\"https:\/\/m.media-amazon.com\/images\/S\/aplus-media-library-service-media\/a89d40fd-1361-43e2-adb6-cc746978d273.__CR0,0,970,600_PT0_SX970_V1___.jpg\" alt=\"2\" \/><\/p>\n<p><img decoding=\"async\" src=\"https:\/\/m.media-amazon.com\/images\/S\/aplus-media-library-service-media\/7cd355bf-be6a-4fc5-a376-24b556ffe572.__CR0,0,970,300_PT0_SX970_V1___.jpg\" alt=\"7\" \/><\/p>\n<\/div>\n<\/div>\n<p>&nbsp;<\/p>","protected":false},"excerpt":{"rendered":"<h5 class=\"a-size-base-plus a-text-bold\">\u00dcber diesen Artikel<\/h5>\n<ul class=\"a-unordered-list a-vertical a-spacing-mini\">\n<li class=\"a-spacing-mini\"><span class=\"a-list-item\">Massieren H\u00e4nde - Wutsar Massageger\u00e4t f\u00fcr die H\u00e4nde nutzt die Akupressur-Therapie, die Hand-Massageger\u00e4t sind genau platziert, um effektiv die Akupunkturpunkte des Handgelenks, Handfl\u00e4che, und Finger, stimulieren Sie Ihre Akupunkturpunkte.<\/span><\/li>\n<li class=\"a-spacing-mini\"><span class=\"a-list-item\">Beruhigend warm - Wutsar Handmassageger\u00e4t hilft, Ihre H\u00e4nde warm und feucht zu halten, um Trockenheit vorzubeugen. 5 Programme mit 5 W\u00e4rmestufen erm\u00f6glichen es Ihnen, Ihre Massage zu personalisieren.<\/span><\/li>\n<li class=\"a-spacing-mini\"><span class=\"a-list-item\">Wiederaufladbar &amp; tragbar - Wutsar Handmassageger\u00e4t ist eingebaut 2200mAhrechargeable Batterie, die durch ein mitgeliefertes USB-Kabel aufgeladen werden kann, kann 60-90 Minuten nach einer vollen Ladung, die eine Hand-Massage Reise jederzeit und \u00fcberall machen k\u00f6nnen.Cordless Massageger\u00e4t beruhigt die H\u00e4nde und Finger von oben nach unten f\u00fcr das entspannende Gef\u00fchl.Diese Hand-Massageger\u00e4t Maschine ist leicht &amp; tragbar.<\/span><\/li>\n<\/ul>","protected":false},"featured_media":5012,"template":"","meta":{"_uag_custom_page_level_css":"","site-sidebar-layout":"default","site-content-layout":"","ast-site-content-layout":"default","site-content-style":"default","site-sidebar-style":"default","ast-global-header-display":"","ast-banner-title-visibility":"","ast-main-header-display":"","ast-hfb-above-header-display":"","ast-hfb-below-header-display":"","ast-hfb-mobile-header-display":"","site-post-title":"","ast-breadcrumbs-content":"","ast-featured-img":"","footer-sml-layout":"","theme-transparent-header-meta":"default","adv-header-id-meta":"","stick-header-meta":"","header-above-stick-meta":"","header-main-stick-meta":"","header-below-stick-meta":"","astra-migrate-meta-layouts":"set","ast-page-background-enabled":"default","ast-page-background-meta":{"desktop":{"background-color":"","background-image":"","background-repeat":"repeat","background-position":"center center","background-size":"auto","background-attachment":"scroll","background-type":"","background-media":"","overlay-type":"","overlay-color":"","overlay-opacity":"","overlay-gradient":""},"tablet":{"background-color":"","background-image":"","background-repeat":"repeat","background-position":"center center","background-size":"auto","background-attachment":"scroll","background-type":"","background-media":"","overlay-type":"","overlay-color":"","overlay-opacity":"","overlay-gradient":""},"mobile":{"background-color":"","background-image":"","background-repeat":"repeat","background-position":"center center","background-size":"auto","background-attachment":"scroll","background-type":"","background-media":"","overlay-type":"","overlay-color":"","overlay-opacity":"","overlay-gradient":""}},"ast-content-background-meta":{"desktop":{"background-color":"var(--ast-global-color-5)","background-image":"","background-repeat":"repeat","background-position":"center center","background-size":"auto","background-attachment":"scroll","background-type":"","background-media":"","overlay-type":"","overlay-color":"","overlay-opacity":"","overlay-gradient":""},"tablet":{"background-color":"var(--ast-global-color-5)","background-image":"","background-repeat":"repeat","background-position":"center center","background-size":"auto","background-attachment":"scroll","background-type":"","background-media":"","overlay-type":"","overlay-color":"","overlay-opacity":"","overlay-gradient":""},"mobile":{"background-color":"var(--ast-global-color-5)","background-image":"","background-repeat":"repeat","background-position":"center center","background-size":"auto","background-attachment":"scroll","background-type":"","background-media":"","overlay-type":"","overlay-color":"","overlay-opacity":"","overlay-gradient":""}}},"product_cat":[15,60,56],"product_tag":[],"class_list":{"0":"post-5011","1":"product","2":"type-product","3":"status-publish","4":"has-post-thumbnail","6":"product_cat-product","7":"product_cat-hand-massager","8":"product_cat-see-all-categories","9":"desktop-align-left","10":"tablet-align-left","11":"mobile-align-left","13":"first","14":"instock","15":"shipping-taxable","16":"product-type-simple"},"uagb_featured_image_src":{"full":["https:\/\/mihoohealth.com\/wp-content\/uploads\/2024\/08\/MH-H002.jpg",1000,1000,false],"thumbnail":["https:\/\/mihoohealth.com\/wp-content\/uploads\/2024\/08\/MH-H002-150x150.jpg",150,150,true],"medium":["https:\/\/mihoohealth.com\/wp-content\/uploads\/2024\/08\/MH-H002-300x300.jpg",300,300,true],"medium_large":["https:\/\/mihoohealth.com\/wp-content\/uploads\/2024\/08\/MH-H002-768x768.jpg",768,768,true],"large":["https:\/\/mihoohealth.com\/wp-content\/uploads\/2024\/08\/MH-H002.jpg",1000,1000,false],"1536x1536":["https:\/\/mihoohealth.com\/wp-content\/uploads\/2024\/08\/MH-H002.jpg",1000,1000,false],"2048x2048":["https:\/\/mihoohealth.com\/wp-content\/uploads\/2024\/08\/MH-H002.jpg",1000,1000,false],"trp-custom-language-flag":["https:\/\/mihoohealth.com\/wp-content\/uploads\/2024\/08\/MH-H002-12x12.jpg",12,12,true],"woocommerce_thumbnail":["https:\/\/mihoohealth.com\/wp-content\/uploads\/2024\/08\/MH-H002-300x300.jpg",300,300,true],"woocommerce_single":["https:\/\/mihoohealth.com\/wp-content\/uploads\/2024\/08\/MH-H002-600x600.jpg",600,600,true],"woocommerce_gallery_thumbnail":["https:\/\/mihoohealth.com\/wp-content\/uploads\/2024\/08\/MH-H002-100x100.jpg",100,100,true]},"uagb_author_info":{"display_name":"amylau07081@gmail.com","author_link":"https:\/\/mihoohealth.com\/de\/author\/"},"uagb_comment_info":0,"uagb_excerpt":"About this item Massaging Hands - Wutsar massager for hands uses the acupressure therapy,the hand massager are precisely placed to effectively the acupuncture points of the wrist, palm, and fingers,stimulate your acupoints. Soothing Warm - Wutsar Hand Massager helps keep your hands warm and moist prevent dryness.It helps ease soreness muscles,palm.You can personalize your massage&hellip;","_links":{"self":[{"href":"https:\/\/mihoohealth.com\/de\/wp-json\/wp\/v2\/product\/5011","targetHints":{"allow":["GET"]}}],"collection":[{"href":"https:\/\/mihoohealth.com\/de\/wp-json\/wp\/v2\/product"}],"about":[{"href":"https:\/\/mihoohealth.com\/de\/wp-json\/wp\/v2\/types\/product"}],"version-history":[{"count":4,"href":"https:\/\/mihoohealth.com\/de\/wp-json\/wp\/v2\/product\/5011\/revisions"}],"predecessor-version":[{"id":5158,"href":"https:\/\/mihoohealth.com\/de\/wp-json\/wp\/v2\/product\/5011\/revisions\/5158"}],"wp:featuredmedia":[{"embeddable":true,"href":"https:\/\/mihoohealth.com\/de\/wp-json\/wp\/v2\/media\/5012"}],"wp:attachment":[{"href":"https:\/\/mihoohealth.com\/de\/wp-json\/wp\/v2\/media?parent=5011"}],"wp:term":[{"taxonomy":"product_cat","embeddable":true,"href":"https:\/\/mihoohealth.com\/de\/wp-json\/wp\/v2\/product_cat?post=5011"},{"taxonomy":"product_tag","embeddable":true,"href":"https:\/\/mihoohealth.com\/de\/wp-json\/wp\/v2\/product_tag?post=5011"}],"curies":[{"name":"wp","href":"https:\/\/api.w.org\/{rel}","templated":true}]}}