{"id":5003,"date":"2024-08-27T06:16:35","date_gmt":"2024-08-27T06:16:35","guid":{"rendered":"https:\/\/mihoohealth.com\/?post_type=product&#038;p=5003"},"modified":"2024-08-30T07:36:51","modified_gmt":"2024-08-30T07:36:51","slug":"massager-cushion-mh-ns03","status":"publish","type":"product","link":"https:\/\/mihoohealth.com\/de\/product\/massager-cushion-mh-ns03\/","title":{"rendered":"Massager-Kissen MH-NS03"},"content":{"rendered":"<p><strong>Beschreibung des Produkts<\/strong><\/p>\n<p><img decoding=\"async\" src=\"https:\/\/sc04.alicdn.com\/kf\/A15082e907d7e440eb7a5490e8b9ad8aeh\/273358224\/A15082e907d7e440eb7a5490e8b9ad8aeh.jpg\" \/><\/p>\n<p>Angenehme Massage ohne Druck auf den Nacken | Pr\u00e4zise Massage des Trapezmuskels<br \/>\nSchultern und Nacken\u4e28R\u00fccken\u4e28Waden\u4e28Bauchmassage Befriedigung<br \/>\nEinfach anlehnen und dr\u00fccken | kein Druck auf den Nacken und keine Belastung<br \/>\nMassagesessel-Bewegungstechnologie | Pr\u00e4ziser Sitz mit mehreren Winkeln<br \/>\nWeite und Vergr\u00f6\u00dferung der Massageh\u00e4nde | Kr\u00e4ftiges Anheben und Zwicken der Trapezmuskeln<br \/>\nTausend-Yuan b\u00fcrstenloser Motor | ausreichend leistungsstark und leiser<br \/>\nZwei Stufen der temperaturgesteuerten W\u00e4rmekompresse | Schnelles Erw\u00e4rmen einer gro\u00dfen Fl\u00e4che<\/p>\n<div class=\"J_module\">\n<div id=\"ali-anchor-AliMagic-g36xxu\" class=\"magic-0\" data-section=\"AliMagic-g36xxu\" data-section-title=\"Specification\" data-spm-anchor-id=\"a2700.details.0.i50.471b729bPFdAZM\"><strong>Spezifikation<\/strong><\/div>\n<\/div>\n<div class=\"J_module\">\n<div class=\"ife-detail-decorate-table\">\n<table class=\"has-title all magic-8\">\n<tbody>\n<tr>\n<td colspan=\"1\" rowspan=\"1\">\n<div class=\"magic-9\">Produktkategorie<\/div>\n<\/td>\n<td colspan=\"1\" rowspan=\"1\">\n<div class=\"magic-10\">Massager-Kissen-Kissen<\/div>\n<\/td>\n<\/tr>\n<tr>\n<td colspan=\"1\" rowspan=\"1\">\n<div class=\"magic-9\">Parameter<\/div>\n<\/td>\n<td colspan=\"1\" rowspan=\"1\">\n<div class=\"magic-10\">DC5V. 2A<\/div>\n<\/td>\n<\/tr>\n<tr>\n<td colspan=\"1\" rowspan=\"1\">\n<div class=\"magic-9\">Nettogewicht<\/div>\n<\/td>\n<td colspan=\"1\" rowspan=\"1\">\n<div class=\"magic-10\">1.4<\/div>\n<\/td>\n<\/tr>\n<tr>\n<td colspan=\"1\" rowspan=\"1\">\n<div class=\"magic-9\">Gr\u00f6\u00dfe des Produkts<\/div>\n<\/td>\n<td colspan=\"1\" rowspan=\"1\">\n<div class=\"magic-10\">312*322*145mm<\/div>\n<\/td>\n<\/tr>\n<\/tbody>\n<\/table>\n<\/div>\n<p><img fetchpriority=\"high\" decoding=\"async\" class=\"\" src=\"https:\/\/sc04.alicdn.com\/kf\/A31c4d7ff719240c0ab91bec940ca2a8ad\/273358224\/A31c4d7ff719240c0ab91bec940ca2a8ad.jpg\" width=\"745\" height=\"920\" \/><\/p>\n<div class=\"ife-detail-decorate-table\">\n<p>&nbsp;<\/p>\n<\/div>\n<\/div>","protected":false},"excerpt":{"rendered":"<h5 class=\"a-size-base-plus a-text-bold\">\u00dcber diesen Artikel<\/h5>\n<ul class=\"a-unordered-list a-vertical a-spacing-mini\">\n<li class=\"a-spacing-mini\"><span class=\"a-list-item\">Multi-Position Use: R\u00fccken-und Nacken-Massageger\u00e4t kann auf mehrere K\u00f6rperteile, einschlie\u00dflich der Nacken, R\u00fccken, Waden, Oberschenkel und Arme verwendet werden, bietet eine Ganzk\u00f6rpermassage Erfahrung; Es ist eine perfekte Wahl f\u00fcr alle, die f\u00fcr eine vielseitige und bequeme Massageger\u00e4t, ob f\u00fcr den pers\u00f6nlichen Gebrauch oder als Geschenk<\/span><\/li>\n<li class=\"a-spacing-mini\"><span class=\"a-list-item\">Gr\u00f6\u00dfere Massagefl\u00e4che: Mit einer ergonomischen Kurve entworfen, ist dieses Nacken- und R\u00fcckenmassageger\u00e4t 4 Zoll l\u00e4nger als ein normales Massagekissen und bietet eine bessere Unterst\u00fctzung und Abdeckung f\u00fcr Ihren Nacken und R\u00fccken; Ausgestattet mit 4 tief knetenden 3D-Massageknoten, die sich perfekt an die Konturen Ihres Nackens und R\u00fcckens anpassen, ahmt es die Bewegung der menschlichen H\u00e4nde f\u00fcr ein authentischeres Massageerlebnis nach; Mit 3 einstellbaren Massagest\u00e4rken niedrig, mittel und hoch bietet es ein tiefes und komfortables Massageerlebnis, das Muskelkater und Verspannungen effektiv lindert<\/span><\/li>\n<li class=\"a-spacing-mini\"><span class=\"a-list-item\">Multifunktionales Nacken- und R\u00fcckenmassageger\u00e4t:<\/span><span class=\"a-list-item\">Massageger\u00e4t verf\u00fcgt \u00fcber Funktionen, einschlie\u00dflich 3 einstellbare Massage-Intensit\u00e4ten, 40\u2103 konstante Temperatur Heizung und eine automatische Abschaltfunktion nach 15 Minuten Gebrauch, um die Sicherheit zu gew\u00e4hrleisten; Die Heizfunktion hilft, die Blutzirkulation zu verbessern und bietet eine warme und beruhigende Massage Erfahrung; Es ist ein perfektes Geschenk f\u00fcr Ihre Mutter, Vater, Ehepartner, \u00c4ltere, und Freunde zu jeder Gelegenheit<\/span><\/li>\n<li><span class=\"a-list-item\">Einfach zu bedienen und tragbar: Dieses Nacken- und R\u00fcckenmassageger\u00e4t ist mit einer Ein-Knopf-Bedienung ausgestattet, die einfach zu bedienen ist; halten Sie einfach die Einschalttaste gedr\u00fcckt, um es ein-\/auszuschalten, und dr\u00fccken Sie kurz, um den Massagemodus zu \u00e4ndern oder die Heizfunktion einzuschalten; Mit einem Griff-Design k\u00f6nnen Sie dieses Massageger\u00e4t einfach mitnehmen, wohin Sie gehen, ob zu Hause, im B\u00fcro oder unterwegs<\/span><\/li>\n<li class=\"a-spacing-mini\"><span class=\"a-list-item\">Wiederaufladbar: Die Nacken- und R\u00fcckenmassage verf\u00fcgt \u00fcber einen eingebauten 2000mAh-Akku und einen Typ-C-Ladeanschluss, der mit Mobiltelefonen und anderen Ladeger\u00e4ten verwendet werden kann; nachdem sie vollst\u00e4ndig aufgeladen ist, kann sie 2 Stunden lang massieren, ohne dass das Netzkabel eingesteckt werden muss; das durchdachte Griffdesign erleichtert die Mitnahme ins B\u00fcro, ins Auto, auf Reisen usw.; genie\u00dfen Sie jederzeit und \u00fcberall eine Tiefenmassage<\/span><\/li>\n<\/ul>","protected":false},"featured_media":5004,"template":"","meta":{"_uag_custom_page_level_css":"","site-sidebar-layout":"default","site-content-layout":"","ast-site-content-layout":"default","site-content-style":"default","site-sidebar-style":"default","ast-global-header-display":"","ast-banner-title-visibility":"","ast-main-header-display":"","ast-hfb-above-header-display":"","ast-hfb-below-header-display":"","ast-hfb-mobile-header-display":"","site-post-title":"","ast-breadcrumbs-content":"","ast-featured-img":"","footer-sml-layout":"","theme-transparent-header-meta":"default","adv-header-id-meta":"","stick-header-meta":"","header-above-stick-meta":"","header-main-stick-meta":"","header-below-stick-meta":"","astra-migrate-meta-layouts":"set","ast-page-background-enabled":"default","ast-page-background-meta":{"desktop":{"background-color":"","background-image":"","background-repeat":"repeat","background-position":"center center","background-size":"auto","background-attachment":"scroll","background-type":"","background-media":"","overlay-type":"","overlay-color":"","overlay-opacity":"","overlay-gradient":""},"tablet":{"background-color":"","background-image":"","background-repeat":"repeat","background-position":"center center","background-size":"auto","background-attachment":"scroll","background-type":"","background-media":"","overlay-type":"","overlay-color":"","overlay-opacity":"","overlay-gradient":""},"mobile":{"background-color":"","background-image":"","background-repeat":"repeat","background-position":"center center","background-size":"auto","background-attachment":"scroll","background-type":"","background-media":"","overlay-type":"","overlay-color":"","overlay-opacity":"","overlay-gradient":""}},"ast-content-background-meta":{"desktop":{"background-color":"var(--ast-global-color-5)","background-image":"","background-repeat":"repeat","background-position":"center center","background-size":"auto","background-attachment":"scroll","background-type":"","background-media":"","overlay-type":"","overlay-color":"","overlay-opacity":"","overlay-gradient":""},"tablet":{"background-color":"var(--ast-global-color-5)","background-image":"","background-repeat":"repeat","background-position":"center center","background-size":"auto","background-attachment":"scroll","background-type":"","background-media":"","overlay-type":"","overlay-color":"","overlay-opacity":"","overlay-gradient":""},"mobile":{"background-color":"var(--ast-global-color-5)","background-image":"","background-repeat":"repeat","background-position":"center center","background-size":"auto","background-attachment":"scroll","background-type":"","background-media":"","overlay-type":"","overlay-color":"","overlay-opacity":"","overlay-gradient":""}}},"product_cat":[15,59,56],"product_tag":[323],"class_list":{"0":"post-5003","1":"product","2":"type-product","3":"status-publish","4":"has-post-thumbnail","6":"product_cat-product","7":"product_cat-massagu-cushion","8":"product_cat-see-all-categories","9":"product_tag-cordless-back-and-neck-massager","10":"desktop-align-left","11":"tablet-align-left","12":"mobile-align-left","14":"first","15":"instock","16":"shipping-taxable","17":"product-type-simple"},"uagb_featured_image_src":{"full":["https:\/\/mihoohealth.com\/wp-content\/uploads\/2024\/08\/\u963f\u91cc\u4e3b\u56fe6-1.jpg",650,650,false],"thumbnail":["https:\/\/mihoohealth.com\/wp-content\/uploads\/2024\/08\/\u963f\u91cc\u4e3b\u56fe6-1-150x150.jpg",150,150,true],"medium":["https:\/\/mihoohealth.com\/wp-content\/uploads\/2024\/08\/\u963f\u91cc\u4e3b\u56fe6-1-300x300.jpg",300,300,true],"medium_large":["https:\/\/mihoohealth.com\/wp-content\/uploads\/2024\/08\/\u963f\u91cc\u4e3b\u56fe6-1.jpg",650,650,false],"large":["https:\/\/mihoohealth.com\/wp-content\/uploads\/2024\/08\/\u963f\u91cc\u4e3b\u56fe6-1.jpg",650,650,false],"1536x1536":["https:\/\/mihoohealth.com\/wp-content\/uploads\/2024\/08\/\u963f\u91cc\u4e3b\u56fe6-1.jpg",650,650,false],"2048x2048":["https:\/\/mihoohealth.com\/wp-content\/uploads\/2024\/08\/\u963f\u91cc\u4e3b\u56fe6-1.jpg",650,650,false],"trp-custom-language-flag":["https:\/\/mihoohealth.com\/wp-content\/uploads\/2024\/08\/\u963f\u91cc\u4e3b\u56fe6-1-12x12.jpg",12,12,true],"woocommerce_thumbnail":["https:\/\/mihoohealth.com\/wp-content\/uploads\/2024\/08\/\u963f\u91cc\u4e3b\u56fe6-1-300x300.jpg",300,300,true],"woocommerce_single":["https:\/\/mihoohealth.com\/wp-content\/uploads\/2024\/08\/\u963f\u91cc\u4e3b\u56fe6-1-600x600.jpg",600,600,true],"woocommerce_gallery_thumbnail":["https:\/\/mihoohealth.com\/wp-content\/uploads\/2024\/08\/\u963f\u91cc\u4e3b\u56fe6-1-100x100.jpg",100,100,true]},"uagb_author_info":{"display_name":"amylau07081@gmail.com","author_link":"https:\/\/mihoohealth.com\/de\/author\/"},"uagb_comment_info":0,"uagb_excerpt":"About this item Multi-Position Use:Back and neck massager can be used on multiple body parts, including the neck,back,calves,thighs,and arms,providing a full-body massage experience;It's a perfect choice for anyone looking for a versatile and convenient massager,whether for personal use or as a gift Larger Massage Area:Designed with an ergonomic curve,this neck and back massager is 4&hellip;","_links":{"self":[{"href":"https:\/\/mihoohealth.com\/de\/wp-json\/wp\/v2\/product\/5003","targetHints":{"allow":["GET"]}}],"collection":[{"href":"https:\/\/mihoohealth.com\/de\/wp-json\/wp\/v2\/product"}],"about":[{"href":"https:\/\/mihoohealth.com\/de\/wp-json\/wp\/v2\/types\/product"}],"version-history":[{"count":3,"href":"https:\/\/mihoohealth.com\/de\/wp-json\/wp\/v2\/product\/5003\/revisions"}],"predecessor-version":[{"id":5154,"href":"https:\/\/mihoohealth.com\/de\/wp-json\/wp\/v2\/product\/5003\/revisions\/5154"}],"wp:featuredmedia":[{"embeddable":true,"href":"https:\/\/mihoohealth.com\/de\/wp-json\/wp\/v2\/media\/5004"}],"wp:attachment":[{"href":"https:\/\/mihoohealth.com\/de\/wp-json\/wp\/v2\/media?parent=5003"}],"wp:term":[{"taxonomy":"product_cat","embeddable":true,"href":"https:\/\/mihoohealth.com\/de\/wp-json\/wp\/v2\/product_cat?post=5003"},{"taxonomy":"product_tag","embeddable":true,"href":"https:\/\/mihoohealth.com\/de\/wp-json\/wp\/v2\/product_tag?post=5003"}],"curies":[{"name":"wp","href":"https:\/\/api.w.org\/{rel}","templated":true}]}}