{"id":4996,"date":"2024-08-27T06:10:19","date_gmt":"2024-08-27T06:10:19","guid":{"rendered":"https:\/\/mihoohealth.com\/?post_type=product&#038;p=4996"},"modified":"2024-08-30T07:18:48","modified_gmt":"2024-08-30T07:18:48","slug":"neck-shoulder-massager-mh-by050","status":"publish","type":"product","link":"https:\/\/mihoohealth.com\/de\/product\/neck-shoulder-massager-mh-by050\/","title":{"rendered":"Nacken- und Schultermassageger\u00e4t MH-BY050"},"content":{"rendered":"<p><strong>Beschreibung des Produkts<\/strong><\/p>\n<p><img decoding=\"async\" src=\"https:\/\/sc04.alicdn.com\/kf\/Hb001816bdc384dbf84249432ba7352aeh\/273358224\/Hb001816bdc384dbf84249432ba7352aeh.jpg\" \/><\/p>\n<p>Das aktualisierte Massageger\u00e4t erweitert den Massagebereich. Die 3D-Shiatsu-Knete zielt auf die Trapezmuskeln des Nackens ab. Die Abstandsverteilung der Massageperlen erweitert den Massagebereich und ber\u00fchrt mehr Muskeln, um M\u00fcdigkeit, K\u00f6rperschmerzen, Kr\u00e4mpfe und Verspannungen zu lindern.<\/p>\n<div class=\"J_module\">\n<div id=\"ali-anchor-AliMagic-ggjcmr\" class=\"magic-3\" data-section=\"AliMagic-ggjcmr\" data-section-title=\"Specification\" data-spm-anchor-id=\"a2700.details.0.i55.724ac070pxB2sa\">Spezifikation<\/div>\n<\/div>\n<div class=\"J_module\">\n<div class=\"ife-detail-decorate-table\">\n<table class=\"has-title all magic-8\">\n<tbody>\n<tr>\n<td colspan=\"1\" rowspan=\"1\">\n<div class=\"magic-9\">Produktkategorie<\/div>\n<\/td>\n<td colspan=\"1\" rowspan=\"1\">\n<div class=\"magic-10\">Nacken- und Schultermassageger\u00e4t<\/div>\n<\/td>\n<\/tr>\n<tr>\n<td colspan=\"1\" rowspan=\"1\">\n<div class=\"magic-9\">Parameter<\/div>\n<\/td>\n<td colspan=\"1\" rowspan=\"1\">\n<div class=\"magic-10\">DC5V, 1800mAh Batteriekapazit\u00e4t<\/div>\n<\/td>\n<\/tr>\n<tr>\n<td colspan=\"1\" rowspan=\"1\">\n<div class=\"magic-9\">Nettogewicht<\/div>\n<\/td>\n<td colspan=\"1\" rowspan=\"1\">\n<div class=\"magic-10\">1.3KG<\/div>\n<\/td>\n<\/tr>\n<tr>\n<td colspan=\"1\" rowspan=\"1\">\n<div class=\"magic-9\">Gr\u00f6\u00dfe des Produkts<\/div>\n<\/td>\n<td colspan=\"1\" rowspan=\"1\">\n<div class=\"magic-10\">15,6*6,4*8,8 Zoll<\/div>\n<\/td>\n<\/tr>\n<\/tbody>\n<\/table>\n<p><img decoding=\"async\" src=\"https:\/\/sc04.alicdn.com\/kf\/H876e6ca4ce09447b901a73b7f707a29fq\/273358224\/H876e6ca4ce09447b901a73b7f707a29fq.jpg\" \/><\/p>\n<\/div>\n<\/div>","protected":false},"excerpt":{"rendered":"<h5 class=\"a-size-base-plus a-text-bold\">\u00dcber diesen Artikel<\/h5>\n<ul class=\"a-unordered-list a-vertical a-spacing-mini\">\n<li class=\"a-spacing-mini\"><span class=\"a-list-item\">Patentierte 5D-Massagek\u00f6pfe f\u00fcr Rundum-Massage- Mit sechs 5D-Massagek\u00f6pfen kann MINI 30% gr\u00f6\u00dfere Massagebereiche erreichen, vom Nacken bis zum Trapezius und der Schulter. Au\u00dferdem sind die Massagek\u00f6pfe mit Silikongummi \u00fcberzogen, der weicher ist als Metallk\u00f6pfe, was Ihrer Haut eine sanfte Ber\u00fchrung verleiht.<\/span><\/li>\n<li class=\"a-spacing-mini\"><span class=\"a-list-item\">Ergonomisches Design f\u00fcr Human Hands Massage Experience- Beziehen Sie sich auf die Massagetechniken von Therapeuten, professionelle Nackenmassageger\u00e4t imitiert echte menschliche H\u00e4nde Bewegung, die leicht erreichen kann tiefe Gewebe, die Muskelerm\u00fcdung zu entlasten. Dar\u00fcber hinaus gibt es 2 W\u00e4rmekompressionseinstellungen f\u00fcr Sie zu w\u00e4hlen, die helfen k\u00f6nnen, Ihre wunden Schulter und Nacken zu tr\u00f6sten.<\/span><\/li>\n<li>Das tragbare, rucksacktragende Design macht die H\u00e4nde frei f\u00fcr die t\u00e4gliche Arbeit.  Dieses Nackenmassageger\u00e4t ist klein in der Gr\u00f6\u00dfe, aber gro\u00df in der Leistung. Mit nur 2,75 lb Gewicht, k\u00f6nnen Sie es mit Riemen tragen, ob Sie zu Hause oder im B\u00fcro sind, ohne jede Last auf der Schulter.<\/li>\n<li>Hochwertige Lithium-Batterie bietet lang anhaltende Nutzungszeit- Nimmt mit hochwertigen 2.500mAh Lithium-Batterie, Nacken und Schulter mit W\u00e4rme kann eine Woche von 10 Minuten t\u00e4glichen Gebrauch von einem voll aufgeladen erf\u00fcllen. Und die Stoffabdeckung der Massagek\u00f6pfe ist abnehmbar f\u00fcr die Reinigung, halten Sie Ihre Massage sauber und frisch immer.<\/li>\n<\/ul>","protected":false},"featured_media":4997,"template":"","meta":{"_uag_custom_page_level_css":"","site-sidebar-layout":"default","site-content-layout":"","ast-site-content-layout":"default","site-content-style":"default","site-sidebar-style":"default","ast-global-header-display":"","ast-banner-title-visibility":"","ast-main-header-display":"","ast-hfb-above-header-display":"","ast-hfb-below-header-display":"","ast-hfb-mobile-header-display":"","site-post-title":"","ast-breadcrumbs-content":"","ast-featured-img":"","footer-sml-layout":"","theme-transparent-header-meta":"default","adv-header-id-meta":"","stick-header-meta":"","header-above-stick-meta":"","header-main-stick-meta":"","header-below-stick-meta":"","astra-migrate-meta-layouts":"set","ast-page-background-enabled":"default","ast-page-background-meta":{"desktop":{"background-color":"","background-image":"","background-repeat":"repeat","background-position":"center center","background-size":"auto","background-attachment":"scroll","background-type":"","background-media":"","overlay-type":"","overlay-color":"","overlay-opacity":"","overlay-gradient":""},"tablet":{"background-color":"","background-image":"","background-repeat":"repeat","background-position":"center center","background-size":"auto","background-attachment":"scroll","background-type":"","background-media":"","overlay-type":"","overlay-color":"","overlay-opacity":"","overlay-gradient":""},"mobile":{"background-color":"","background-image":"","background-repeat":"repeat","background-position":"center center","background-size":"auto","background-attachment":"scroll","background-type":"","background-media":"","overlay-type":"","overlay-color":"","overlay-opacity":"","overlay-gradient":""}},"ast-content-background-meta":{"desktop":{"background-color":"var(--ast-global-color-5)","background-image":"","background-repeat":"repeat","background-position":"center center","background-size":"auto","background-attachment":"scroll","background-type":"","background-media":"","overlay-type":"","overlay-color":"","overlay-opacity":"","overlay-gradient":""},"tablet":{"background-color":"var(--ast-global-color-5)","background-image":"","background-repeat":"repeat","background-position":"center center","background-size":"auto","background-attachment":"scroll","background-type":"","background-media":"","overlay-type":"","overlay-color":"","overlay-opacity":"","overlay-gradient":""},"mobile":{"background-color":"var(--ast-global-color-5)","background-image":"","background-repeat":"repeat","background-position":"center center","background-size":"auto","background-attachment":"scroll","background-type":"","background-media":"","overlay-type":"","overlay-color":"","overlay-opacity":"","overlay-gradient":""}}},"product_cat":[15,56,58],"product_tag":[],"class_list":{"0":"post-4996","1":"product","2":"type-product","3":"status-publish","4":"has-post-thumbnail","6":"product_cat-product","7":"product_cat-see-all-categories","8":"product_cat-shoulder-neck-massager","9":"desktop-align-left","10":"tablet-align-left","11":"mobile-align-left","13":"first","14":"instock","15":"shipping-taxable","16":"product-type-simple"},"uagb_featured_image_src":{"full":["https:\/\/mihoohealth.com\/wp-content\/uploads\/2024\/08\/\u963f\u91cc\u4e3b\u56fe2.jpg",650,650,false],"thumbnail":["https:\/\/mihoohealth.com\/wp-content\/uploads\/2024\/08\/\u963f\u91cc\u4e3b\u56fe2-150x150.jpg",150,150,true],"medium":["https:\/\/mihoohealth.com\/wp-content\/uploads\/2024\/08\/\u963f\u91cc\u4e3b\u56fe2-300x300.jpg",300,300,true],"medium_large":["https:\/\/mihoohealth.com\/wp-content\/uploads\/2024\/08\/\u963f\u91cc\u4e3b\u56fe2.jpg",650,650,false],"large":["https:\/\/mihoohealth.com\/wp-content\/uploads\/2024\/08\/\u963f\u91cc\u4e3b\u56fe2.jpg",650,650,false],"1536x1536":["https:\/\/mihoohealth.com\/wp-content\/uploads\/2024\/08\/\u963f\u91cc\u4e3b\u56fe2.jpg",650,650,false],"2048x2048":["https:\/\/mihoohealth.com\/wp-content\/uploads\/2024\/08\/\u963f\u91cc\u4e3b\u56fe2.jpg",650,650,false],"trp-custom-language-flag":["https:\/\/mihoohealth.com\/wp-content\/uploads\/2024\/08\/\u963f\u91cc\u4e3b\u56fe2-12x12.jpg",12,12,true],"woocommerce_thumbnail":["https:\/\/mihoohealth.com\/wp-content\/uploads\/2024\/08\/\u963f\u91cc\u4e3b\u56fe2-300x300.jpg",300,300,true],"woocommerce_single":["https:\/\/mihoohealth.com\/wp-content\/uploads\/2024\/08\/\u963f\u91cc\u4e3b\u56fe2-600x600.jpg",600,600,true],"woocommerce_gallery_thumbnail":["https:\/\/mihoohealth.com\/wp-content\/uploads\/2024\/08\/\u963f\u91cc\u4e3b\u56fe2-100x100.jpg",100,100,true]},"uagb_author_info":{"display_name":"amylau07081@gmail.com","author_link":"https:\/\/mihoohealth.com\/de\/author\/"},"uagb_comment_info":0,"uagb_excerpt":"About this item Patented 5D Massage Heads for All-round Massage- With Six 5D Massage Heads,\u00a0 \u00a0MINI can reach to 30% larger massaging areas, from the neck to the trapezius &amp; shoulder. Also, the massaging heads covered with silicon rubber which are softer than metal heads, giving your skin a gentle touch. Ergonomic Design for Human&hellip;","_links":{"self":[{"href":"https:\/\/mihoohealth.com\/de\/wp-json\/wp\/v2\/product\/4996","targetHints":{"allow":["GET"]}}],"collection":[{"href":"https:\/\/mihoohealth.com\/de\/wp-json\/wp\/v2\/product"}],"about":[{"href":"https:\/\/mihoohealth.com\/de\/wp-json\/wp\/v2\/types\/product"}],"version-history":[{"count":3,"href":"https:\/\/mihoohealth.com\/de\/wp-json\/wp\/v2\/product\/4996\/revisions"}],"predecessor-version":[{"id":5151,"href":"https:\/\/mihoohealth.com\/de\/wp-json\/wp\/v2\/product\/4996\/revisions\/5151"}],"wp:featuredmedia":[{"embeddable":true,"href":"https:\/\/mihoohealth.com\/de\/wp-json\/wp\/v2\/media\/4997"}],"wp:attachment":[{"href":"https:\/\/mihoohealth.com\/de\/wp-json\/wp\/v2\/media?parent=4996"}],"wp:term":[{"taxonomy":"product_cat","embeddable":true,"href":"https:\/\/mihoohealth.com\/de\/wp-json\/wp\/v2\/product_cat?post=4996"},{"taxonomy":"product_tag","embeddable":true,"href":"https:\/\/mihoohealth.com\/de\/wp-json\/wp\/v2\/product_tag?post=4996"}],"curies":[{"name":"wp","href":"https:\/\/api.w.org\/{rel}","templated":true}]}}