{"id":4988,"date":"2024-08-27T06:07:07","date_gmt":"2024-08-27T06:07:07","guid":{"rendered":"https:\/\/mihoohealth.com\/?post_type=product&#038;p=4988"},"modified":"2024-08-30T06:47:48","modified_gmt":"2024-08-30T06:47:48","slug":"massager-mattress-mh-a81","status":"publish","type":"product","link":"https:\/\/mihoohealth.com\/de\/product\/massager-mattress-mh-a81\/","title":{"rendered":"Massageger\u00e4t Matratze MH-A81"},"content":{"rendered":"<p><img fetchpriority=\"high\" decoding=\"async\" class=\"\" src=\"https:\/\/sc04.alicdn.com\/kf\/Hdd89410b88ea4b09a08faaea03e78828U\/273358224\/Hdd89410b88ea4b09a08faaea03e78828U.jpg\" width=\"661\" height=\"409\" \/><\/p>\n<p>Ausgestattet mit 7 Massagemodi, die durch 22 dynamische Luftzellen und 5 einstellbare Intensit\u00e4tsstufen verst\u00e4rkt werden.<br \/>\nRevitalisieren Sie Ihren gesamten K\u00f6rper mit einer umfassenden Stretching-Session, die durch unsere pr\u00e4zisionsgefertigten Airbags unterst\u00fctzt wird.<br \/>\nDiese Airbags zielen strategisch auf wichtige Muskelgruppen ab, verbessern die Flexibilit\u00e4t und l\u00f6sen Verspannungen und bieten ein tief entspannendes und verj\u00fcngendes Erlebnis.<\/p>\n<div class=\"J_module\">\n<div id=\"ali-anchor-AliMagic-3ycv7q\" class=\"magic-0\" data-section=\"AliMagic-3ycv7q\" data-section-title=\"Specification\" data-spm-anchor-id=\"a2700.details.0.i47.57a04d04xFgG22\"><strong>Spezifikation<\/strong><\/div>\n<\/div>\n<div class=\"J_module\">\n<div class=\"ife-detail-decorate-table\">\n<table class=\"has-title all magic-8\">\n<tbody>\n<tr>\n<td colspan=\"1\" rowspan=\"1\">\n<div class=\"magic-9\">Produktkategorie<\/div>\n<\/td>\n<td colspan=\"1\" rowspan=\"1\">\n<div class=\"magic-10\">Air-Fit Stretching Massageger\u00e4t<\/div>\n<\/td>\n<\/tr>\n<tr>\n<td colspan=\"1\" rowspan=\"1\">\n<div class=\"magic-9\">Parameter<\/div>\n<\/td>\n<td colspan=\"1\" rowspan=\"1\">\n<div class=\"magic-10\">36W, 12V, 3A<\/div>\n<\/td>\n<\/tr>\n<tr>\n<td colspan=\"1\" rowspan=\"1\">\n<div class=\"magic-9\">Gr\u00f6\u00dfe<\/div>\n<\/td>\n<td colspan=\"1\" rowspan=\"1\">\n<div class=\"magic-10\">450*220*770mm<\/div>\n<\/td>\n<\/tr>\n<tr>\n<td colspan=\"1\" rowspan=\"1\">\n<div class=\"magic-9\">Material<\/div>\n<\/td>\n<td colspan=\"1\" rowspan=\"1\">\n<div class=\"magic-10\">PU+ABS<\/div>\n<\/td>\n<\/tr>\n<\/tbody>\n<\/table>\n<p><img decoding=\"async\" src=\"https:\/\/sc04.alicdn.com\/kf\/H7abc711f1d754a52b1c7fe6bb308e8eev\/273358224\/H7abc711f1d754a52b1c7fe6bb308e8eev.png\" \/><\/p>\n<p><img decoding=\"async\" src=\"https:\/\/sc04.alicdn.com\/kf\/Hc858e8c0f3974f6aa1bbea359f246098w\/273358224\/Hc858e8c0f3974f6aa1bbea359f246098w.jpg\" \/><\/p>\n<\/div>\n<\/div>","protected":false},"excerpt":{"rendered":"<h5 class=\"a-size-base-plus a-text-bold\">\u00dcber diesen Artikel<\/h5>\n<ul class=\"a-unordered-list a-vertical a-spacing-mini\">\n<li class=\"a-spacing-mini\"><span class=\"a-list-item\">Stretching Massager - ist eine sichere und weit verbreitete Technik zur Verbesserung des Blut- und Lymphflusses. Diese Technik wird h\u00e4ufig in hochwertigen Massagesesseln verwendet und f\u00f6rdert die Blutzirkulation sowie die Massage m\u00fcder und verspannter Muskeln. Gleichzeitig k\u00f6nnen Sie die W\u00e4rme auf Ihrem Nacken und R\u00fccken genie\u00dfen. Das BALOOM Stretching-Massageger\u00e4t ist mit 7 integrierten Programmen ( P1- P2 - P3 - Energize - Stretch - Twist - Flow ) und 3 Intensit\u00e4tsstufen ausgestattet, mit denen Sie Ihr Massageerlebnis nach Bedarf anpassen k\u00f6nnen.<\/span><\/li>\n<li>Vorteile des Stretching-Massageger\u00e4ts - Beim Dehnen ist Ihr K\u00f6rper aktiv und arbeitet, um Mobilit\u00e4t und Flexibilit\u00e4t zu gewinnen. Dehnen ist eher eine korrigierende \u00dcbung. Verbessern Sie Ihre K\u00f6rperhaltung sowie Muskelungleichgewichte und -schw\u00e4chen. Sie stellen die nat\u00fcrliche Beweglichkeit Ihres K\u00f6rpers wieder her und verbessern die Blutzirkulation. Die Idee besteht darin, sich zu entspannen und zu liegen, w\u00e4hrend jemand anderes daran arbeitet, Ihre Muskeln zu dehnen und an Ihren \"Knoten\" zu arbeiten, bei denen es sich eigentlich um verklebte Muskelfasern handelt.<\/li>\n<li class=\"a-spacing-mini\"><span class=\"a-list-item\">Flexibel, bequem und tragbar - Heizkissen f\u00fcr den gesamten R\u00fccken liefern wohltuende W\u00e4rme, um Stress, Verspannungen und M\u00fcdigkeit zu lindern. Die Nacken- und Schulterkammern sind nach oben und unten verstellbar, um Ihrer K\u00f6rpergr\u00f6\u00dfe zu entsprechen. Das BALOOM Stretching-Massageger\u00e4t ist aus hochwertigem Kunstleder mit modernsten Komponenten gefertigt und leicht zu reinigen. Es ist ergonomisch und bequem zum Hinlegen und Platzieren auf dem Bett, dem Boden, dem Stuhl oder dem Sessel. Wenn Sie fertig sind, k\u00f6nnen Sie es einfach zusammenfalten und unter Ihrem Bett verstauen.<\/span><\/li>\n<li>Perfekt f\u00fcr Sportler - Ideal f\u00fcr den Einsatz nach einem langen Tag oder einem harten Training. Verwenden Sie es zu Hause, im Fitnessstudio oder nehmen Sie es mit auf Reisen, um sich \u00fcberall zu erleichtern. Die gummibeschichtete Unterseite sch\u00fctzt vor dem Verrutschen auf fast allen Oberfl\u00e4chen. Legen Sie sich hin und erleben Sie eine Entspannung, wie Sie sie noch nie zuvor erlebt haben! Das Stretching-Massageger\u00e4t ist das perfekte Vergn\u00fcgen f\u00fcr vielbesch\u00e4ftigte Bienen oder Fitness-Junkies. 10 bis 30 Minuten Stretching-Massage zur Linderung aller Beschwerden und Schmerzen, damit Sie sich erfrischt und gest\u00e4rkt f\u00fchlen.<\/li>\n<\/ul>","protected":false},"featured_media":4989,"template":"","meta":{"_uag_custom_page_level_css":"","site-sidebar-layout":"default","site-content-layout":"","ast-site-content-layout":"default","site-content-style":"default","site-sidebar-style":"default","ast-global-header-display":"","ast-banner-title-visibility":"","ast-main-header-display":"","ast-hfb-above-header-display":"","ast-hfb-below-header-display":"","ast-hfb-mobile-header-display":"","site-post-title":"","ast-breadcrumbs-content":"","ast-featured-img":"","footer-sml-layout":"","theme-transparent-header-meta":"default","adv-header-id-meta":"","stick-header-meta":"","header-above-stick-meta":"","header-main-stick-meta":"","header-below-stick-meta":"","astra-migrate-meta-layouts":"set","ast-page-background-enabled":"default","ast-page-background-meta":{"desktop":{"background-color":"","background-image":"","background-repeat":"repeat","background-position":"center center","background-size":"auto","background-attachment":"scroll","background-type":"","background-media":"","overlay-type":"","overlay-color":"","overlay-opacity":"","overlay-gradient":""},"tablet":{"background-color":"","background-image":"","background-repeat":"repeat","background-position":"center center","background-size":"auto","background-attachment":"scroll","background-type":"","background-media":"","overlay-type":"","overlay-color":"","overlay-opacity":"","overlay-gradient":""},"mobile":{"background-color":"","background-image":"","background-repeat":"repeat","background-position":"center center","background-size":"auto","background-attachment":"scroll","background-type":"","background-media":"","overlay-type":"","overlay-color":"","overlay-opacity":"","overlay-gradient":""}},"ast-content-background-meta":{"desktop":{"background-color":"var(--ast-global-color-5)","background-image":"","background-repeat":"repeat","background-position":"center center","background-size":"auto","background-attachment":"scroll","background-type":"","background-media":"","overlay-type":"","overlay-color":"","overlay-opacity":"","overlay-gradient":""},"tablet":{"background-color":"var(--ast-global-color-5)","background-image":"","background-repeat":"repeat","background-position":"center center","background-size":"auto","background-attachment":"scroll","background-type":"","background-media":"","overlay-type":"","overlay-color":"","overlay-opacity":"","overlay-gradient":""},"mobile":{"background-color":"var(--ast-global-color-5)","background-image":"","background-repeat":"repeat","background-position":"center center","background-size":"auto","background-attachment":"scroll","background-type":"","background-media":"","overlay-type":"","overlay-color":"","overlay-opacity":"","overlay-gradient":""}}},"product_cat":[15,65,56],"product_tag":[322],"class_list":{"0":"post-4988","1":"product","2":"type-product","3":"status-publish","4":"has-post-thumbnail","6":"product_cat-product","7":"product_cat-other-massager","8":"product_cat-see-all-categories","9":"product_tag-stretching-massager-mat","10":"desktop-align-left","11":"tablet-align-left","12":"mobile-align-left","14":"first","15":"instock","16":"shipping-taxable","17":"product-type-simple"},"uagb_featured_image_src":{"full":["https:\/\/mihoohealth.com\/wp-content\/uploads\/2024\/08\/\u963f\u91cc\u4e3b\u56fe3.jpg",650,650,false],"thumbnail":["https:\/\/mihoohealth.com\/wp-content\/uploads\/2024\/08\/\u963f\u91cc\u4e3b\u56fe3-150x150.jpg",150,150,true],"medium":["https:\/\/mihoohealth.com\/wp-content\/uploads\/2024\/08\/\u963f\u91cc\u4e3b\u56fe3-300x300.jpg",300,300,true],"medium_large":["https:\/\/mihoohealth.com\/wp-content\/uploads\/2024\/08\/\u963f\u91cc\u4e3b\u56fe3.jpg",650,650,false],"large":["https:\/\/mihoohealth.com\/wp-content\/uploads\/2024\/08\/\u963f\u91cc\u4e3b\u56fe3.jpg",650,650,false],"1536x1536":["https:\/\/mihoohealth.com\/wp-content\/uploads\/2024\/08\/\u963f\u91cc\u4e3b\u56fe3.jpg",650,650,false],"2048x2048":["https:\/\/mihoohealth.com\/wp-content\/uploads\/2024\/08\/\u963f\u91cc\u4e3b\u56fe3.jpg",650,650,false],"trp-custom-language-flag":["https:\/\/mihoohealth.com\/wp-content\/uploads\/2024\/08\/\u963f\u91cc\u4e3b\u56fe3-12x12.jpg",12,12,true],"woocommerce_thumbnail":["https:\/\/mihoohealth.com\/wp-content\/uploads\/2024\/08\/\u963f\u91cc\u4e3b\u56fe3-300x300.jpg",300,300,true],"woocommerce_single":["https:\/\/mihoohealth.com\/wp-content\/uploads\/2024\/08\/\u963f\u91cc\u4e3b\u56fe3-600x600.jpg",600,600,true],"woocommerce_gallery_thumbnail":["https:\/\/mihoohealth.com\/wp-content\/uploads\/2024\/08\/\u963f\u91cc\u4e3b\u56fe3-100x100.jpg",100,100,true]},"uagb_author_info":{"display_name":"amylau07081@gmail.com","author_link":"https:\/\/mihoohealth.com\/de\/author\/"},"uagb_comment_info":0,"uagb_excerpt":"About this item Stretching Massager - is a safe and widely used technique to improve blood and lymph flow. It is a technology commonly used in high-end massage chairs and helps blood circulation and massage tired and tight muscles. You can enjoy the heat on your neck and back at the same time. BALOOM stretching&hellip;","_links":{"self":[{"href":"https:\/\/mihoohealth.com\/de\/wp-json\/wp\/v2\/product\/4988","targetHints":{"allow":["GET"]}}],"collection":[{"href":"https:\/\/mihoohealth.com\/de\/wp-json\/wp\/v2\/product"}],"about":[{"href":"https:\/\/mihoohealth.com\/de\/wp-json\/wp\/v2\/types\/product"}],"version-history":[{"count":3,"href":"https:\/\/mihoohealth.com\/de\/wp-json\/wp\/v2\/product\/4988\/revisions"}],"predecessor-version":[{"id":5149,"href":"https:\/\/mihoohealth.com\/de\/wp-json\/wp\/v2\/product\/4988\/revisions\/5149"}],"wp:featuredmedia":[{"embeddable":true,"href":"https:\/\/mihoohealth.com\/de\/wp-json\/wp\/v2\/media\/4989"}],"wp:attachment":[{"href":"https:\/\/mihoohealth.com\/de\/wp-json\/wp\/v2\/media?parent=4988"}],"wp:term":[{"taxonomy":"product_cat","embeddable":true,"href":"https:\/\/mihoohealth.com\/de\/wp-json\/wp\/v2\/product_cat?post=4988"},{"taxonomy":"product_tag","embeddable":true,"href":"https:\/\/mihoohealth.com\/de\/wp-json\/wp\/v2\/product_tag?post=4988"}],"curies":[{"name":"wp","href":"https:\/\/api.w.org\/{rel}","templated":true}]}}