{"id":4959,"date":"2024-08-27T02:49:46","date_gmt":"2024-08-27T02:49:46","guid":{"rendered":"https:\/\/mihoohealth.com\/?post_type=product&#038;p=4959"},"modified":"2024-08-30T06:36:06","modified_gmt":"2024-08-30T06:36:06","slug":"lumbar-pain-reliever-device-mh-lk01","status":"publish","type":"product","link":"https:\/\/mihoohealth.com\/de\/product\/lumbar-pain-reliever-device-mh-lk01\/","title":{"rendered":"Lumbales Schmerzlinderungsger\u00e4t MH-LK01"},"content":{"rendered":"<p><strong>Beschreibung des Produkts<\/strong><\/p>\n<p><img decoding=\"async\" src=\"https:\/\/sc04.alicdn.com\/kf\/H7d39ac228060434fb9121dfa103ec890v\/273358224\/H7d39ac228060434fb9121dfa103ec890v.jpg\" \/><\/p>\n<p>Unter diesem NEUEN Massagekissen befindet sich ein ergonomischer Luftsack. Anders als herk\u00f6mmliche Massagekissen, Xllent Massagekissen mit AIR BAG ausgestattet kann 3D tiefe Gewebe Druckpunkt Akupressur-Massage durchf\u00fchren. Die Massagerichtung wird automatisch jede Minute ge\u00e4ndert, um eine gleichm\u00e4\u00dfige Massage zu gew\u00e4hrleisten.<\/p>\n<p><strong>Spezifikation<\/strong><\/p>\n<div class=\"magic-11\">\n<table class=\"has-title all magic-9\">\n<tbody>\n<tr>\n<td colspan=\"1\" rowspan=\"1\">\n<div class=\"magic-10\">Produktkategorie<\/div>\n<\/td>\n<td colspan=\"1\" rowspan=\"1\">\n<div class=\"magic-11\">Massageger\u00e4t f\u00fcr die Lendenwirbels\u00e4ule<\/div>\n<\/td>\n<\/tr>\n<tr>\n<td colspan=\"1\" rowspan=\"1\">\n<div class=\"magic-10\">Parameter<\/div>\n<\/td>\n<td colspan=\"1\" rowspan=\"1\">\n<div class=\"magic-11\">5V 24W<\/div>\n<\/td>\n<\/tr>\n<tr>\n<td colspan=\"1\" rowspan=\"1\">\n<div class=\"magic-10\">Nettogewicht<\/div>\n<\/td>\n<td colspan=\"1\" rowspan=\"1\">\n<div class=\"magic-11\">1.08KGS<\/div>\n<\/td>\n<\/tr>\n<tr>\n<td colspan=\"1\" rowspan=\"1\">\n<div class=\"magic-10\">Gr\u00f6\u00dfe des Produkts<\/div>\n<\/td>\n<td colspan=\"1\" rowspan=\"1\">\n<div class=\"magic-11\">43,2x19x8,3cm<\/div>\n<\/td>\n<\/tr>\n<\/tbody>\n<\/table>\n<p><img decoding=\"async\" src=\"https:\/\/sc04.alicdn.com\/kf\/H0fe91040be9e4725bb3ff63d1397442ev\/273358224\/H0fe91040be9e4725bb3ff63d1397442ev.png\" \/><\/p>\n<p><img fetchpriority=\"high\" decoding=\"async\" class=\"\" src=\"https:\/\/sc04.alicdn.com\/kf\/H2675465a87fe4e7599f915691998ea3b7\/273358224\/H2675465a87fe4e7599f915691998ea3b7.jpg\" width=\"819\" height=\"807\" \/><\/p>\n<\/div>","protected":false},"excerpt":{"rendered":"<h5 class=\"a-size-base-plus a-text-bold\">\u00dcber diesen Artikel<\/h5>\n<ul class=\"a-unordered-list a-vertical a-spacing-mini\">\n<li class=\"a-spacing-mini\"><span class=\"a-list-item\">Entlastung der Lendenwirbels\u00e4ule: Wenn eine Person flach auf dem Lumbaltraktionsger\u00e4t liegt, dehnt sich das Ger\u00e4t durch den Luftsack dynamisch aus und zieht sich zusammen, und die Lendenwirbels\u00e4ule f\u00e4llt rhythmisch zusammen, was die Schmerzen in der Taille lindert und entspannt. Die Multifrequenz-Vibrations-Lendenwirbelmassage verwendet Vibrationen verschiedener Frequenzen, um die Muskeln zu aktivieren und den Druck in der Taille zu l\u00f6sen.<\/span><\/li>\n<li class=\"a-spacing-mini\"><span class=\"a-list-item\">W\u00e4rmeempfindliche W\u00e4rmekompresse: Elektrischer R\u00fcckenstretcher mit einstellbarer Temperatur in drei W\u00e4rmemodi. Wickeln Sie die Taille und den R\u00fccken, erw\u00e4rmen Sie die Tiefen der Muskeln und l\u00f6sen Sie M\u00fcdigkeit in der W\u00e4rme.<\/span><\/li>\n<li class=\"a-spacing-mini\"><span class=\"a-list-item\">Schwingende Massage: Die elektrische Lumbaltraktionsvorrichtung optimiert das ergonomische Design, die S-Kurven-Unterst\u00fctzung und passt sich genau der Taille und dem R\u00fccken an. Die lumbale Traktion erh\u00f6ht die linke und rechte Zugkraft, schwingt nach links und rechts, und verbessert die Vitalit\u00e4t der Muskeln auf beiden Seiten.<\/span><\/li>\n<li class=\"a-spacing-mini\"><span class=\"a-list-item\">Tragbare Massage: Das R\u00fcckentraktionsger\u00e4t ist leicht und kann auf Reisen mitgenommen werden. Es ist mit einer intelligenten Fernbedienung ausgestattet. Wenn es Ihren R\u00fccken st\u00fctzt, k\u00f6nnen Sie die Massage mit geschlossenen Augen sp\u00fcren.<\/span><\/li>\n<\/ul>","protected":false},"featured_media":4960,"template":"","meta":{"_uag_custom_page_level_css":"","site-sidebar-layout":"default","site-content-layout":"","ast-site-content-layout":"default","site-content-style":"default","site-sidebar-style":"default","ast-global-header-display":"","ast-banner-title-visibility":"","ast-main-header-display":"","ast-hfb-above-header-display":"","ast-hfb-below-header-display":"","ast-hfb-mobile-header-display":"","site-post-title":"","ast-breadcrumbs-content":"","ast-featured-img":"","footer-sml-layout":"","theme-transparent-header-meta":"default","adv-header-id-meta":"","stick-header-meta":"","header-above-stick-meta":"","header-main-stick-meta":"","header-below-stick-meta":"","astra-migrate-meta-layouts":"set","ast-page-background-enabled":"default","ast-page-background-meta":{"desktop":{"background-color":"","background-image":"","background-repeat":"repeat","background-position":"center center","background-size":"auto","background-attachment":"scroll","background-type":"","background-media":"","overlay-type":"","overlay-color":"","overlay-opacity":"","overlay-gradient":""},"tablet":{"background-color":"","background-image":"","background-repeat":"repeat","background-position":"center center","background-size":"auto","background-attachment":"scroll","background-type":"","background-media":"","overlay-type":"","overlay-color":"","overlay-opacity":"","overlay-gradient":""},"mobile":{"background-color":"","background-image":"","background-repeat":"repeat","background-position":"center center","background-size":"auto","background-attachment":"scroll","background-type":"","background-media":"","overlay-type":"","overlay-color":"","overlay-opacity":"","overlay-gradient":""}},"ast-content-background-meta":{"desktop":{"background-color":"var(--ast-global-color-5)","background-image":"","background-repeat":"repeat","background-position":"center center","background-size":"auto","background-attachment":"scroll","background-type":"","background-media":"","overlay-type":"","overlay-color":"","overlay-opacity":"","overlay-gradient":""},"tablet":{"background-color":"var(--ast-global-color-5)","background-image":"","background-repeat":"repeat","background-position":"center center","background-size":"auto","background-attachment":"scroll","background-type":"","background-media":"","overlay-type":"","overlay-color":"","overlay-opacity":"","overlay-gradient":""},"mobile":{"background-color":"var(--ast-global-color-5)","background-image":"","background-repeat":"repeat","background-position":"center center","background-size":"auto","background-attachment":"scroll","background-type":"","background-media":"","overlay-type":"","overlay-color":"","overlay-opacity":"","overlay-gradient":""}}},"product_cat":[15,65,56],"product_tag":[],"class_list":{"0":"post-4959","1":"product","2":"type-product","3":"status-publish","4":"has-post-thumbnail","6":"product_cat-product","7":"product_cat-other-massager","8":"product_cat-see-all-categories","9":"desktop-align-left","10":"tablet-align-left","11":"mobile-align-left","13":"first","14":"instock","15":"shipping-taxable","16":"product-type-simple"},"uagb_featured_image_src":{"full":["https:\/\/mihoohealth.com\/wp-content\/uploads\/2024\/08\/\u963f\u91cc\u4e3b\u56fe1.jpg",1000,1000,false],"thumbnail":["https:\/\/mihoohealth.com\/wp-content\/uploads\/2024\/08\/\u963f\u91cc\u4e3b\u56fe1-150x150.jpg",150,150,true],"medium":["https:\/\/mihoohealth.com\/wp-content\/uploads\/2024\/08\/\u963f\u91cc\u4e3b\u56fe1-300x300.jpg",300,300,true],"medium_large":["https:\/\/mihoohealth.com\/wp-content\/uploads\/2024\/08\/\u963f\u91cc\u4e3b\u56fe1-768x768.jpg",768,768,true],"large":["https:\/\/mihoohealth.com\/wp-content\/uploads\/2024\/08\/\u963f\u91cc\u4e3b\u56fe1.jpg",1000,1000,false],"1536x1536":["https:\/\/mihoohealth.com\/wp-content\/uploads\/2024\/08\/\u963f\u91cc\u4e3b\u56fe1.jpg",1000,1000,false],"2048x2048":["https:\/\/mihoohealth.com\/wp-content\/uploads\/2024\/08\/\u963f\u91cc\u4e3b\u56fe1.jpg",1000,1000,false],"trp-custom-language-flag":["https:\/\/mihoohealth.com\/wp-content\/uploads\/2024\/08\/\u963f\u91cc\u4e3b\u56fe1-12x12.jpg",12,12,true],"woocommerce_thumbnail":["https:\/\/mihoohealth.com\/wp-content\/uploads\/2024\/08\/\u963f\u91cc\u4e3b\u56fe1-300x300.jpg",300,300,true],"woocommerce_single":["https:\/\/mihoohealth.com\/wp-content\/uploads\/2024\/08\/\u963f\u91cc\u4e3b\u56fe1-600x600.jpg",600,600,true],"woocommerce_gallery_thumbnail":["https:\/\/mihoohealth.com\/wp-content\/uploads\/2024\/08\/\u963f\u91cc\u4e3b\u56fe1-100x100.jpg",100,100,true]},"uagb_author_info":{"display_name":"amylau07081@gmail.com","author_link":"https:\/\/mihoohealth.com\/de\/author\/"},"uagb_comment_info":0,"uagb_excerpt":"About this item Relieve Lumbar Spine: When a person lies flat on the lumbar traction device, the device dynamically expands and contracts through the air bag, and the lumbar spine falls together rhythmically, relieving waist pain and relaxing. Multi-frequency vibration lumbar massage uses vibrations of different frequencies to activate muscles and release waist pressure. Warm-Sensing&hellip;","_links":{"self":[{"href":"https:\/\/mihoohealth.com\/de\/wp-json\/wp\/v2\/product\/4959","targetHints":{"allow":["GET"]}}],"collection":[{"href":"https:\/\/mihoohealth.com\/de\/wp-json\/wp\/v2\/product"}],"about":[{"href":"https:\/\/mihoohealth.com\/de\/wp-json\/wp\/v2\/types\/product"}],"version-history":[{"count":3,"href":"https:\/\/mihoohealth.com\/de\/wp-json\/wp\/v2\/product\/4959\/revisions"}],"predecessor-version":[{"id":5148,"href":"https:\/\/mihoohealth.com\/de\/wp-json\/wp\/v2\/product\/4959\/revisions\/5148"}],"wp:featuredmedia":[{"embeddable":true,"href":"https:\/\/mihoohealth.com\/de\/wp-json\/wp\/v2\/media\/4960"}],"wp:attachment":[{"href":"https:\/\/mihoohealth.com\/de\/wp-json\/wp\/v2\/media?parent=4959"}],"wp:term":[{"taxonomy":"product_cat","embeddable":true,"href":"https:\/\/mihoohealth.com\/de\/wp-json\/wp\/v2\/product_cat?post=4959"},{"taxonomy":"product_tag","embeddable":true,"href":"https:\/\/mihoohealth.com\/de\/wp-json\/wp\/v2\/product_tag?post=4959"}],"curies":[{"name":"wp","href":"https:\/\/api.w.org\/{rel}","templated":true}]}}