{"id":4951,"date":"2024-08-27T02:04:51","date_gmt":"2024-08-27T02:04:51","guid":{"rendered":"https:\/\/mihoohealth.com\/?post_type=product&#038;p=4951"},"modified":"2024-08-30T06:32:53","modified_gmt":"2024-08-30T06:32:53","slug":"leg-recovery-massager-mh-a102","status":"publish","type":"product","link":"https:\/\/mihoohealth.com\/de\/product\/leg-recovery-massager-mh-a102\/","title":{"rendered":"Leg Recovery Massageger\u00e4t MH- A102"},"content":{"rendered":"<p><strong>Beschreibung des Produkts<\/strong><\/p>\n<p><img decoding=\"async\" src=\"https:\/\/sc04.alicdn.com\/kf\/Hf3689b63cdad42469144c0a3df97deeeO\/273358224\/Hf3689b63cdad42469144c0a3df97deeeO.png\" \/><\/p>\n<div style=\"width: 1280px;\" class=\"wp-video\"><!--[if lt IE 9]><script>document.createElement('video');<\/script><![endif]-->\n<video class=\"wp-video-shortcode\" id=\"video-4951-1\" width=\"1280\" height=\"720\" preload=\"metadata\" controls=\"controls\"><source type=\"video\/mp4\" src=\"https:\/\/mihoohealth.com\/wp-content\/uploads\/2024\/08\/\u89c6\u9891.mp4?_=1\" \/><a href=\"https:\/\/mihoohealth.com\/wp-content\/uploads\/2024\/08\/\u89c6\u9891.mp4\">https:\/\/mihoohealth.com\/wp-content\/uploads\/2024\/08\/\u89c6\u9891.mp4<\/a><\/video><\/div>\n<p>Dieses Ger\u00e4t in medizinischer Qualit\u00e4t wurde in enger Zusammenarbeit mit Experten f\u00fcr Beinschmerzen entwickelt, um maximalen Nutzen und Komfort zu gew\u00e4hrleisten. Ganz gleich, ob Sie mit chronischen Schmerzen zu k\u00e4mpfen haben oder nach einer M\u00f6glichkeit suchen, Ihre Genesung nach k\u00f6rperlicher Aktivit\u00e4t zu verbessern, dieses Ger\u00e4t ist f\u00fcr Sie da.<\/p>\n<p><strong>Spezifikation<\/strong><\/p>\n<table class=\"has-title all magic-14\" style=\"font-size: 16px; font-style: normal;\">\n<tbody>\n<tr>\n<td colspan=\"1\" rowspan=\"1\">\n<div class=\"magic-15\" data-spm-anchor-id=\"a2700.details.0.i51.7c62d569H3RXBv\">Produktkategorie<\/div>\n<\/td>\n<td colspan=\"1\" rowspan=\"1\">Kabellose Luftkompressionsstiefel<\/td>\n<\/tr>\n<tr>\n<td colspan=\"1\" rowspan=\"1\">\n<div class=\"magic-15\">Parameter<\/div>\n<\/td>\n<td colspan=\"1\" rowspan=\"1\">\n<div class=\"magic-16\">DC5V 1A<\/div>\n<\/td>\n<\/tr>\n<tr>\n<td colspan=\"1\" rowspan=\"1\">\n<div class=\"magic-15\">Gr\u00f6\u00dfe<\/div>\n<\/td>\n<td colspan=\"1\" rowspan=\"1\">\n<div class=\"magic-16\">LXBXH\/ 69*550*55mm(S)<\/div>\n<\/td>\n<\/tr>\n<tr>\n<td colspan=\"1\" rowspan=\"1\">\n<div class=\"magic-15\">Kapazit\u00e4t der Batterie<\/div>\n<\/td>\n<td colspan=\"1\" rowspan=\"1\">\n<div class=\"magic-16\">1800mAh<\/div>\n<\/td>\n<\/tr>\n<\/tbody>\n<\/table>\n<p><img decoding=\"async\" src=\"https:\/\/sc04.alicdn.com\/kf\/Hd39a22dfb36844259726f0df33a913794\/273358224\/Hd39a22dfb36844259726f0df33a913794.png\" \/><\/p>\n<p><img fetchpriority=\"high\" decoding=\"async\" class=\"\" src=\"https:\/\/sc04.alicdn.com\/kf\/Hb84ac513cb7246c4b165a69b4220f2629\/273358224\/Hb84ac513cb7246c4b165a69b4220f2629.png\" width=\"621\" height=\"1103\" \/><\/p>","protected":false},"excerpt":{"rendered":"<h5 class=\"a-size-base-plus a-text-bold\">\u00dcber diesen Artikel<\/h5>\n<ul class=\"a-unordered-list a-vertical a-spacing-mini\">\n<li class=\"a-spacing-mini\"><span class=\"a-list-item\">FORTGESCHRITTENES BEINERHOLUNGSSYSTEM MIT KOMPRESSION - Mit dem leistungsstarken kabellosen Beinerholungssystem bieten die Luftkompressionsstiefel eine Massagetherapie f\u00fcr das ganze Bein (einschlie\u00dflich der Knie), indem sie die \u00c4rmel mit 4 Luftkammern nacheinander aufblasen und entleeren, um den zirkulierenden Druck auf das Bein zu entwickeln. Sie werden auch zum Zusammendr\u00fccken und Komprimieren von unruhigen Beinen verwendet, um die Blutzirkulation und Lymphdrainage zu f\u00f6rdern, Muskelschmerzen und Lymph\u00f6deme zu lindern und die Entspannung und Gesundheit des K\u00f6rpers zu f\u00f6rdern.<\/span><\/li>\n<li class=\"a-spacing-mini\"><span class=\"a-list-item\">FULLY WIRELESS MASSAGE THERAPY BOOTS - Recovery-System bringen Sie tragbare Nutzung Erfahrung mit 1800mAh Luftpumpe Controller lange Stand Akku, verwenden Sie es NO NEED Steckdose. Es kann kontinuierlich f\u00fcr 2-4 Stunden auf eine volle Ladung verwendet werden, die lange genug ist, um Ihren K\u00f6rper f\u00fcr die Erholung jederzeit vorzubereiten. Dieses Kompressionsger\u00e4t kommt auch mit einer speziellen Reisetasche, die Sie auf Reisen, im Fitnessstudio, beim Training oder sogar zu Hause verwenden k\u00f6nnen. Entspannen Sie m\u00fcde Beine nach dem Sport und Training effektiv.<\/span><\/li>\n<li class=\"a-spacing-mini\"><span class=\"a-list-item\">12 INTENSIT\u00c4TEN &amp; EINSTELLBARER TIMER &amp; 3 MODEN - Mehrere Optionen f\u00fcr die Therapie zur Beinerholung. Diese Luftkompressionsstiefel hat eine gr\u00f6\u00dfere Flexibilit\u00e4t bei der Zeiteinstellung, der Zeitbereich des Timers ist 15Mins-60Mins, jede Einstellung ist 5 Minuten, die nicht auf Ihre Nutzungszeit begrenzt ist! QUINEAR Kompression Recovery Boot kommt mit 12 Intensit\u00e4ten (40-150mmHG) und 3 Modi (Sequenz \/ Zirkulation \/ Kombination). Die sequentielle Kompression Ger\u00e4t mit mehr Programmen kombiniert wird die Durchblutung des K\u00f6rpers zu f\u00f6rdern.<\/span><\/li>\n<li class=\"a-spacing-mini\"><span class=\"a-list-item\">TARGET TO PROBLEMS WITH ZONE - Design f\u00fcr 4 ZONEN (Fu\u00df\/untere Wade\/obere Wade\/Oberschenkel), um Bein Erholung, k\u00f6nnen Sie w\u00e4hlen, komplette Bein-Massage oder nur einzelne Bein-Zone Erholung, die genau helfen, Bein Wundsein und M\u00fcdigkeit, beschleunigen die Erholung und Muskelentspannung, Ziel, um die problems.With die QUINEAR leistungsstarke Luftkompression Bein Recovery-System, ob Sie ein Sportler, L\u00e4ufer, T\u00e4nzer, Fahrer, B\u00fcroangestellte, oder Sie wollen einfach nur entspannen und genie\u00dfen Sie eine Massage, k\u00f6nnen Sie gro\u00dfe Erleichterung.<\/span><\/li>\n<\/ul>","protected":false},"featured_media":4952,"template":"","meta":{"_uag_custom_page_level_css":"","site-sidebar-layout":"default","site-content-layout":"","ast-site-content-layout":"normal-width-container","site-content-style":"default","site-sidebar-style":"default","ast-global-header-display":"","ast-banner-title-visibility":"","ast-main-header-display":"","ast-hfb-above-header-display":"","ast-hfb-below-header-display":"","ast-hfb-mobile-header-display":"","site-post-title":"","ast-breadcrumbs-content":"","ast-featured-img":"","footer-sml-layout":"","theme-transparent-header-meta":"default","adv-header-id-meta":"","stick-header-meta":"","header-above-stick-meta":"","header-main-stick-meta":"","header-below-stick-meta":"","astra-migrate-meta-layouts":"set","ast-page-background-enabled":"default","ast-page-background-meta":{"desktop":{"background-color":"","background-image":"","background-repeat":"repeat","background-position":"center center","background-size":"auto","background-attachment":"scroll","background-type":"","background-media":"","overlay-type":"","overlay-color":"","overlay-opacity":"","overlay-gradient":""},"tablet":{"background-color":"","background-image":"","background-repeat":"repeat","background-position":"center center","background-size":"auto","background-attachment":"scroll","background-type":"","background-media":"","overlay-type":"","overlay-color":"","overlay-opacity":"","overlay-gradient":""},"mobile":{"background-color":"","background-image":"","background-repeat":"repeat","background-position":"center center","background-size":"auto","background-attachment":"scroll","background-type":"","background-media":"","overlay-type":"","overlay-color":"","overlay-opacity":"","overlay-gradient":""}},"ast-content-background-meta":{"desktop":{"background-color":"var(--ast-global-color-5)","background-image":"","background-repeat":"repeat","background-position":"center center","background-size":"auto","background-attachment":"scroll","background-type":"","background-media":"","overlay-type":"","overlay-color":"","overlay-opacity":"","overlay-gradient":""},"tablet":{"background-color":"var(--ast-global-color-5)","background-image":"","background-repeat":"repeat","background-position":"center center","background-size":"auto","background-attachment":"scroll","background-type":"","background-media":"","overlay-type":"","overlay-color":"","overlay-opacity":"","overlay-gradient":""},"mobile":{"background-color":"var(--ast-global-color-5)","background-image":"","background-repeat":"repeat","background-position":"center center","background-size":"auto","background-attachment":"scroll","background-type":"","background-media":"","overlay-type":"","overlay-color":"","overlay-opacity":"","overlay-gradient":""}}},"product_cat":[15,61,56],"product_tag":[],"class_list":{"0":"post-4951","1":"product","2":"type-product","3":"status-publish","4":"has-post-thumbnail","6":"product_cat-product","7":"product_cat-air-compression-massager","8":"product_cat-see-all-categories","9":"desktop-align-left","10":"tablet-align-left","11":"mobile-align-left","13":"first","14":"instock","15":"shipping-taxable","16":"product-type-simple"},"uagb_featured_image_src":{"full":["https:\/\/mihoohealth.com\/wp-content\/uploads\/2024\/08\/\u963f\u91cc\u4e3b\u56fe6.jpg",1000,1000,false],"thumbnail":["https:\/\/mihoohealth.com\/wp-content\/uploads\/2024\/08\/\u963f\u91cc\u4e3b\u56fe6-150x150.jpg",150,150,true],"medium":["https:\/\/mihoohealth.com\/wp-content\/uploads\/2024\/08\/\u963f\u91cc\u4e3b\u56fe6-300x300.jpg",300,300,true],"medium_large":["https:\/\/mihoohealth.com\/wp-content\/uploads\/2024\/08\/\u963f\u91cc\u4e3b\u56fe6-768x768.jpg",768,768,true],"large":["https:\/\/mihoohealth.com\/wp-content\/uploads\/2024\/08\/\u963f\u91cc\u4e3b\u56fe6.jpg",1000,1000,false],"1536x1536":["https:\/\/mihoohealth.com\/wp-content\/uploads\/2024\/08\/\u963f\u91cc\u4e3b\u56fe6.jpg",1000,1000,false],"2048x2048":["https:\/\/mihoohealth.com\/wp-content\/uploads\/2024\/08\/\u963f\u91cc\u4e3b\u56fe6.jpg",1000,1000,false],"trp-custom-language-flag":["https:\/\/mihoohealth.com\/wp-content\/uploads\/2024\/08\/\u963f\u91cc\u4e3b\u56fe6-12x12.jpg",12,12,true],"woocommerce_thumbnail":["https:\/\/mihoohealth.com\/wp-content\/uploads\/2024\/08\/\u963f\u91cc\u4e3b\u56fe6-300x300.jpg",300,300,true],"woocommerce_single":["https:\/\/mihoohealth.com\/wp-content\/uploads\/2024\/08\/\u963f\u91cc\u4e3b\u56fe6-600x600.jpg",600,600,true],"woocommerce_gallery_thumbnail":["https:\/\/mihoohealth.com\/wp-content\/uploads\/2024\/08\/\u963f\u91cc\u4e3b\u56fe6-100x100.jpg",100,100,true]},"uagb_author_info":{"display_name":"amylau07081@gmail.com","author_link":"https:\/\/mihoohealth.com\/de\/author\/"},"uagb_comment_info":0,"uagb_excerpt":"About this item ADVANCED LEG RECOVERY SYSTEM WITH COMPRESSION - With powerful cordless leg recovery system, air compression boots will offer a full-leg (include knees) massager therapy by inflating and deflating the sleeves sequentially with 4 air chambers to develop the circulating pressure on the leg, also used for squeezing and compress restless legs to&hellip;","_links":{"self":[{"href":"https:\/\/mihoohealth.com\/de\/wp-json\/wp\/v2\/product\/4951","targetHints":{"allow":["GET"]}}],"collection":[{"href":"https:\/\/mihoohealth.com\/de\/wp-json\/wp\/v2\/product"}],"about":[{"href":"https:\/\/mihoohealth.com\/de\/wp-json\/wp\/v2\/types\/product"}],"version-history":[{"count":5,"href":"https:\/\/mihoohealth.com\/de\/wp-json\/wp\/v2\/product\/4951\/revisions"}],"predecessor-version":[{"id":5146,"href":"https:\/\/mihoohealth.com\/de\/wp-json\/wp\/v2\/product\/4951\/revisions\/5146"}],"wp:featuredmedia":[{"embeddable":true,"href":"https:\/\/mihoohealth.com\/de\/wp-json\/wp\/v2\/media\/4952"}],"wp:attachment":[{"href":"https:\/\/mihoohealth.com\/de\/wp-json\/wp\/v2\/media?parent=4951"}],"wp:term":[{"taxonomy":"product_cat","embeddable":true,"href":"https:\/\/mihoohealth.com\/de\/wp-json\/wp\/v2\/product_cat?post=4951"},{"taxonomy":"product_tag","embeddable":true,"href":"https:\/\/mihoohealth.com\/de\/wp-json\/wp\/v2\/product_tag?post=4951"}],"curies":[{"name":"wp","href":"https:\/\/api.w.org\/{rel}","templated":true}]}}