{"id":4942,"date":"2024-08-27T01:48:58","date_gmt":"2024-08-27T01:48:58","guid":{"rendered":"https:\/\/mihoohealth.com\/?post_type=product&#038;p=4942"},"modified":"2024-09-14T03:02:38","modified_gmt":"2024-09-14T03:02:38","slug":"foot-massager-mh-807","status":"publish","type":"product","link":"https:\/\/mihoohealth.com\/de\/product\/foot-massager-mh-807\/","title":{"rendered":"Fu\u00dfmassageger\u00e4t MH-807"},"content":{"rendered":"<p><strong>Beschreibung des Produkts<\/strong><\/p>\n<p><img fetchpriority=\"high\" decoding=\"async\" class=\"\" src=\"https:\/\/sc04.alicdn.com\/kf\/H3ae6d52c1994442e89fbb8f8abd77115u\/273358224\/H3ae6d52c1994442e89fbb8f8abd77115u.jpg\" width=\"662\" height=\"783\" \/><\/p>\n<p>Dieses Fu\u00dfmassageger\u00e4t ist in der Lage, 60 Akupunkturpunkte an den F\u00fc\u00dfen zu beeinflussen. Es ist bekannt, dass eine kompetente Fu\u00dfmassage die Funktion bestimmter Organe und den allgemeinen Zustand des K\u00f6rpers verbessern kann. Sie wird dazu beitragen, die Reflexzonen der Leber, der Nieren und des Magens effektiv zu beeinflussen. W\u00e4hrend der Massage k\u00f6nnen Sie die Geschwindigkeit und Intensit\u00e4t des Vorgangs \u00e4ndern und sich auf die erforderlichen Reflexzonen konzentrieren. Das Massageger\u00e4t ist in der Lage, Anionen zu erzeugen, die unangenehme Ger\u00fcche beseitigen. Schon 15 Minuten Massage pro Tag k\u00f6nnen Sie beleben und erfrischen.<\/p>\n<p><strong>Spezifikation<\/strong><\/p>\n<table class=\"has-title all magic-8\">\n<tbody>\n<tr>\n<td colspan=\"1\" rowspan=\"1\">\n<div class=\"magic-9\" data-spm-anchor-id=\"a2700.details.0.i47.44c02429LyhmDp\">Produktkategorie<\/div>\n<\/td>\n<td colspan=\"1\" rowspan=\"1\">\n<div class=\"magic-10\">Shiatsu-Fu\u00dfmassageger\u00e4t<\/div>\n<\/td>\n<\/tr>\n<tr>\n<td colspan=\"1\" rowspan=\"1\">\n<div class=\"magic-9\">Parameter<\/div>\n<\/td>\n<td colspan=\"1\" rowspan=\"1\">\n<div class=\"magic-10\">24V 2A , 45W<\/div>\n<\/td>\n<\/tr>\n<tr>\n<td colspan=\"1\" rowspan=\"1\">\n<div class=\"magic-9\">Nettogewicht<\/div>\n<\/td>\n<td colspan=\"1\" rowspan=\"1\">\n<div class=\"magic-10\">2.5G<\/div>\n<\/td>\n<\/tr>\n<tr>\n<td colspan=\"1\" rowspan=\"1\">\n<div class=\"magic-9\">Gr\u00f6\u00dfe des Produkts<\/div>\n<\/td>\n<td colspan=\"1\" rowspan=\"1\">\n<div class=\"magic-10\">54,5CM x 37,5CM x 29CM<\/div>\n<\/td>\n<\/tr>\n<\/tbody>\n<\/table>\n<p><img decoding=\"async\" src=\"https:\/\/sc04.alicdn.com\/kf\/H214f77772976418d9feab7176a12564b8\/273358224\/H214f77772976418d9feab7176a12564b8.jpg\" \/><\/p>","protected":false},"excerpt":{"rendered":"<h1 class=\"a-size-base-plus a-text-bold\">\u00dcber diesen Artikel<\/h1>\n<ul class=\"a-unordered-list a-vertical a-spacing-mini\">\n<li class=\"a-spacing-mini\"><span class=\"a-list-item\">Muskelpflege und Schmerzlinderung: Dieses Fu\u00dfmassageger\u00e4t bietet eine tiefe knetende Shiatsu-Massage mit 3 Luftdruckeinstellungen, 3 Massagemodi, Kompression, Rollen, eingebautem Timer, 5D Gesamt-Fu\u00df-Shiatsu-Massage mit kombinierter Wirkung von Kneten, Dr\u00fccken und Rollen Massage mit oder ohne W\u00e4rmetherapie. <\/span><\/li>\n<li>Petrissage Max Technologie: Ausgestattet mit negativen Ionen zur Desodorierung und ultraviolettem Licht zur Sterilisierung. Mit intelligenten Luftkompressionskammern und Knetmechanismus, um den Komfort zu maximieren.<\/li>\n<li class=\"a-spacing-mini\"><span class=\"a-list-item\">Patentierte Massagefunktion: Ein komplettes Massageger\u00e4t f\u00fcr Ihre F\u00fc\u00dfe, das spezifische Druckpunkte mit Leichtigkeit anspricht. Das Massageger\u00e4t bietet eine gut abgerundete Massage mit Luftkompression, Rollen, tiefes Kneten und W\u00e4rmetherapie auf allen Seiten der F\u00fc\u00dfe, w\u00e4hrend einschlie\u00dflich einer drahtlosen Fernbedienung, um nicht zu beugen, sondern auch an das Ger\u00e4t kleben, so dass es nicht verlegt werden.<\/span><\/li>\n<li class=\"a-spacing-mini\"><span class=\"a-list-item\">Verbessern Sie Durchblutung und Kreislauf: Unsere einzigartige Shiatsu-Massagetechnik hilft, Schmerzen bei Plantarfasziitis, Neuropathie, chronischen Schmerzen, Diabetikern, hartn\u00e4ckigen Knoten, Muskelverspannungen und vielem mehr zu lindern.<\/span><\/li>\n<\/ul>","protected":false},"featured_media":4943,"template":"","meta":{"_uag_custom_page_level_css":"","site-sidebar-layout":"default","site-content-layout":"","ast-site-content-layout":"default","site-content-style":"default","site-sidebar-style":"default","ast-global-header-display":"","ast-banner-title-visibility":"","ast-main-header-display":"","ast-hfb-above-header-display":"","ast-hfb-below-header-display":"","ast-hfb-mobile-header-display":"","site-post-title":"","ast-breadcrumbs-content":"","ast-featured-img":"","footer-sml-layout":"","theme-transparent-header-meta":"default","adv-header-id-meta":"","stick-header-meta":"","header-above-stick-meta":"","header-main-stick-meta":"","header-below-stick-meta":"","astra-migrate-meta-layouts":"set","ast-page-background-enabled":"default","ast-page-background-meta":{"desktop":{"background-color":"","background-image":"","background-repeat":"repeat","background-position":"center center","background-size":"auto","background-attachment":"scroll","background-type":"","background-media":"","overlay-type":"","overlay-color":"","overlay-opacity":"","overlay-gradient":""},"tablet":{"background-color":"","background-image":"","background-repeat":"repeat","background-position":"center center","background-size":"auto","background-attachment":"scroll","background-type":"","background-media":"","overlay-type":"","overlay-color":"","overlay-opacity":"","overlay-gradient":""},"mobile":{"background-color":"","background-image":"","background-repeat":"repeat","background-position":"center center","background-size":"auto","background-attachment":"scroll","background-type":"","background-media":"","overlay-type":"","overlay-color":"","overlay-opacity":"","overlay-gradient":""}},"ast-content-background-meta":{"desktop":{"background-color":"var(--ast-global-color-5)","background-image":"","background-repeat":"repeat","background-position":"center center","background-size":"auto","background-attachment":"scroll","background-type":"","background-media":"","overlay-type":"","overlay-color":"","overlay-opacity":"","overlay-gradient":""},"tablet":{"background-color":"var(--ast-global-color-5)","background-image":"","background-repeat":"repeat","background-position":"center center","background-size":"auto","background-attachment":"scroll","background-type":"","background-media":"","overlay-type":"","overlay-color":"","overlay-opacity":"","overlay-gradient":""},"mobile":{"background-color":"var(--ast-global-color-5)","background-image":"","background-repeat":"repeat","background-position":"center center","background-size":"auto","background-attachment":"scroll","background-type":"","background-media":"","overlay-type":"","overlay-color":"","overlay-opacity":"","overlay-gradient":""}}},"product_cat":[15,63,56],"product_tag":[778,777,779,776,780],"class_list":{"0":"post-4942","1":"product","2":"type-product","3":"status-publish","4":"has-post-thumbnail","6":"product_cat-product","7":"product_cat-foot-massager","8":"product_cat-see-all-categories","9":"product_tag-best-foot-massager","10":"product_tag-electric-foot-massager","11":"product_tag-foot-massage-machine","12":"product_tag-foot-massager","13":"product_tag-reflexology-foot-massage","14":"desktop-align-left","15":"tablet-align-left","16":"mobile-align-left","18":"first","19":"instock","20":"shipping-taxable","21":"product-type-simple"},"uagb_featured_image_src":{"full":["https:\/\/mihoohealth.com\/wp-content\/uploads\/2024\/08\/99999.png",1000,1000,false],"thumbnail":["https:\/\/mihoohealth.com\/wp-content\/uploads\/2024\/08\/99999-150x150.png",150,150,true],"medium":["https:\/\/mihoohealth.com\/wp-content\/uploads\/2024\/08\/99999-300x300.png",300,300,true],"medium_large":["https:\/\/mihoohealth.com\/wp-content\/uploads\/2024\/08\/99999-768x768.png",768,768,true],"large":["https:\/\/mihoohealth.com\/wp-content\/uploads\/2024\/08\/99999.png",1000,1000,false],"1536x1536":["https:\/\/mihoohealth.com\/wp-content\/uploads\/2024\/08\/99999.png",1000,1000,false],"2048x2048":["https:\/\/mihoohealth.com\/wp-content\/uploads\/2024\/08\/99999.png",1000,1000,false],"trp-custom-language-flag":["https:\/\/mihoohealth.com\/wp-content\/uploads\/2024\/08\/99999-12x12.png",12,12,true],"woocommerce_thumbnail":["https:\/\/mihoohealth.com\/wp-content\/uploads\/2024\/08\/99999-300x300.png",300,300,true],"woocommerce_single":["https:\/\/mihoohealth.com\/wp-content\/uploads\/2024\/08\/99999-600x600.png",600,600,true],"woocommerce_gallery_thumbnail":["https:\/\/mihoohealth.com\/wp-content\/uploads\/2024\/08\/99999-100x100.png",100,100,true]},"uagb_author_info":{"display_name":"amylau07081@gmail.com","author_link":"https:\/\/mihoohealth.com\/de\/author\/"},"uagb_comment_info":0,"uagb_excerpt":"About this item Muscle Care and Pain Relief: This foot massager provides a deep kneading shiatsu massage with 3 air pressure settings, 3 massage modes, compression, rolling, built-in timer, 5D total-foot Shiatsu massage with combined action of kneading, pressing, and rolling massage with or without heat therapy. Petrissage Max Technology: Equipped with both negative ions&hellip;","_links":{"self":[{"href":"https:\/\/mihoohealth.com\/de\/wp-json\/wp\/v2\/product\/4942","targetHints":{"allow":["GET"]}}],"collection":[{"href":"https:\/\/mihoohealth.com\/de\/wp-json\/wp\/v2\/product"}],"about":[{"href":"https:\/\/mihoohealth.com\/de\/wp-json\/wp\/v2\/types\/product"}],"version-history":[{"count":4,"href":"https:\/\/mihoohealth.com\/de\/wp-json\/wp\/v2\/product\/4942\/revisions"}],"predecessor-version":[{"id":5139,"href":"https:\/\/mihoohealth.com\/de\/wp-json\/wp\/v2\/product\/4942\/revisions\/5139"}],"wp:featuredmedia":[{"embeddable":true,"href":"https:\/\/mihoohealth.com\/de\/wp-json\/wp\/v2\/media\/4943"}],"wp:attachment":[{"href":"https:\/\/mihoohealth.com\/de\/wp-json\/wp\/v2\/media?parent=4942"}],"wp:term":[{"taxonomy":"product_cat","embeddable":true,"href":"https:\/\/mihoohealth.com\/de\/wp-json\/wp\/v2\/product_cat?post=4942"},{"taxonomy":"product_tag","embeddable":true,"href":"https:\/\/mihoohealth.com\/de\/wp-json\/wp\/v2\/product_tag?post=4942"}],"curies":[{"name":"wp","href":"https:\/\/api.w.org\/{rel}","templated":true}]}}